{"id":13977,"date":"2025-09-30T20:36:51","date_gmt":"2025-09-30T20:36:51","guid":{"rendered":"https:\/\/lightgray-crow-170497.hostingersite.com\/?post_type=product&#038;p=13977"},"modified":"2025-09-30T20:36:51","modified_gmt":"2025-09-30T20:36:51","slug":"kitchenaid-expresso-5kes6551e","status":"publish","type":"product","link":"https:\/\/routinesfashione.com\/es\/produit\/kitchenaid-expresso-5kes6551e\/","title":{"rendered":"KITCHENAID expresso 5KES6551E"},"content":{"rendered":"<p>La machine \u00e0 expresso semi-automatique avec broyeur \u00e0 caf\u00e9 vous permet de d\u00e9couvrir facilement vos b<span id=\"radix-:R4lgtc74m:\" data-state=\"open\">oissons \u00e0 base d\u2019expresso pr\u00e9f\u00e9r\u00e9es. C\u2019est vous qui d\u00e9cidez.<\/span><\/p>\n<div class=\"c-jUKCJJ\">\n<p class=\"c-jalOHX c-eScBxI\">Explorez le monde de l\u2019expresso en toute confiance gr\u00e2ce \u00e0 la machine \u00e0 expresso semi-automatique. Laissez votre curiosit\u00e9 vous guider \u00e0 mesure que vous broyez les grains, extrayez les ar\u00f4mes et faites mousser le lait pour pr\u00e9parer toutes vos boissons \u00e0 base d\u2019expresso pr\u00e9f\u00e9r\u00e9es.<\/p>\n<h2 class=\"c-hakerL c-hakerL-kAKwKq-heading-h2 c-hakerL-ifvayZa-css\" data-component-id=\"photo-title\">Solide et joliment audacieuse<\/h2>\n<div class=\"PJLV PJLV-iRIaNi-css\" data-component-id=\"photo-content\">\n<div class=\"c-jUKCJJ\">\n<p class=\"c-jalOHX\">Avec sa conception compacte \u00e0 rev\u00eatement m\u00e9tallique, la machine \u00e0 expresso semi-automatique avec broyeur \u00e0 caf\u00e9 s\u2019int\u00e9grera parfaitement \u00e0 votre int\u00e9rieur. Elle vous offrira solidit\u00e9, style, pr\u00e9cision et qualit\u00e9 pendant des ann\u00e9es, avec une garantie de 3\u00a0ans et 10\u00a0ans de promesse de r\u00e9paration. Choisissez une couleur haut de gamme assortie \u00e0 l\u2019ambiance de votre int\u00e9rieur. Certifi\u00e9e par Quiet Mark, c\u2019est l\u2019une des machines les plus silencieuses de sa cat\u00e9gorie, pour un int\u00e9rieur paisible. Tout ce que vous adorez dans l\u2019expresso est l\u00e0&#8230; Sur votre plan de travail\u00a0!<\/p>\n<h2 class=\"c-hakerL c-hakerL-kAKwKq-heading-h2 c-hakerL-ifvayZa-css\" data-component-id=\"photo-title\">Broyage de pr\u00e9cision et dosage intelligent<\/h2>\n<div class=\"PJLV PJLV-iRIaNi-css\" data-component-id=\"photo-content\">\n<div class=\"c-jUKCJJ\">\n<p class=\"c-jalOHX\">D\u2019\u00e9paisse \u00e0 fine, ou de l\u00e9g\u00e8re \u00e0 plus cors\u00e9e, personnalisez la mouture et rehaussez la saveur de chaque dose gr\u00e2ce \u00e0 15\u00a0options de mouture diff\u00e9rentes. Pour encore plus de pr\u00e9cision, le broyeur conique peut produire 7\u00a0autres tailles de mouture plus fines.<\/p>\n<p class=\"c-jalOHX\">Obtenez facilement un r\u00e9sultat parfait. La technologie de dosage intelligent facilite la pr\u00e9paration en produisant la consistance et le volume requis pour 1 ou 2\u00a0tasses, d\u2019une simple pression sur un bouton. Si vous pr\u00e9f\u00e9rez, vous pouvez r\u00e9gler manuellement la quantit\u00e9 exacte de grains de caf\u00e9 que vous souhaitez dans le porte-filtre.<\/p>\n<h2 class=\"c-hakerL c-hakerL-kAKwKq-heading-h2 c-hakerL-ifvayZa-css\" data-component-id=\"photo-title\">Changez facilement de type de grains<\/h2>\n<div class=\"PJLV PJLV-iRIaNi-css\" data-component-id=\"photo-content\">\n<div class=\"c-jUKCJJ\">\n<p class=\"c-jalOHX\">Cette nouvelle vari\u00e9t\u00e9 de grains \u00e9thiopiens vous tente\u00a0? Vous voulez essayer des m\u00e9langes diff\u00e9rents\u00a0? Il suffit de tourner et de soulever la tr\u00e9mie \u00e0 grains pour la vider, remplacer les grains ou la remplir \u00e0 nouveau de magnifiques grains de caf\u00e9. Avec des grains fra\u00eechement moulus pour votre boisson, vous \u00eates s\u00fbr de b\u00e9n\u00e9ficier des saveurs et des ar\u00f4mes les plus puissants et les plus intenses.<\/p>\n<h2 class=\"c-hakerL c-hakerL-kAKwKq-heading-h2 c-hakerL-ifvayZa-css\" data-component-id=\"photo-title\">Porte-filtre de qualit\u00e9 commerciale pour un tassage facile<\/h2>\n<div class=\"PJLV PJLV-iRIaNi-css\" data-component-id=\"photo-content\">\n<div class=\"c-jUKCJJ\">\n<p class=\"c-jalOHX\">Pour un tassage simple et stable sur une base plane, le porte-filtre large de 58\u00a0mm est con\u00e7u avec des becs encastr\u00e9s. Cela signifie que vous pouvez tasser la mouture sur une surface plane, contrairement aux porte-filtres \u00e0 expresso classiques. Le r\u00e9sultat\u00a0: une extraction homog\u00e8ne et optimale des saveurs et une cr\u00e8me riche pour votre dose d\u2019expresso. Tout simplement d\u00e9licieux\u00a0!<\/p>\n<h2 class=\"c-hakerL c-hakerL-kAKwKq-heading-h2 c-hakerL-ifvayZa-css\" data-component-id=\"photo-title\">Art du latte digne d\u2019Instagram<\/h2>\n<div class=\"PJLV PJLV-iRIaNi-css\" data-component-id=\"photo-content\">\n<div class=\"c-jUKCJJ\">\n<p class=\"c-jalOHX\">La buse vapeur \u00e0 angles multiples est la pi\u00e8ce ma\u00eetresse pour faire chauffer ou mousser le lait pour vos cr\u00e9ations lact\u00e9es. Positionnez facilement la buse vapeur \u00e0 un angle parfait dans votre pichet \u00e0 lait pour obtenir une mousse riche ou du lait chauff\u00e9 \u00e0 la vapeur. Vous saurez bient\u00f4t comment obtenir la texture id\u00e9ale que vous recherchez et pourrez m\u00eame vous essayer \u00e0 l\u2019art du latte pour cr\u00e9er une feuille, un cygne ou votre propre motif.<\/p>\n<h2 class=\"c-hakerL c-hakerL-kAKwKq-heading-h2 c-hakerL-ifvayZa-css\" data-component-id=\"photo-title\">Saveur intense avec chaleur et pr\u00e9-infusion<\/h2>\n<div class=\"PJLV PJLV-iRIaNi-css\" data-component-id=\"photo-content\">\n<div class=\"c-jUKCJJ\">\n<p class=\"c-jalOHX\">Gr\u00e2ce \u00e0 la technologie de chauffage rapide, l\u2019eau atteint imm\u00e9diatement la temp\u00e9rature de pr\u00e9paration id\u00e9ale. Une dose d\u2019expresso robuste et pleine de saveur est \u00e9galement obtenue par pr\u00e9-infusion. Cela signifie qu\u2019une petite quantit\u00e9 d\u2019eau est automatiquement ajout\u00e9e \u00e0 la mouture juste avant la pr\u00e9paration, ce qui lui permet d\u2019absorber et de se dilater pr\u00e9alablement. La pompe 15\u00a0bars fournit la pression d\u2019eau optimale n\u00e9cessaire pour cr\u00e9er un expresso riche et intense, avec une cr\u00e8me bien riche.<\/p>\n<h2 class=\"c-hakerL c-hakerL-kAKwKq-heading-h2 c-hakerL-ifvayZa-css\" data-component-id=\"photo-title\">Un grand volume d\u2019expresso avec un r\u00e9servoir extra-large<\/h2>\n<div class=\"PJLV PJLV-iRIaNi-css\" data-component-id=\"photo-content\">\n<div class=\"c-jUKCJJ\">\n<p class=\"c-jalOHX\">Le r\u00e9servoir d\u2019eau de 2,5\u00a0L vous permet de pr\u00e9parer jusqu\u2019\u00e0 33\u00a0doses d\u2019expresso ou des boissons plus grandes sans avoir \u00e0 le remplir souvent. *\u00a0Le rendement varie en fonction des r\u00e9glages.<\/p>\n<\/div>\n<\/div>\n<\/div>\n<\/div>\n<\/div>\n<\/div>\n<\/div>\n<\/div>\n<\/div>\n<\/div>\n<\/div>\n<\/div>\n<\/div>\n<\/div>\n<\/div>","protected":false},"excerpt":{"rendered":"<p>La machine \u00e0 expresso semi-automatique avec broyeur \u00e0 caf\u00e9 vous permet de d\u00e9couvrir facilement vos boissons \u00e0 base d\u2019expresso pr\u00e9f\u00e9r\u00e9es.<\/p>","protected":false},"featured_media":28652,"template":"","meta":[],"product_brand":[],"product_cat":[61],"product_tag":[1514],"product_country":[1503],"class_list":{"0":"post-13977","1":"product","2":"type-product","3":"status-publish","4":"has-post-thumbnail","6":"product_cat-sale-france","7":"product_tag-sale-france","8":"product_country-france","10":"first","11":"instock","12":"sale","13":"taxable","14":"shipping-taxable","15":"purchasable","16":"product-type-simple"},"_links":{"self":[{"href":"https:\/\/routinesfashione.com\/es\/wp-json\/wp\/v2\/product\/13977","targetHints":{"allow":["GET"]}}],"collection":[{"href":"https:\/\/routinesfashione.com\/es\/wp-json\/wp\/v2\/product"}],"about":[{"href":"https:\/\/routinesfashione.com\/es\/wp-json\/wp\/v2\/types\/product"}],"wp:featuredmedia":[{"embeddable":true,"href":"https:\/\/routinesfashione.com\/es\/wp-json\/wp\/v2\/media\/28652"}],"wp:attachment":[{"href":"https:\/\/routinesfashione.com\/es\/wp-json\/wp\/v2\/media?parent=13977"}],"wp:term":[{"taxonomy":"product_brand","embeddable":true,"href":"https:\/\/routinesfashione.com\/es\/wp-json\/wp\/v2\/product_brand?post=13977"},{"taxonomy":"product_cat","embeddable":true,"href":"https:\/\/routinesfashione.com\/es\/wp-json\/wp\/v2\/product_cat?post=13977"},{"taxonomy":"product_tag","embeddable":true,"href":"https:\/\/routinesfashione.com\/es\/wp-json\/wp\/v2\/product_tag?post=13977"},{"taxonomy":"product_country","embeddable":true,"href":"https:\/\/routinesfashione.com\/es\/wp-json\/wp\/v2\/product_country?post=13977"}],"curies":[{"name":"wp","href":"https:\/\/api.w.org\/{rel}","templated":true}]}}