{"id":13989,"date":"2025-09-30T20:36:51","date_gmt":"2025-09-30T20:36:51","guid":{"rendered":"https:\/\/lightgray-crow-170497.hostingersite.com\/?post_type=product&#038;p=13989"},"modified":"2025-09-30T20:36:51","modified_gmt":"2025-09-30T20:36:51","slug":"philips-machine-a-expresso-entierement-automatique-5500-series-20-boissons-chaudes-et-glacees-carafe-lattego-facile-a-nettoyer-silentbrew-40-plus","status":"publish","type":"product","link":"https:\/\/routinesfashione.com\/es\/produit\/philips-machine-a-expresso-entierement-automatique-5500-series-20-boissons-chaudes-et-glacees-carafe-lattego-facile-a-nettoyer-silentbrew-40-plus\/","title":{"rendered":"Philips Machine \u00e0 expresso enti\u00e8rement automatique 5500 Series\u201320 boissons chaudes et glac\u00e9es, Carafe LatteGo facile \u00e0 nettoyer, SilentBrew 40% Plus"},"content":{"rendered":"<table class=\"datasheet-list expanded\">\n<tbody>\n<tr class=\"datasheet-listItem datasheet-listItem--properties\">\n<td class=\"datasheet-listItemKey small-6 larger-4 columns\">Type de machine \u00e0 caf\u00e9<\/td>\n<td class=\"datasheet-listItemValue small-6 larger-8 columns\">Expresso broyeur<\/td>\n<\/tr>\n<\/tbody>\n<tbody>\n<tr class=\"datasheet-listItem datasheet-listItem--group\">\n<th>Configuration et Fonctionnalit\u00e9<\/th>\n<\/tr>\n<tr class=\"datasheet-listItem datasheet-listItem--properties\">\n<td class=\"datasheet-listItemKey small-6 larger-4 columns\">Mes boissons<\/td>\n<td class=\"datasheet-listItemValue small-6 larger-8 columns\">Caffelatte, Expresso, Caf\u00e9, Cappuccino, Caf\u00e9 macchiato, Americano, Caf\u00e9 cr\u00e8me, Expresso lungo, Ristretto, Flat White, Mousse de lait<\/td>\n<\/tr>\n<tr class=\"datasheet-listItem datasheet-listItem--properties\">\n<td class=\"datasheet-listItemKey small-6 larger-4 columns\">Adapt\u00e9 pour<\/td>\n<td class=\"datasheet-listItemValue small-6 larger-8 columns\">Caf\u00e9 en grain<\/td>\n<\/tr>\n<tr class=\"datasheet-listItem datasheet-listItem--properties\">\n<td class=\"datasheet-listItemKey small-6 larger-4 columns\">\u00c9cran<\/td>\n<td class=\"datasheet-listItemValue small-6 larger-8 columns\">\u00c9cran couleur<\/td>\n<\/tr>\n<\/tbody>\n<tbody>\n<tr class=\"datasheet-listItem datasheet-listItem--group\">\n<th>\u00c9quipement &amp; Capacit\u00e9<\/th>\n<\/tr>\n<tr class=\"datasheet-listItem datasheet-listItem--properties\">\n<td class=\"datasheet-listItemKey small-6 larger-4 columns\">Syst\u00e8me \u00e0 lait<\/td>\n<td class=\"datasheet-listItemValue small-6 larger-8 columns\">Mousseur \u00e0 lait<\/td>\n<\/tr>\n<tr class=\"datasheet-listItem datasheet-listItem--properties\">\n<td class=\"datasheet-listItemKey small-6 larger-4 columns\">Capacit\u00e9 du r\u00e9servoir \u00e0 lait<\/td>\n<td class=\"datasheet-listItemValue small-6 larger-8 columns\">0,26\u00a0l<\/td>\n<\/tr>\n<tr class=\"datasheet-listItem datasheet-listItem--properties\">\n<td class=\"datasheet-listItemKey small-6 larger-4 columns\">Capacit\u00e9 du r\u00e9servoir d&#8217;eau<\/td>\n<td class=\"datasheet-listItemValue small-6 larger-8 columns\">1,8\u00a0L<\/td>\n<\/tr>\n<tr class=\"datasheet-listItem datasheet-listItem--properties\">\n<td class=\"datasheet-listItemKey small-6 larger-4 columns\">Capacit\u00e9 du r\u00e9servoir \u00e0 grains<\/td>\n<td class=\"datasheet-listItemValue small-6 larger-8 columns\">275\u00a0g<\/td>\n<\/tr>\n<tr class=\"datasheet-listItem datasheet-listItem--properties\">\n<td class=\"datasheet-listItemKey small-6 larger-4 columns\">Mati\u00e8re du broyeur<\/td>\n<td class=\"datasheet-listItemValue small-6 larger-8 columns\">Broyeur c\u00e9ramique<\/td>\n<\/tr>\n<tr class=\"datasheet-listItem datasheet-listItem--properties\">\n<td class=\"datasheet-listItemKey small-6 larger-4 columns\">\u00c9quipements<\/td>\n<td class=\"datasheet-listItemValue small-6 larger-8 columns\">\u00c9clairage des tasses, Broyeur \u00e0 grains<\/td>\n<\/tr>\n<\/tbody>\n<tbody>\n<tr class=\"datasheet-listItem datasheet-listItem--group\">\n<th>Caract\u00e9ristiques techniques<\/th>\n<\/tr>\n<tr class=\"datasheet-listItem datasheet-listItem--properties\">\n<td class=\"datasheet-listItemKey small-6 larger-4 columns\">Couleur<\/td>\n<td class=\"datasheet-listItemValue small-6 larger-8 columns\">Noir<\/td>\n<\/tr>\n<\/tbody>\n<tbody>\n<tr class=\"datasheet-listItem datasheet-listItem--group\">\n<th>Dimensions &amp; Poids<\/th>\n<\/tr>\n<tr class=\"datasheet-listItem datasheet-listItem--properties datasheet-listItem--collapsible\">\n<td class=\"datasheet-listItemKey small-6 larger-4 columns\">Hauteur<\/td>\n<td class=\"datasheet-listItemValue small-6 larger-8 columns\">43,3\u00a0cm<\/td>\n<\/tr>\n<tr class=\"datasheet-listItem datasheet-listItem--properties datasheet-listItem--collapsible\">\n<td class=\"datasheet-listItemKey small-6 larger-4 columns\">Largeur<\/td>\n<td class=\"datasheet-listItemValue small-6 larger-8 columns\">24,6\u00a0cm<\/td>\n<\/tr>\n<tr class=\"datasheet-listItem datasheet-listItem--properties datasheet-listItem--collapsible\">\n<td class=\"datasheet-listItemKey small-6 larger-4 columns\">Profondeur<\/td>\n<td class=\"datasheet-listItemValue small-6 larger-8 columns\">37,1\u00a0cm<\/td>\n<\/tr>\n<tr class=\"datasheet-listItem datasheet-listItem--properties datasheet-listItem--collapsible\">\n<td class=\"datasheet-listItemKey small-6 larger-4 columns\">Poids<\/td>\n<td class=\"datasheet-listItemValue small-6 larger-8 columns\">8\u00a0kg<\/td>\n<\/tr>\n<\/tbody>\n<\/table>","protected":false},"excerpt":{"rendered":"<p>Type de machine \u00e0 caf\u00e9 Expresso broyeur Configuration et Fonctionnalit\u00e9 Mes boissons Caffelatte, Expresso, Caf\u00e9, Cappuccino, Caf\u00e9 macchiato, Americano, Caf\u00e9<\/p>","protected":false},"featured_media":28703,"template":"","meta":[],"product_brand":[],"product_cat":[61],"product_tag":[1514],"product_country":[1503],"class_list":{"0":"post-13989","1":"product","2":"type-product","3":"status-publish","4":"has-post-thumbnail","6":"product_cat-sale-france","7":"product_tag-sale-france","8":"product_country-france","10":"first","11":"instock","12":"sale","13":"taxable","14":"shipping-taxable","15":"purchasable","16":"product-type-simple"},"_links":{"self":[{"href":"https:\/\/routinesfashione.com\/es\/wp-json\/wp\/v2\/product\/13989","targetHints":{"allow":["GET"]}}],"collection":[{"href":"https:\/\/routinesfashione.com\/es\/wp-json\/wp\/v2\/product"}],"about":[{"href":"https:\/\/routinesfashione.com\/es\/wp-json\/wp\/v2\/types\/product"}],"wp:featuredmedia":[{"embeddable":true,"href":"https:\/\/routinesfashione.com\/es\/wp-json\/wp\/v2\/media\/28703"}],"wp:attachment":[{"href":"https:\/\/routinesfashione.com\/es\/wp-json\/wp\/v2\/media?parent=13989"}],"wp:term":[{"taxonomy":"product_brand","embeddable":true,"href":"https:\/\/routinesfashione.com\/es\/wp-json\/wp\/v2\/product_brand?post=13989"},{"taxonomy":"product_cat","embeddable":true,"href":"https:\/\/routinesfashione.com\/es\/wp-json\/wp\/v2\/product_cat?post=13989"},{"taxonomy":"product_tag","embeddable":true,"href":"https:\/\/routinesfashione.com\/es\/wp-json\/wp\/v2\/product_tag?post=13989"},{"taxonomy":"product_country","embeddable":true,"href":"https:\/\/routinesfashione.com\/es\/wp-json\/wp\/v2\/product_country?post=13989"}],"curies":[{"name":"wp","href":"https:\/\/api.w.org\/{rel}","templated":true}]}}