{"id":14017,"date":"2025-09-30T20:36:50","date_gmt":"2025-09-30T20:36:50","guid":{"rendered":"https:\/\/lightgray-crow-170497.hostingersite.com\/?post_type=product&#038;p=14017"},"modified":"2025-09-30T20:36:50","modified_gmt":"2025-09-30T20:36:50","slug":"delonghi-expresso-broyeur-magnifica-evo-feb2961-b","status":"publish","type":"product","link":"https:\/\/routinesfashione.com\/es\/produit\/delonghi-expresso-broyeur-magnifica-evo-feb2961-b\/","title":{"rendered":"DELONGHI Expresso Broyeur Magnifica EVO FEB2961.B"},"content":{"rendered":"<p>La nouvelle gamme de machines \u00e0 caf\u00e9 \u00e0 grain Magnifica EVO offre un design moderne avec un tout nouveau ch\u00e2ssis et un panneau de commande \u00e0 touches tactiles. La FEB 2961.B dans son coloris noir propose jusqu&#8217;\u00e0 5 recettes dont deux boissons lact\u00e9es. Son syst\u00e8me LatteCrema offre une mousse fine et onctueuse avec une petite carafe \u00e0 lait gradu\u00e9e int\u00e9gr\u00e9e. Les plus MaxiCoffee : un coffret cadeau d\u00e9velopp\u00e9 par nos experts caf\u00e9 avec un guide de d\u00e9gustation une extraction \u00e0 votre go\u00fbt, une livraison Chronopost offerte. Garantie 2 ans.<\/p>\n<table class=\"table table-striped\">\n<tbody>\n<tr>\n<th scope=\"row\">Syst\u00e8me Lait<\/th>\n<td>Automatique avec carafe<\/td>\n<\/tr>\n<tr>\n<th scope=\"row\">Boissons r\u00e9alisables<\/th>\n<td>Caf\u00e9, Cappuccino, Eau chaude, Expresso, My Latte<\/td>\n<\/tr>\n<tr>\n<th scope=\"row\">Trappe \u00e0 moulu<\/th>\n<td>Oui<\/td>\n<\/tr>\n<tr>\n<th scope=\"row\">Nombre de r\u00e9glages du Broyeur<\/th>\n<td>13 positions<\/td>\n<\/tr>\n<tr>\n<th scope=\"row\">R\u00e9glage intensit\u00e9 caf\u00e9<\/th>\n<td>4<\/td>\n<\/tr>\n<tr>\n<th scope=\"row\">Interface<\/th>\n<td>Touches tactiles<\/td>\n<\/tr>\n<tr>\n<th scope=\"row\">Interface<\/th>\n<td>Sans \u00e9cran<\/td>\n<\/tr>\n<tr>\n<th scope=\"row\">Machine connect\u00e9e<\/th>\n<td>Non<\/td>\n<\/tr>\n<tr>\n<th scope=\"row\">Chauffe tasse<\/th>\n<td>Non<\/td>\n<\/tr>\n<tr>\n<th scope=\"row\">2 caf\u00e9s simultan\u00e9s<\/th>\n<td>Oui<\/td>\n<\/tr>\n<tr>\n<th scope=\"row\">2 boissons lact\u00e9es simultan\u00e9e<\/th>\n<td>Non<\/td>\n<\/tr>\n<tr>\n<th scope=\"row\">Nbre percolation pour 2 tasses<\/th>\n<td>1<\/td>\n<\/tr>\n<tr>\n<th scope=\"row\">Rin\u00e7age des buses<\/th>\n<td>Automatique<\/td>\n<\/tr>\n<tr>\n<th scope=\"row\">Entretien du Groupe Caf\u00e9<\/th>\n<td>Manuel : groupe caf\u00e9 extractible<\/td>\n<\/tr>\n<tr>\n<th scope=\"row\">Pression de la pompe<\/th>\n<td>15 Bars<\/td>\n<\/tr>\n<tr>\n<th scope=\"row\">Garantie<\/th>\n<td>Garantie 2 ans<\/td>\n<\/tr>\n<tr>\n<th scope=\"row\">Made in France<\/th>\n<td>Non<\/td>\n<\/tr>\n<tr>\n<th scope=\"row\">Coloris<\/th>\n<td>Noir<\/td>\n<\/tr>\n<tr>\n<th scope=\"row\">Mat\u00e9riau(x)<\/th>\n<td>ABS Mat<\/td>\n<\/tr>\n<tr>\n<th scope=\"row\">Volume du r\u00e9servoir \u00e0 eau<\/th>\n<td>1.8 l<\/td>\n<\/tr>\n<tr>\n<th scope=\"row\">Volume du bac \u00e0 grain<\/th>\n<td>250 g<\/td>\n<\/tr>\n<tr>\n<th scope=\"row\">Nombre de bac \u00e0 grains<\/th>\n<td>1 bac<\/td>\n<\/tr>\n<tr>\n<th scope=\"row\">Volume du bac \u00e0 marcs<\/th>\n<td>14 galettes<\/td>\n<\/tr>\n<tr>\n<th scope=\"row\">Type de Broyeur<\/th>\n<td>Acier<\/td>\n<\/tr>\n<tr>\n<th scope=\"row\">Dimensions (L x Px H)<\/th>\n<td>240 x 440 x 360 mm<\/td>\n<\/tr>\n<tr>\n<th scope=\"row\">Poids<\/th>\n<td>9 Kg<\/td>\n<\/tr>\n<tr>\n<th scope=\"row\">Puissance (en Watts)<\/th>\n<td>1450 W<\/td>\n<\/tr>\n<tr>\n<th scope=\"row\">Classement \u00e9nerg\u00e9tique<\/th>\n<td>A<\/td>\n<\/tr>\n<\/tbody>\n<\/table>","protected":false},"excerpt":{"rendered":"<p>La nouvelle gamme de machines \u00e0 caf\u00e9 \u00e0 grain Magnifica EVO offre un design moderne avec un tout nouveau ch\u00e2ssis<\/p>","protected":false},"featured_media":28671,"template":"","meta":[],"product_brand":[],"product_cat":[61],"product_tag":[1514],"product_country":[1503],"class_list":{"0":"post-14017","1":"product","2":"type-product","3":"status-publish","4":"has-post-thumbnail","6":"product_cat-sale-france","7":"product_tag-sale-france","8":"product_country-france","10":"first","11":"instock","12":"sale","13":"taxable","14":"shipping-taxable","15":"purchasable","16":"product-type-simple"},"_links":{"self":[{"href":"https:\/\/routinesfashione.com\/es\/wp-json\/wp\/v2\/product\/14017","targetHints":{"allow":["GET"]}}],"collection":[{"href":"https:\/\/routinesfashione.com\/es\/wp-json\/wp\/v2\/product"}],"about":[{"href":"https:\/\/routinesfashione.com\/es\/wp-json\/wp\/v2\/types\/product"}],"wp:featuredmedia":[{"embeddable":true,"href":"https:\/\/routinesfashione.com\/es\/wp-json\/wp\/v2\/media\/28671"}],"wp:attachment":[{"href":"https:\/\/routinesfashione.com\/es\/wp-json\/wp\/v2\/media?parent=14017"}],"wp:term":[{"taxonomy":"product_brand","embeddable":true,"href":"https:\/\/routinesfashione.com\/es\/wp-json\/wp\/v2\/product_brand?post=14017"},{"taxonomy":"product_cat","embeddable":true,"href":"https:\/\/routinesfashione.com\/es\/wp-json\/wp\/v2\/product_cat?post=14017"},{"taxonomy":"product_tag","embeddable":true,"href":"https:\/\/routinesfashione.com\/es\/wp-json\/wp\/v2\/product_tag?post=14017"},{"taxonomy":"product_country","embeddable":true,"href":"https:\/\/routinesfashione.com\/es\/wp-json\/wp\/v2\/product_country?post=14017"}],"curies":[{"name":"wp","href":"https:\/\/api.w.org\/{rel}","templated":true}]}}