{"id":1403,"date":"2025-09-30T20:13:42","date_gmt":"2025-09-30T20:13:42","guid":{"rendered":"https:\/\/lightgray-crow-170497.hostingersite.com\/?post_type=product&#038;p=1403"},"modified":"2025-09-30T21:02:08","modified_gmt":"2025-09-30T21:02:08","slug":"honda-hrx-537c-vk","status":"publish","type":"product","link":"https:\/\/routinesfashione.com\/es\/produit\/honda-hrx-537c-vk\/","title":{"rendered":"Honda HRX 537C VK"},"content":{"rendered":"<table class=\"table table-striped product-detail-properties-table\">\n<tbody>\n<tr class=\"properties-row\">\n<th class=\"properties-label\">Arbeitsbreite (in cm)<\/th>\n<td class=\"properties-value\">53,00<\/td>\n<\/tr>\n<tr class=\"properties-row\">\n<th class=\"properties-label\">Arbeitsstufenanzahl<\/th>\n<td class=\"properties-value\">7<\/td>\n<\/tr>\n<tr class=\"properties-row\">\n<th class=\"properties-label\">Auswurfart<\/th>\n<td class=\"properties-value\">Heckauswurf<\/td>\n<\/tr>\n<tr class=\"properties-row\">\n<th class=\"properties-label\">Betriebsart<\/th>\n<td class=\"properties-value\">Benzin<\/td>\n<\/tr>\n<tr class=\"properties-row\">\n<th class=\"properties-label\">Fahrantriebsart<\/th>\n<td class=\"properties-value\">Hinterradantrieb mit Select Drive<\/td>\n<\/tr>\n<tr class=\"properties-row\">\n<th class=\"properties-label\">Fangsackvolumen max (in l)<\/th>\n<td class=\"properties-value\">85<\/td>\n<\/tr>\n<tr class=\"properties-row\">\n<th class=\"properties-label\">Farbe (Ger\u00e4t)<\/th>\n<td class=\"properties-value\">Rot \/ Schwarz<\/td>\n<\/tr>\n<tr class=\"properties-row\">\n<th class=\"properties-label\">Geschwindigkeit max (in km\/h)<\/th>\n<td class=\"properties-value\">6,00<\/td>\n<\/tr>\n<tr class=\"properties-row\">\n<th class=\"properties-label\">Hubraum (in cm\u00b3)<\/th>\n<td class=\"properties-value\">202,00<\/td>\n<\/tr>\n<tr class=\"properties-row\">\n<th class=\"properties-label\">Materialart<\/th>\n<td class=\"properties-value\">Xenoy<\/td>\n<\/tr>\n<tr class=\"properties-row\">\n<th class=\"properties-label\">Motorleistung (in Umdrehungen\/min)<\/th>\n<td class=\"properties-value\">2850<\/td>\n<\/tr>\n<tr class=\"properties-row\">\n<th class=\"properties-label\">Motorleistung (in kW)<\/th>\n<td class=\"properties-value\">3,70<\/td>\n<\/tr>\n<tr class=\"properties-row\">\n<th class=\"properties-label\">Motortyp (Herstellerbezeichnung)<\/th>\n<td class=\"properties-value\">Honda 4-Takt OHV-Motor GCVx 200<\/td>\n<\/tr>\n<tr class=\"properties-row\">\n<th class=\"properties-label\">M\u00e4hwerktyp<\/th>\n<td class=\"properties-value\">M\u00e4hwerk mit variablem Versamow-Mulchsystem<\/td>\n<\/tr>\n<tr class=\"properties-row\">\n<th class=\"properties-label\">Produkttyp<\/th>\n<td class=\"properties-value\">Benzin-Rasenm\u00e4her<\/td>\n<\/tr>\n<tr class=\"properties-row\">\n<th class=\"properties-label\">Schallleistungspegel (in dB(A))<\/th>\n<td class=\"properties-value\">98,00<\/td>\n<\/tr>\n<tr class=\"properties-row\">\n<th class=\"properties-label\">Schnitth\u00f6he min-max (in mm)<\/th>\n<td class=\"properties-value\">19-101<\/td>\n<\/tr>\n<tr class=\"properties-row\">\n<th class=\"properties-label\">Treibstofftankgr\u00f6\u00dfe (in l)<\/th>\n<td class=\"properties-value\">0,91<\/td>\n<\/tr>\n<\/tbody>\n<\/table>","protected":false},"excerpt":{"rendered":"<p>Nicht nur ein einfacher Rasenm\u00e4her, sondern fortschrittliche Technik f\u00fcr die Pflege Ihres Rasens.<\/p>\n<p>Unsere neuen HRX-M\u00e4her zeichnen sich nicht nur durch ein Plus an Leistung, sondern auch durch einen reduzierten Schallpegel aus. Damit erledigen Sie die Gartenarbeit einfacher und entspannter. Au\u00dferdem profitieren Sie von einer Vielzahl einzigartiger Honda Technologien wie Select Drive f\u00fcr pr\u00e4zise Steuerung, Versamow\u2122 f\u00fcr selektives Mulchen und Roto-Stop\u00ae f\u00fcr ein sicheres Stoppen der Schneidmesser.<\/p>\n<p>Mit dem optimierten Verbrennungssystem sind diese neuen Motoren besonders effizient und somit umweltfreundlicher. Und mit dem herausragenden Drehmoment nehmen Sie Ihnen die anstrengende Arbeit ab.<\/p>\n<p>Das variable Mulchsystem Versamow\u2122 arbeitet mit speziellen, versetzten MicroCut-Zwillingsmessern. Gemeinsam h\u00e4ckseln sie das Gras besonders fein, welches anschlie\u00dfend als Mulch zur\u00fcck auf den Rasen f\u00e4llt und als nat\u00fcrlicher D\u00fcnger dient. Den Unterschied erkennen Sie schon nach wenigen Wochen.<\/p>\n<p>Die meisten unserer Modelle sind mit Roto-Stop ausgestattet. Mit dieser Funktion k\u00f6nnen Sie die Messer bei laufendem Motor anhalten. Ideal, wenn Sie den Grasfangsack leeren, Hindernisse wegr\u00e4umen oder Wege und Einfahrten \u00fcberqueren m\u00fcssen.<\/p>\n<p>Falls Sie beim M\u00e4hen auf ein festes Hindernis sto\u00dfen, geben unsere Messer nach, statt zu brechen. Diese Innovation macht M\u00e4her von Honda nicht nur sicherer, sondern verhindert auch Sch\u00e4den am Motor und am M\u00e4hdeck.<\/p>\n<p><strong>Dieses Produkt wird vor Auslieferung einer kostenlosen \u00dcbergabeinspektion gem\u00e4\u00df HONDA \u201cPre-Delivery-Inspection\u201d-Richtlinien unterzogen. Das Produkt wird montiert, betriebsbereit und inklusive des Husqvarna Protokolls zur \u00dcbergabeinspektion an Ihre Adresse geliefert.<\/strong><\/p>","protected":false},"featured_media":1404,"template":"","meta":[],"product_brand":[],"product_cat":[33],"product_tag":[],"product_country":[1501],"class_list":{"0":"post-1403","1":"product","2":"type-product","3":"status-publish","4":"has-post-thumbnail","6":"product_cat-profi-maher-rasenmaher","7":"product_country-germany","9":"first","10":"instock","11":"sale","12":"taxable","13":"shipping-taxable","14":"purchasable","15":"product-type-simple"},"_links":{"self":[{"href":"https:\/\/routinesfashione.com\/es\/wp-json\/wp\/v2\/product\/1403","targetHints":{"allow":["GET"]}}],"collection":[{"href":"https:\/\/routinesfashione.com\/es\/wp-json\/wp\/v2\/product"}],"about":[{"href":"https:\/\/routinesfashione.com\/es\/wp-json\/wp\/v2\/types\/product"}],"wp:featuredmedia":[{"embeddable":true,"href":"https:\/\/routinesfashione.com\/es\/wp-json\/wp\/v2\/media\/1404"}],"wp:attachment":[{"href":"https:\/\/routinesfashione.com\/es\/wp-json\/wp\/v2\/media?parent=1403"}],"wp:term":[{"taxonomy":"product_brand","embeddable":true,"href":"https:\/\/routinesfashione.com\/es\/wp-json\/wp\/v2\/product_brand?post=1403"},{"taxonomy":"product_cat","embeddable":true,"href":"https:\/\/routinesfashione.com\/es\/wp-json\/wp\/v2\/product_cat?post=1403"},{"taxonomy":"product_tag","embeddable":true,"href":"https:\/\/routinesfashione.com\/es\/wp-json\/wp\/v2\/product_tag?post=1403"},{"taxonomy":"product_country","embeddable":true,"href":"https:\/\/routinesfashione.com\/es\/wp-json\/wp\/v2\/product_country?post=1403"}],"curies":[{"name":"wp","href":"https:\/\/api.w.org\/{rel}","templated":true}]}}