{"id":14031,"date":"2025-09-30T20:36:50","date_gmt":"2025-09-30T20:36:50","guid":{"rendered":"https:\/\/lightgray-crow-170497.hostingersite.com\/?post_type=product&#038;p=14031"},"modified":"2025-09-30T20:36:50","modified_gmt":"2025-09-30T20:36:50","slug":"air-essence-coffee-aroma-machine-a-expresso-automatique","status":"publish","type":"product","link":"https:\/\/routinesfashione.com\/es\/produit\/air-essence-coffee-aroma-machine-a-expresso-automatique\/","title":{"rendered":"Air Essence Coffee Aroma machine \u00e0 expresso automatique"},"content":{"rendered":"<p>PRESSION 19 BAR<br \/>\nPompe \u00e0 eau italienne de marque ULKA.<br \/>\nMOUSSEUR DOUX<br \/>\nMoulin SS (acier inoxydable) conique.<br \/>\nR\u00e9glage de la mouture<br \/>\n\u00c9paisseur de mouture des grains r\u00e9glable.<br \/>\n2 CAFE EN M\u00caME TEMPS<br \/>\nR\u00e9alisation de 2 tasses de caf\u00e9.<br \/>\nNETTOYAGE<br \/>\nLait et syst\u00e8me d&#8217;infusion.<br \/>\nMouture \/ grain<br \/>\nPeut \u00eatre infus\u00e9 \u00e0 partir de caf\u00e9 moulu.<br \/>\n5 TYPES DE PR\u00c9CHAUFFAGE<br \/>\nDisponibles en cliquant sur un bouton.<\/p>\n<p>&#8211; Pompe \u00e0 eau italienne ULKA avec 19 bar<br \/>\n&#8211; SS (acier inoxydable)<br \/>\n&#8211; Mouture r\u00e9glable des grains de caf\u00e9<br \/>\n&#8211; Pr\u00e9paration simultan\u00e9e de 2 tasses de caf\u00e9<br \/>\n&#8211; Param\u00e8tres r\u00e9glables : quantit\u00e9 d&#8217;eau, de caf\u00e9, puissance, saveur, temp. etc.<br \/>\n&#8211; Rin\u00e7age apr\u00e8s chaque allumage\/extinction<br \/>\n&#8211; Dimensions : 350 x 350 x 390 mm<br \/>\n&#8211; Mat\u00e9riau du bo\u00eetier : ABS<br \/>\n&#8211; Puissance : 1200-1450W<br \/>\n&#8211; Voltage : 220-240V \/ 110-127V<br \/>\n&#8211; Capacit\u00e9 du r\u00e9servoir d&#8217;eau : 1800ml<br \/>\n&#8211; Capacit\u00e9 du r\u00e9servoir \u00e0 grains : 250g<br \/>\n&#8211; Quantit\u00e9 de caf\u00e9 par tasse : 7-12g<br \/>\n&#8211; Hauteur de la tasse : 80-140mm<br \/>\n&#8211; Volume d&#8217;une tasse : 30-250ml<br \/>\n&#8211; Temp\u00e9rature du caf\u00e9 : 85-93 \u2103<\/p>\n<p>&#8211; Machine \u00e0 expresso automatique Air Essence Coffee Aroma<br \/>\n&#8211; Mesure \u00e0 caf\u00e9<br \/>\n&#8211; Brosse de nettoyage<br \/>\n&#8211; Mode d&#8217;emploi<br \/>\n&#8211; Emballage du fabricant<\/p>\n<p>&#8211; Pompe \u00e0 eau italienne ULKA avec 19 bar<br \/>\n&#8211; SS (acier inoxydable)<br \/>\n&#8211; Mouture r\u00e9glable des grains de caf\u00e9<br \/>\n&#8211; Pr\u00e9paration simultan\u00e9e de 2 tasses de caf\u00e9<br \/>\n&#8211; Param\u00e8tres r\u00e9glables : quantit\u00e9 d&#8217;eau, de caf\u00e9, puissance, saveur, temp. etc.<br \/>\n&#8211; Rin\u00e7age apr\u00e8s chaque allumage\/extinction<br \/>\n&#8211; Dimensions : 350 x 350 x 390 mm<br \/>\n&#8211; Mat\u00e9riau du bo\u00eetier : ABS<br \/>\n&#8211; Puissance : 1200-1450W<br \/>\n&#8211; Voltage : 220-240V \/ 110-127V<br \/>\n&#8211; Capacit\u00e9 du r\u00e9servoir d&#8217;eau : 1800ml<br \/>\n&#8211; Capacit\u00e9 du r\u00e9servoir \u00e0 grains : 250g<br \/>\n&#8211; Quantit\u00e9 de caf\u00e9 par tasse : 7-12g<br \/>\n&#8211; Hauteur de la tasse : 80-140mm<br \/>\n&#8211; Volume d&#8217;une tasse : 30-250ml<br \/>\n&#8211; Temp\u00e9rature du caf\u00e9 : 85-93 \u2103<\/p>","protected":false},"excerpt":{"rendered":"<p>PRESSION 19 BAR Pompe \u00e0 eau italienne de marque ULKA. MOUSSEUR DOUX Moulin SS (acier inoxydable) conique. R\u00e9glage de la<\/p>","protected":false},"featured_media":14032,"template":"","meta":[],"product_brand":[],"product_cat":[61],"product_tag":[1514],"product_country":[1503],"class_list":{"0":"post-14031","1":"product","2":"type-product","3":"status-publish","4":"has-post-thumbnail","6":"product_cat-sale-france","7":"product_tag-sale-france","8":"product_country-france","10":"first","11":"instock","12":"sale","13":"taxable","14":"shipping-taxable","15":"purchasable","16":"product-type-simple"},"_links":{"self":[{"href":"https:\/\/routinesfashione.com\/es\/wp-json\/wp\/v2\/product\/14031","targetHints":{"allow":["GET"]}}],"collection":[{"href":"https:\/\/routinesfashione.com\/es\/wp-json\/wp\/v2\/product"}],"about":[{"href":"https:\/\/routinesfashione.com\/es\/wp-json\/wp\/v2\/types\/product"}],"wp:featuredmedia":[{"embeddable":true,"href":"https:\/\/routinesfashione.com\/es\/wp-json\/wp\/v2\/media\/14032"}],"wp:attachment":[{"href":"https:\/\/routinesfashione.com\/es\/wp-json\/wp\/v2\/media?parent=14031"}],"wp:term":[{"taxonomy":"product_brand","embeddable":true,"href":"https:\/\/routinesfashione.com\/es\/wp-json\/wp\/v2\/product_brand?post=14031"},{"taxonomy":"product_cat","embeddable":true,"href":"https:\/\/routinesfashione.com\/es\/wp-json\/wp\/v2\/product_cat?post=14031"},{"taxonomy":"product_tag","embeddable":true,"href":"https:\/\/routinesfashione.com\/es\/wp-json\/wp\/v2\/product_tag?post=14031"},{"taxonomy":"product_country","embeddable":true,"href":"https:\/\/routinesfashione.com\/es\/wp-json\/wp\/v2\/product_country?post=14031"}],"curies":[{"name":"wp","href":"https:\/\/api.w.org\/{rel}","templated":true}]}}