{"id":14042,"date":"2025-09-30T20:36:50","date_gmt":"2025-09-30T20:36:50","guid":{"rendered":"https:\/\/lightgray-crow-170497.hostingersite.com\/?post_type=product&#038;p=14042"},"modified":"2025-09-30T20:36:50","modified_gmt":"2025-09-30T20:36:50","slug":"philips-machine-ep3324-40","status":"publish","type":"product","link":"https:\/\/routinesfashione.com\/es\/produit\/philips-machine-ep3324-40\/","title":{"rendered":"Philips Machine EP3324\/40"},"content":{"rendered":"<p>Une simple pression sur un bouton vous permet d&#8217;obtenir des recettes de caf\u00e9 populaires, de l&#8217;expresso classique au caf\u00e9 noir traditionnel, en passant par l&#8217;expresso lungo et le caf\u00e9 glac\u00e9, avec une cr\u00e8me, des ar\u00f4mes et une temp\u00e9rature parfaits. De l&#8217;eau chaude est \u00e9galement disponible pour pr\u00e9parer du th\u00e9. Notre syst\u00e8me unique de pr\u00e9paration du caf\u00e9 extrait parfaitement les saveurs des grains, avec un d\u00e9bit plus lent et une temp\u00e9rature plus basse. Ajoutez des gla\u00e7ons \u00e0 votre boisson et savourez un d\u00e9licieux caf\u00e9 glac\u00e9, sans compromis sur l&#8217;intensit\u00e9 du caf\u00e9.S\u00e9lectionnez facilement vos boissons pr\u00e9f\u00e9r\u00e9es gr\u00e2ce \u00e0 l&#8217;\u00e9cran tactile moderne dot\u00e9 d&#8217;ic\u00f4nes de couleur. Adaptez votre caf\u00e9 \u00e0 votre go\u00fbt gr\u00e2ce \u00e0 la fonction My Coffee Choice : choisissez l&#8217;intensit\u00e9 et la longueur du caf\u00e9, ainsi que la quantit\u00e9 de mousse de lait qui vous convient le mieux.Pr\u00e9parez facilement vos caf\u00e9s pr\u00e9f\u00e9r\u00e9s \u00e0 base de lait en seulement 2 \u00e9tapes gr\u00e2ce \u00e0 cette machine \u00e0 caf\u00e9 professionnelle automatique. Le mousseur \u00e0 lait classique pr\u00e9pare une mousse de lait \u00e9paisse \u00e0 laquelle vous pouvez ajouter un expresso pour savourer un d\u00e9licieux cappuccino. Vous pouvez m\u00eame pr\u00e9parer du lait chaud pour vos chocolats chauds.<\/p>\n<dl class=\"p-s08__main-list\">\n<dt class=\"p-heading-04 p-heading-bold p-s08__main-list-title\">Source de caf\u00e9<\/dt>\n<dd>\n<div class=\"p-body-copy-02\">Caf\u00e9 en grain<\/div>\n<\/dd>\n<dt class=\"p-heading-04 p-heading-bold p-s08__main-list-title\">Implication des utilisateurs<\/dt>\n<dd>\n<div class=\"p-body-copy-02\">Simple pression sur un bouton<\/div>\n<\/dd>\n<dt class=\"p-heading-04 p-heading-bold p-s08__main-list-title\">Type de produit<\/dt>\n<dd>\n<div class=\"p-body-copy-02\">Machine espresso enti\u00e8re automatique<\/div>\n<\/dd>\n<dt class=\"p-heading-04 p-heading-bold p-s08__main-list-title\">Boissons<\/dt>\n<dd>\n<div class=\"p-body-copy-02\">Espresso, caf\u00e9, americano, espresso lungo, caf\u00e9 glac\u00e9, eau chaude, lait chaud<\/div>\n<\/dd>\n<dt class=\"p-heading-04 p-heading-bold p-s08__main-list-title\">Boissons pr\u00e9programm\u00e9es<\/dt>\n<dd>\n<div class=\"p-body-copy-02\">5<\/div>\n<\/dd>\n<dt class=\"p-heading-04 p-heading-bold p-s08__main-list-title\">Nombre de portions<\/dt>\n<dd>\n<div class=\"p-body-copy-02\">2<\/div>\n<\/dd>\n<dt class=\"p-heading-04 p-heading-bold p-s08__main-list-title\">Pression<\/dt>\n<dd>\n<div class=\"p-body-copy-02\">15\u00a0bars<\/div>\n<\/dd>\n<dt class=\"p-heading-04 p-heading-bold p-s08__main-list-title\">Broyeur int\u00e9gr\u00e9<\/dt>\n<dd>\n<div class=\"p-body-copy-02\">Oui<\/div>\n<\/dd>\n<dt class=\"p-heading-04 p-heading-bold p-s08__main-list-title\">R\u00e9glages du broyeur<\/dt>\n<dd>\n<div class=\"p-body-copy-02\">12<\/div>\n<\/dd>\n<dt class=\"p-heading-04 p-heading-bold p-s08__main-list-title\">Capacit\u00e9 du bac \u00e0 grains<\/dt>\n<dd>\n<div class=\"p-body-copy-02\">275\u00a0g<\/div>\n<\/dd>\n<dt class=\"p-heading-04 p-heading-bold p-s08__main-list-title\">\u00c9mulsion du lait<\/dt>\n<dd>\n<div class=\"p-body-copy-02\">Oui<\/div>\n<\/dd>\n<dt class=\"p-heading-04 p-heading-bold p-s08__main-list-title\">Solution lait<\/dt>\n<dd>\n<div class=\"p-body-copy-02\">Mousseur \u00e0 lait classique<\/div>\n<\/dd>\n<dt class=\"p-heading-04 p-heading-bold p-s08__main-list-title\">Capacit\u00e9 du r\u00e9servoir d&#8217;eau<\/dt>\n<dd>\n<div class=\"p-body-copy-02\">1,8\u00a0l<\/div>\n<\/dd>\n<dt class=\"p-heading-04 p-heading-bold p-s08__main-list-title\">Profils<\/dt>\n<dd>\n<div class=\"p-body-copy-02\">Non<\/div>\n<\/dd>\n<dt class=\"p-heading-04 p-heading-bold p-s08__main-list-title\">Mat\u00e9riau principal<\/dt>\n<dd>\n<div class=\"p-body-copy-02\">Plastique<\/div>\n<\/dd>\n<dt class=\"p-heading-04 p-heading-bold p-s08__main-list-title\">Mat\u00e9riau secondaire<\/dt>\n<dd>\n<div class=\"p-body-copy-02\">M\u00e9tal<\/div>\n<\/dd>\n<dt class=\"p-heading-04 p-heading-bold p-s08__main-list-title\">Technologie<\/dt>\n<dd>\n<div class=\"p-body-copy-02\">Pr\u00e9paration silencieuse<\/div>\n<\/dd>\n<dt class=\"p-heading-04 p-heading-bold p-s08__main-list-title\">Interface<\/dt>\n<dd>\n<div class=\"p-body-copy-02\">\u00c9cran tactile intuitif<\/div>\n<\/dd>\n<dt class=\"p-heading-04 p-heading-bold p-s08__main-list-title\">Garantie<\/dt>\n<dd>\n<div class=\"p-body-copy-02\">2\u00a0ans<\/div>\n<\/dd>\n<dt class=\"p-heading-04 p-heading-bold p-s08__main-list-title\">Connectivit\u00e9<\/dt>\n<dd>\n<div class=\"p-body-copy-02\">Non<\/div>\n<\/dd>\n<\/dl>","protected":false},"excerpt":{"rendered":"<p>Une simple pression sur un bouton vous permet d&#8217;obtenir des recettes de caf\u00e9 populaires, de l&#8217;expresso classique au caf\u00e9 noir<\/p>","protected":false},"featured_media":14043,"template":"","meta":[],"product_brand":[],"product_cat":[61],"product_tag":[1514],"product_country":[1503],"class_list":{"0":"post-14042","1":"product","2":"type-product","3":"status-publish","4":"has-post-thumbnail","6":"product_cat-sale-france","7":"product_tag-sale-france","8":"product_country-france","10":"first","11":"instock","12":"sale","13":"taxable","14":"shipping-taxable","15":"purchasable","16":"product-type-simple"},"_links":{"self":[{"href":"https:\/\/routinesfashione.com\/es\/wp-json\/wp\/v2\/product\/14042","targetHints":{"allow":["GET"]}}],"collection":[{"href":"https:\/\/routinesfashione.com\/es\/wp-json\/wp\/v2\/product"}],"about":[{"href":"https:\/\/routinesfashione.com\/es\/wp-json\/wp\/v2\/types\/product"}],"wp:featuredmedia":[{"embeddable":true,"href":"https:\/\/routinesfashione.com\/es\/wp-json\/wp\/v2\/media\/14043"}],"wp:attachment":[{"href":"https:\/\/routinesfashione.com\/es\/wp-json\/wp\/v2\/media?parent=14042"}],"wp:term":[{"taxonomy":"product_brand","embeddable":true,"href":"https:\/\/routinesfashione.com\/es\/wp-json\/wp\/v2\/product_brand?post=14042"},{"taxonomy":"product_cat","embeddable":true,"href":"https:\/\/routinesfashione.com\/es\/wp-json\/wp\/v2\/product_cat?post=14042"},{"taxonomy":"product_tag","embeddable":true,"href":"https:\/\/routinesfashione.com\/es\/wp-json\/wp\/v2\/product_tag?post=14042"},{"taxonomy":"product_country","embeddable":true,"href":"https:\/\/routinesfashione.com\/es\/wp-json\/wp\/v2\/product_country?post=14042"}],"curies":[{"name":"wp","href":"https:\/\/api.w.org\/{rel}","templated":true}]}}