{"id":14124,"date":"2025-09-30T20:36:50","date_gmt":"2025-09-30T20:36:50","guid":{"rendered":"https:\/\/lightgray-crow-170497.hostingersite.com\/?post_type=product&#038;p=14124"},"modified":"2025-09-30T20:36:50","modified_gmt":"2025-09-30T20:36:50","slug":"delonghi-eletta-cappuccino-evo-ecam46-860-b","status":"publish","type":"product","link":"https:\/\/routinesfashione.com\/es\/produit\/delonghi-eletta-cappuccino-evo-ecam46-860-b\/","title":{"rendered":"DeLonghi Eletta Cappuccino Evo ECAM46.860.B"},"content":{"rendered":"<h2>Ar\u00f4me riche et gout plein du caf\u00e9 fra\u00eechement moulu<\/h2>\n<p>LatteCrema Hot couronne vos boissons avec une mousse de lait fine et onctueuse. Choisissez parmi 3 niveaux de moussage : dense, cr\u00e9meux ou l\u00e9ger.<\/p>\n<h2>Caract\u00e9ristiques principales<\/h2>\n<ul>\n<li>\u00c9cran tactile couleur entierement intuitif de 3,5&#8243; avec animations riches<\/li>\n<li>Choisissez parmi 18 boissons chaudes et froides entierement personnalisables<\/li>\n<li>Nettoyage facile gr\u00e2ce aux composants amovibles et compatibles lave-vaisselle<\/li>\n<\/ul>\n<h2>Sp\u00e9cifications techniques<\/h2>\n<ul>\n<li>Dimensions (L \u00d7 P \u00d7 H) (mm) : 240 x 440 x 360<\/li>\n<li>Poids (kg) : 9,8<\/li>\n<li>Pression de la pompe (bar) : 15<\/li>\n<li>Capacit\u00e9 du r\u00e9servoir a grains (g) : 250<\/li>\n<li>Capacit\u00e9 du r\u00e9servoir d&#8217;eau (l) : 1,9<\/li>\n<li>Capacit\u00e9 du r\u00e9cipient a marc de caf\u00e9 (n) : 10<\/li>\n<li>Hauteur maximale de la tasse (mm) : 140<\/li>\n<li>Puissance (W) : 1450<\/li>\n<li>Tension nominale\/fr\u00e9quence (V~Hz) : 220\u2013240 V \/ 50\u201360 Hz<\/li>\n<\/ul>\n<h2>Finition couleur<\/h2>\n<ul>\n<li>Couleur : Noir titane<\/li>\n<li>Finition : Plastique laqu\u00e9<\/li>\n<\/ul>\n<h2>Fonctions<\/h2>\n<ul>\n<li>Boissons au caf\u00e9 froid : Americano glac\u00e9 \/ Caf\u00e9 glac\u00e9<\/li>\n<li>Boissons au caf\u00e9 chaud : Espresso \/ Caf\u00e9 \/ Long \/ Doppio+ \/ Americano<\/li>\n<li>Boissons lact\u00e9es chaudes : Cappuccino \/ Latte Macchiato \/ Cappuccino+ \/ Cappuccino Mix \/ Lait chaud \/ Caffelatte \/ Flat white \/ Cortado \/ Espresso Macchiato<\/li>\n<\/ul>\n<h2>Autres boissons<\/h2>\n<ul>\n<li>Eau chaude<\/li>\n<li>Fonction \u00ab Ar\u00f4me \u00bb<\/li>\n<li>Possibilit\u00e9 de personnalisation de la longueur<\/li>\n<li>Personnalisation avanc\u00e9e<\/li>\n<li>4 profils utilisateurs<\/li>\n<\/ul>\n<h2>Panneau de commande<\/h2>\n<ul>\n<li>Commande : \u00c9cran tactile<\/li>\n<li>Affichage : 3,5&#8243;, TFT couleur<\/li>\n<\/ul>\n<h2>Autres caract\u00e9ristiques<\/h2>\n<ul>\n<li>Systeme de lait : Oui<\/li>\n<li>Technologie LatteCrema Hot : Oui<\/li>\n<\/ul>\n<h2>Divers<\/h2>\n<ul>\n<li>Possibilit\u00e9 d&#8217;utilisation de filtre a eau<\/li>\n<li>Duret\u00e9 de l&#8217;eau r\u00e9glable<\/li>\n<li>Utilisation de caf\u00e9 moulu possible<\/li>\n<\/ul>","protected":false},"excerpt":{"rendered":"<p>Ar\u00f4me riche et gout plein du caf\u00e9 fra\u00eechement moulu LatteCrema Hot couronne vos boissons avec une mousse de lait fine<\/p>","protected":false},"featured_media":28544,"template":"","meta":[],"product_brand":[],"product_cat":[61],"product_tag":[1514],"product_country":[1503],"class_list":{"0":"post-14124","1":"product","2":"type-product","3":"status-publish","4":"has-post-thumbnail","6":"product_cat-sale-france","7":"product_tag-sale-france","8":"product_country-france","10":"first","11":"instock","12":"sale","13":"taxable","14":"shipping-taxable","15":"purchasable","16":"product-type-simple"},"_links":{"self":[{"href":"https:\/\/routinesfashione.com\/es\/wp-json\/wp\/v2\/product\/14124","targetHints":{"allow":["GET"]}}],"collection":[{"href":"https:\/\/routinesfashione.com\/es\/wp-json\/wp\/v2\/product"}],"about":[{"href":"https:\/\/routinesfashione.com\/es\/wp-json\/wp\/v2\/types\/product"}],"wp:featuredmedia":[{"embeddable":true,"href":"https:\/\/routinesfashione.com\/es\/wp-json\/wp\/v2\/media\/28544"}],"wp:attachment":[{"href":"https:\/\/routinesfashione.com\/es\/wp-json\/wp\/v2\/media?parent=14124"}],"wp:term":[{"taxonomy":"product_brand","embeddable":true,"href":"https:\/\/routinesfashione.com\/es\/wp-json\/wp\/v2\/product_brand?post=14124"},{"taxonomy":"product_cat","embeddable":true,"href":"https:\/\/routinesfashione.com\/es\/wp-json\/wp\/v2\/product_cat?post=14124"},{"taxonomy":"product_tag","embeddable":true,"href":"https:\/\/routinesfashione.com\/es\/wp-json\/wp\/v2\/product_tag?post=14124"},{"taxonomy":"product_country","embeddable":true,"href":"https:\/\/routinesfashione.com\/es\/wp-json\/wp\/v2\/product_country?post=14124"}],"curies":[{"name":"wp","href":"https:\/\/api.w.org\/{rel}","templated":true}]}}