{"id":14159,"date":"2025-09-30T20:36:49","date_gmt":"2025-09-30T20:36:49","guid":{"rendered":"https:\/\/lightgray-crow-170497.hostingersite.com\/?post_type=product&#038;p=14159"},"modified":"2025-09-30T20:36:49","modified_gmt":"2025-09-30T20:36:49","slug":"philips-ep2230-10","status":"publish","type":"product","link":"https:\/\/routinesfashione.com\/es\/produit\/philips-ep2230-10\/","title":{"rendered":"Philips EP2230\/10"},"content":{"rendered":"<p>Le robot caf\u00e9 PHILIPS EP2230\/10 est con\u00e7u pour les amateurs de caf\u00e9 en grains et moulu. Avec sa pression de 15 bars et son r\u00e9servoir d\u2019eau amovible de 1,8 L, il permet de pr\u00e9parer jusqu\u2019\u00e0 deux tasses en m\u00eame temps. Son syst\u00e8me LatteGo garantit une mousse de lait onctueuse pour des boissons gourmandes.<\/p>\n<p>Facile \u00e0 utiliser, il dispose d\u2019un panneau de commande intuitif et d\u2019une fonction d\u2019arr\u00eat automatique. Ce mod\u00e8le au design noir \u00e9l\u00e9gant s\u2019int\u00e8gre parfaitement dans toutes les cuisines. Engag\u00e9 pour l\u2019environnement, il est certifi\u00e9 par l\u2019\u00e9co-organisme Eco Syst\u00e8me. Con\u00e7u pour durer, ce robot caf\u00e9 b\u00e9n\u00e9ficie d\u2019une garantie de 2 ans.<\/p>\n<p><strong>Bienvenue dans l\u2019univers Philips : 130 ans d\u2019innovation au service de votre quotidien<\/strong><\/p>\n<p>Depuis plus de 130 ans, Philips accompagne les foyers du monde entier en proposant des solutions innovantes, fiables et con\u00e7ues pour am\u00e9liorer la vie quotidienne. Avec Philips, nous nous engageons \u00e0 transformer les t\u00e2ches du quotidien en moments simples, efficaces et agr\u00e9ables.<\/p>\n<p><strong>Une marque au c\u0153ur de votre maison<\/strong><\/p>\n<p>Philips, c\u2019est bien plus qu\u2019une gamme de produits. C\u2019est une promesse : celle de mettre la technologie et le design au service de votre confort et de votre bien-\u00eatre. Que ce soit pour pr\u00e9parer un caf\u00e9 parfait, maintenir votre maison propre ou prendre soin de vos v\u00eatements, chaque produit est pens\u00e9 pour s\u2019int\u00e9grer harmonieusement dans votre vie.<\/p>\n<p><strong>Un h\u00e9ritage de fiabilit\u00e9 et d\u2019innovation<\/strong><\/p>\n<p>Avec plus d\u2019un si\u00e8cle d\u2019expertise, Philips est le fruit d\u2019un savoir-faire unique :<\/p>\n<ul>\n<li>Des produits fiables, con\u00e7us pour durer et vous accompagner au quotidien.<\/li>\n<li>Une innovation utile, qui r\u00e9pond \u00e0 vos besoins r\u00e9els avec simplicit\u00e9 et efficacit\u00e9.<\/li>\n<li>Un design \u00e9l\u00e9gant, alliant esth\u00e9tisme et performance.<\/li>\n<\/ul>\n<p>Nous ne nous contentons pas de suivre les tendances, nous les cr\u00e9ons, pour toujours vous offrir le meilleur.<\/p>\n<p><strong>Un engagement pour un avenir durable<\/strong><\/p>\n<p>Chez Philips, nous croyons en un avenir o\u00f9 la technologie et la durabilit\u00e9 vont de pair. Nous nous engageons \u00e0 r\u00e9duire notre impact environnemental gr\u00e2ce \u00e0 des produits \u00e9co-con\u00e7us et durables, afin de pr\u00e9server notre plan\u00e8te pour les g\u00e9n\u00e9rations futures.<\/p>\n<p><strong>Philips : une exp\u00e9rience unique<\/strong><\/p>\n<p>Philips, c\u2019est aussi une attention particuli\u00e8re port\u00e9e \u00e0 chaque \u00e9tape de votre exp\u00e9rience :<\/p>\n<ul>\n<li>Une gamme de produits adapt\u00e9s \u00e0 vos besoins.<\/li>\n<li>Un service client attentif et r\u00e9actif.<\/li>\n<li>Une satisfaction garantie \u00e0 chaque utilisation.<\/li>\n<\/ul>","protected":false},"excerpt":{"rendered":"<p>Le robot caf\u00e9 PHILIPS EP2230\/10 est con\u00e7u pour les amateurs de caf\u00e9 en grains et moulu. Avec sa pression de<\/p>","protected":false},"featured_media":28518,"template":"","meta":[],"product_brand":[],"product_cat":[61],"product_tag":[1514],"product_country":[1503],"class_list":{"0":"post-14159","1":"product","2":"type-product","3":"status-publish","4":"has-post-thumbnail","6":"product_cat-sale-france","7":"product_tag-sale-france","8":"product_country-france","10":"first","11":"instock","12":"sale","13":"taxable","14":"shipping-taxable","15":"purchasable","16":"product-type-simple"},"_links":{"self":[{"href":"https:\/\/routinesfashione.com\/es\/wp-json\/wp\/v2\/product\/14159","targetHints":{"allow":["GET"]}}],"collection":[{"href":"https:\/\/routinesfashione.com\/es\/wp-json\/wp\/v2\/product"}],"about":[{"href":"https:\/\/routinesfashione.com\/es\/wp-json\/wp\/v2\/types\/product"}],"wp:featuredmedia":[{"embeddable":true,"href":"https:\/\/routinesfashione.com\/es\/wp-json\/wp\/v2\/media\/28518"}],"wp:attachment":[{"href":"https:\/\/routinesfashione.com\/es\/wp-json\/wp\/v2\/media?parent=14159"}],"wp:term":[{"taxonomy":"product_brand","embeddable":true,"href":"https:\/\/routinesfashione.com\/es\/wp-json\/wp\/v2\/product_brand?post=14159"},{"taxonomy":"product_cat","embeddable":true,"href":"https:\/\/routinesfashione.com\/es\/wp-json\/wp\/v2\/product_cat?post=14159"},{"taxonomy":"product_tag","embeddable":true,"href":"https:\/\/routinesfashione.com\/es\/wp-json\/wp\/v2\/product_tag?post=14159"},{"taxonomy":"product_country","embeddable":true,"href":"https:\/\/routinesfashione.com\/es\/wp-json\/wp\/v2\/product_country?post=14159"}],"curies":[{"name":"wp","href":"https:\/\/api.w.org\/{rel}","templated":true}]}}