{"id":1520,"date":"2025-09-30T20:13:40","date_gmt":"2025-09-30T20:13:40","guid":{"rendered":"https:\/\/lightgray-crow-170497.hostingersite.com\/?post_type=product&#038;p=1520"},"modified":"2025-09-30T21:02:17","modified_gmt":"2025-09-30T21:02:17","slug":"echo-cs-7310sx-70-g-force-luftreinigung","status":"publish","type":"product","link":"https:\/\/routinesfashione.com\/es\/produit\/echo-cs-7310sx-70-g-force-luftreinigung\/","title":{"rendered":"ECHO CS-7310SX \/ 70 \u2013 G-Force Luftreinigung"},"content":{"rendered":"<h2>Technische Daten<\/h2>\n<div class=\"table-wrapper\">\n<table class=\"HBOUserAttributes\">\n<tbody>\n<tr>\n<td class=\"AttributeGroupHeader\" colspan=\"2\">Motor &#038; Ausstattung<\/td>\n<\/tr>\n<tr>\n<td class=\"AttributeName VerticalAlignMiddle AttributeBorder\">Motorleistung<\/td>\n<td class=\"AttributeContent AttributeBorder\">4,1 kW \/ 5,7 PS<\/td>\n<\/tr>\n<tr>\n<td class=\"AttributeName VerticalAlignMiddle AttributeBorder\">Motor-Bauart<\/td>\n<td class=\"AttributeContent AttributeBorder\">2-Takt-Benzinmotor<\/td>\n<\/tr>\n<tr>\n<td class=\"AttributeName VerticalAlignMiddle AttributeBorder\">Hubraum<\/td>\n<td class=\"AttributeContent AttributeBorder\">73,5 cm\u00b3<\/td>\n<\/tr>\n<tr>\n<td class=\"AttributeName VerticalAlignMiddle AttributeBorder\">Luftreinigungssystem<\/td>\n<td class=\"AttributeContent AttributeBorder\">Echo G-Force Luftreinigung<\/td>\n<\/tr>\n<tr>\n<td class=\"AttributeName VerticalAlignMiddle AttributeBorder\">Kraftstoffart<\/td>\n<td class=\"AttributeContent AttributeBorder\">2-Takt-Gemisch, Mischungsverh\u00e4ltnis gem\u00e4\u00df Motorenanleitung<\/td>\n<\/tr>\n<tr>\n<td class=\"AttributeName VerticalAlignMiddle AttributeBorder\">Kraftstofftank<\/td>\n<td class=\"AttributeContent AttributeBorder\">0,8 Liter<\/td>\n<\/tr>\n<tr>\n<td class=\"AttributeName VerticalAlignMiddle AttributeBorder\">\u00d6ltank<\/td>\n<td class=\"AttributeContent AttributeBorder\">0,36 Liter<\/td>\n<\/tr>\n<tr>\n<td class=\"AttributeGroupHeader\" colspan=\"2\">Schneidgarnitur<\/td>\n<\/tr>\n<tr>\n<td class=\"AttributeName VerticalAlignMiddle AttributeBorder\">Kettenteilung<\/td>\n<td class=\"AttributeContent AttributeBorder\">3\/8\u2033<\/td>\n<\/tr>\n<tr>\n<td class=\"AttributeName VerticalAlignMiddle AttributeBorder\">Nutbreite<\/td>\n<td class=\"AttributeContent AttributeBorder\">0,058 mm<\/td>\n<\/tr>\n<tr>\n<td class=\"AttributeName VerticalAlignMiddle AttributeBorder\">Schwertl\u00e4nge<\/td>\n<td class=\"AttributeContent AttributeBorder\">70 cm<\/td>\n<\/tr>\n<tr>\n<td class=\"AttributeGroupHeader\" colspan=\"2\">Komfort<\/td>\n<\/tr>\n<tr>\n<td class=\"AttributeName VerticalAlignMiddle AttributeBorder\">Ketten\u00f6l-Tank<\/td>\n<td class=\"AttributeContent AttributeBorder\">0,36 Liter<\/td>\n<\/tr>\n<tr>\n<td class=\"AttributeName VerticalAlignMiddle AttributeBorder\">Antivibrationssystem<\/td>\n<td class=\"AttributeContent AttributeBorder\">ja<\/td>\n<\/tr>\n<tr>\n<td class=\"AttributeName VerticalAlignMiddle AttributeBorder\">einstellbare \u00d6lpumpe<\/td>\n<td class=\"AttributeContent AttributeBorder\">ja<\/td>\n<\/tr>\n<tr>\n<td class=\"AttributeName VerticalAlignMiddle AttributeBorder\">\u00d6lpumpe<\/td>\n<td class=\"AttributeContent AttributeBorder\">automatisch<\/td>\n<\/tr>\n<tr>\n<td class=\"AttributeName VerticalAlignMiddle AttributeBorder\">seitliche Kettenspannvorrichtung<\/td>\n<td class=\"AttributeContent AttributeBorder\">ja<\/td>\n<\/tr>\n<tr>\n<td class=\"AttributeName VerticalAlignMiddle AttributeBorder\">Dekompressionsventil<\/td>\n<td class=\"AttributeContent AttributeBorder\">ja<\/td>\n<\/tr>\n<tr>\n<td class=\"AttributeGroupHeader\" colspan=\"2\">Lieferumfang<\/td>\n<\/tr>\n<tr>\n<td class=\"AttributeName VerticalAlignMiddle AttributeBorder\">Bedienungsanleitung Ger\u00e4t<\/td>\n<td class=\"AttributeContent AttributeBorder\">1<\/td>\n<\/tr>\n<tr>\n<td class=\"AttributeGroupHeader\" colspan=\"2\">Umwelt und Sonstiges<\/td>\n<\/tr>\n<tr>\n<td class=\"AttributeName VerticalAlignMiddle AttributeBorder\">Garantie<\/td>\n<td class=\"AttributeContent AttributeBorder\">5 Jahre bei privater Nutzung, 2 Jahre bei gewerblicher Nutzung<\/td>\n<\/tr>\n<tr>\n<td class=\"AttributeName VerticalAlignMiddle AttributeBorder\">Vibrationswert Handgriff hinten<\/td>\n<td class=\"AttributeContent AttributeBorder\">3,8 m\/s\u00b2<\/td>\n<\/tr>\n<tr>\n<td class=\"AttributeName VerticalAlignMiddle AttributeBorder\">Motor<\/td>\n<td class=\"AttributeContent AttributeBorder\">2-Takt Motor<\/td>\n<\/tr>\n<tr>\n<td class=\"AttributeName VerticalAlignMiddle AttributeBorder\">Vibrationswert Handgriff vorne<\/td>\n<td class=\"AttributeContent AttributeBorder\">4,2 m\/s\u00b2<\/td>\n<\/tr>\n<tr>\n<td class=\"AttributeName VerticalAlignMiddle AttributeBorder\">garantierter Schallleistungspegel (LWA)<\/td>\n<td class=\"AttributeContent AttributeBorder\">117 dB(A)<\/td>\n<\/tr>\n<tr>\n<td class=\"AttributeName VerticalAlignMiddle AttributeBorder\">Schalldruckpegel am Ohr der Bedienperson<\/td>\n<td class=\"AttributeContent AttributeBorder\">106 dB(A)<\/td>\n<\/tr>\n<tr>\n<td class=\"AttributeName VerticalAlignMiddle AttributeBorder\">Gewicht<\/td>\n<td class=\"AttributeContent AttributeBorder\">6,8 kg<\/td>\n<\/tr>\n<tr>\n<td class=\"AttributeGroupHeader\" colspan=\"2\"><\/td>\n<\/tr>\n<tr>\n<td class=\"AttributeName VerticalAlignMiddle AttributeBorder\"><\/td>\n<td class=\"AttributeContent AttributeBorder\"><\/td>\n<\/tr>\n<\/tbody>\n<\/table>\n<\/div>","protected":false},"excerpt":{"rendered":"<p>Die CS-7310SX ist die st\u00e4rkste Motors\u00e4ge von ECHO. Ideal zum F\u00e4llen und Entasten in mittelstarken und starken Best\u00e4nden. Der drehmomentstarke Motor mit 73,5 cm\u00b3 Hubraum, sowie 4,1 kW\/5,7 PS liefert Leistung satt. Die S\u00e4ge punktet mit einem hervorragendem Handling durch eine perfekt ausbalancierte Konstruktion, gleichzeitig sorgt dies f\u00fcr weniger Erm\u00fcdung und eine h\u00f6here Produktivit\u00e4t. Das G-Force Luftfilterreinigungssystem, sowie der stehende Filter reduzieren den Wartungsaufwand erheblich. Die Flip Tankdeckel sorgen f\u00fcr einfaches und schnelles \u00f6ffnen der Tankdeckel. Die verliersichere Muttern am Kettenraddeckel vereinfachen den Kettenwechsel. Die Twist-Lock Zylinderabdeckung sorgt f\u00fcr einen einfachen Zugang zum Luftfiltersystem.<\/p>\n<p>\u2013 5 Jahre Garantie bei privater Nutzung bzw. 2 Jahre wenn die vorgeschriebene Wartung nicht durchgef\u00fchrt werden.<\/p>\n<p>\u2013 2 Jahre Garantie bei gewerblicher Nutzung bzw. 1 Jahre wenn die vorgeschriebene Wartung nicht durchgef\u00fchrt werden.<\/p>\n<ul>\n<li>gesicherte Kettenraddeckel Muttern<\/li>\n<li>Magnesium Kettenraddeckel<\/li>\n<li>einstellbare \u00d6lpumpe<\/li>\n<li>austauschbarer Umlenkstern<\/li>\n<li>Tankdeckel werkzeuglos zu \u00f6ffnen<\/li>\n<li>Anschlagkralle<\/li>\n<\/ul>\n<p>Die G-Force Luftreinigung von Echo versorgt den Motor besser mit Luft und garantiert eine deutlich l\u00e4ngere Standzeit des Luftfilters, wodurch auch eine h\u00f6here Leistung erzielt werden kann.<\/p>","protected":false},"featured_media":1546,"template":"","meta":[],"product_brand":[],"product_cat":[34],"product_tag":[],"product_country":[1501],"class_list":{"0":"post-1520","1":"product","2":"type-product","3":"status-publish","4":"has-post-thumbnail","6":"product_cat-motorsage-thermische-motorsage","7":"product_country-germany","9":"first","10":"instock","11":"sale","12":"taxable","13":"shipping-taxable","14":"purchasable","15":"product-type-simple"},"_links":{"self":[{"href":"https:\/\/routinesfashione.com\/es\/wp-json\/wp\/v2\/product\/1520","targetHints":{"allow":["GET"]}}],"collection":[{"href":"https:\/\/routinesfashione.com\/es\/wp-json\/wp\/v2\/product"}],"about":[{"href":"https:\/\/routinesfashione.com\/es\/wp-json\/wp\/v2\/types\/product"}],"wp:featuredmedia":[{"embeddable":true,"href":"https:\/\/routinesfashione.com\/es\/wp-json\/wp\/v2\/media\/1546"}],"wp:attachment":[{"href":"https:\/\/routinesfashione.com\/es\/wp-json\/wp\/v2\/media?parent=1520"}],"wp:term":[{"taxonomy":"product_brand","embeddable":true,"href":"https:\/\/routinesfashione.com\/es\/wp-json\/wp\/v2\/product_brand?post=1520"},{"taxonomy":"product_cat","embeddable":true,"href":"https:\/\/routinesfashione.com\/es\/wp-json\/wp\/v2\/product_cat?post=1520"},{"taxonomy":"product_tag","embeddable":true,"href":"https:\/\/routinesfashione.com\/es\/wp-json\/wp\/v2\/product_tag?post=1520"},{"taxonomy":"product_country","embeddable":true,"href":"https:\/\/routinesfashione.com\/es\/wp-json\/wp\/v2\/product_country?post=1520"}],"curies":[{"name":"wp","href":"https:\/\/api.w.org\/{rel}","templated":true}]}}