{"id":155,"date":"2025-09-30T20:55:56","date_gmt":"2025-09-30T20:55:56","guid":{"rendered":"https:\/\/lightgray-crow-170497.hostingersite.com\/?post_type=product&#038;p=155"},"modified":"2025-09-30T20:55:56","modified_gmt":"2025-09-30T20:55:56","slug":"ryobi-max-power-accu-grasmaaier-ry36lmxsp46a","status":"publish","type":"product","link":"https:\/\/routinesfashione.com\/es\/produit\/ryobi-max-power-accu-grasmaaier-ry36lmxsp46a\/","title":{"rendered":"Tondeuse \u00e0 gazon sans fil Ryobi Max Power RY36LMXSP46A"},"content":{"rendered":"<h3 data-start=\"152\" data-end=\"187\"><strong data-start=\"159\" data-end=\"185\">Description du produit<\/strong><\/h3>\n<p data-start=\"188\" data-end=\"787\">La <strong data-start=\"191\" data-end=\"223\">Ryobi Max Power RY36LMXSP46A<\/strong> est une tondeuse \u00e0 gazon <strong data-start=\"249\" data-end=\"261\">sans fil<\/strong> haute performance con\u00e7ue pour l\u2019entretien des pelouses moyennes \u00e0 grandes. Fonctionnant avec une batterie <strong data-start=\"368\" data-end=\"386\">36 V Max Power<\/strong>, elle combine puissance \u00e9quivalente \u00e0 l\u2019essence et confort d\u2019un fonctionnement silencieux et sans \u00e9mission directe. Son syst\u00e8me <strong data-start=\"515\" data-end=\"550\">autopropuls\u00e9 \u00e0 vitesse variable<\/strong> et sa largeur de coupe de <strong data-start=\"577\" data-end=\"586\">46 cm<\/strong> permettent de tondre efficacement et rapidement. Gr\u00e2ce \u00e0 son syst\u00e8me <strong data-start=\"656\" data-end=\"666\">3-en-1<\/strong> (ramassage, \u00e9jection, mulching) et son bac spacieux, elle offre une grande polyvalence pour des r\u00e9sultats impeccables.<\/p>\n<hr data-start=\"789\" data-end=\"792\" \/>\n<h3 data-start=\"794\" data-end=\"834\"><strong data-start=\"801\" data-end=\"832\">Caract\u00e9ristiques techniques<\/strong><\/h3>\n<div class=\"_tableContainer_1rjym_1\">\n<div class=\"group _tableWrapper_1rjym_13 flex w-fit flex-col-reverse\" tabindex=\"-1\">\n<table class=\"w-fit min-w-(--thread-content-width)\" data-start=\"836\" data-end=\"1647\">\n<thead data-start=\"836\" data-end=\"872\">\n<tr data-start=\"836\" data-end=\"872\">\n<th data-start=\"836\" data-end=\"858\" data-col-size=\"sm\"><strong data-start=\"838\" data-end=\"857\">Caract\u00e9ristique<\/strong><\/th>\n<th data-start=\"858\" data-end=\"872\" data-col-size=\"md\"><strong data-start=\"860\" data-end=\"870\">D\u00e9tail<\/strong><\/th>\n<\/tr>\n<\/thead>\n<tbody data-start=\"910\" data-end=\"1647\">\n<tr data-start=\"910\" data-end=\"964\">\n<td data-start=\"910\" data-end=\"921\" data-col-size=\"sm\"><strong data-start=\"912\" data-end=\"920\">Type<\/strong><\/td>\n<td data-start=\"921\" data-end=\"964\" data-col-size=\"md\">Tondeuse \u00e0 gazon sans fil autopropuls\u00e9e<\/td>\n<\/tr>\n<tr data-start=\"965\" data-end=\"1010\">\n<td data-start=\"965\" data-end=\"978\" data-col-size=\"sm\"><strong data-start=\"967\" data-end=\"977\">Mod\u00e8le<\/strong><\/td>\n<td data-start=\"978\" data-end=\"1010\" data-col-size=\"md\">Ryobi Max Power RY36LMXSP46A<\/td>\n<\/tr>\n<tr data-start=\"1011\" data-end=\"1081\">\n<td data-start=\"1011\" data-end=\"1030\" data-col-size=\"sm\"><strong data-start=\"1013\" data-end=\"1029\">Alimentation<\/strong><\/td>\n<td data-start=\"1030\" data-end=\"1081\" data-col-size=\"md\">Batterie Lithium-ion 36 V Max Power (selon kit)<\/td>\n<\/tr>\n<tr data-start=\"1082\" data-end=\"1114\">\n<td data-start=\"1082\" data-end=\"1105\" data-col-size=\"sm\"><strong data-start=\"1084\" data-end=\"1104\">Largeur de coupe<\/strong><\/td>\n<td data-start=\"1105\" data-end=\"1114\" data-col-size=\"md\">46 cm<\/td>\n<\/tr>\n<tr data-start=\"1115\" data-end=\"1191\">\n<td data-start=\"1115\" data-end=\"1146\" data-col-size=\"sm\"><strong data-start=\"1117\" data-end=\"1145\">R\u00e9glage hauteur de coupe<\/strong><\/td>\n<td data-start=\"1146\" data-end=\"1191\" data-col-size=\"md\">Centralis\u00e9, env. 25 \u2013 75 mm (6 positions)<\/td>\n<\/tr>\n<tr data-start=\"1192\" data-end=\"1243\">\n<td data-start=\"1192\" data-end=\"1227\" data-col-size=\"sm\"><strong data-start=\"1194\" data-end=\"1226\">Capacit\u00e9 du bac de ramassage<\/strong><\/td>\n<td data-start=\"1227\" data-end=\"1243\" data-col-size=\"md\">55 L environ<\/td>\n<\/tr>\n<tr data-start=\"1244\" data-end=\"1307\">\n<td data-start=\"1244\" data-end=\"1271\" data-col-size=\"sm\"><strong data-start=\"1246\" data-end=\"1270\">Syst\u00e8me d\u2019avancement<\/strong><\/td>\n<td data-start=\"1271\" data-end=\"1307\" data-col-size=\"md\">Autopropuls\u00e9e \u00e0 vitesse variable<\/td>\n<\/tr>\n<tr data-start=\"1308\" data-end=\"1383\">\n<td data-start=\"1308\" data-end=\"1324\" data-col-size=\"sm\"><strong data-start=\"1310\" data-end=\"1323\">Fonctions<\/strong><\/td>\n<td data-start=\"1324\" data-end=\"1383\" data-col-size=\"md\">3-en-1 : ramassage, \u00e9jection arri\u00e8re\/lat\u00e9rale, mulching<\/td>\n<\/tr>\n<tr data-start=\"1384\" data-end=\"1462\">\n<td data-start=\"1384\" data-end=\"1397\" data-col-size=\"sm\"><strong data-start=\"1386\" data-end=\"1396\">Moteur<\/strong><\/td>\n<td data-start=\"1397\" data-end=\"1462\" data-col-size=\"md\">Sans balais (Brushless) pour plus d\u2019autonomie et de puissance<\/td>\n<\/tr>\n<tr data-start=\"1463\" data-end=\"1537\">\n<td data-start=\"1463\" data-end=\"1476\" data-col-size=\"sm\"><strong data-start=\"1465\" data-end=\"1475\">Guidon<\/strong><\/td>\n<td data-start=\"1476\" data-end=\"1537\" data-col-size=\"md\">Ergonomique, r\u00e9glable et repliable pour rangement compact<\/td>\n<\/tr>\n<tr data-start=\"1538\" data-end=\"1585\">\n<td data-start=\"1538\" data-end=\"1550\" data-col-size=\"sm\"><strong data-start=\"1540\" data-end=\"1549\">Poids<\/strong><\/td>\n<td data-start=\"1550\" data-end=\"1585\" data-col-size=\"md\">Env. 25 \u2013 30 kg (hors batterie)<\/td>\n<\/tr>\n<\/tbody>\n<\/table>\n<\/div>\n<\/div>","protected":false},"excerpt":{"rendered":"<p>Description du produit La Ryobi Max Power RY36LMXSP46A est une tondeuse \u00e0 gazon sans fil haute performance con\u00e7ue pour l\u2019entretien<\/p>","protected":false},"featured_media":19445,"template":"","meta":[],"product_brand":[],"product_cat":[64],"product_tag":[65],"product_country":[1503],"class_list":{"0":"post-155","1":"product","2":"type-product","3":"status-publish","4":"has-post-thumbnail","6":"product_cat-movers","7":"product_tag-movers","8":"product_country-france","10":"first","11":"instock","12":"sale","13":"taxable","14":"shipping-taxable","15":"purchasable","16":"product-type-simple"},"_links":{"self":[{"href":"https:\/\/routinesfashione.com\/es\/wp-json\/wp\/v2\/product\/155","targetHints":{"allow":["GET"]}}],"collection":[{"href":"https:\/\/routinesfashione.com\/es\/wp-json\/wp\/v2\/product"}],"about":[{"href":"https:\/\/routinesfashione.com\/es\/wp-json\/wp\/v2\/types\/product"}],"wp:featuredmedia":[{"embeddable":true,"href":"https:\/\/routinesfashione.com\/es\/wp-json\/wp\/v2\/media\/19445"}],"wp:attachment":[{"href":"https:\/\/routinesfashione.com\/es\/wp-json\/wp\/v2\/media?parent=155"}],"wp:term":[{"taxonomy":"product_brand","embeddable":true,"href":"https:\/\/routinesfashione.com\/es\/wp-json\/wp\/v2\/product_brand?post=155"},{"taxonomy":"product_cat","embeddable":true,"href":"https:\/\/routinesfashione.com\/es\/wp-json\/wp\/v2\/product_cat?post=155"},{"taxonomy":"product_tag","embeddable":true,"href":"https:\/\/routinesfashione.com\/es\/wp-json\/wp\/v2\/product_tag?post=155"},{"taxonomy":"product_country","embeddable":true,"href":"https:\/\/routinesfashione.com\/es\/wp-json\/wp\/v2\/product_country?post=155"}],"curies":[{"name":"wp","href":"https:\/\/api.w.org\/{rel}","templated":true}]}}