{"id":156,"date":"2025-09-30T20:55:55","date_gmt":"2025-09-30T20:55:55","guid":{"rendered":"https:\/\/lightgray-crow-170497.hostingersite.com\/?post_type=product&#038;p=156"},"modified":"2025-09-30T20:55:55","modified_gmt":"2025-09-30T20:55:55","slug":"tracteur-tondeuse-thermique-autoportee-6-8cv-moteur-224cc-coupe-61cm","status":"publish","type":"product","link":"https:\/\/routinesfashione.com\/es\/produit\/tracteur-tondeuse-thermique-autoportee-6-8cv-moteur-224cc-coupe-61cm\/","title":{"rendered":"Tracteur Tondeuse Thermique Autoport\u00e9e 6.8CV Moteur 224CC Coupe 61cm"},"content":{"rendered":"<p>D\u00e9couvrez notre tondeuse autoport\u00e9e RACING RAC6224PR \u00e9quip\u00e9e d&#8217;un moteur Loncin de 6.8 cv et d&#8217;une cylindr\u00e9e de 224 cm\u00b3. Gr\u00e2ce \u00e0 son d\u00e9marrage \u00e9lectrique avec cl\u00e9, vous n&#8217;aurez plus \u00e0 tirer sur une corde pour l&#8217;allumer.<\/p>\n<p>Cette tondeuse autoport\u00e9e RACING RAC6224PR est id\u00e9ale pour les grandes surfaces de tonte jusqu&#8217;\u00e0 2800 m\u00b2 gr\u00e2ce \u00e0 sa largeur de coupe de 61 cm et \u00e0 sa surface de ramassage de 150 L.<\/p>\n<p>Elle offre une hauteur de coupe r\u00e9glable sur 5 positions de 30 \u00e0 70 mm pour s&#8217;adapter \u00e0 toutes les pelouses.<\/p>\n<p>L&#8217;\u00e9jection arri\u00e8re assure une tonte efficace, tandis que le carter en acier garantit une grande robustesse et une longue dur\u00e9e de vie.<\/p>\n<p>La tondeuse autoport\u00e9e RACING RAC6224PR est \u00e9galement \u00e9quip\u00e9e de 5 vitesses, dont 4 avant et 1 arri\u00e8re, permettant une adaptation facile \u00e0 la topographie du terrain.<\/p>\n<p>Les roues avant et arri\u00e8re de respectivement 250 mm et 325 mm assurent une grande stabilit\u00e9 et une bonne adh\u00e9rence. L&#8217;embrayage des lames est m\u00e9canique pour une utilisation simple et pratique.<\/p>\n<p>La tondeuse autoport\u00e9e RACING RAC6224PR dispose \u00e9galement d&#8217;un r\u00e9servoir de carburant de 1400 mL et d&#8217;un r\u00e9servoir d&#8217;huile de 500 mL pour un fonctionnement optimal et une longue dur\u00e9e de vie. La batterie 12V 7Ah (LEAD ACID) assure un d\u00e9marrage fiable et une utilisation en toute s\u00e9curit\u00e9.<\/p>\n<p>En r\u00e9sum\u00e9, cette tondeuse autoport\u00e9e est le choix id\u00e9al pour une tonte efficace et rapide sur de grandes surfaces avec une utilisation facile et pratique.<\/p>\n<p>Garantie de 2 ans, assur\u00e9e par le r\u00e9seau SWAP-Europe :<\/p>\n<p>Pour le SAV, vous pouvez contacter l&#8217;un des 350 points en France qui se chargera de la r\u00e9paration de votre produit pendant la p\u00e9riode de garantie.<\/p>\n<p>SWAP c&#8217;est un stock tr\u00e8s important de pi\u00e8ces d\u00e9tach\u00e9es : l&#8217;envoi est assur\u00e9 en 72 heures.<\/p>","protected":false},"excerpt":{"rendered":"<p>D\u00e9couvrez notre tondeuse autoport\u00e9e RACING RAC6224PR \u00e9quip\u00e9e d&#8217;un moteur Loncin de 6.8 cv et d&#8217;une cylindr\u00e9e de 224 cm\u00b3. Gr\u00e2ce<\/p>","protected":false},"featured_media":12937,"template":"","meta":[],"product_brand":[],"product_cat":[61],"product_tag":[],"product_country":[1503],"class_list":{"0":"post-156","1":"product","2":"type-product","3":"status-publish","4":"has-post-thumbnail","6":"product_cat-sale-france","7":"product_country-france","9":"first","10":"instock","11":"sale","12":"taxable","13":"shipping-taxable","14":"purchasable","15":"product-type-simple"},"_links":{"self":[{"href":"https:\/\/routinesfashione.com\/es\/wp-json\/wp\/v2\/product\/156","targetHints":{"allow":["GET"]}}],"collection":[{"href":"https:\/\/routinesfashione.com\/es\/wp-json\/wp\/v2\/product"}],"about":[{"href":"https:\/\/routinesfashione.com\/es\/wp-json\/wp\/v2\/types\/product"}],"wp:featuredmedia":[{"embeddable":true,"href":"https:\/\/routinesfashione.com\/es\/wp-json\/wp\/v2\/media\/12937"}],"wp:attachment":[{"href":"https:\/\/routinesfashione.com\/es\/wp-json\/wp\/v2\/media?parent=156"}],"wp:term":[{"taxonomy":"product_brand","embeddable":true,"href":"https:\/\/routinesfashione.com\/es\/wp-json\/wp\/v2\/product_brand?post=156"},{"taxonomy":"product_cat","embeddable":true,"href":"https:\/\/routinesfashione.com\/es\/wp-json\/wp\/v2\/product_cat?post=156"},{"taxonomy":"product_tag","embeddable":true,"href":"https:\/\/routinesfashione.com\/es\/wp-json\/wp\/v2\/product_tag?post=156"},{"taxonomy":"product_country","embeddable":true,"href":"https:\/\/routinesfashione.com\/es\/wp-json\/wp\/v2\/product_country?post=156"}],"curies":[{"name":"wp","href":"https:\/\/api.w.org\/{rel}","templated":true}]}}