{"id":1651,"date":"2025-09-30T20:13:39","date_gmt":"2025-09-30T20:13:39","guid":{"rendered":"https:\/\/lightgray-crow-170497.hostingersite.com\/?post_type=product&#038;p=1651"},"modified":"2025-09-30T21:16:12","modified_gmt":"2025-09-30T21:16:12","slug":"stihl-ms-291-c-be-rm3-schienenlaenge-40cm","status":"publish","type":"product","link":"https:\/\/routinesfashione.com\/es\/produit\/stihl-ms-291-c-be-rm3-schienenlaenge-40cm\/","title":{"rendered":"STIHL MS 291 C-BE, RM3, Schienenl\u00e4nge 40cm"},"content":{"rendered":"<h2>Technische Daten<\/h2>\n<div class=\"table-wrapper\">\n<table cellspacing=\"2\" cellpadding=\"2\">\n<tbody>\n<tr>\n<td>Hubraum<\/td>\n<td>55,5 cm\u00b3<\/td>\n<\/tr>\n<tr>\n<td>Leistung<\/td>\n<td>2,8 kW \/ 3,8 PS<\/td>\n<\/tr>\n<tr>\n<td>Gewicht<\/td>\n<td>6,2 kg<\/td>\n<\/tr>\n<tr>\n<td>Leistungsgewicht<\/td>\n<td>2,2 kg\/kW<\/td>\n<\/tr>\n<tr>\n<td>Systemgewicht (kg)<\/td>\n<td>7,2 kg<\/td>\n<\/tr>\n<tr>\n<td>Schienenl\u00e4nge<\/td>\n<td>35-40 cm<\/td>\n<\/tr>\n<tr>\n<td>Systemgewicht<\/td>\n<td>7,2 kg<\/td>\n<\/tr>\n<tr>\n<td>HD2-Filter<\/td>\n<td>Nachr\u00fcstbar<\/td>\n<\/tr>\n<tr>\n<td>CO2<\/td>\n<td>939 g\/kWh<\/td>\n<\/tr>\n<tr>\n<td>Schalldruckpegel<\/td>\n<td>103 dB(A)<\/td>\n<\/tr>\n<tr>\n<td>STIHL Oilomatic S\u00e4gekettentyp<\/td>\n<td>Rapid Micro 3 (RM3)<\/td>\n<\/tr>\n<tr>\n<td>Schallleistungspegel<\/td>\n<td>116 dB(A)<\/td>\n<\/tr>\n<tr>\n<td>Vibrationswert links\/rechts<\/td>\n<td>4,5\/4,5 m\/s\u00b2<\/td>\n<\/tr>\n<tr>\n<td>S\u00e4gekettenteilung<\/td>\n<td>3\/8 \u201c<\/td>\n<\/tr>\n<\/tbody>\n<\/table>\n<\/div>\n<p>\u00a0<\/p>\n<div class=\"table-wrapper\">\n<table class=\"HBOUserAttributes\">\n<tbody>\n<tr>\n<td class=\"AttributeGroupHeader\" colspan=\"2\"><\/td>\n<\/tr>\n<tr>\n<td class=\"AttributeName VerticalAlignMiddle AttributeBorder\"><\/td>\n<td class=\"AttributeContent AttributeBorder\"><\/td>\n<\/tr>\n<tr>\n<td class=\"AttributeName VerticalAlignMiddle AttributeBorder\">EAN:<\/td>\n<td class=\"AttributeContent AttributeBorder\">0886661497492<\/td>\n<\/tr>\n<\/tbody>\n<\/table>\n<\/div>\n<div class=\"table-wrapper\">\n<table cellspacing=\"2\" cellpadding=\"2\">\n<tbody>\n<tr>\n<td>\n<div>STIHL ERGOSTART<\/div>\n<p>KR\u00c4FTESCHONENDES STARTEN. Dank des STIHL ErgoStarts sparen Sie Kraft beim Starten Ihrer Motorger\u00e4te. Ein ruhiger und gleichm\u00e4\u00dfiger Zug am Anwerfseil reicht aus. Die erforderliche Geschwindigkeit am Anwerfseil ist deutlich reduziert, der Motor star\u2026<\/td>\n<\/tr>\n<tr>\n<td>\n<div>STIHL ErgoStart (E)<\/div>\n<p>Eine Spiralfeder zwischen Anwerfseilrolle und Kurbelwelle kompensiert Kraftspitzen, so dass diese kaum mehr am Seil zu sp\u00fcren sind. Das Ergebnis: Im Vergleich zu herk\u00f6mmlichen Startvorrichtungen reduziert der STIHL ErgoStart den Kraftaufwand um di\u2026<\/td>\n<\/tr>\n<tr>\n<td>\n<div>STIHL ErgoStart (FT)<\/div>\n<p>KR\u00c4FTESCHONENDES STARTEN. Dank des STIHL ErgoStarts sparen Sie Kraft beim Starten Ihrer Motorger\u00e4te. Ein ruhiger und gleichm\u00e4\u00dfiger Zug am Anwerfseil reicht aus. Die erforderliche Geschwindigkeit am Anwerfseil ist deutlich reduziert, der Motor star\u2026<\/td>\n<\/tr>\n<tr>\n<td>\n<div>STIHL Kettenschnellspannung<\/div>\n<p>WERKZEUGLOS S\u00c4GEKETTE NACHSPANNEN. Dank der STIHL Kettenschnellspannung spannen Sie Ihre S\u00e4gekette schnell und werkzeuglos mit dem Stellrad nach. Ein Drehen des Verstellrads nach links entspannt die S\u00e4gekette, ein Drehen des Verstellrads nach rech\u2026<\/td>\n<\/tr>\n<tr>\n<td>\n<div>STIHL Kettenschnellspannung (B)<\/div>\n<p>Das STIHL Kettenschnellspannsystem (B) macht das Spannen der S\u00e4gekette ganz einfach. Nach dem Lockern der Verschraubung des Kettenraddeckels l\u00e4sst sich die S\u00e4gekette mit dem dar\u00fcberliegenden Stellrad einfach und schnell spannen. Werkzeug wird dazu\u2026<\/td>\n<\/tr>\n<tr>\n<td>\n<div>STIHL 2-MIX-Motor<\/div>\n<p>Der STIHL 2-MIX-Motor ist leistungsstark und sparsam zugleich. Die Trennung von Abgas und Frischgas minimiert die Sp\u00fclverluste und erh\u00f6ht dadurch die Leistung und reduziert gleichzeitig den Verbrauch.<\/td>\n<\/tr>\n<tr>\n<td>\n<div>Manuelle Kraftstoffpumpe (Purger)<\/div>\n<p>Mit der manuellen Kraftstoffpumpe l\u00e4sst sich auf Daumendruck Kraftstoff in den Vergaser f\u00f6rdern. Dadurch wird nach einer l\u00e4ngeren Betriebspause der Maschine die Zahl der Anwerfz\u00fcge reduziert. (Abb. \u00e4hnlich)<\/td>\n<\/tr>\n<tr>\n<td>\n<div>Manuelle Kraftstoffpumpe<\/div>\n<p>SORGT F\u00dcR WENIGER STARTH\u00dcBE. Die manuelle Kraftstoffpumpe reduziert die Zahl der Anwerfh\u00fcbe und beschleunigt somit den Startvorgang. Das ist vor allem nach l\u00e4ngeren Betriebspausen hilfreich. Bet\u00e4tigen Sie daf\u00fcr die Pumpe vor dem Start mehrmals. So sorgen Sie daf\u00fcr, sass sich beim Anwerfen gen\u00fcgend Benzin im Vergaser befindet.<\/td>\n<\/tr>\n<tr>\n<td>\n<div>Werkzeugloser Tankverschluss<\/div>\n<p>SCHNELL UND EINFACH ZU BEDIENEN. Dank des werkzeuglosen Tankverschlusses \u00f6ffnen und schlie\u00dfen Sie \u00d6l- und Kraftstofftank dank Bajonett-Verschluss mit nur wenigen Handgriffen.<\/td>\n<\/tr>\n<tr>\n<td>\n<div>Werkzeuglose Tankverschl\u00fcsse<\/div>\n<p>Patentierte Spezialverschl\u00fcsse f\u00fcr Kraftstoff- und \u00d6ltank. Die Tanks der damit ausgestatteten Motorger\u00e4te lassen sich schnell, ohne Kraftaufwand und ohne Werkzeug \u00f6ffnen und wieder verschlie\u00dfen. (Abb. \u00e4hnlich)<\/td>\n<\/tr>\n<tr>\n<td>\n<div>LANGZEIT-LUFTFILTERSYSTEM F\u00dcR MOTORS\u00c4GEN<\/div>\n<p>L\u00c4NGERE FILTERSTANDZEIT. Durch die Vorabscheidung werden grobe, gr\u00f6\u00dfere Partikel bereits aus dem Luftstrom entfernt, bevor diese den eigentlichen Filter erreichen k\u00f6nnen. Der HD2-Filter h\u00e4lt selbst feinen Staub vom Triebwerk fern und sorgt so f\u00fcr \u2026<\/td>\n<\/tr>\n<tr>\n<td>\n<div>Langzeit-Luftfiltersystem mit Vorabscheidung<\/div>\n<p>Das innovative Langzeit-Luftfiltersystem sorgt f\u00fcr eine erheblich l\u00e4ngere Filterstandzeit. Denn es entfernt durch Vorabscheidung grobe Schmutzpartikel und entlastet so den eigentlichen Filter. Sie k\u00f6nnen Ihre S\u00e4ge im Vergleich zu den Vorg\u00e4ngern do\u2026<\/td>\n<\/tr>\n<tr>\n<td>\n<div>Langzeit-Luftfiltersystem f\u00fcr Motors\u00e4ge<\/div>\n<p>L\u00c4NGERE FILTERSTANDZEIT. Durch die Vorabscheidung werden grobe, gr\u00f6\u00dfere Partikel bereits aus dem Luftstrom entfernt, bevor diese den eigentlichen Filter erreichen k\u00f6nnen. Der HD2-Filter h\u00e4lt selbst feinen Staub vom Triebwerk fern und sorgt so f\u00fcr \u2026<\/td>\n<\/tr>\n<tr>\n<td>\n<div>WERKZEUGLOSER TANKVERSCHLUSS F\u00dcR \u00d6L- UND KRAFTSTOF<\/div>\n<p>SCHNELL UND EINFACH ZU BEDIENEN. Dank des werkzeuglosen Tankverschlusses \u00f6ffnen und schlie\u00dfen Sie \u00d6l- und Kraftstofftank dank Bajonett-Verschluss mit nur wenigen Handgriffen.<\/td>\n<\/tr>\n<tr>\n<td>\n<div>STIHL Antivibrationssystem<\/div>\n<p>Starke Vibrationen an den Griffstellen von Motorger\u00e4ten k\u00f6nnen l\u00e4ngerfristig zu Durchblutungsst\u00f6rungen in H\u00e4nden und Armen f\u00fchren. STIHL hat deshalb ein hochwertiges Antivibrationssystem entwickelt. Bei Motorger\u00e4ten mit AV-System werden an den Gri\u2026<\/td>\n<\/tr>\n<tr>\n<td>\n<div>Einhebelbedienung<\/div>\n<p>Die Funktionen der Maschine, wie Kalt- und Warmstart, Betrieb und Stop, werden \u00fcber einen einzigen Hebel gesteuert. Das macht die Bedienung besonders komfortabel und sicher, weil die rechte Hand immer am Griff bleiben kann. (Abb. \u00e4hnlich)<\/td>\n<\/tr>\n<tr>\n<td>\n<div>Kompensator<\/div>\n<p>Der STIHL Kompensator, ein Regelsystem im Vergaser, sorgt daf\u00fcr, dass trotz zunehmender Verschmutzung des Luftfilters Motorleistung, Abgasqualit\u00e4t und Kraftstoffverbrauch \u00fcber einen l\u00e4ngeren Zeitraum nahezu konstant bleiben. Erst wenn ein sp\u00fcrbare\u2026<\/td>\n<\/tr>\n<tr>\n<td>\n<div>STIHL Ematic-System<\/div>\n<p>REDUZIERT DEN \u00d6LVERBRAUCH. Das STIHL Ematic-System besteht aus STIHL Ematic oder Ematic S F\u00fchrungsschiene, STIHL Oilomatic S\u00e4gekette und mengenregulierbarer \u00d6lpumpe. Es sorgt daf\u00fcr, dass das Ketten\u00f6l dorthin gelangt, wo es zur Schmierung gebraucht\u2026<\/td>\n<\/tr>\n<tr>\n<td>\n<div>Ematic-System<\/div>\n<p>Das STIHL Ematic-System besteht aus STIHL Ematic oder Ematic S F\u00fchrungsschiene, STIHL Oilomatic S\u00e4gekette und mengenregulierbarer oder f\u00f6rderreduzierter \u00d6lpumpe. Die spezielle Konstruktion von Schiene und Kette bewirkt, dass jeder Tropfen Ketten\u00f6l\u2026<\/td>\n<\/tr>\n<tr>\n<td>\n<div>STIHL Vier-Kanal-Technik<\/div>\n<p>Vier \u00dcberstr\u00f6mkan\u00e4le verwirbeln das Kraftstoff-Luft-Gemisch vor der Z\u00fcndung. So wird der Kraftstoff optimal verbrannt und der Wirkungsgrad des Motors deutlich erh\u00f6ht. Das Ergebnis: weniger Verbrauch und ein hohes Drehmoment \u00fcber einen weiten Drehz\u2026<\/td>\n<\/tr>\n<tr>\n<td>\n<div>Vergaservorw\u00e4rmung<\/div>\n<p>Auf STIHL S\u00e4gen mit Vergaservorw\u00e4rmung ist auch in der kalten Jahreszeit Verlass: In der Winter-Einstellung umstr\u00f6mt vorgew\u00e4rmte Ansaugluft den Vergaser. Dadurch wird ein Vereisen verhindert. F\u00fcr das Umstellen von Sommer- auf Winterbetrieb gen\u00fcgt \u2026<\/td>\n<\/tr>\n<\/tbody>\n<\/table>\n<\/div>","protected":false},"excerpt":{"rendered":"<p>Sehr gut f\u00fcr die Brennholzernte. Sparsamer 2-MIX-Motor, Langzeit-Luftfiltersystem bewirkt lange Filterstandzeiten, werkzeuglose Tankverschl\u00fcsse zum sicheren und einfachen Betanken sowie 3\/8\u2033-RM3-S\u00e4gekette f\u00fcr eine gute Schnittleistung. Startkomfort durch ErgoStart (E). Leichter Kettenwechsel dank praktischer Kettenschnellspannung (B).<\/p>\n<p><strong>Dieses Produkt wird vor Auslieferung einer kostenlosen \u00dcbergabeinspektion gem\u00e4\u00df STIHL \u201cPre-Delivery-Inspection\u201d-Richtlinien unterzogen. Das Produkt wird montiert, betriebsbereit und inklusive des Husqvarna Protokolls zur \u00dcbergabeinspektion an Ihre Adresse geliefert.<\/strong><\/p>\n<ul>\n<li><strong>Auf Lager<\/strong><\/li>\n<li><strong>Lieferung nach Deutschland :\u00a0<\/strong>Gratisversand (3 \u2013 4 Tagen) : 0\u20ac<\/li>\n<li><strong>Lieferung in \u00d6sterreich, D\u00e4nemark, Polen, Niederlande, Finnland, Schweden, Frankreich, Belgien, Schweiz :\u00a0<\/strong>(14 Tagen) : 39,99\u20ac<\/li>\n<li><strong>R\u00fcckgabe innerhalb von 14 Tagen<\/strong><\/li>\n<\/ul>","protected":false},"featured_media":1652,"template":"","meta":[],"product_brand":[],"product_cat":[34],"product_tag":[],"product_country":[1501],"class_list":{"0":"post-1651","1":"product","2":"type-product","3":"status-publish","4":"has-post-thumbnail","6":"product_cat-motorsage-thermische-motorsage","7":"product_country-germany","9":"first","10":"instock","11":"sale","12":"taxable","13":"shipping-taxable","14":"purchasable","15":"product-type-simple"},"_links":{"self":[{"href":"https:\/\/routinesfashione.com\/es\/wp-json\/wp\/v2\/product\/1651","targetHints":{"allow":["GET"]}}],"collection":[{"href":"https:\/\/routinesfashione.com\/es\/wp-json\/wp\/v2\/product"}],"about":[{"href":"https:\/\/routinesfashione.com\/es\/wp-json\/wp\/v2\/types\/product"}],"wp:featuredmedia":[{"embeddable":true,"href":"https:\/\/routinesfashione.com\/es\/wp-json\/wp\/v2\/media\/1652"}],"wp:attachment":[{"href":"https:\/\/routinesfashione.com\/es\/wp-json\/wp\/v2\/media?parent=1651"}],"wp:term":[{"taxonomy":"product_brand","embeddable":true,"href":"https:\/\/routinesfashione.com\/es\/wp-json\/wp\/v2\/product_brand?post=1651"},{"taxonomy":"product_cat","embeddable":true,"href":"https:\/\/routinesfashione.com\/es\/wp-json\/wp\/v2\/product_cat?post=1651"},{"taxonomy":"product_tag","embeddable":true,"href":"https:\/\/routinesfashione.com\/es\/wp-json\/wp\/v2\/product_tag?post=1651"},{"taxonomy":"product_country","embeddable":true,"href":"https:\/\/routinesfashione.com\/es\/wp-json\/wp\/v2\/product_country?post=1651"}],"curies":[{"name":"wp","href":"https:\/\/api.w.org\/{rel}","templated":true}]}}