{"id":1655,"date":"2025-09-30T20:53:37","date_gmt":"2025-09-30T20:53:37","guid":{"rendered":"https:\/\/lightgray-crow-170497.hostingersite.com\/?post_type=product&#038;p=1655"},"modified":"2025-09-30T20:53:37","modified_gmt":"2025-09-30T20:53:37","slug":"jura-ena-4","status":"publish","type":"product","link":"https:\/\/routinesfashione.com\/es\/produit\/jura-ena-4\/","title":{"rendered":"Jura ENA 4"},"content":{"rendered":"<p>Quelle est la recette la plus simple pour pr\u00e9parer une tasse de caf\u00e9 d\u2019exception ? L\u2019ENA 4, la nouvelle machine automatique \u00e0 caf\u00e9 une tasse de JURA, est le fruit d\u2019une longue exp\u00e9rience et d\u2019une passion pour les produits intelligents, qui se r\u00e9v\u00e8lent toutes deux dans le go\u00fbt du caf\u00e9.<br \/>\nAppuyez sur une touche et savourez : l\u2019utilisation de l\u2019ENA 4 est aussi simple que cela. Ce nouveau mod\u00e8le permet \u00e9galement de pr\u00e9s\u00e9lectionner trois niveaux d\u2019ar\u00f4me et la fonction Caf\u00e9 moulu. Fid\u00e8le \u00e0 la devise de JURA \u00ab fra\u00eechement moulu, pas en capsule \u00bb, le broyeur Aroma professionnel garantit un d\u00e9ploiement id\u00e9al des saveurs.<br \/>\nLe proc\u00e9d\u00e9 d\u2019extraction puls\u00e9e (P.E.P.\u00ae) intelligent optimise le temps d\u2019extraction des sp\u00e9cialit\u00e9s courtes et ouvre de nouvelles dimensions aromatiques. En outre, il offre une flexibilit\u00e9 maximale lors de la programmation du volume de la tasse.<\/p>\n<header class=\"f-productLayer__header\">\n<div class=\"f-productLayer__container\">\n<h2 class=\"f-productLayer__title\" data-automation-id=\"title-characteristics-layer-label\">Caract\u00e9ristiques<\/h2>\n<\/div>\n<\/header>\n<div class=\"f-productLayer__body f-productProperties\">\n<div class=\"f-productLayer__container f-productProperties__container\" data-automation-id=\"simple-characteristics-content-block\">\n<div class=\"js-Expander expander expander--hasIcon collapsed\" data-automation-button=\"expand-characteristics-content-button\" data-automation-content=\"expand-characteristics-content\">\n<div class=\"expander__content\" data-automation-id=\"expand-characteristics-content\" aria-expanded=\"true\">\n<div class=\"f-productProperties__columns\">\n<div class=\"f-productProperties__col\">\n<dl class=\"f-productProperties__item\">\n<dt class=\"f-productProperties__term\"><span dir=\"auto\">Fonctionnalit\u00e9s machine expresso<\/span><\/dt>\n<dd class=\"f-productProperties__definition\" aria-label=\"Liste des Fonctionnalit\u00e9s machine expresso\">Arr\u00eat automatique<\/p>\n<p>Temp\u00e9rature r\u00e9glable<\/p>\n<p>M\u00e9morisation des pr\u00e9f\u00e9rences<\/p>\n<p><span dir=\"auto\">Programmable<\/span><\/dd>\n<\/dl>\n<dl class=\"f-productProperties__item\">\n<dt class=\"f-productProperties__term\"><span dir=\"auto\">Connect\u00e9<\/span><\/dt>\n<dd class=\"f-productProperties__definition\" aria-label=\"Liste des Connect\u00e9\">Oui Connectable, en option<\/dd>\n<\/dl>\n<dl class=\"f-productProperties__item\">\n<dt class=\"f-productProperties__term\"><span dir=\"auto\">Type de broyeur<\/span><\/dt>\n<dd class=\"f-productProperties__definition\" aria-label=\"Liste des Type de broyeur\">Acier tremp\u00e9 Acier<\/dd>\n<\/dl>\n<dl class=\"f-productProperties__item\">\n<dt class=\"f-productProperties__term\"><span dir=\"auto\">Puissance<\/span><\/dt>\n<dd class=\"f-productProperties__definition\" aria-label=\"Liste des Puissance\"><span dir=\"auto\">1450 watts<\/span><\/dd>\n<\/dl>\n<dl class=\"f-productProperties__item\">\n<dt class=\"f-productProperties__term\"><span dir=\"auto\">Capacit\u00e9 du r\u00e9servoir<\/span><\/dt>\n<dd class=\"f-productProperties__definition\" aria-label=\"Liste des Capacit\u00e9 du r\u00e9servoir\"><span dir=\"auto\">1,1 litre<\/span><\/dd>\n<\/dl>\n<dl class=\"f-productProperties__item\">\n<dt class=\"f-productProperties__term\"><span dir=\"auto\">Caract\u00e9ristiques de l&#8217;\u00e9cran<\/span><\/dt>\n<dd class=\"f-productProperties__definition\" aria-label=\"Liste des Caract\u00e9ristiques de l'\u00e9cran\">Pictogrammes, touches<\/dd>\n<\/dl>\n<dl class=\"f-productProperties__item\">\n<dt class=\"f-productProperties__term\">M\u00e9morisation des pr\u00e9f\u00e9rences<\/dt>\n<dd class=\"f-productProperties__definition\" aria-label=\"Liste des M\u00e9morisation des pr\u00e9f\u00e9rences\">Oui Oui<\/dd>\n<\/dl>\n<dl class=\"f-productProperties__item\">\n<dt class=\"f-productProperties__term\">Finesse de la mouture r\u00e9glable<\/dt>\n<dd class=\"f-productProperties__definition\" aria-label=\"Liste des Finesse de la mouture r\u00e9glable\">Oui<\/dd>\n<\/dl>\n<dl class=\"f-productProperties__item\">\n<dt class=\"f-productProperties__term\">Buse vapeur et eau chaude<\/dt>\n<dd class=\"f-productProperties__definition\" aria-label=\"Liste des Buse vapeur et eau chaude\"><span dir=\"auto\">Non<\/span><\/dd>\n<\/dl>\n<dl class=\"f-productProperties__item\">\n<dt class=\"f-productProperties__term\">Nombre de tasses<\/dt>\n<dd class=\"f-productProperties__definition\" aria-label=\"Liste des Nombre de tasses\"><span dir=\"auto\">1 1<\/span><\/dd>\n<\/dl>\n<dl class=\"f-productProperties__item\">\n<dt class=\"f-productProperties__term\">Syst\u00e8me de machine \u00e0 caf\u00e9<\/dt>\n<dd class=\"f-productProperties__definition\" aria-label=\"Liste des Syst\u00e8me de machine \u00e0 caf\u00e9\"><span dir=\"auto\">Une pression Une pression<\/span><\/dd>\n<\/dl>\n<dl class=\"f-productProperties__item\">\n<dt class=\"f-productProperties__term\">Type de caf\u00e9<\/dt>\n<dd class=\"f-productProperties__definition\" aria-label=\"Liste des Type de caf\u00e9\">Caf\u00e9 en grain<\/p>\n<p>Caf\u00e9 moulu<\/dd>\n<\/dl>\n<dl class=\"f-productProperties__item\">\n<dt class=\"f-productProperties__term\">Compatibilit\u00e9s<\/dt>\n<dd class=\"f-productProperties__definition\" aria-label=\"Liste des Compatibilit\u00e9s\">\u00e0 J.O.E avec un wifi connect en option<\/dd>\n<\/dl>\n<dl class=\"f-productProperties__item f-productProperties__item--long\">\n<dt class=\"f-productProperties__term\">Caract\u00e9ristiques compl\u00e9mentaires<\/dt>\n<dd class=\"f-productProperties__definition\" aria-label=\"Liste des Caract\u00e9ristiques compl\u00e9mentaires\">Trappe \u00e0 caf\u00e9 mouluAlerte de nettoyage et de d\u00e9tartragenettoyage et d\u00e9tartrage facileBuses ajustablesR\u00e9servoir amovibleRin\u00e7age automatiqueCartouche filtrante d\u00e9tectableFinesse de la mouture r\u00e9glable<\/dd>\n<\/dl>\n<dl class=\"f-productProperties__item\">\n<dt class=\"f-productProperties__term\">Couleur<\/dt>\n<dd class=\"f-productProperties__definition\" aria-label=\"Liste des Couleur\"><span dir=\"auto\">Noir<\/span><\/dd>\n<\/dl>\n<\/div>\n<div class=\"f-productProperties__col\">\n<dl class=\"f-productProperties__item\">\n<dt class=\"f-productProperties__term\">Coloris<\/dt>\n<dd class=\"f-productProperties__definition\" aria-label=\"Liste des Coloris\"><span dir=\"auto\">Noir<\/span><\/dd>\n<\/dl>\n<dl class=\"f-productProperties__item\">\n<dt class=\"f-productProperties__term\">Poids en Kg<\/dt>\n<dd class=\"f-productProperties__definition\" aria-label=\"Liste des Poids en Kg\"><span dir=\"auto\">9,3 kg<\/span><\/dd>\n<\/dl>\n<dl class=\"f-productProperties__item\">\n<dt class=\"f-productProperties__term\">Longueur du produit<\/dt>\n<dd class=\"f-productProperties__definition\" aria-label=\"Liste des Longueur du produit\"><span dir=\"auto\">27,1 cm<\/span><\/dd>\n<\/dl>\n<dl class=\"f-productProperties__item\">\n<dt class=\"f-productProperties__term\">Largeur du produit<\/dt>\n<dd class=\"f-productProperties__definition\" aria-label=\"Liste des Largeur du produit\"><span dir=\"auto\">44,5 cm<\/span><\/dd>\n<\/dl>\n<dl class=\"f-productProperties__item\">\n<dt class=\"f-productProperties__term\">Profondeur<\/dt>\n<dd class=\"f-productProperties__definition\" aria-label=\"Liste des Profondeur\"><span dir=\"auto\">44,5 cm<\/span><\/dd>\n<\/dl>\n<dl class=\"f-productProperties__item\">\n<dt class=\"f-productProperties__term\">Hauteur du produit<\/dt>\n<dd class=\"f-productProperties__definition\" aria-label=\"Liste des Hauteur du produit\"><span dir=\"auto\">32,3 cm<\/span><\/dd>\n<\/dl>\n<dl class=\"f-productProperties__item\">\n<dt class=\"f-productProperties__term\">Poids<\/dt>\n<dd class=\"f-productProperties__definition\" aria-label=\"Liste des Poids\"><span dir=\"auto\">8,4 kg<\/span><\/dd>\n<\/dl>\n<dl class=\"f-productProperties__item\">\n<dt class=\"f-productProperties__term\"><span dir=\"auto\">Dimensions<\/span><\/dt>\n<dd class=\"f-productProperties__definition\" aria-label=\"Liste des Dimensions\"><span dir=\"auto\">27,1 \u00d7 32,3 \u00d7 44,5 cm<\/span><\/dd>\n<\/dl>\n<dl class=\"f-productProperties__item\">\n<dt class=\"f-productProperties__term\">Gamme de produits<\/dt>\n<dd class=\"f-productProperties__definition\" aria-label=\"Liste des Gamme de produits\"><span dir=\"auto\">ENA du Jura<\/span><\/dd>\n<\/dl>\n<dl class=\"f-productProperties__item\">\n<dt class=\"f-productProperties__term\">Poids du produit<\/dt>\n<dd class=\"f-productProperties__definition\" aria-label=\"Liste des Poids du produit\"><span dir=\"auto\">9300 g<\/span><\/dd>\n<\/dl>\n<dl class=\"f-productProperties__item\">\n<dt class=\"f-productProperties__term\">Disponibilit\u00e9 des pi\u00e8ces d\u00e9tach\u00e9es<\/dt>\n<dd class=\"f-productProperties__definition\" aria-label=\"Liste des Disponibilit\u00e9 des pi\u00e8ces d\u00e9tach\u00e9es\">NON DISPONIBLE<\/dd>\n<\/dl>\n<dl class=\"f-productProperties__item\">\n<dt class=\"f-productProperties__term\">Origine de fabrication<\/dt>\n<dd class=\"f-productProperties__definition\" aria-label=\"Liste des Origine de fabrication\">Fabriqu\u00e9 en Europe<\/dd>\n<\/dl>\n<dl class=\"f-productProperties__item\">\n<dt class=\"f-productProperties__term\"><span dir=\"auto\">UGS<\/span><\/dt>\n<dd class=\"f-productProperties__definition\" aria-label=\"Liste des SKU\"><span dir=\"auto\">9243682<\/span><\/dd>\n<\/dl>\n<dl class=\"f-productProperties__item\">\n<dt class=\"f-productProperties__term\"><span dir=\"auto\">EAN<\/span><\/dt>\n<dd class=\"f-productProperties__definition\" aria-label=\"Liste des EAN\"><span dir=\"auto\">7610917155019<\/span><\/dd>\n<\/dl>\n<\/div>\n<\/div>\n<\/div>\n<\/div>\n<\/div>\n<\/div>","protected":false},"excerpt":{"rendered":"<p>Quelle est la recette la plus simple pour pr\u00e9parer une tasse de caf\u00e9 d\u2019exception ? L\u2019ENA 4, la nouvelle machine<\/p>","protected":false},"featured_media":28659,"template":"","meta":[],"product_brand":[],"product_cat":[61],"product_tag":[1514],"product_country":[1503],"class_list":{"0":"post-1655","1":"product","2":"type-product","3":"status-publish","4":"has-post-thumbnail","6":"product_cat-sale-france","7":"product_tag-sale-france","8":"product_country-france","10":"first","11":"instock","12":"sale","13":"taxable","14":"shipping-taxable","15":"purchasable","16":"product-type-simple"},"_links":{"self":[{"href":"https:\/\/routinesfashione.com\/es\/wp-json\/wp\/v2\/product\/1655","targetHints":{"allow":["GET"]}}],"collection":[{"href":"https:\/\/routinesfashione.com\/es\/wp-json\/wp\/v2\/product"}],"about":[{"href":"https:\/\/routinesfashione.com\/es\/wp-json\/wp\/v2\/types\/product"}],"wp:featuredmedia":[{"embeddable":true,"href":"https:\/\/routinesfashione.com\/es\/wp-json\/wp\/v2\/media\/28659"}],"wp:attachment":[{"href":"https:\/\/routinesfashione.com\/es\/wp-json\/wp\/v2\/media?parent=1655"}],"wp:term":[{"taxonomy":"product_brand","embeddable":true,"href":"https:\/\/routinesfashione.com\/es\/wp-json\/wp\/v2\/product_brand?post=1655"},{"taxonomy":"product_cat","embeddable":true,"href":"https:\/\/routinesfashione.com\/es\/wp-json\/wp\/v2\/product_cat?post=1655"},{"taxonomy":"product_tag","embeddable":true,"href":"https:\/\/routinesfashione.com\/es\/wp-json\/wp\/v2\/product_tag?post=1655"},{"taxonomy":"product_country","embeddable":true,"href":"https:\/\/routinesfashione.com\/es\/wp-json\/wp\/v2\/product_country?post=1655"}],"curies":[{"name":"wp","href":"https:\/\/api.w.org\/{rel}","templated":true}]}}