{"id":1656,"date":"2025-09-30T20:53:37","date_gmt":"2025-09-30T20:53:37","guid":{"rendered":"https:\/\/lightgray-crow-170497.hostingersite.com\/?post_type=product&#038;p=1656"},"modified":"2025-09-30T20:53:37","modified_gmt":"2025-09-30T20:53:37","slug":"krups-krups-ea8150-machine-a-cafe-entierement-automatique-machine-a-expresso-17-l","status":"publish","type":"product","link":"https:\/\/routinesfashione.com\/es\/produit\/krups-krups-ea8150-machine-a-cafe-entierement-automatique-machine-a-expresso-17-l\/","title":{"rendered":"Krups &#8211; Krups EA8150 machine \u00e0 caf\u00e9 Enti\u00e8rement automatique Machine \u00e0 expresso 1,7 L"},"content":{"rendered":"<div class=\"inpage_selector_info flix-temp-abcd\">\n<div class=\"flix-std-info\">\n<div class=\"flix-std-row flix-video-text-feature flix-alignment\">\n<div class=\"flix-std-clmn-lg-6 flix-std-clmn-xs-12 flix-std-info-picture\"><strong>L&#8217;espresso parfait, facile \u00e0 personnaliser<\/strong><\/div>\n<div class=\"flix-std-clmn-lg-6 flix-std-clmn-xs-12\">\n<div class=\"flix-std-content\">\n<div class=\"flix-std-desc flix-d-p\">\n<p>Avec KRUPS Essential, profitez de toute la saveur d\u2019un caf\u00e9 et d\u2019un expresso parfaitement \u00e9quilibr\u00e9s du grain \u00e0 la tasse. Dot\u00e9e d\u2019un bac \u00e0 grains de 260 g et d\u2019un r\u00e9servoir d\u2019eau de 1,7 L, la conception compacte de cette machine \u00e0 expresso enti\u00e8rement automatique ne fait aucun compromis sur la capacit\u00e9. Pr\u00e9parez de d\u00e9licieux caf\u00e9s et expressos en un rien de temps, gr\u00e2ce \u00e0 un \u00e9cran LCD intuitif extra-large, et obtenez des r\u00e9sultats personnalis\u00e9s via 3 niveaux de temp\u00e9rature et 3 textures de mouture.<\/p>\n<\/div>\n<\/div>\n<\/div>\n<\/div>\n<\/div>\n<\/div>\n<div class=\"inpage_selector_feature flix-group-features\">\n<div class=\"flix-std-container-fluid\">\n<div id=\"block-selector-1-features\" class=\"editor-block-hide\">\n<div class=\"flix-std-table flix-bg-title\">\n<div class=\"flix-std-section-title flix-d-h2\" role=\"heading\" aria-level=\"3\"><strong>Fonctionnalit\u00e9s<\/strong><\/div>\n<\/div>\n<div id=\"block-key-features\" class=\"block-key-features\">\n<div class=\"flix-std-featureslist flix-features-columns\">\n<div class=\"flix-std-row\">\n<div class=\"flix-std-clmn-lg-4 flix-std-clmn-xs-12 flix-pad-10\">\n<div class=\"flix-feature-image\">D\u00e9gustez un espresso parfait, en toute simplicit\u00e9<\/div>\n<div class=\"flix-std-content\">\n<div class=\"flix-std-p flix-d-p\">Gr\u00e2ce au Syst\u00e8me Thermoblock Compact brevet\u00e9 de KRUPS, d\u00e9gustez de savoureux caf\u00e9s et expressos \u00e0 la juste temp\u00e9rature d\u00e8s la premi\u00e8re tasse.<\/div>\n<\/div>\n<\/div>\n<div class=\"flix-std-clmn-lg-4 flix-std-clmn-xs-12 flix-pad-10\">\n<div class=\"flix-feature-image\"><strong><br \/>\nEcran LCD tr\u00e8s intuitif<\/strong><\/div>\n<div class=\"flix-std-content\">\n<div class=\"flix-std-p flix-d-p\">Un vrai accompagnement dans la r\u00e9alisation de votre caf\u00e9, laissez vous guider tr\u00e8s simplement par l&#8217;\u00e9cran pour obtenir un caf\u00e9 l\u00e9ger ou cors\u00e9, court ou long, une ou deux tasses\u2026<\/div>\n<\/div>\n<\/div>\n<div class=\"flix-std-clmn-lg-4 flix-std-clmn-xs-12 flix-pad-10\">\n<div class=\"flix-feature-image\"><strong><br \/>\nM\u00e9morisez vos caf\u00e9s pr\u00e9f\u00e9r\u00e9s<\/strong><\/div>\n<div class=\"flix-std-content\">\n<div class=\"flix-std-p flix-d-p\">Le mode &#8222;m\u00e9mo&#8220; permet de sauvegarder 2 favoris diff\u00e9rents. Enregistrez votre caf\u00e9 pr\u00e9f\u00e9r\u00e9 (force, temp\u00e9rature, simple ou double..) Vous pouvez retrouver\u00a0votre caf\u00e9 pr\u00e9f\u00e9r\u00e9 quand vous le souhaitez !<\/div>\n<\/div>\n<\/div>\n<\/div>\n<div class=\"flix-std-row\">\n<div class=\"flix-std-clmn-lg-4 flix-std-clmn-xs-12 flix-pad-10\">\n<div class=\"flix-feature-image\"><strong><br \/>\nContr\u00f4le de la temp\u00e9rature et du broyage<\/strong><\/div>\n<div class=\"flix-std-content\">\n<div class=\"flix-std-p flix-d-p\">Obtenez\u00a0 le caf\u00e9 de votre choix, d&#8217;un espresso cors\u00e9 \u00e0 un caf\u00e9 allong\u00e9, avec un contr\u00f4le du broyage mais aussi de la temp\u00e9rature pour toujours obtenir un espresso aux ar\u00f4mes r\u00e9v\u00e9l\u00e9s.<\/div>\n<\/div>\n<\/div>\n<div class=\"flix-std-clmn-lg-4 flix-std-clmn-xs-12 flix-pad-10\">\n<div class=\"flix-feature-image\"><\/div>\n<div class=\"flix-std-content\">\n<div class=\"flix-std-title flix-d-h3\" role=\"heading\" aria-level=\"4\"><strong>D\u00e9gustez d&#8217;onctueux cappuccinos<\/strong><\/div>\n<div class=\"flix-std-p flix-d-p\">Vous aimez les cappuccinos ? Vous pouvez aussi r\u00e9aliser des cappuccinos d\u00e9licieux gr\u00e2ce \u00e0 la buse vapeur. Elle est aussi tr\u00e8s facile \u00e0 nettoyer.<\/div>\n<\/div>\n<\/div>\n<div class=\"flix-std-clmn-lg-4 flix-std-clmn-xs-12 flix-pad-10\">\n<div class=\"flix-feature-image\"><\/div>\n<div class=\"flix-std-content\">\n<div class=\"flix-std-title flix-d-h3\" role=\"heading\" aria-level=\"4\"><strong>Fabrication fran\u00e7aise<\/strong><\/div>\n<div class=\"flix-std-p flix-d-p\">Fabriqu\u00e9es \u00e0 l&#8217;usine de Mayenne en France, b\u00e9n\u00e9ficiez d&#8217;une qualit\u00e9 irr\u00e9prochable gr\u00e2ce aux tests et aux contr\u00f4les des machines KRUPS \u00e0 chaque \u00e9tape de la production.<\/div>\n<\/div>\n<\/div>\n<\/div>\n<div class=\"flix-std-row\">\n<div class=\"flix-std-clmn-lg-4 flix-std-clmn-xs-12 flix-pad-10\">\n<div class=\"flix-feature-image\"><\/div>\n<div class=\"flix-std-content\">\n<div class=\"flix-std-title flix-d-h3\" role=\"heading\" aria-level=\"4\"><strong>Une machine compacte et \u00e9l\u00e9gante :<\/strong><\/div>\n<div class=\"flix-std-p flix-d-p\">Appr\u00e9ciez l\u2019\u00e9l\u00e9gance &amp; la compacit\u00e9 des machines expresso KRUPS parmi les plus compacte du march\u00e9, sans compromis sur la qualit\u00e9. Elles s\u2019int\u00e8grent parfaitement dans votre cuisine sur votre plan de travail.<\/div>\n<\/div>\n<\/div>\n<div class=\"flix-std-clmn-lg-4 flix-std-clmn-xs-12 flix-pad-10\">\n<div class=\"flix-feature-image\"><\/div>\n<div class=\"flix-std-content\">\n<div class=\"flix-std-title flix-d-h3\" role=\"heading\" aria-level=\"4\"><strong>Une grande capacit\u00e9 dans une machine compacte<\/strong><\/div>\n<div class=\"flix-std-p flix-d-p\">Grande\u00a0capacit\u00e9\u00a0du r\u00e9servoir \u00e0 eau(1,7L) et du r\u00e9servoir \u00e0 grains (260g) dans une machine moderne et\u00a0compacte pour\u00a0un maximum de praticit\u00e9 jour apr\u00e8s jour.<\/div>\n<\/div>\n<\/div>\n<div class=\"flix-std-clmn-lg-4 flix-std-clmn-xs-12 flix-pad-10\">\n<div class=\"flix-std-content\">\n<div class=\"flix-std-title flix-d-h3\" role=\"heading\" aria-level=\"4\"><strong><br \/>\nMACHINE TOUJOURS PROPRE<\/strong><\/div>\n<div class=\"flix-std-p flix-d-p\">Un nettoyage complet et automatique de la machine ultra simple, sans avoir \u00e0 intervenir \u00e0 l&#8217;int\u00e9rieur de la machine : ins\u00e9rez une pastille et lancez le programme, la machine s&#8217;occupe de tout !<\/div>\n<\/div>\n<\/div>\n<\/div>\n<div class=\"flix-std-row\">\n<div class=\"flix-std-clmn-lg-4 flix-std-clmn-xs-12 flix-pad-10\">\n<div class=\"flix-feature-image\"><\/div>\n<div class=\"flix-std-content\">\n<div class=\"flix-std-title flix-d-h3\" role=\"heading\" aria-level=\"4\"><strong>R\u00e9parable au juste prix &#8211; 15 ans<\/strong><\/div>\n<div class=\"flix-std-p flix-d-p\">\n<ul>\n<li>Con\u00e7u pour \u00eatre r\u00e9par\u00e9<\/li>\n<li>Mise \u00e0 disposition rapide des pi\u00e8ces \u00e0 co\u00fbt limit\u00e9 pendant 15 ans et plus<\/li>\n<li>6200 r\u00e9parateurs agr\u00e9\u00e9s mondiaux<\/li>\n<\/ul>\n<\/div>\n<\/div>\n<\/div>\n<\/div>\n<\/div>\n<\/div>\n<\/div>\n<\/div>\n<\/div>","protected":false},"excerpt":{"rendered":"<p>L&#8217;espresso parfait, facile \u00e0 personnaliser Avec KRUPS Essential, profitez de toute la saveur d\u2019un caf\u00e9 et d\u2019un expresso parfaitement \u00e9quilibr\u00e9s<\/p>","protected":false},"featured_media":14051,"template":"","meta":[],"product_brand":[],"product_cat":[61],"product_tag":[1514],"product_country":[1503],"class_list":{"0":"post-1656","1":"product","2":"type-product","3":"status-publish","4":"has-post-thumbnail","6":"product_cat-sale-france","7":"product_tag-sale-france","8":"product_country-france","10":"first","11":"instock","12":"sale","13":"taxable","14":"shipping-taxable","15":"purchasable","16":"product-type-simple"},"_links":{"self":[{"href":"https:\/\/routinesfashione.com\/es\/wp-json\/wp\/v2\/product\/1656","targetHints":{"allow":["GET"]}}],"collection":[{"href":"https:\/\/routinesfashione.com\/es\/wp-json\/wp\/v2\/product"}],"about":[{"href":"https:\/\/routinesfashione.com\/es\/wp-json\/wp\/v2\/types\/product"}],"wp:featuredmedia":[{"embeddable":true,"href":"https:\/\/routinesfashione.com\/es\/wp-json\/wp\/v2\/media\/14051"}],"wp:attachment":[{"href":"https:\/\/routinesfashione.com\/es\/wp-json\/wp\/v2\/media?parent=1656"}],"wp:term":[{"taxonomy":"product_brand","embeddable":true,"href":"https:\/\/routinesfashione.com\/es\/wp-json\/wp\/v2\/product_brand?post=1656"},{"taxonomy":"product_cat","embeddable":true,"href":"https:\/\/routinesfashione.com\/es\/wp-json\/wp\/v2\/product_cat?post=1656"},{"taxonomy":"product_tag","embeddable":true,"href":"https:\/\/routinesfashione.com\/es\/wp-json\/wp\/v2\/product_tag?post=1656"},{"taxonomy":"product_country","embeddable":true,"href":"https:\/\/routinesfashione.com\/es\/wp-json\/wp\/v2\/product_country?post=1656"}],"curies":[{"name":"wp","href":"https:\/\/api.w.org\/{rel}","templated":true}]}}