{"id":1690,"date":"2025-09-30T20:53:37","date_gmt":"2025-09-30T20:53:37","guid":{"rendered":"https:\/\/lightgray-crow-170497.hostingersite.com\/?post_type=product&#038;p=1690"},"modified":"2025-09-30T20:53:37","modified_gmt":"2025-09-30T20:53:37","slug":"philips-serie-3300-lattego-ep3341-50","status":"publish","type":"product","link":"https:\/\/routinesfashione.com\/es\/produit\/philips-serie-3300-lattego-ep3341-50\/","title":{"rendered":"Philips S\u00e9rie 3300 LatteGo EP3341\/50"},"content":{"rendered":"<p>Pr\u00e9parez 6 sp\u00e9cialit\u00e9s chaudes et froides avec la Philips 3300 EP3341\/50. Vous pouvez pr\u00e9parer un caf\u00e9 glac\u00e9, un expresso, un caf\u00e9, un cappuccino, un latte macchiato ou de l&#8217;eau chaude en appuyant simplement sur un bouton. La machine \u00e0 caf\u00e9 se contr\u00f4le via des boutons color\u00e9s. Vous pouvez r\u00e9gler l&#8217;intensit\u00e9 du caf\u00e9, la quantit\u00e9 ou la mousse de lait pour chaque pr\u00e9paration. De cette fa\u00e7on, vous pouvez pr\u00e9parer une tasse de caf\u00e9 parfaitement \u00e0 votre gout. Pr\u00e9parez un cappuccino ou un latte macchiato avec le syst\u00e8me LatteGo. Vous pouvez clipser ce syst\u00e8me de lait s\u00e9par\u00e9 sur la machine et le remplir avec le type de lait de votre choix. Vous pouvez facilement nettoyer le syst\u00e8me de lait sous le robinet. Compar\u00e9e \u00e0 d&#8217;autres machines enti\u00e8rement automatiques, cette machine \u00e0 caf\u00e9 fait moins de bruit. Cela signifie que vous ne d\u00e9rangerez pas les autres lorsque vous pr\u00e9parez du caf\u00e9.<\/p>\n<table class=\"table table-striped\">\n<tbody>\n<tr>\n<th scope=\"row\">Syst\u00e8me Lait<\/th>\n<td>Automatique<\/td>\n<\/tr>\n<tr>\n<th scope=\"row\">Boissons r\u00e9alisables<\/th>\n<td>Boissons froides, Caf\u00e9, Cappuccino, Eau chaude, Expresso, Latte Macchiato<\/td>\n<\/tr>\n<tr>\n<th scope=\"row\">Trappe \u00e0 moulu<\/th>\n<td>Oui<\/td>\n<\/tr>\n<tr>\n<th scope=\"row\">Nombre de r\u00e9glages du Broyeur<\/th>\n<td><span dir=\"auto\">12 postes<\/span><\/td>\n<\/tr>\n<tr>\n<th scope=\"row\">R\u00e9glage intensit\u00e9 caf\u00e9<\/th>\n<td><span dir=\"auto\">3<\/span><\/td>\n<\/tr>\n<tr>\n<th scope=\"row\"><span dir=\"auto\">Interface<\/span><\/th>\n<td>Touches tactiles<\/td>\n<\/tr>\n<tr>\n<th scope=\"row\"><span dir=\"auto\">Interface<\/span><\/th>\n<td><span dir=\"auto\">\u00c9cran \u00e0 pictos<\/span><\/td>\n<\/tr>\n<tr>\n<th scope=\"row\">Machine connect\u00e9e<\/th>\n<td><span dir=\"auto\">Non<\/span><\/td>\n<\/tr>\n<tr>\n<th scope=\"row\">Chauffe tasse<\/th>\n<td><span dir=\"auto\">Non<\/span><\/td>\n<\/tr>\n<tr>\n<th scope=\"row\">2 caf\u00e9s simultan\u00e9s<\/th>\n<td><span dir=\"auto\">Oui<\/span><\/td>\n<\/tr>\n<tr>\n<th scope=\"row\">2 boissons lact\u00e9es simultan\u00e9e<\/th>\n<td><span dir=\"auto\">Non<\/span><\/td>\n<\/tr>\n<tr>\n<th scope=\"row\">Rin\u00e7age des buses<\/th>\n<td><span dir=\"auto\">Automatique<\/span><\/td>\n<\/tr>\n<tr>\n<th scope=\"row\">Garantie<\/th>\n<td>Garantie 3 ans<\/td>\n<\/tr>\n<tr>\n<th scope=\"row\">Coloris<\/th>\n<td><span dir=\"auto\">Noir<\/span><\/td>\n<\/tr>\n<tr>\n<th scope=\"row\">Volume du r\u00e9servoir \u00e0 eau<\/th>\n<td><span dir=\"auto\">1,8 l<\/span><\/td>\n<\/tr>\n<tr>\n<th scope=\"row\">Volume du bac \u00e0 grain<\/th>\n<td><span dir=\"auto\">275 g<\/span><\/td>\n<\/tr>\n<tr>\n<th scope=\"row\">Nombre de bac \u00e0 grains<\/th>\n<td><span dir=\"auto\">1 bac<\/span><\/td>\n<\/tr>\n<tr>\n<th scope=\"row\">Volume du bac \u00e0 marcs<\/th>\n<td>12 galettes<\/td>\n<\/tr>\n<tr>\n<th scope=\"row\">Type de Broyeur<\/th>\n<td>C\u00e9ramique<\/td>\n<\/tr>\n<tr>\n<th scope=\"row\"><span dir=\"auto\">Dimensions (L x l x H)<\/span><\/th>\n<td><span dir=\"auto\">247 x 434 x 366 mm<\/span><\/td>\n<\/tr>\n<tr>\n<th scope=\"row\">Poids<\/th>\n<td><span dir=\"auto\">8 kg<\/span><\/td>\n<\/tr>\n<tr>\n<th scope=\"row\">Puissance (en Watts)<\/th>\n<td><span dir=\"auto\">230 W<\/span><\/td>\n<\/tr>\n<tr>\n<th scope=\"row\">Classement \u00e9nerg\u00e9tique<\/th>\n<td><span dir=\"auto\">UN<\/span><\/td>\n<\/tr>\n<tr>\n<th scope=\"row\"><span dir=\"auto\">EAN :<\/span><\/th>\n<td><span dir=\"auto\">8720389027659<\/span><\/td>\n<\/tr>\n<\/tbody>\n<\/table>","protected":false},"excerpt":{"rendered":"<p>Pr\u00e9parez 6 sp\u00e9cialit\u00e9s chaudes et froides avec la Philips 3300 EP3341\/50. Vous pouvez pr\u00e9parer un caf\u00e9 glac\u00e9, un expresso, un<\/p>","protected":false},"featured_media":14065,"template":"","meta":[],"product_brand":[],"product_cat":[61],"product_tag":[1514],"product_country":[1503],"class_list":{"0":"post-1690","1":"product","2":"type-product","3":"status-publish","4":"has-post-thumbnail","6":"product_cat-sale-france","7":"product_tag-sale-france","8":"product_country-france","10":"first","11":"instock","12":"sale","13":"taxable","14":"shipping-taxable","15":"purchasable","16":"product-type-simple"},"_links":{"self":[{"href":"https:\/\/routinesfashione.com\/es\/wp-json\/wp\/v2\/product\/1690","targetHints":{"allow":["GET"]}}],"collection":[{"href":"https:\/\/routinesfashione.com\/es\/wp-json\/wp\/v2\/product"}],"about":[{"href":"https:\/\/routinesfashione.com\/es\/wp-json\/wp\/v2\/types\/product"}],"wp:featuredmedia":[{"embeddable":true,"href":"https:\/\/routinesfashione.com\/es\/wp-json\/wp\/v2\/media\/14065"}],"wp:attachment":[{"href":"https:\/\/routinesfashione.com\/es\/wp-json\/wp\/v2\/media?parent=1690"}],"wp:term":[{"taxonomy":"product_brand","embeddable":true,"href":"https:\/\/routinesfashione.com\/es\/wp-json\/wp\/v2\/product_brand?post=1690"},{"taxonomy":"product_cat","embeddable":true,"href":"https:\/\/routinesfashione.com\/es\/wp-json\/wp\/v2\/product_cat?post=1690"},{"taxonomy":"product_tag","embeddable":true,"href":"https:\/\/routinesfashione.com\/es\/wp-json\/wp\/v2\/product_tag?post=1690"},{"taxonomy":"product_country","embeddable":true,"href":"https:\/\/routinesfashione.com\/es\/wp-json\/wp\/v2\/product_country?post=1690"}],"curies":[{"name":"wp","href":"https:\/\/api.w.org\/{rel}","templated":true}]}}