{"id":1720,"date":"2025-09-30T20:53:37","date_gmt":"2025-09-30T20:53:37","guid":{"rendered":"https:\/\/lightgray-crow-170497.hostingersite.com\/?post_type=product&#038;p=1720"},"modified":"2025-09-30T20:53:37","modified_gmt":"2025-09-30T20:53:37","slug":"beko-expresso-ceg3194b","status":"publish","type":"product","link":"https:\/\/routinesfashione.com\/es\/produit\/beko-expresso-ceg3194b\/","title":{"rendered":"BEKO Express CEG3194B"},"content":{"rendered":"<table class=\"table-data-sheet\">\n<tbody>\n<tr class=\"wfm_feature_category_name\">\n<td>repr\u00e9sentation \/ r\u00e9alisation<\/td>\n<td><\/td>\n<td><\/td>\n<\/tr>\n<tr>\n<td><\/td>\n<td class=\"wfm_td_first odd\"><strong>Capacit\u00e9 du r\u00e9servoir d&#8217;eau<\/strong><\/td>\n<td class=\"wfm_td_last odd\">1,5 L<\/td>\n<\/tr>\n<tr>\n<td><\/td>\n<td class=\"wfm_td_first even\"><strong>Mousseur \u00e0 lait<\/strong><\/td>\n<td class=\"wfm_td_last even\">Oui<\/td>\n<\/tr>\n<tr>\n<td><\/td>\n<td class=\"wfm_td_first odd\"><strong>Parties lavables au lave vaisselle<\/strong><\/td>\n<td class=\"wfm_td_last odd\">Oui<\/td>\n<\/tr>\n<tr>\n<td><\/td>\n<td class=\"wfm_td_first even\"><strong>Type d&#8217;entr\u00e9e \u00e0 caf\u00e9<\/strong><\/td>\n<td class=\"wfm_td_last even\">Caf\u00e9 en grains<\/td>\n<\/tr>\n<tr>\n<td><\/td>\n<td class=\"wfm_td_first odd\"><strong>R\u00e9servoir de caf\u00e9<\/strong><\/td>\n<td class=\"wfm_td_last odd\">Tasse<\/td>\n<\/tr>\n<tr>\n<td><\/td>\n<td class=\"wfm_td_first even\"><strong>Placement de l&#8217;appareil<\/strong><\/td>\n<td class=\"wfm_td_last even\">Comptoir<\/td>\n<\/tr>\n<tr>\n<td><\/td>\n<td class=\"wfm_td_first odd\"><strong>Type de produit<\/strong><\/td>\n<td class=\"wfm_td_last odd\">Machine \u00e0 expresso<\/td>\n<\/tr>\n<tr>\n<td><\/td>\n<td class=\"wfm_td_first even\"><strong>Intensit\u00e9 du caf\u00e9 r\u00e9glable<\/strong><\/td>\n<td class=\"wfm_td_last even\">Oui<\/td>\n<\/tr>\n<tr>\n<td><\/td>\n<td class=\"wfm_td_first odd\"><strong>Syst\u00e8me d&#8217;eau chaude<\/strong><\/td>\n<td class=\"wfm_td_last odd\">Oui<\/td>\n<\/tr>\n<tr>\n<td><\/td>\n<td class=\"wfm_td_first even\"><strong>Type de cafeti\u00e8re<\/strong><\/td>\n<td class=\"wfm_td_last even\">Enti\u00e8rement automatique<\/td>\n<\/tr>\n<tr>\n<td><\/td>\n<td class=\"wfm_td_first odd\"><strong>Broyeur int\u00e9gr\u00e9<\/strong><\/td>\n<td class=\"wfm_td_last odd\">Oui<\/td>\n<\/tr>\n<tr>\n<td><\/td>\n<td class=\"wfm_td_first even\"><strong>Nombre de param\u00e8tres moulin<\/strong><\/td>\n<td class=\"wfm_td_last even\">5<\/td>\n<\/tr>\n<tr>\n<td><\/td>\n<td class=\"wfm_td_first odd\"><strong>Pression maximum<\/strong><\/td>\n<td class=\"wfm_td_last odd\">19 bar<\/td>\n<\/tr>\n<tr>\n<td><\/td>\n<td class=\"wfm_td_first even\"><strong>Param\u00e8tres r\u00e9glables moulin<\/strong><\/td>\n<td class=\"wfm_td_last even\">Oui<\/td>\n<\/tr>\n<tr class=\"wfm_feature_category_name\">\n<td>Fonctions et programmes de cuisson<\/td>\n<td><\/td>\n<td><\/td>\n<\/tr>\n<tr>\n<td><\/td>\n<td class=\"wfm_td_first odd\"><strong>Multi beverage<\/strong><\/td>\n<td class=\"wfm_td_last odd\">Oui<\/td>\n<\/tr>\n<tr>\n<td><\/td>\n<td class=\"wfm_td_first even\"><strong>Fabrication de latte macchiato<\/strong><\/td>\n<td class=\"wfm_td_last even\">Oui<\/td>\n<\/tr>\n<tr>\n<td><\/td>\n<td class=\"wfm_td_first odd\"><strong>Fabrication d&#8217;expresso<\/strong><\/td>\n<td class=\"wfm_td_last odd\">Oui<\/td>\n<\/tr>\n<tr>\n<td><\/td>\n<td class=\"wfm_td_first even\"><strong>Fabrication de capucccino<\/strong><\/td>\n<td class=\"wfm_td_last even\">Oui<\/td>\n<\/tr>\n<tr class=\"wfm_feature_category_name\">\n<td>Ergonomie<\/td>\n<td><\/td>\n<td><\/td>\n<\/tr>\n<tr>\n<td><\/td>\n<td class=\"wfm_td_first odd\"><strong>Bac de r\u00e9cup\u00e9ration amovible<\/strong><\/td>\n<td class=\"wfm_td_last odd\">Oui<\/td>\n<\/tr>\n<tr>\n<td><\/td>\n<td class=\"wfm_td_first even\"><strong>\u00c9cran integr\u00e9<\/strong><\/td>\n<td class=\"wfm_td_last even\">Non<\/td>\n<\/tr>\n<tr>\n<td><\/td>\n<td class=\"wfm_td_first odd\"><strong>R\u00e9servoir d&#8217;eau amovible<\/strong><\/td>\n<td class=\"wfm_td_last odd\">Oui<\/td>\n<\/tr>\n<tr>\n<td><\/td>\n<td class=\"wfm_td_first even\"><strong>Pieds antid\u00e9rapants<\/strong><\/td>\n<td class=\"wfm_td_last even\">Oui<\/td>\n<\/tr>\n<tr>\n<td><\/td>\n<td class=\"wfm_td_first odd\"><strong>Couleur du produit<\/strong><\/td>\n<td class=\"wfm_td_last odd\">Noir<\/td>\n<\/tr>\n<tr>\n<td><\/td>\n<td class=\"wfm_td_first even\"><strong>Type de commande<\/strong><\/td>\n<td class=\"wfm_td_last even\">Tactile<\/td>\n<\/tr>\n<tr class=\"wfm_feature_category_name\">\n<td>Puissance<\/td>\n<td><\/td>\n<td><\/td>\n<\/tr>\n<tr>\n<td><\/td>\n<td class=\"wfm_td_first odd\"><strong>Puissance<\/strong><\/td>\n<td class=\"wfm_td_last odd\">1350 W<\/td>\n<\/tr>\n<tr>\n<td><\/td>\n<td class=\"wfm_td_first even\"><strong>Tension d&#8217;entr\u00e9e AC<\/strong><\/td>\n<td class=\"wfm_td_last even\">220 &#8211; 240 V<\/td>\n<\/tr>\n<tr>\n<td><\/td>\n<td class=\"wfm_td_first odd\"><strong>Fr\u00e9quence d&#8217;entr\u00e9e AC<\/strong><\/td>\n<td class=\"wfm_td_last odd\">50 &#8211; 60 Hz<\/td>\n<\/tr>\n<tr class=\"wfm_feature_category_name\">\n<td>Poids et dimensions<\/td>\n<td><\/td>\n<td><\/td>\n<\/tr>\n<tr>\n<td><\/td>\n<td class=\"wfm_td_first odd\"><strong>Hauteur<\/strong><\/td>\n<td class=\"wfm_td_last odd\">320 mm<\/td>\n<\/tr>\n<tr>\n<td><\/td>\n<td class=\"wfm_td_first even\"><strong>Poids<\/strong><\/td>\n<td class=\"wfm_td_last even\">7,5 kg<\/td>\n<\/tr>\n<tr>\n<td><\/td>\n<td class=\"wfm_td_first odd\"><strong>Profondeur<\/strong><\/td>\n<td class=\"wfm_td_last odd\">410 mm<\/td>\n<\/tr>\n<tr>\n<td><\/td>\n<td class=\"wfm_td_first even\"><strong>Largeur<\/strong><\/td>\n<td class=\"wfm_td_last even\">186 mm<\/td>\n<\/tr>\n<tr class=\"wfm_feature_category_name\">\n<td>Informations sur l&#8217;emballage<\/td>\n<td><\/td>\n<td><\/td>\n<\/tr>\n<tr>\n<td><\/td>\n<td class=\"wfm_td_first odd\"><strong>Poids du paquet<\/strong><\/td>\n<td class=\"wfm_td_last odd\">8,8 kg<\/td>\n<\/tr>\n<tr>\n<td><\/td>\n<td class=\"wfm_td_first even\"><strong>Largeur du colis<\/strong><\/td>\n<td class=\"wfm_td_last even\">428 mm<\/td>\n<\/tr>\n<tr>\n<td><\/td>\n<td class=\"wfm_td_first odd\"><strong>Hauteur du colis<\/strong><\/td>\n<td class=\"wfm_td_last odd\">470 mm<\/td>\n<\/tr>\n<tr>\n<td><\/td>\n<td class=\"wfm_td_first even\"><strong>Profondeur du colis<\/strong><\/td>\n<td class=\"wfm_td_last even\">228 mm<\/td>\n<\/tr>\n<\/tbody>\n<\/table>","protected":false},"excerpt":{"rendered":"<p>repr\u00e9sentation \/ r\u00e9alisation Capacit\u00e9 du r\u00e9servoir d&#8217;eau 1,5 L Mousseur \u00e0 lait Oui Parties lavables au lave vaisselle Oui Type<\/p>","protected":false},"featured_media":28644,"template":"","meta":[],"product_brand":[],"product_cat":[61],"product_tag":[1514],"product_country":[1503],"class_list":{"0":"post-1720","1":"product","2":"type-product","3":"status-publish","4":"has-post-thumbnail","6":"product_cat-sale-france","7":"product_tag-sale-france","8":"product_country-france","10":"first","11":"instock","12":"sale","13":"taxable","14":"shipping-taxable","15":"purchasable","16":"product-type-simple"},"_links":{"self":[{"href":"https:\/\/routinesfashione.com\/es\/wp-json\/wp\/v2\/product\/1720","targetHints":{"allow":["GET"]}}],"collection":[{"href":"https:\/\/routinesfashione.com\/es\/wp-json\/wp\/v2\/product"}],"about":[{"href":"https:\/\/routinesfashione.com\/es\/wp-json\/wp\/v2\/types\/product"}],"wp:featuredmedia":[{"embeddable":true,"href":"https:\/\/routinesfashione.com\/es\/wp-json\/wp\/v2\/media\/28644"}],"wp:attachment":[{"href":"https:\/\/routinesfashione.com\/es\/wp-json\/wp\/v2\/media?parent=1720"}],"wp:term":[{"taxonomy":"product_brand","embeddable":true,"href":"https:\/\/routinesfashione.com\/es\/wp-json\/wp\/v2\/product_brand?post=1720"},{"taxonomy":"product_cat","embeddable":true,"href":"https:\/\/routinesfashione.com\/es\/wp-json\/wp\/v2\/product_cat?post=1720"},{"taxonomy":"product_tag","embeddable":true,"href":"https:\/\/routinesfashione.com\/es\/wp-json\/wp\/v2\/product_tag?post=1720"},{"taxonomy":"product_country","embeddable":true,"href":"https:\/\/routinesfashione.com\/es\/wp-json\/wp\/v2\/product_country?post=1720"}],"curies":[{"name":"wp","href":"https:\/\/api.w.org\/{rel}","templated":true}]}}