{"id":174,"date":"2025-09-30T20:55:55","date_gmt":"2025-09-30T20:55:55","guid":{"rendered":"https:\/\/lightgray-crow-170497.hostingersite.com\/?post_type=product&#038;p=174"},"modified":"2025-09-30T20:55:55","modified_gmt":"2025-09-30T20:55:55","slug":"honda-grasmaaier-hrn536cvk","status":"publish","type":"product","link":"https:\/\/routinesfashione.com\/es\/produit\/honda-grasmaaier-hrn536cvk\/","title":{"rendered":"Tondeuse \u00e0 gazon Honda HRN536CVK"},"content":{"rendered":"<h3 data-start=\"130\" data-end=\"165\"><strong data-start=\"137\" data-end=\"163\">Description du produit<\/strong><\/h3>\n<p data-start=\"166\" data-end=\"669\">La <strong data-start=\"169\" data-end=\"188\">Honda HRN536CVK<\/strong> est une tondeuse \u00e0 gazon thermique haut de gamme, con\u00e7ue pour offrir puissance, fiabilit\u00e9 et polyvalence. \u00c9quip\u00e9e d\u2019un moteur Honda <strong data-start=\"321\" data-end=\"332\">GCVx170<\/strong> \u00e0 d\u00e9marrage facile et d\u2019une transmission <strong data-start=\"374\" data-end=\"410\">autopropuls\u00e9e \u00e0 vitesse variable<\/strong>, elle assure une coupe r\u00e9guli\u00e8re et rapide sur de grandes surfaces. Son syst\u00e8me <strong data-start=\"491\" data-end=\"511\">Versamow\u2122 4-en-1<\/strong> (ramassage, mulching, \u00e9jection arri\u00e8re et lat\u00e9rale) et son carter robuste en acier garantissent des performances durables et un entretien optimal du gazon.<\/p>\n<hr data-start=\"671\" data-end=\"674\" \/>\n<h3 data-start=\"676\" data-end=\"716\"><strong data-start=\"683\" data-end=\"714\">Caract\u00e9ristiques techniques<\/strong><\/h3>\n<div class=\"_tableContainer_1rjym_1\">\n<div class=\"group _tableWrapper_1rjym_13 flex w-fit flex-col-reverse\" tabindex=\"-1\">\n<table class=\"w-fit min-w-(--thread-content-width)\" data-start=\"718\" data-end=\"1521\">\n<thead data-start=\"718\" data-end=\"754\">\n<tr data-start=\"718\" data-end=\"754\">\n<th data-start=\"718\" data-end=\"740\" data-col-size=\"sm\"><strong data-start=\"720\" data-end=\"739\">Caract\u00e9ristique<\/strong><\/th>\n<th data-start=\"740\" data-end=\"754\" data-col-size=\"md\"><strong data-start=\"742\" data-end=\"752\">D\u00e9tail<\/strong><\/th>\n<\/tr>\n<\/thead>\n<tbody data-start=\"792\" data-end=\"1521\">\n<tr data-start=\"792\" data-end=\"839\">\n<td data-start=\"792\" data-end=\"803\" data-col-size=\"sm\"><strong data-start=\"794\" data-end=\"802\">Type<\/strong><\/td>\n<td data-start=\"803\" data-end=\"839\" data-col-size=\"md\">Tondeuse thermique autopropuls\u00e9e<\/td>\n<\/tr>\n<tr data-start=\"840\" data-end=\"872\">\n<td data-start=\"840\" data-end=\"853\" data-col-size=\"sm\"><strong data-start=\"842\" data-end=\"852\">Mod\u00e8le<\/strong><\/td>\n<td data-start=\"853\" data-end=\"872\" data-col-size=\"md\">Honda HRN536CVK<\/td>\n<\/tr>\n<tr data-start=\"873\" data-end=\"924\">\n<td data-start=\"873\" data-end=\"896\" data-col-size=\"sm\"><strong data-start=\"875\" data-end=\"895\">Source d\u2019\u00e9nergie<\/strong><\/td>\n<td data-start=\"896\" data-end=\"924\" data-col-size=\"md\">Essence \u2013 moteur 4 temps<\/td>\n<\/tr>\n<tr data-start=\"925\" data-end=\"967\">\n<td data-start=\"925\" data-end=\"946\" data-col-size=\"sm\"><strong data-start=\"927\" data-end=\"945\">Type de moteur<\/strong><\/td>\n<td data-start=\"946\" data-end=\"967\" data-col-size=\"md\">Honda GCVx170 OHV<\/td>\n<\/tr>\n<tr data-start=\"968\" data-end=\"995\">\n<td data-start=\"968\" data-end=\"984\" data-col-size=\"sm\"><strong data-start=\"970\" data-end=\"983\">Cylindr\u00e9e<\/strong><\/td>\n<td data-start=\"984\" data-end=\"995\" data-col-size=\"md\">167 cm\u00b3<\/td>\n<\/tr>\n<tr data-start=\"996\" data-end=\"1028\">\n<td data-start=\"996\" data-end=\"1019\" data-col-size=\"sm\"><strong data-start=\"998\" data-end=\"1018\">Largeur de coupe<\/strong><\/td>\n<td data-start=\"1019\" data-end=\"1028\" data-col-size=\"md\">53 cm<\/td>\n<\/tr>\n<tr data-start=\"1029\" data-end=\"1106\">\n<td data-start=\"1029\" data-end=\"1060\" data-col-size=\"sm\"><strong data-start=\"1031\" data-end=\"1059\">R\u00e9glage hauteur de coupe<\/strong><\/td>\n<td data-start=\"1060\" data-end=\"1106\" data-col-size=\"md\">Centralis\u00e9, env. 27 \u2013 100 mm (7 positions)<\/td>\n<\/tr>\n<tr data-start=\"1107\" data-end=\"1158\">\n<td data-start=\"1107\" data-end=\"1142\" data-col-size=\"sm\"><strong data-start=\"1109\" data-end=\"1141\">Capacit\u00e9 du bac de ramassage<\/strong><\/td>\n<td data-start=\"1142\" data-end=\"1158\" data-col-size=\"md\">70 L environ<\/td>\n<\/tr>\n<tr data-start=\"1159\" data-end=\"1237\">\n<td data-start=\"1159\" data-end=\"1186\" data-col-size=\"sm\"><strong data-start=\"1161\" data-end=\"1185\">Syst\u00e8me d\u2019avancement<\/strong><\/td>\n<td data-start=\"1186\" data-end=\"1237\" data-col-size=\"md\">Autopropuls\u00e9e, vitesse variable (Select Drive\u00ae)<\/td>\n<\/tr>\n<tr data-start=\"1238\" data-end=\"1326\">\n<td data-start=\"1238\" data-end=\"1254\" data-col-size=\"sm\"><strong data-start=\"1240\" data-end=\"1253\">Fonctions<\/strong><\/td>\n<td data-start=\"1254\" data-end=\"1326\" data-col-size=\"md\">Versamow\u2122 4-en-1 : ramassage, mulching, \u00e9jection arri\u00e8re et lat\u00e9rale<\/td>\n<\/tr>\n<tr data-start=\"1327\" data-end=\"1369\">\n<td data-start=\"1327\" data-end=\"1352\" data-col-size=\"sm\"><strong data-start=\"1329\" data-end=\"1351\">Mat\u00e9riau du carter<\/strong><\/td>\n<td data-start=\"1352\" data-end=\"1369\" data-col-size=\"md\">Acier robuste<\/td>\n<\/tr>\n<tr data-start=\"1370\" data-end=\"1421\">\n<td data-start=\"1370\" data-end=\"1383\" data-col-size=\"sm\"><strong data-start=\"1372\" data-end=\"1382\">Guidon<\/strong><\/td>\n<td data-start=\"1383\" data-end=\"1421\" data-col-size=\"md\">Ergonomique, r\u00e9glable et repliable<\/td>\n<\/tr>\n<tr data-start=\"1422\" data-end=\"1448\">\n<td data-start=\"1422\" data-end=\"1434\" data-col-size=\"sm\"><strong data-start=\"1424\" data-end=\"1433\">Poids<\/strong><\/td>\n<td data-start=\"1434\" data-end=\"1448\" data-col-size=\"md\">Env. 40 kg<\/td>\n<\/tr>\n<\/tbody>\n<\/table>\n<\/div>\n<\/div>","protected":false},"excerpt":{"rendered":"<p>Description du produit La Honda HRN536CVK est une tondeuse \u00e0 gazon thermique haut de gamme, con\u00e7ue pour offrir puissance, fiabilit\u00e9<\/p>","protected":false},"featured_media":19453,"template":"","meta":[],"product_brand":[],"product_cat":[64],"product_tag":[65],"product_country":[1503],"class_list":{"0":"post-174","1":"product","2":"type-product","3":"status-publish","4":"has-post-thumbnail","6":"product_cat-movers","7":"product_tag-movers","8":"product_country-france","10":"first","11":"instock","12":"sale","13":"taxable","14":"shipping-taxable","15":"purchasable","16":"product-type-simple"},"_links":{"self":[{"href":"https:\/\/routinesfashione.com\/es\/wp-json\/wp\/v2\/product\/174","targetHints":{"allow":["GET"]}}],"collection":[{"href":"https:\/\/routinesfashione.com\/es\/wp-json\/wp\/v2\/product"}],"about":[{"href":"https:\/\/routinesfashione.com\/es\/wp-json\/wp\/v2\/types\/product"}],"wp:featuredmedia":[{"embeddable":true,"href":"https:\/\/routinesfashione.com\/es\/wp-json\/wp\/v2\/media\/19453"}],"wp:attachment":[{"href":"https:\/\/routinesfashione.com\/es\/wp-json\/wp\/v2\/media?parent=174"}],"wp:term":[{"taxonomy":"product_brand","embeddable":true,"href":"https:\/\/routinesfashione.com\/es\/wp-json\/wp\/v2\/product_brand?post=174"},{"taxonomy":"product_cat","embeddable":true,"href":"https:\/\/routinesfashione.com\/es\/wp-json\/wp\/v2\/product_cat?post=174"},{"taxonomy":"product_tag","embeddable":true,"href":"https:\/\/routinesfashione.com\/es\/wp-json\/wp\/v2\/product_tag?post=174"},{"taxonomy":"product_country","embeddable":true,"href":"https:\/\/routinesfashione.com\/es\/wp-json\/wp\/v2\/product_country?post=174"}],"curies":[{"name":"wp","href":"https:\/\/api.w.org\/{rel}","templated":true}]}}