{"id":1769,"date":"2025-09-30T20:53:36","date_gmt":"2025-09-30T20:53:36","guid":{"rendered":"https:\/\/lightgray-crow-170497.hostingersite.com\/?post_type=product&#038;p=1769"},"modified":"2025-09-30T20:53:37","modified_gmt":"2025-09-30T20:53:37","slug":"saeco-royal-black","status":"publish","type":"product","link":"https:\/\/routinesfashione.com\/es\/produit\/saeco-royal-black\/","title":{"rendered":"Saeco Royal Black"},"content":{"rendered":"<div id=\"description\" class=\"description\">\n<ul>\n<li>Interface capacitive dot\u00e9e d\u2019ic\u00f4nes photo-r\u00e9alistes<\/li>\n<li>Groupe caf\u00e9 amovible<\/li>\n<li>Meules coniques en acier<\/li>\n<li>Zone de distribution r\u00e9glable en hauteur<\/li>\n<li>Buse eau chaude ind\u00e9pendante<\/li>\n<li>Possibilit\u00e9 de gestion \u00e0 distance via Seaco Pro.Up gr\u00e2ce au kit Bluetooth (en option)<\/li>\n<\/ul>\n<h2>donn\u00e9es techniques<\/h2>\n<div class=\"dati-tecnici-modello\">\n<div class=\"field field--name-field-dati-tecnici field--type-text-long field--label-hidden field__item\">\n<div class=\"row\">\n<div class=\"col-md-6 text-nowrap\"><span dir=\"auto\">Dimensions (l x h x p)<\/span><\/div>\n<div class=\"col-md-6 text-nowrap\"><span dir=\"auto\">280 x 398 x 460 mm<\/span><\/div>\n<\/div>\n<div class=\"row\">\n<div class=\"col-md-6 text-nowrap\">Poids<\/div>\n<div class=\"col-md-6 text-nowrap\"><span dir=\"auto\">10 kg<\/span><\/div>\n<\/div>\n<div class=\"row\">\n<div class=\"col-md-6 text-nowrap\">Couleur<\/div>\n<div class=\"col-md-6 text-nowrap\">Noir mat<\/div>\n<\/div>\n<div class=\"row\">\n<div class=\"col-md-6 text-nowrap\">Alimentation e\u0301lectrique<\/div>\n<div class=\"col-md-6 text-nowrap\"><span dir=\"auto\">230 V\/50 Hz<\/span><\/div>\n<\/div>\n<div class=\"row\">\n<div class=\"col-md-6 text-nowrap\">Puissance absorbe\u0301e<\/div>\n<div class=\"col-md-6 text-nowrap\"><span dir=\"auto\">1400 W<\/span><\/div>\n<\/div>\n<div class=\"row\">\n<div class=\"col-md-6 text-nowrap\">Syste\u0300me hydraulique<\/div>\n<div class=\"col-md-6 text-nowrap\"><span dir=\"auto\">Circuit unique<\/span><\/div>\n<\/div>\n<div class=\"row\">\n<div class=\"col-md-6 text-nowrap\">Buse eau chaude \/ vapeur<\/div>\n<div class=\"col-md-6 text-nowrap\">Inde\u0301pendante<\/div>\n<\/div>\n<div class=\"row\">\n<div class=\"col-md-6 text-nowrap\">Alimentation en eau<\/div>\n<div class=\"col-md-6 text-nowrap\">Re\u0301ser voir inde\u0301pendant<\/div>\n<\/div>\n<div class=\"row\">\n<div class=\"col-md-6 text-nowrap\">Connexion au re\u0301seau d\u2018eau<\/div>\n<div class=\"col-md-6 text-nowrap\"><span dir=\"auto\">Non<\/span><\/div>\n<\/div>\n<div class=\"row\">\n<div class=\"col-md-6 text-nowrap\">Bac a\u0300 cafe\u0301 en grains<\/div>\n<div class=\"col-md-6 text-nowrap\"><span dir=\"auto\">600 gr<\/span><\/div>\n<\/div>\n<div class=\"row\">\n<div class=\"col-md-6 text-nowrap\">Re\u0301servoir d\u2018eau<\/div>\n<div class=\"col-md-6 text-nowrap\"><span dir=\"auto\">2,5 l<\/span><\/div>\n<\/div>\n<div class=\"row\">\n<div class=\"col-md-6 text-nowrap\">Bac a\u0300 marc<\/div>\n<div class=\"col-md-6 text-nowrap\"><span dir=\"auto\">18<\/span><\/div>\n<\/div>\n<div class=\"row\">\n<div class=\"col-md-6 text-nowrap\"><span dir=\"auto\">Cappuccinatore<\/span><\/div>\n<div class=\"col-md-6 text-nowrap\"><span dir=\"auto\">Non<\/span><\/div>\n<\/div>\n<div class=\"row\">\n<div class=\"col-md-6 text-nowrap\">Moulin a\u0300 cafe\u0301<\/div>\n<div class=\"col-md-6 text-nowrap\">Do\u0302te\u0301 de meules coniques en acier<\/div>\n<\/div>\n<div class=\"row\">\n<div class=\"col-md-6 text-nowrap\">Re\u0301glage de la mouture<\/div>\n<div class=\"col-md-6 text-nowrap\">Manuel, 8 niveaux<\/div>\n<\/div>\n<div class=\"row\">\n<div class=\"col-md-6 text-nowrap\">Re\u0301glage de la dose de cafe\u0301<\/div>\n<div class=\"col-md-6 text-nowrap\">Manuel, de 6 a\u0300 10 g en 7 e\u0301tapes<\/div>\n<\/div>\n<div class=\"row\">\n<div class=\"col-md-6 text-nowrap\">Pre\u0301-infusion e\u0301lectronique<\/div>\n<div class=\"col-md-6 text-nowrap\">Oui<\/div>\n<\/div>\n<div class=\"row\">\n<div class=\"col-md-6 text-nowrap\">Hauteur de la zone de distribution ajustable<\/div>\n<div class=\"col-md-6 text-nowrap\">Oui (75-160 mm)<\/div>\n<\/div>\n<div class=\"row\">\n<div class=\"col-md-6 text-nowrap\">Possibilite\u0301 d\u2018installer le cappuccinateur du co\u0302te\u0301 droit ou gauche<\/div>\n<div class=\"col-md-6 text-nowrap\"><span dir=\"auto\">Non<\/span><\/div>\n<\/div>\n<div class=\"row\">\n<div class=\"col-md-6 text-nowrap\">Consommation\/jour<\/div>\n<div class=\"col-md-6 text-nowrap\">30 cafe\u0301s\/jour<\/div>\n<\/div>\n<div class=\"row\">\n<div class=\"col-md-6 text-nowrap\">Affichage graphique avec ico\u0302nes et messages textuels<\/div>\n<div class=\"col-md-6 text-nowrap\"><span dir=\"auto\">Oui<\/span><\/div>\n<\/div>\n<div class=\"row\">\n<div class=\"col-md-6 text-nowrap\">Cappuccino \/ latte macchiato se\u0301lectionnable en une touche<\/div>\n<div class=\"col-md-6 text-nowrap\"><span dir=\"auto\">Non<\/span><\/div>\n<\/div>\n<\/div>\n<\/div>\n<\/div>","protected":false},"excerpt":{"rendered":"<p>Interface capacitive dot\u00e9e d\u2019ic\u00f4nes photo-r\u00e9alistes Groupe caf\u00e9 amovible Meules coniques en acier Zone de distribution r\u00e9glable en hauteur Buse eau<\/p>","protected":false},"featured_media":14127,"template":"","meta":[],"product_brand":[],"product_cat":[61],"product_tag":[1514],"product_country":[1503],"class_list":{"0":"post-1769","1":"product","2":"type-product","3":"status-publish","4":"has-post-thumbnail","6":"product_cat-sale-france","7":"product_tag-sale-france","8":"product_country-france","10":"first","11":"instock","12":"sale","13":"taxable","14":"shipping-taxable","15":"purchasable","16":"product-type-simple"},"_links":{"self":[{"href":"https:\/\/routinesfashione.com\/es\/wp-json\/wp\/v2\/product\/1769","targetHints":{"allow":["GET"]}}],"collection":[{"href":"https:\/\/routinesfashione.com\/es\/wp-json\/wp\/v2\/product"}],"about":[{"href":"https:\/\/routinesfashione.com\/es\/wp-json\/wp\/v2\/types\/product"}],"wp:featuredmedia":[{"embeddable":true,"href":"https:\/\/routinesfashione.com\/es\/wp-json\/wp\/v2\/media\/14127"}],"wp:attachment":[{"href":"https:\/\/routinesfashione.com\/es\/wp-json\/wp\/v2\/media?parent=1769"}],"wp:term":[{"taxonomy":"product_brand","embeddable":true,"href":"https:\/\/routinesfashione.com\/es\/wp-json\/wp\/v2\/product_brand?post=1769"},{"taxonomy":"product_cat","embeddable":true,"href":"https:\/\/routinesfashione.com\/es\/wp-json\/wp\/v2\/product_cat?post=1769"},{"taxonomy":"product_tag","embeddable":true,"href":"https:\/\/routinesfashione.com\/es\/wp-json\/wp\/v2\/product_tag?post=1769"},{"taxonomy":"product_country","embeddable":true,"href":"https:\/\/routinesfashione.com\/es\/wp-json\/wp\/v2\/product_country?post=1769"}],"curies":[{"name":"wp","href":"https:\/\/api.w.org\/{rel}","templated":true}]}}