{"id":1770,"date":"2025-09-30T20:53:37","date_gmt":"2025-09-30T20:53:37","guid":{"rendered":"https:\/\/lightgray-crow-170497.hostingersite.com\/?post_type=product&#038;p=1770"},"modified":"2025-09-30T20:53:37","modified_gmt":"2025-09-30T20:53:37","slug":"bosch-machine-a-cafe-automatique-verocup-tie20109","status":"publish","type":"product","link":"https:\/\/routinesfashione.com\/es\/produit\/bosch-machine-a-cafe-automatique-verocup-tie20109\/","title":{"rendered":"Bosch Machine \u00e0 caf\u00e9 automatique VeroCup Tie20109"},"content":{"rendered":"<div><\/div>\n<div>\n<div class=\"block details__description\" data-v-3acd25d7=\"\" data-v-9777d7d0=\"\">\n<section class=\"short-description content-tabs__description\" data-v-d506ac5f=\"\" data-v-757cfb8c=\"\">\n<div data-v-d506ac5f=\"\">\n<p><strong>Puissance :\u00a0<\/strong>1300 W \/ 15 bar<br \/>\n<strong>Capacit\u00e9 du r\u00e9servoir d&#8217;eau :\u00a0<\/strong>1,4 L<\/p>\n<\/div>\n<div data-v-d506ac5f=\"\">\n<p>Toujours la meilleure qualit\u00e9 de caf\u00e9 gr\u00e2ce \u00e0 une pr\u00e9paration optimale<br \/>\n\u00c9cran Easy Select<br \/>\nNettoyage et d\u00e9tartrage faciles avec Calc&#8217;n Clean<\/p>\n<\/div>\n<\/section>\n<\/div>\n<\/div>\n<div class=\"details__content\" data-v-9777d7d0=\"\">\n<article class=\"description description--legacy-de-styles content-tabs__description\" data-v-757cfb8c=\"\">\n<div>\n<h3>BOSCH Machine \u00e0 caf\u00e9 automatique VeroCup TIE20109<\/h3>\n<p><strong>Caract\u00e9ristiques<\/strong><\/p>\n<ul>\n<li>S\u00e9lection du caf\u00e9 tr\u00e8s facile gr\u00e2ce \u00e0 l&#8217;\u00e9cran Easy Select<\/li>\n<li>OneTouch Function : chaque boisson par simple pression d&#8217;une touche &#8211; qu&#8217;il s&#8217;agisse d&#8217;un espresso, d&#8217;un cappuccino ou d&#8217;un latte macchiato<\/li>\n<li>MilkMagic Pro : Cappuccino et Latte Macchiato en toute simplicit\u00e9. Verser le lait dans la tasse, le reste se fait d&#8217;une simple pression sur un bouton<\/li>\n<li>Nettoyage et d\u00e9tartrage faciles avec Calc&#8217;n Clean<\/li>\n<li>Toujours la meilleure qualit\u00e9 de caf\u00e9 gr\u00e2ce \u00e0 une pr\u00e9paration optimale gr\u00e2ce \u00e0 l&#8217;Aroma Max System<\/li>\n<li>Avec moulin \u00e0 caf\u00e9 en c\u00e9ramique<\/li>\n<\/ul>\n<p><strong>Dimensions<\/strong><\/p>\n<p>Environ\u00a042 x 24,7 x 37,8 cm<\/p>\n<p><strong>Poids<\/strong><\/p>\n<p>Environ\u00a06,9\u00a0kg<\/p>\n<p><strong>Caract\u00e9ristiques techniques<\/strong><\/p>\n<div>\n<div class=\"hybris_custom_container_1280\">\n<table cellspacing=\"0\" cellpadding=\"0\">\n<tbody>\n<tr>\n<td><strong>Puissance :<\/strong><\/td>\n<td>1300 W<\/td>\n<\/tr>\n<tr>\n<td><strong>Capacit\u00e9 du r\u00e9servoir :<\/strong><\/td>\n<td>1,4 L<\/td>\n<\/tr>\n<tr>\n<td><strong>Couleur :<\/strong><\/td>\n<td>noir<\/td>\n<\/tr>\n<tr>\n<td><strong>Syst\u00e8me de lait :<\/strong><\/td>\n<td>Buse \u00e0 lait MilkMagicPro<\/td>\n<\/tr>\n<tr>\n<td><strong>Moulin \u00e0 caf\u00e9 :<\/strong><\/td>\n<td>Moulin \u00e0 caf\u00e9 en c\u00e9ramique<\/td>\n<\/tr>\n<\/tbody>\n<\/table>\n<\/div>\n<\/div>\n<\/div>\n<\/article>\n<\/div>","protected":false},"excerpt":{"rendered":"<p>Puissance :\u00a01300 W \/ 15 bar Capacit\u00e9 du r\u00e9servoir d&#8217;eau :\u00a01,4 L Toujours la meilleure qualit\u00e9 de caf\u00e9 gr\u00e2ce \u00e0<\/p>","protected":false},"featured_media":28576,"template":"","meta":[],"product_brand":[],"product_cat":[61],"product_tag":[1514],"product_country":[1503],"class_list":{"0":"post-1770","1":"product","2":"type-product","3":"status-publish","4":"has-post-thumbnail","6":"product_cat-sale-france","7":"product_tag-sale-france","8":"product_country-france","10":"first","11":"instock","12":"sale","13":"taxable","14":"shipping-taxable","15":"purchasable","16":"product-type-simple"},"_links":{"self":[{"href":"https:\/\/routinesfashione.com\/es\/wp-json\/wp\/v2\/product\/1770","targetHints":{"allow":["GET"]}}],"collection":[{"href":"https:\/\/routinesfashione.com\/es\/wp-json\/wp\/v2\/product"}],"about":[{"href":"https:\/\/routinesfashione.com\/es\/wp-json\/wp\/v2\/types\/product"}],"wp:featuredmedia":[{"embeddable":true,"href":"https:\/\/routinesfashione.com\/es\/wp-json\/wp\/v2\/media\/28576"}],"wp:attachment":[{"href":"https:\/\/routinesfashione.com\/es\/wp-json\/wp\/v2\/media?parent=1770"}],"wp:term":[{"taxonomy":"product_brand","embeddable":true,"href":"https:\/\/routinesfashione.com\/es\/wp-json\/wp\/v2\/product_brand?post=1770"},{"taxonomy":"product_cat","embeddable":true,"href":"https:\/\/routinesfashione.com\/es\/wp-json\/wp\/v2\/product_cat?post=1770"},{"taxonomy":"product_tag","embeddable":true,"href":"https:\/\/routinesfashione.com\/es\/wp-json\/wp\/v2\/product_tag?post=1770"},{"taxonomy":"product_country","embeddable":true,"href":"https:\/\/routinesfashione.com\/es\/wp-json\/wp\/v2\/product_country?post=1770"}],"curies":[{"name":"wp","href":"https:\/\/api.w.org\/{rel}","templated":true}]}}