{"id":1771,"date":"2025-09-30T20:53:37","date_gmt":"2025-09-30T20:53:37","guid":{"rendered":"https:\/\/lightgray-crow-170497.hostingersite.com\/?post_type=product&#038;p=1771"},"modified":"2025-09-30T20:53:37","modified_gmt":"2025-09-30T20:53:37","slug":"cecotec-machine-a-cafe-mega-automatique-cremmaet-compactccino","status":"publish","type":"product","link":"https:\/\/routinesfashione.com\/es\/produit\/cecotec-machine-a-cafe-mega-automatique-cremmaet-compactccino\/","title":{"rendered":"Cecotec Machine \u00e0 caf\u00e9 m\u00e9ga-automatique Cremmaet CompactCcino"},"content":{"rendered":"<ul>\n<li>Super-automatique, super-compacte : la cafeti\u00e8re a un design compact qui pr\u00e9pare des expressos, des americanos et des cappuccinos \u00e0 partir de grains de caf\u00e9 fra\u00eechement moulus avec la m\u00eame efficacit\u00e9 que les autres machines super-automatiques.<\/li>\n<li>Du grain \u00e0 la tasse en une seule touche : gr\u00e2ce \u00e0 la technologie plug&amp;play, vous obtiendrez du caf\u00e9 fra\u00eechement moulu de la mani\u00e8re la plus pratique, une seule touche et c&#8217;est tout !<\/li>\n<li>Cr\u00e8me et ar\u00f4me uniques : avec sa pompe \u00e0 pression de 19 bars, la cafeti\u00e8re obtient la meilleure cr\u00e8me et un ar\u00f4me maximum dans chaque caf\u00e9.<\/li>\n<li>Caf\u00e9 fra\u00eechement moulu instantan\u00e9ment : la cafeti\u00e8re est dot\u00e9e du syst\u00e8me de chauffe Thermoblock, qui garantit une chauffe rapide pour pr\u00e9parer votre caf\u00e9 en quelques secondes seulement.<\/li>\n<li>Caf\u00e9 \u00e0 votre go\u00fbt : s\u00e9lectionnez la quantit\u00e9 et l&#8217;intensit\u00e9 du caf\u00e9 depuis son \u00e9cran tactile, enregistrez vos r\u00e9glages favoris et savourez chaque jour des caf\u00e9s parfaits de la mani\u00e8re la plus confortable.<\/li>\n<li>Moudre et conserver le caf\u00e9 : la cafeti\u00e8re dispose d&#8217;un r\u00e9servoir herm\u00e9tique en grains de 150 g, qui garantit le maintien de l&#8217;ar\u00f4me d&#8217;origine. De plus, il dispose d&#8217;un broyeur conique int\u00e9gr\u00e9 avec 5 niveaux de mouture.<\/li>\n<li>R\u00e9servoir d&#8217;eau de 1,1 L : profitez chaque jour d&#8217;un caf\u00e9 parfait sans avoir \u00e0 remplir constamment votre r\u00e9servoir d&#8217;eau.<\/li>\n<li>R\u00e9servoir de lait de 400 ml pour obtenir des cappuccinos parfaits.<\/li>\n<li>Syst\u00e8me d&#8217;\u00e9conomie d&#8217;\u00e9nergie avec arr\u00eat automatique et veille<\/li>\n<li>Bec verseur r\u00e9glable en hauteur jusqu&#8217;\u00e0 14 cm pour s&#8217;adapter aussi bien aux tasses \u00e0 expresso qu&#8217;aux tasses \u00e0 petit-d\u00e9jeuner.<\/li>\n<li>Entretien facile : L&#8217;unit\u00e9 de traitement et le r\u00e9servoir \u00e0 marc sont facilement amovibles pour un entretien ad\u00e9quat. De plus, le bac collecteur est amovible et magn\u00e9tique pour un nettoyage facile.<\/li>\n<li>Nettoyage automatique : votre cafeti\u00e8re sera toujours parfaite de la mani\u00e8re la plus confortable gr\u00e2ce \u00e0 ce syst\u00e8me qui nettoie ses conduits pour que vous la gardiez toujours pr\u00eate.<\/li>\n<\/ul>","protected":false},"excerpt":{"rendered":"<p>Super-automatique, super-compacte : la cafeti\u00e8re a un design compact qui pr\u00e9pare des expressos, des americanos et des cappuccinos \u00e0 partir<\/p>","protected":false},"featured_media":14137,"template":"","meta":[],"product_brand":[],"product_cat":[61],"product_tag":[1514],"product_country":[1503],"class_list":{"0":"post-1771","1":"product","2":"type-product","3":"status-publish","4":"has-post-thumbnail","6":"product_cat-sale-france","7":"product_tag-sale-france","8":"product_country-france","10":"first","11":"instock","12":"sale","13":"taxable","14":"shipping-taxable","15":"purchasable","16":"product-type-simple"},"_links":{"self":[{"href":"https:\/\/routinesfashione.com\/es\/wp-json\/wp\/v2\/product\/1771","targetHints":{"allow":["GET"]}}],"collection":[{"href":"https:\/\/routinesfashione.com\/es\/wp-json\/wp\/v2\/product"}],"about":[{"href":"https:\/\/routinesfashione.com\/es\/wp-json\/wp\/v2\/types\/product"}],"wp:featuredmedia":[{"embeddable":true,"href":"https:\/\/routinesfashione.com\/es\/wp-json\/wp\/v2\/media\/14137"}],"wp:attachment":[{"href":"https:\/\/routinesfashione.com\/es\/wp-json\/wp\/v2\/media?parent=1771"}],"wp:term":[{"taxonomy":"product_brand","embeddable":true,"href":"https:\/\/routinesfashione.com\/es\/wp-json\/wp\/v2\/product_brand?post=1771"},{"taxonomy":"product_cat","embeddable":true,"href":"https:\/\/routinesfashione.com\/es\/wp-json\/wp\/v2\/product_cat?post=1771"},{"taxonomy":"product_tag","embeddable":true,"href":"https:\/\/routinesfashione.com\/es\/wp-json\/wp\/v2\/product_tag?post=1771"},{"taxonomy":"product_country","embeddable":true,"href":"https:\/\/routinesfashione.com\/es\/wp-json\/wp\/v2\/product_country?post=1771"}],"curies":[{"name":"wp","href":"https:\/\/api.w.org\/{rel}","templated":true}]}}