{"id":1807,"date":"2025-09-30T20:11:35","date_gmt":"2025-09-30T20:11:35","guid":{"rendered":"https:\/\/lightgray-crow-170497.hostingersite.com\/?post_type=product&#038;p=1807"},"modified":"2025-09-30T21:16:25","modified_gmt":"2025-09-30T21:16:25","slug":"stihl-ms-462-c-m-rs-schienenlaenge-45cm","status":"publish","type":"product","link":"https:\/\/routinesfashione.com\/es\/produit\/stihl-ms-462-c-m-rs-schienenlaenge-45cm\/","title":{"rendered":"STIHL MS 462 C-M, RS, Schienenl\u00e4nge 45cm"},"content":{"rendered":"<h2>Technische Daten<\/h2>\n<div class=\"table-wrapper\">\n<table cellspacing=\"2\" cellpadding=\"2\">\n<tbody>\n<tr>\n<td>Schienenl\u00e4nge<\/td>\n<td>40-50 cm<\/td>\n<\/tr>\n<tr>\n<td>Hubraum<\/td>\n<td>72,2 cm\u00b3<\/td>\n<\/tr>\n<tr>\n<td>Leistung<\/td>\n<td>4,4 kW \/ 6 PS<\/td>\n<\/tr>\n<tr>\n<td>Gewicht<\/td>\n<td>6 kg<\/td>\n<\/tr>\n<tr>\n<td>Leistungsgewicht<\/td>\n<td>1,4 kg\/kW<\/td>\n<\/tr>\n<tr>\n<td>Systemgewicht<\/td>\n<td>7,17 \/ 7,27 \/ 7,33 kg<\/td>\n<\/tr>\n<tr>\n<td>Systemgewicht (kg)<\/td>\n<td>7,17 \/ 7,27 \/ 7,33 kg<\/td>\n<\/tr>\n<tr>\n<td>Schalldruckpegel<\/td>\n<td>108 dB(A)<\/td>\n<\/tr>\n<tr>\n<td>Schallleistungspegel<\/td>\n<td>119 dB(A)<\/td>\n<\/tr>\n<tr>\n<td>Vibrationswert links\/rechts<\/td>\n<td>4,8\/3,6 m\/s\u00b2<\/td>\n<\/tr>\n<tr>\n<td>CO2<\/td>\n<td>697 g\/kWh<\/td>\n<\/tr>\n<tr>\n<td>S\u00e4gekettenteilung<\/td>\n<td>3\/8 \u201c<\/td>\n<\/tr>\n<tr>\n<td>STIHL Oilomatic S\u00e4gekettentyp<\/td>\n<td>RS<\/td>\n<\/tr>\n<\/tbody>\n<\/table>\n<\/div>\n<p>\u00a0<\/p>\n<div class=\"table-wrapper\">\n<table class=\"HBOUserAttributes\">\n<tbody>\n<tr>\n<td class=\"AttributeGroupHeader\" colspan=\"2\"><\/td>\n<\/tr>\n<tr>\n<td class=\"AttributeName VerticalAlignMiddle AttributeBorder\"><\/td>\n<td class=\"AttributeContent AttributeBorder\"><\/td>\n<\/tr>\n<tr>\n<td class=\"AttributeName VerticalAlignMiddle AttributeBorder\">EAN:<\/td>\n<td class=\"AttributeContent AttributeBorder\">0886661363391<\/td>\n<\/tr>\n<\/tbody>\n<\/table>\n<\/div>\n<div class=\"table-wrapper\">\n<table cellspacing=\"2\" cellpadding=\"2\">\n<tbody>\n<tr>\n<td><img decoding=\"async\" src=\"https:\/\/cdn.shopify.com\/s\/files\/1\/0401\/7353\/5398\/t\/186\/assets\/STIHL_M-Tronic_M.jpg?v=1689168138\" alt=\"STIHL M-Tronic (M)\" width=\"200\" \/><\/td>\n<td>\n<div>STIHL M-Tronic (M)<\/div>\n<p>STIHL M-Tronic steht f\u00fcr einfaches Starten mit wenigen Anwerfh\u00fcben und ohne Umschalten. Das vollelektronische Motormanagement mit Memoryfunktion regelt den Z\u00fcndzeitpunkt und die Kraftstoffdosierung. Durch die Kalt-\/Warmstarterkennung sorgt M-Tronic stets f\u00fcr optimale Motorleistung, konstante H\u00f6chstdrehzahl und sehr gutes Beschleunigungsverhalten. (Abb. \u00e4hnlich)<\/td>\n<\/tr>\n<tr>\n<td><\/td>\n<td>\n<div>STIHL M-TRONIC<\/div>\n<p>ZUVERL\u00c4SSIGES ARBEITEN MIT BESTLEISTUNG. Mit STIHL M-Tronic verf\u00fcgen Sie bereits ab dem Start \u00fcber die Bestleistung Ihres Arbeitsger\u00e4tes. Das vollelektronische Motormanagement regelt in jeder Arbeitssituation den Zu\u0308ndzeitpunkt und die Kraftstoffd\u2026<\/td>\n<\/tr>\n<tr>\n<td><\/td>\n<td>\n<div>STIHL M-Tronic (FT)<\/div>\n<p>ZUVERL\u00c4SSIGES ARBEITEN MIT BESTLEISTUNG. Mit STIHL M-Tronic verf\u00fcgen Sie bereits ab dem Start \u00fcber die Bestleistung Ihres Arbeitsger\u00e4tes. Das vollelektronische Motormanagement regelt in jeder Arbeitssituation den Zu\u0308ndzeitpunkt und die Kraftstoffd\u2026<\/td>\n<\/tr>\n<tr>\n<td><img decoding=\"async\" src=\"https:\/\/cdn.shopify.com\/s\/files\/1\/0401\/7353\/5398\/t\/186\/assets\/Seitliche-Kettenspannung.jpg?v=1689168014\" alt=\"Seitliche Kettenspannung\" width=\"200\" \/><\/td>\n<td>\n<div>Seitliche Kettenspannung<\/div>\n<p>Die Spannschraube wird seitlich durch den Kettenraddeckel hindurch bet\u00e4tigt. Das verhindert den Kontakt der Hand mit der scharfen S\u00e4gekette und den Spitzen des Krallenanschlages. (Abb. \u00e4hnlich)<\/td>\n<\/tr>\n<tr>\n<td><\/td>\n<td>\n<div>Bedienfreundliche Kalibrierfunktion<\/div>\n<p>OPTIMIERT DEN BETRIEB. W\u00e4hrend der Arbeit stellt sich Ihre Motors\u00e4ge automatisch auf die optimale Leistung ein. Eine Kalibrierung beschleunigt diesen Vorgang. Dies ist z. B. in einer ver\u00e4nderten H\u00f6henlage sinnvoll, wo ein anderer Luftdruck herrsch\u2026<\/td>\n<\/tr>\n<tr>\n<td><img decoding=\"async\" src=\"https:\/\/cdn.shopify.com\/s\/files\/1\/0401\/7353\/5398\/t\/186\/assets\/BedienerfreundlicheKalibrierfkt.jpg?v=1689167077\" alt=\"Bedienerfreundliche Kalibrierfunktion\" width=\"200\" \/><\/td>\n<td>\n<div>Bedienerfreundliche Kalibrierfunktion<\/div>\n<p>W\u00e4hrend der Arbeit stellt das STIHL M-Tronic System den Motor jederzeit auf die optimale Leistung ein. Bei Ver\u00e4nderungen der Umgebungsbedingungen, z.B. bei Arbeiten im Hochgebirge kann mit der Kalibrierfunktion auch ohne das S\u00e4gen von Holz die MS schnell angepasst werden: Die Kalibrierung erfolgt in ca. 72 Sekunden ab Start der Maschine.<\/td>\n<\/tr>\n<tr>\n<td><\/td>\n<td>\n<div>STIHL Ematic-System<\/div>\n<p>REDUZIERT DEN \u00d6LVERBRAUCH. Das STIHL Ematic-System besteht aus STIHL Ematic oder Ematic S F\u00fchrungsschiene, STIHL Oilomatic S\u00e4gekette und mengenregulierbarer \u00d6lpumpe. Es sorgt daf\u00fcr, dass das Ketten\u00f6l dorthin gelangt, wo es zur Schmierung gebraucht\u2026<\/td>\n<\/tr>\n<tr>\n<td><img decoding=\"async\" src=\"https:\/\/cdn.shopify.com\/s\/files\/1\/0401\/7353\/5398\/t\/186\/assets\/STIHL_Ematic_mit_neuem_oelpumpensystem.jpg?v=1689168116\" alt=\"STIHL Ematic mit neuem \u00d6lpumpensystem\" width=\"200\" \/><\/td>\n<td>\n<div>STIHL Ematic mit neuem \u00d6lpumpensystem<\/div>\n<p>Mit dem neuen \u00d6lpumpensystem kann die \u00d6lmengenf\u00f6rderung erh\u00f6ht werden. Das ist insbesondere bei staubigen Bedingungen oder dem Einsatz langer F\u00fchrungsschienen von Vorteil.<\/td>\n<\/tr>\n<tr>\n<td><img decoding=\"async\" src=\"https:\/\/cdn.shopify.com\/s\/files\/1\/0401\/7353\/5398\/t\/186\/assets\/GeringesLeistungsgewicht.jpg?v=1689167262\" alt=\"Geringes Leistungsgewicht\" width=\"200\" \/><\/td>\n<td>\n<div>Geringes Leistungsgewicht<\/div>\n<p>Die STIHL MS 462 C-M ist die leichteste Profi- Motors\u00e4ge ihrer Hubraumklasse. Besondere Bauteile, wie der Zylinder mit schr\u00e4gen K\u00fchlrippen, der kompakte Kettenraddeckel, das leichte Kurbelgeh\u00e4use, das gewichtsoptimierte Schwungrad und die Rollomatic ES Light Schiene sorgen f\u00fcr sp\u00fcrbar weniger Gewicht.<\/td>\n<\/tr>\n<tr>\n<td><img decoding=\"async\" src=\"https:\/\/cdn.shopify.com\/s\/files\/1\/0401\/7353\/5398\/t\/186\/assets\/STIHL-2-MIX-Motor.jpg?v=1689168145\" alt=\"STIHL 2-MIX-Motor\" width=\"200\" \/><\/td>\n<td>\n<div>STIHL 2-MIX-Motor<\/div>\n<p>Der Zweitaktmotor mit STIHL 2-MIX-Technik spart bis zu 20 % Kraftstoff und reduziert Abgase um bis zu 70 % im Vergleich zu leistungsgleichen STIHL Zweitaktmotoren ohne 2-MIX-Technik.<\/td>\n<\/tr>\n<tr>\n<td><\/td>\n<td>\n<div>Langzeit-Luftfiltersystem f\u00fcr Motors\u00e4ge<\/div>\n<p>L\u00c4NGERE FILTERSTANDZEIT. Durch die Vorabscheidung werden grobe, gr\u00f6\u00dfere Partikel bereits aus dem Luftstrom entfernt, bevor diese den eigentlichen Filter erreichen k\u00f6nnen. Der HD2-Filter h\u00e4lt selbst feinen Staub vom Triebwerk fern und sorgt so f\u00fcr \u2026<\/td>\n<\/tr>\n<tr>\n<td><img decoding=\"async\" src=\"https:\/\/cdn.shopify.com\/s\/files\/1\/0401\/7353\/5398\/t\/186\/assets\/HD2_Filter_mit_Radialdichtung.jpg?v=1689167291\" alt=\"HD2-Filter mit Radialdichtung\" width=\"200\" \/><\/td>\n<td>\n<div>HD2-Filter mit Radialdichtung<\/div>\n<p>Der neue HD2-Luftfilter aus PET-Material mit Radialdichtung verhindert das Ansaugen von feinem Staub. Die hermetische Abriegelung erh\u00f6ht die Lebensdauer des Motors und reduziert den Verschlei\u00df.<\/td>\n<\/tr>\n<tr>\n<td><\/td>\n<td>\n<div>Kombihebel mit Stopp-Funktion<\/div>\n<p>VEREINFACHT DIE BEDIENUNG. Es ist nur noch eine Startposition am Kombihebel n\u00f6tig. Nach dem Abschalten springt der Bedienhebel dank Stopp-Funktion selbstst\u00e4ndig in die Betriebsposition zur\u00fcck. Die warme Maschine kann dadurch direkt wieder neu gest\u2026<\/td>\n<\/tr>\n<tr>\n<td><img decoding=\"async\" src=\"https:\/\/cdn.shopify.com\/s\/files\/1\/0401\/7353\/5398\/t\/186\/assets\/Kombihebel_mit_Stopptaster_Funktion.jpg?v=1689167626\" alt=\"Kombihebel mit Stopptaster-Funktion\" width=\"200\" \/><\/td>\n<td>\n<div>Kombihebel mit Stopptaster-Funktion<\/div>\n<p>Durch STIHL M-Tronic brauchen die Motors\u00e4gen f\u00fcr den Kaltstart nur noch eine Startposition am Kombihebel. Sie k\u00f6nnen sofort Vollgas geben. Nach dem Abschalten springt der Bedienhebel dank Stopptaster-Funktion selbstst\u00e4ndig in die Betriebsposition zur\u00fcck. Die warme Maschine kann dadurch direkt wieder neu gestartet werden.<\/td>\n<\/tr>\n<tr>\n<td><\/td>\n<td>\n<div>Manuelle Dekompression<\/div>\n<p>KRAFTSPARENDES ANWERFEN. Das Dekompressionsventil erleichtert das Anwerfen Ihres Ger\u00e4tes. Beim Starten k\u00f6nnen Sie durch \u00d6ffnen des Ventils einen Teil des verdichteten Gemisches aus dem Zylinder entweichen lassen. Das schont das Anwerfsystem und Sie m\u00fcssen weniger Kraft am Anwerseil aufwenden.<\/td>\n<\/tr>\n<tr>\n<td><img decoding=\"async\" src=\"https:\/\/cdn.shopify.com\/s\/files\/1\/0401\/7353\/5398\/t\/186\/assets\/Dekompressionsventil.jpg?v=1689167113\" alt=\"Dekompressionsventil\" width=\"200\" \/><\/td>\n<td>\n<div>Dekompressionsventil<\/div>\n<p>Das Dekompressionsventil l\u00e4sst beim Anwerfen einen Teil des verdichteten Gemisches aus dem Zylinder entweichen. Dadurch wird die erforderliche Zugkraft am Anwerfseil deutlich reduziert. Die Bedienungsperson wird entlastet und das gesamte Anwerfsystem des Motorger\u00e4tes geschont. (Abb. \u00e4hnlich)<\/td>\n<\/tr>\n<tr>\n<td><img decoding=\"async\" src=\"https:\/\/cdn.shopify.com\/s\/files\/1\/0401\/7353\/5398\/t\/186\/assets\/STIHL_ElastoStart_Saegen.jpg?v=1689168112\" alt=\"STIHL ElastoStart\" width=\"200\" \/><\/td>\n<td>\n<div>STIHL ElastoStart<\/div>\n<p>Als Folge des Kompressionsdruckes treten beim Anwerfen von Verbrennungsmotoren ruckartige Kraftspitzen auf, die Muskeln und Gelenke belasten. Ein D\u00e4mpfungselement im Spezialanwerfgriff ElastoStart nimmt entsprechend dem Verlauf der Kompression abwechselnd Kraft auf und gibt sie wieder ab. Dies bewirkt einen gleichm\u00e4\u00dfigen Anwerfvorgang ohne ruckartige Kraftspitzen. (Abb. \u00e4hnlich)<\/td>\n<\/tr>\n<tr>\n<td><\/td>\n<td>\n<div>Werkzeugloser Tankverschluss<\/div>\n<p>SCHNELL UND EINFACH ZU BEDIENEN. Dank des werkzeuglosen Tankverschlusses \u00f6ffnen und schlie\u00dfen Sie \u00d6l- und Kraftstofftank dank Bajonett-Verschluss mit nur wenigen Handgriffen.<\/td>\n<\/tr>\n<tr>\n<td><img decoding=\"async\" src=\"https:\/\/cdn.shopify.com\/s\/files\/1\/0401\/7353\/5398\/t\/186\/assets\/Werkzeuglose-Tankverschluesse.jpg?v=1689168285\" alt=\"Werkzeuglose Tankverschl\u00fcsse\" width=\"200\" \/><\/td>\n<td>\n<div>Werkzeuglose Tankverschl\u00fcsse<\/div>\n<p>Patentierte Spezialverschl\u00fcsse f\u00fcr Kraftstoff- und \u00d6ltank. Die Tanks der damit ausgestatteten Motorger\u00e4te lassen sich schnell, ohne Kraftaufwand und ohne Werkzeug \u00f6ffnen und wieder verschliessen. (Abb. \u00e4hnlich)<\/td>\n<\/tr>\n<tr>\n<td><\/td>\n<td>\n<div>LANGZEIT-LUFTFILTERSYSTEM F\u00dcR MOTORS\u00c4GEN<\/div>\n<p>L\u00c4NGERE FILTERSTANDZEIT. Durch die Vorabscheidung werden grobe, gr\u00f6\u00dfere Partikel bereits aus dem Luftstrom entfernt, bevor diese den eigentlichen Filter erreichen k\u00f6nnen. Der HD2-Filter h\u00e4lt selbst feinen Staub vom Triebwerk fern und sorgt so f\u00fcr \u2026<\/td>\n<\/tr>\n<tr>\n<td><img decoding=\"async\" src=\"https:\/\/cdn.shopify.com\/s\/files\/1\/0401\/7353\/5398\/t\/186\/assets\/Langzeit-Luftfiltersystem-mit-Vorabscheidung.jpg?v=1689167684\" alt=\"Langzeit-Luftfiltersystem mit Vorabscheidung\" width=\"200\" \/><\/td>\n<td>\n<div>Langzeit-Luftfiltersystem mit Vorabscheidung<\/div>\n<p>Das innovative Langzeit-Luftfiltersystem sorgt f\u00fcr eine erheblich l\u00e4ngere Filterstandzeit. Denn es entfernt durch Vorabscheidung grobe Schmutzpartikel und entlastet so den eigentlichen Filter. Sie k\u00f6nnen Ihre S\u00e4ge im Vergleich zu den Vorg\u00e4ngern doppelt so lange betreiben, ohne den Filter reinigen zu m\u00fcssen. (Abb. \u00e4hnlich)<\/td>\n<\/tr>\n<tr>\n<td><img decoding=\"async\" src=\"https:\/\/cdn.shopify.com\/s\/files\/1\/0401\/7353\/5398\/t\/186\/assets\/Optimierter_Kettenraddeckel_MS462.jpg?v=1689167837\" alt=\"Optimierter Kettenraddeckel\" width=\"200\" \/><\/td>\n<td>\n<div>Optimierter Kettenraddeckel<\/div>\n<p>Der flachere und schmalerer Kettenraddeckel mit integrierten Gleitleisten und F\u00fchrungskante reduziert den Kraftaufwand beim Entasten und sorgt f\u00fcr eine hervorragende Spanabfuhr.<\/td>\n<\/tr>\n<tr>\n<td><\/td>\n<td>\n<div>WERKZEUGLOSER TANKVERSCHLUSS F\u00dcR \u00d6L- UND KRAFTSTOF<\/div>\n<p>SCHNELL UND EINFACH ZU BEDIENEN. Dank des werkzeuglosen Tankverschlusses \u00f6ffnen und schlie\u00dfen Sie \u00d6l- und Kraftstofftank dank Bajonett-Verschluss mit nur wenigen Handgriffen.<\/td>\n<\/tr>\n<tr>\n<td><img decoding=\"async\" src=\"https:\/\/cdn.shopify.com\/s\/files\/1\/0401\/7353\/5398\/t\/186\/assets\/STIHL-Antivibrationssystem.jpg?v=1689168147\" alt=\"STIHL Antivibrationssystem\" width=\"200\" \/><\/td>\n<td>\n<div>STIHL Antivibrationssystem<\/div>\n<p>Starke Vibrationen an den Griffstellen von Motorger\u00e4ten k\u00f6nnen l\u00e4ngerfristig zu Durchblutungsst\u00f6rungen in H\u00e4nden und Armen f\u00fchren. STIHL hat deshalb ein hochwertiges Antivibrationssystem entwickelt. Bei Motorger\u00e4ten mit AV-System werden an den Griffstellen die Schwingungen, die vom Motor und dem Arbeitswerkzeug erzeugt werden, deutlich reduziert. (Abb. \u00e4hnlich)<\/td>\n<\/tr>\n<tr>\n<td><img decoding=\"async\" src=\"https:\/\/cdn.shopify.com\/s\/files\/1\/0401\/7353\/5398\/t\/186\/assets\/Kompensator.jpg?v=1689167639\" alt=\"Kompensator\" width=\"200\" \/><\/td>\n<td>\n<div>Kompensator<\/div>\n<p>Der STIHL-Kompensator, eine Regeleinheit im Vergaser, sorgt daf\u00fcr, dass bei Verschmutzung des Luftfilters kein \u00dcberfetten des Gemisches eintritt. Die Leistung bleibt so \u00fcber einen l\u00e4ngeren Zeitraum konstant. Der Filter mu\u00df erst gereinigt werden, wenn 80% der Oberfl\u00e4che zugesetzt sind. So sind auch sehr lange Arbeitseins\u00e4tze ohne Unterbrechung m\u00f6glich. (Abb. \u00e4hnlich)<\/td>\n<\/tr>\n<tr>\n<td><img decoding=\"async\" src=\"https:\/\/cdn.shopify.com\/s\/files\/1\/0401\/7353\/5398\/t\/186\/assets\/Verliersichere_Muttern_2.jpg?v=1689168245\" alt=\"Verliersichere Muttern\" width=\"200\" \/><\/td>\n<td>\n<div>Verliersichere Muttern<\/div>\n<p>Beim Wechseln der Schneidgarnitur k\u00f6nnen die Muttern am Kettenraddeckel nicht mehr verloren gehen.<\/td>\n<\/tr>\n<tr>\n<td><img decoding=\"async\" src=\"https:\/\/cdn.shopify.com\/s\/files\/1\/0401\/7353\/5398\/t\/186\/assets\/Optimierter_Krallenanschlag_MS462.jpg?v=1689167839\" alt=\"Optimierter Krallenanschlag\" width=\"200\" \/><\/td>\n<td>\n<div>Optimierter Krallenanschlag<\/div>\n<p>Die Zahnl\u00e4nge des Krallenanschlags wurde an die Radiuskontur der B\u00e4ume angepasst. Die S\u00e4ge greift beim Abl\u00e4ngen und F\u00e4llen noch besser im Holz.<\/td>\n<\/tr>\n<tr>\n<td><img decoding=\"async\" src=\"https:\/\/cdn.shopify.com\/s\/files\/1\/0401\/7353\/5398\/t\/186\/assets\/Stechleiste_MS462.jpg?v=1689168061\" alt=\"Stechleiste\" width=\"200\" \/><\/td>\n<td>\n<div>Stechleiste<\/div>\n<p>Zur Unterst\u00fctzung bei Stechschnitten ist auf dem L\u00fcftergeh\u00e4use eine Markierung angebracht. Dies sorgt f\u00fcr bessere Richtungskontrolle und sicherere Maschinenf\u00fchrung bei Stechschnitten.<\/td>\n<\/tr>\n<\/tbody>\n<\/table>\n<\/div>","protected":false},"excerpt":{"rendered":"<p>Um die Gefahren einer Motors\u00e4ge zu erkennen oder einzusch\u00e4tzen ist eine Einweisung notwendig. Zudem sind Anforderungen an die Sicherheitskleidung zu beachten. Sollten Unklarheiten bestehen, empfehlen wir eine Abholung vor Ort.<\/p>\n<p>Leichteste Hochleistungss\u00e4ge der 70 cm\u00b3-Hubraumklasse. Super wendig mit hervorragender Beschleunigung. Zum F\u00e4llen und Entasten in mittelstarken und starken Best\u00e4nden. Serienm\u00e4\u00dfig mit M-Tronic, HD2-Filter mit sehr guter Filterwirkung. Verliersichere Muttern am Kettenraddeckel vereinfachen den Kettenwechsel, werkzeuglose Tankverschl\u00fcsse zum einfachen und sicheren Bef\u00fcllen mit Betriebsstoffen, sparsamer 2-MIX-Motor.<\/p>\n<p><strong>Dieses Produkt wird vor Auslieferung einer kostenlosen \u00dcbergabeinspektion gem\u00e4\u00df STIHL \u201cPre-Delivery-Inspection\u201d-Richtlinien unterzogen. Das Produkt wird montiert, betriebsbereit und inklusive des Husqvarna Protokolls zur \u00dcbergabeinspektion an Ihre Adresse geliefert.<\/strong><\/p>","protected":false},"featured_media":1788,"template":"","meta":[],"product_brand":[],"product_cat":[34],"product_tag":[],"product_country":[1501],"class_list":{"0":"post-1807","1":"product","2":"type-product","3":"status-publish","4":"has-post-thumbnail","6":"product_cat-motorsage-thermische-motorsage","7":"product_country-germany","9":"first","10":"instock","11":"sale","12":"taxable","13":"shipping-taxable","14":"purchasable","15":"product-type-simple"},"_links":{"self":[{"href":"https:\/\/routinesfashione.com\/es\/wp-json\/wp\/v2\/product\/1807","targetHints":{"allow":["GET"]}}],"collection":[{"href":"https:\/\/routinesfashione.com\/es\/wp-json\/wp\/v2\/product"}],"about":[{"href":"https:\/\/routinesfashione.com\/es\/wp-json\/wp\/v2\/types\/product"}],"wp:featuredmedia":[{"embeddable":true,"href":"https:\/\/routinesfashione.com\/es\/wp-json\/wp\/v2\/media\/1788"}],"wp:attachment":[{"href":"https:\/\/routinesfashione.com\/es\/wp-json\/wp\/v2\/media?parent=1807"}],"wp:term":[{"taxonomy":"product_brand","embeddable":true,"href":"https:\/\/routinesfashione.com\/es\/wp-json\/wp\/v2\/product_brand?post=1807"},{"taxonomy":"product_cat","embeddable":true,"href":"https:\/\/routinesfashione.com\/es\/wp-json\/wp\/v2\/product_cat?post=1807"},{"taxonomy":"product_tag","embeddable":true,"href":"https:\/\/routinesfashione.com\/es\/wp-json\/wp\/v2\/product_tag?post=1807"},{"taxonomy":"product_country","embeddable":true,"href":"https:\/\/routinesfashione.com\/es\/wp-json\/wp\/v2\/product_country?post=1807"}],"curies":[{"name":"wp","href":"https:\/\/api.w.org\/{rel}","templated":true}]}}