{"id":1833,"date":"2025-09-30T20:53:36","date_gmt":"2025-09-30T20:53:36","guid":{"rendered":"https:\/\/lightgray-crow-170497.hostingersite.com\/?post_type=product&#038;p=1833"},"modified":"2025-09-30T20:53:36","modified_gmt":"2025-09-30T20:53:36","slug":"philips-ep3347-90","status":"publish","type":"product","link":"https:\/\/routinesfashione.com\/es\/produit\/philips-ep3347-90\/","title":{"rendered":"Philips EP3347\/90"},"content":{"rendered":"<ul class=\"p-s08__table\">\n<li class=\"p-s08__spec\">\n<p class=\"p-heading-03 p-heading-light p-s08__spec-title\">Caract\u00e9ristiques g\u00e9n\u00e9rales<\/p>\n<dl class=\"p-s08__main-list\">\n<dt class=\"p-heading-04 p-heading-bold p-s08__main-list-title\">Source de caf\u00e9<\/dt>\n<dd>\n<div class=\"p-body-copy-02\">Caf\u00e9 en grain<\/div>\n<\/dd>\n<dt class=\"p-heading-04 p-heading-bold p-s08__main-list-title\">Implication des utilisateurs<\/dt>\n<dd>\n<div class=\"p-body-copy-02\">Simple pression sur un bouton<\/div>\n<\/dd>\n<dt class=\"p-heading-04 p-heading-bold p-s08__main-list-title\">Type de produit<\/dt>\n<dd>\n<div class=\"p-body-copy-02\">Machine espresso enti\u00e8rement auto.<\/div>\n<\/dd>\n<dt class=\"p-heading-04 p-heading-bold p-s08__main-list-title\">Boissons<\/dt>\n<dd>\n<div class=\"p-body-copy-02\">Espresso, caf\u00e9, cappuccino, latte macchiato, caf\u00e9 glac\u00e9, eau chaude<\/div>\n<\/dd>\n<dt class=\"p-heading-04 p-heading-bold p-s08__main-list-title\">Boissons pr\u00e9programm\u00e9es<\/dt>\n<dd>\n<div class=\"p-body-copy-02\">5<\/div>\n<\/dd>\n<dt class=\"p-heading-04 p-heading-bold p-s08__main-list-title\">Nombre de portions<\/dt>\n<dd>\n<div class=\"p-body-copy-02\">2<\/div>\n<\/dd>\n<dt class=\"p-heading-04 p-heading-bold p-s08__main-list-title\">Pression<\/dt>\n<dd>\n<div class=\"p-body-copy-02\">15\u00a0bars<\/div>\n<\/dd>\n<dt class=\"p-heading-04 p-heading-bold p-s08__main-list-title\">Broyeur int\u00e9gr\u00e9<\/dt>\n<dd>\n<div class=\"p-body-copy-02\">Oui<\/div>\n<\/dd>\n<dt class=\"p-heading-04 p-heading-bold p-s08__main-list-title\">R\u00e9glages du broyeur<\/dt>\n<dd>\n<div class=\"p-body-copy-02\">12<\/div>\n<\/dd>\n<dt class=\"p-heading-04 p-heading-bold p-s08__main-list-title\">Capacit\u00e9 du bac \u00e0 grains<\/dt>\n<dd>\n<div class=\"p-body-copy-02\">275\u00a0g<\/div>\n<\/dd>\n<dt class=\"p-heading-04 p-heading-bold p-s08__main-list-title\">Moussage du lait<\/dt>\n<dd>\n<div class=\"p-body-copy-02\">Oui<\/div>\n<\/dd>\n<dt class=\"p-heading-04 p-heading-bold p-s08__main-list-title\">Solution lait<\/dt>\n<dd>\n<div class=\"p-body-copy-02\">Latte\u00a0Go<\/div>\n<\/dd>\n<dt class=\"p-heading-04 p-heading-bold p-s08__main-list-title\">Carafe \u00e0 lait<\/dt>\n<dd>\n<div class=\"p-body-copy-02\">0,26\u00a0l<\/div>\n<\/dd>\n<dt class=\"p-heading-04 p-heading-bold p-s08__main-list-title\">Capacit\u00e9 du r\u00e9servoir d&#8217;eau<\/dt>\n<dd>\n<div class=\"p-body-copy-02\">1,8\u00a0l<\/div>\n<\/dd>\n<dt class=\"p-heading-04 p-heading-bold p-s08__main-list-title\">Profils<\/dt>\n<dd>\n<div class=\"p-body-copy-02\">Non<\/div>\n<\/dd>\n<dt class=\"p-heading-04 p-heading-bold p-s08__main-list-title\">Mat\u00e9riau principal<\/dt>\n<dd>\n<div class=\"p-body-copy-02\">Plastique<\/div>\n<\/dd>\n<dt class=\"p-heading-04 p-heading-bold p-s08__main-list-title\">Mat\u00e9riau secondaire<\/dt>\n<dd>\n<div class=\"p-body-copy-02\">M\u00e9tal<\/div>\n<\/dd>\n<dt class=\"p-heading-04 p-heading-bold p-s08__main-list-title\">Technologie<\/dt>\n<dd>\n<div class=\"p-body-copy-02\">SilentBrew, LatteGo<\/div>\n<\/dd>\n<dt class=\"p-heading-04 p-heading-bold p-s08__main-list-title\">Interface<\/dt>\n<dd>\n<div class=\"p-body-copy-02\">\u00c9cran tactile intuitif<\/div>\n<\/dd>\n<dt class=\"p-heading-04 p-heading-bold p-s08__main-list-title\">Garantie<\/dt>\n<dd>\n<div class=\"p-body-copy-02\">2\u00a0ans<\/div>\n<\/dd>\n<dt class=\"p-heading-04 p-heading-bold p-s08__main-list-title\">Connectivit\u00e9<\/dt>\n<dd>\n<div class=\"p-body-copy-02\">Non<\/div>\n<\/dd>\n<dt class=\"p-heading-04 p-heading-bold p-s08__main-list-title\">Pi\u00e8ces compatibles lave-vaisselle<\/dt>\n<dd>\n<div class=\"p-body-copy-02\">Oui<\/div>\n<\/dd>\n<\/dl>\n<\/li>\n<li class=\"p-s08__spec\">\n<p class=\"p-heading-03 p-heading-light p-s08__spec-title\">Caract\u00e9ristiques techniques<\/p>\n<dl class=\"p-s08__main-list\">\n<dt class=\"p-heading-04 p-heading-bold p-s08__main-list-title\">Classe \u00e9nerg\u00e9tique<\/dt>\n<dd>\n<div class=\"p-body-copy-02\">Classe\u00a0A<\/div>\n<\/dd>\n<dt class=\"p-heading-04 p-heading-bold p-s08__main-list-title\">Puissance<\/dt>\n<dd>\n<div class=\"p-body-copy-02\">1\u00a0500\u00a0W<\/div>\n<\/dd>\n<dt class=\"p-heading-04 p-heading-bold p-s08__main-list-title\">Tension<\/dt>\n<dd>\n<div class=\"p-body-copy-02\">230\u00a0V<\/div>\n<\/dd>\n<dt class=\"p-heading-04 p-heading-bold p-s08__main-list-title\">Fr\u00e9quence<\/dt>\n<dd>\n<div class=\"p-body-copy-02\">50\u00a0Hz<\/div>\n<\/dd>\n<dt class=\"p-heading-04 p-heading-bold p-s08__main-list-title\">Nombre dans le lot<\/dt>\n<dd>\n<div class=\"p-body-copy-02\">1<\/div>\n<\/dd>\n<\/dl>\n<\/li>\n<li class=\"p-s08__spec p-s08__toggle-item\">\n<p class=\"p-heading-03 p-heading-light p-s08__spec-title\">Fonction de s\u00e9curit\u00e9<\/p>\n<dl class=\"p-s08__main-list\">\n<dt class=\"p-heading-04 p-heading-bold p-s08__main-list-title\">Arr\u00eat automatique<\/dt>\n<dd>\n<div class=\"p-body-copy-02\">Oui<\/div>\n<\/dd>\n<dt class=\"p-heading-04 p-heading-bold p-s08__main-list-title\">Certification de s\u00e9curit\u00e9<\/dt>\n<dd>\n<div class=\"p-body-copy-02\">Oui<\/div>\n<\/dd>\n<\/dl>\n<\/li>\n<li class=\"p-s08__spec p-s08__toggle-item\">\n<p class=\"p-heading-03 p-heading-light p-s08__spec-title\">Poids et dimensions<\/p>\n<dl class=\"p-s08__main-list\">\n<dt class=\"p-heading-04 p-heading-bold p-s08__main-list-title\">Longueur du produit<\/dt>\n<dd>\n<div class=\"p-body-copy-02\">433\u00a0mm<\/div>\n<\/dd>\n<dt class=\"p-heading-04 p-heading-bold p-s08__main-list-title\">Largeur du produit<\/dt>\n<dd>\n<div class=\"p-body-copy-02\">246\u00a0mm<\/div>\n<\/dd>\n<dt class=\"p-heading-04 p-heading-bold p-s08__main-list-title\">Hauteur du produit<\/dt>\n<dd>\n<div class=\"p-body-copy-02\">371\u00a0mm<\/div>\n<\/dd>\n<dt class=\"p-heading-04 p-heading-bold p-s08__main-list-title\">Poids du produit<\/dt>\n<dd>\n<div class=\"p-body-copy-02\">8\u00a0kg<\/div>\n<\/dd>\n<dt class=\"p-heading-04 p-heading-bold p-s08__main-list-title\">Longueur de l&#8217;emballage<\/dt>\n<dd>\n<div class=\"p-body-copy-02\">491,5\u00a0mm<\/div>\n<\/dd>\n<dt class=\"p-heading-04 p-heading-bold p-s08__main-list-title\">Largeur de l&#8217;emballage<\/dt>\n<dd>\n<div class=\"p-body-copy-02\">287,5\u00a0mm<\/div>\n<\/dd>\n<dt class=\"p-heading-04 p-heading-bold p-s08__main-list-title\">Hauteur de l&#8217;emballage<\/dt>\n<dd>\n<div class=\"p-body-copy-02\">487\u00a0mm<\/div>\n<\/dd>\n<dt class=\"p-heading-04 p-heading-bold p-s08__main-list-title\">Poids de l&#8217;emballage<\/dt>\n<dd>\n<div class=\"p-body-copy-02\">10-12,3\u00a0kg<\/div>\n<\/dd>\n<\/dl>\n<\/li>\n<li class=\"p-s08__spec p-s08__toggle-item\">\n<p class=\"p-heading-03 p-heading-light p-s08__spec-title\">Compatibilit\u00e9<\/p>\n<dl class=\"p-s08__main-list\">\n<dt class=\"p-heading-04 p-heading-bold p-s08__main-list-title\">Accessoires inclus\u00a02<\/dt>\n<dd>\n<div class=\"p-body-copy-02\">Cuill\u00e8re de mesure<\/div>\n<\/dd>\n<dt class=\"p-heading-04 p-heading-bold p-s08__main-list-title\">Accessoires inclus\u00a03<\/dt>\n<dd>\n<div class=\"p-body-copy-02\">Bandelette de mesure de la duret\u00e9 de l&#8217;eau<\/div>\n<\/dd>\n<dt class=\"p-heading-04 p-heading-bold p-s08__main-list-title\">Accessoires associ\u00e9s\u00a01<\/dt>\n<dd>\n<div class=\"p-body-copy-02\">Pastilles d\u00e9graissantes<\/div>\n<\/dd>\n<dt class=\"p-heading-04 p-heading-bold p-s08__main-list-title\">Accessoires associ\u00e9s\u00a02<\/dt>\n<dd>\n<div class=\"p-body-copy-02\">D\u00e9tartrant pour machine espresso<\/div>\n<\/dd>\n<dt class=\"p-heading-04 p-heading-bold p-s08__main-list-title\">Accessoires associ\u00e9s\u00a03<\/dt>\n<dd>\n<div class=\"p-body-copy-02\">Brosse de nettoyage<\/div>\n<\/dd>\n<dt class=\"p-heading-04 p-heading-bold p-s08__main-list-title\">Accessoires associ\u00e9s\u00a04<\/dt>\n<dd>\n<div class=\"p-body-copy-02\">Lubrifiant pour groupe caf\u00e9 Philips<\/div>\n<\/dd>\n<dt class=\"p-heading-04 p-heading-bold p-s08__main-list-title\">Accessoires inclus\u00a04<\/dt>\n<dd>\n<div class=\"p-body-copy-02\">Filtre AquaClean<\/div>\n<\/dd>\n<dt class=\"p-heading-04 p-heading-bold p-s08__main-list-title\">Accessoires inclus\u00a05<\/dt>\n<dd>\n<div class=\"p-body-copy-02\">Couvercle de conservation LatteGo<\/div>\n<\/dd>\n<\/dl>\n<\/li>\n<li class=\"p-s08__spec p-s08__toggle-item\">\n<p class=\"p-heading-03 p-heading-light p-s08__spec-title\">Solidit\u00e9<\/p>\n<dl class=\"p-s08__main-list\">\n<dt class=\"p-heading-04 p-heading-bold p-s08__main-list-title\">Manuel d&#8217;utilisation<\/dt>\n<dd>\n<div class=\"p-body-copy-02\">&gt;\u00a075\u00a0% de papier recycl\u00e9<\/div>\n<\/dd>\n<dt class=\"p-heading-04 p-heading-bold p-s08__main-list-title\">Emballage<\/dt>\n<dd>\n<div class=\"p-body-copy-02\">&gt;\u00a095\u00a0% de mat\u00e9riaux recycl\u00e9s<\/div>\n<\/dd>\n<\/dl>\n<\/li>\n<li class=\"p-s08__spec p-s08__toggle-item\">\n<p class=\"p-heading-03 p-heading-light p-s08__spec-title\">Pays d&#8217;origine<\/p>\n<dl class=\"p-s08__main-list\">\n<dt class=\"p-heading-04 p-heading-bold p-s08__main-list-title\">Fabriqu\u00e9 en<\/dt>\n<dd>\n<div class=\"p-body-copy-02\">Chine, Roumanie<\/div>\n<\/dd>\n<\/dl>\n<\/li>\n<li class=\"p-s08__spec p-s08__toggle-item\">\n<p class=\"p-heading-03 p-heading-light p-s08__spec-title\">Faible consommation<\/p>\n<dl class=\"p-s08__main-list\">\n<dt class=\"p-heading-04 p-heading-bold p-s08__main-list-title\">Consommation en mode veille<\/dt>\n<dd>\n<div class=\"p-body-copy-02\">0,2\u00a0W<\/div>\n<\/dd>\n<dt class=\"p-heading-04 p-heading-bold p-s08__main-list-title\">Consommation en mode arr\u00eat<\/dt>\n<dd>\n<div class=\"p-body-copy-02\">S. O.<\/div>\n<\/dd>\n<dt class=\"p-heading-04 p-heading-bold p-s08__main-list-title\">Consommation en mode veille r\u00e9seau<\/dt>\n<dd>\n<div class=\"p-body-copy-02\">S. O.<\/div>\n<\/dd>\n<dt class=\"p-heading-04 p-heading-bold p-s08__main-list-title\">D\u00e9lai de passage automatique en mode veille<\/dt>\n<dd>\n<div class=\"p-body-copy-02\">30\u00a0min<\/div>\n<\/dd>\n<dt class=\"p-heading-04 p-heading-bold p-s08__main-list-title\">Norme de mesure<\/dt>\n<dd>\n<div class=\"p-body-copy-02\">EN\u00a050564:2011<\/div>\n<\/dd>\n<\/dl>\n<\/li>\n<\/ul>","protected":false},"excerpt":{"rendered":"<p>Caract\u00e9ristiques g\u00e9n\u00e9rales Source de caf\u00e9 Caf\u00e9 en grain Implication des utilisateurs Simple pression sur un bouton Type de produit Machine<\/p>","protected":false},"featured_media":14165,"template":"","meta":[],"product_brand":[],"product_cat":[61],"product_tag":[1514],"product_country":[1503],"class_list":{"0":"post-1833","1":"product","2":"type-product","3":"status-publish","4":"has-post-thumbnail","6":"product_cat-sale-france","7":"product_tag-sale-france","8":"product_country-france","10":"first","11":"instock","12":"sale","13":"taxable","14":"shipping-taxable","15":"purchasable","16":"product-type-simple"},"_links":{"self":[{"href":"https:\/\/routinesfashione.com\/es\/wp-json\/wp\/v2\/product\/1833","targetHints":{"allow":["GET"]}}],"collection":[{"href":"https:\/\/routinesfashione.com\/es\/wp-json\/wp\/v2\/product"}],"about":[{"href":"https:\/\/routinesfashione.com\/es\/wp-json\/wp\/v2\/types\/product"}],"wp:featuredmedia":[{"embeddable":true,"href":"https:\/\/routinesfashione.com\/es\/wp-json\/wp\/v2\/media\/14165"}],"wp:attachment":[{"href":"https:\/\/routinesfashione.com\/es\/wp-json\/wp\/v2\/media?parent=1833"}],"wp:term":[{"taxonomy":"product_brand","embeddable":true,"href":"https:\/\/routinesfashione.com\/es\/wp-json\/wp\/v2\/product_brand?post=1833"},{"taxonomy":"product_cat","embeddable":true,"href":"https:\/\/routinesfashione.com\/es\/wp-json\/wp\/v2\/product_cat?post=1833"},{"taxonomy":"product_tag","embeddable":true,"href":"https:\/\/routinesfashione.com\/es\/wp-json\/wp\/v2\/product_tag?post=1833"},{"taxonomy":"product_country","embeddable":true,"href":"https:\/\/routinesfashione.com\/es\/wp-json\/wp\/v2\/product_country?post=1833"}],"curies":[{"name":"wp","href":"https:\/\/api.w.org\/{rel}","templated":true}]}}