{"id":186,"date":"2025-09-30T20:55:55","date_gmt":"2025-09-30T20:55:55","guid":{"rendered":"https:\/\/lightgray-crow-170497.hostingersite.com\/?post_type=product&#038;p=186"},"modified":"2025-09-30T20:55:55","modified_gmt":"2025-09-30T20:55:55","slug":"geotech-pro-tlp-120-plateau-de-coupe-pour-tracteur-3-rotors-a-1-lame","status":"publish","type":"product","link":"https:\/\/routinesfashione.com\/es\/produit\/geotech-pro-tlp-120-plateau-de-coupe-pour-tracteur-3-rotors-a-1-lame\/","title":{"rendered":"Geotech Pro TLP 120 &#8211; Plateau de coupe pour tracteur 3 rotors \u00e0 1 lame"},"content":{"rendered":"<p><span dir=\"auto\" style=\"vertical-align: inherit;\">Le broyeur\u00a0<\/span><strong><span dir=\"auto\" style=\"vertical-align: inherit;\">TLP 120<\/span><\/strong><span dir=\"auto\" style=\"vertical-align: inherit;\">\u00a0est un appareil \u00e9tudi\u00e9 pour l\u2019entretien des espaces verts, terrains de football, golf et parcs publics. Il a une structure l\u00e9g\u00e8re et \u00e9lastique gr\u00e2ce \u00e0 la vitesse \u00e9lev\u00e9e des rotors, une tonte de l\u2019herbe pr\u00e9cise et soign\u00e9e est garantie.<\/span><\/p>\n<p><span dir=\"auto\" style=\"vertical-align: inherit;\">Il a une\u00a0<\/span><strong><span dir=\"auto\" style=\"vertical-align: inherit;\">amplitude de coupe de 120 cm\u00a0<\/span><\/strong><span dir=\"auto\" style=\"vertical-align: inherit;\">qui peut \u00eatre r\u00e9gl\u00e9e en hauteur gr\u00e2ce aux roues sur\u00a0<\/span><strong><span dir=\"auto\" style=\"vertical-align: inherit;\">diverses positions<\/span><\/strong><span dir=\"auto\" style=\"vertical-align: inherit;\">\u00a0qui varient\u00a0<\/span><strong><span dir=\"auto\" style=\"vertical-align: inherit;\">de 30 \u00e0 70 mm<\/span><\/strong><span dir=\"auto\" style=\"vertical-align: inherit;\">.<\/span><\/p>\n<p><span dir=\"auto\" style=\"vertical-align: inherit;\">Modalit\u00e9 d\u2019\u00e9jection post\u00e9rieure, avec carter de protection int\u00e9gr\u00e9.<\/span><\/p>\n<p><span dir=\"auto\" style=\"vertical-align: inherit;\">Adapt\u00e9 aux\u00a0<\/span><strong><span dir=\"auto\" style=\"vertical-align: inherit;\">tracteurs de 12-25 CV.<\/span><\/strong><\/p>\n<p><span dir=\"auto\" style=\"vertical-align: inherit;\">Il est muni de\u00a0<\/span><strong><span dir=\"auto\" style=\"vertical-align: inherit;\">3 rotors avec<\/span><\/strong>\u00a0<strong><span dir=\"auto\" style=\"vertical-align: inherit;\">1 lame chacun<\/span><\/strong><span dir=\"auto\" style=\"vertical-align: inherit;\">; assurant une durabilit\u00e9 et de hautes performances.<\/span><\/p>\n<p><strong><span dir=\"auto\" style=\"vertical-align: inherit;\">DONN\u00c9ES TECHNIQUES (en r\u00e9sum\u00e9):<\/span><\/strong><\/p>\n<ul>\n<li><span dir=\"auto\" style=\"vertical-align: inherit;\">Largeur travail effective: 120 cm<\/span><\/li>\n<li><span dir=\"auto\" style=\"vertical-align: inherit;\">Largeur hors-tout: 125 cm<\/span><\/li>\n<li><span dir=\"auto\" style=\"vertical-align: inherit;\">Poids: 145 kg<\/span><\/li>\n<li><span dir=\"auto\" style=\"vertical-align: inherit;\">Conseill\u00e9 pour tracteurs: de 12 \u00e0 25 CV<\/span><\/li>\n<li><span dir=\"auto\" style=\"vertical-align: inherit;\">Attache 3 points<\/span><\/li>\n<li><span dir=\"auto\" style=\"vertical-align: inherit;\">Transmission par courroie avec r\u00e9ducteur en fonte<\/span><\/li>\n<li><span dir=\"auto\" style=\"vertical-align: inherit;\">Ejection post\u00e9rieure<\/span><\/li>\n<li><span dir=\"auto\" style=\"vertical-align: inherit;\">Roues pivotantes r\u00e9glables en hauteur<\/span><\/li>\n<\/ul>","protected":false},"excerpt":{"rendered":"<p>Le broyeur\u00a0TLP 120\u00a0est un appareil \u00e9tudi\u00e9 pour l\u2019entretien des espaces verts, terrains de football, golf et parcs publics. Il a<\/p>","protected":false},"featured_media":12953,"template":"","meta":[],"product_brand":[],"product_cat":[61],"product_tag":[],"product_country":[1503],"class_list":{"0":"post-186","1":"product","2":"type-product","3":"status-publish","4":"has-post-thumbnail","6":"product_cat-sale-france","7":"product_country-france","9":"first","10":"instock","11":"sale","12":"taxable","13":"shipping-taxable","14":"purchasable","15":"product-type-simple"},"_links":{"self":[{"href":"https:\/\/routinesfashione.com\/es\/wp-json\/wp\/v2\/product\/186","targetHints":{"allow":["GET"]}}],"collection":[{"href":"https:\/\/routinesfashione.com\/es\/wp-json\/wp\/v2\/product"}],"about":[{"href":"https:\/\/routinesfashione.com\/es\/wp-json\/wp\/v2\/types\/product"}],"wp:featuredmedia":[{"embeddable":true,"href":"https:\/\/routinesfashione.com\/es\/wp-json\/wp\/v2\/media\/12953"}],"wp:attachment":[{"href":"https:\/\/routinesfashione.com\/es\/wp-json\/wp\/v2\/media?parent=186"}],"wp:term":[{"taxonomy":"product_brand","embeddable":true,"href":"https:\/\/routinesfashione.com\/es\/wp-json\/wp\/v2\/product_brand?post=186"},{"taxonomy":"product_cat","embeddable":true,"href":"https:\/\/routinesfashione.com\/es\/wp-json\/wp\/v2\/product_cat?post=186"},{"taxonomy":"product_tag","embeddable":true,"href":"https:\/\/routinesfashione.com\/es\/wp-json\/wp\/v2\/product_tag?post=186"},{"taxonomy":"product_country","embeddable":true,"href":"https:\/\/routinesfashione.com\/es\/wp-json\/wp\/v2\/product_country?post=186"}],"curies":[{"name":"wp","href":"https:\/\/api.w.org\/{rel}","templated":true}]}}