{"id":1876,"date":"2025-09-30T20:53:36","date_gmt":"2025-09-30T20:53:36","guid":{"rendered":"https:\/\/lightgray-crow-170497.hostingersite.com\/?post_type=product&#038;p=1876"},"modified":"2025-09-30T20:53:36","modified_gmt":"2025-09-30T20:53:36","slug":"groupe-electrogene-inverseur-elmag-sebss-3000wi-avec-moteur-yamaha-mz175-super-insonorise-53046","status":"publish","type":"product","link":"https:\/\/routinesfashione.com\/es\/produit\/groupe-electrogene-inverseur-elmag-sebss-3000wi-avec-moteur-yamaha-mz175-super-insonorise-53046\/","title":{"rendered":"Groupe \u00e9lectrog\u00e8ne inverseur ELMAG SEBSS 3000Wi avec moteur YAMAHA MZ175 super-insonoris\u00e9 53046"},"content":{"rendered":"<p><strong><span dir=\"auto\">G\u00e9n\u00e9rateur onduleur SEBSS 3000Wi (53046)<\/span><\/strong><\/p>\n<ul>\n<li><span dir=\"auto\">Puissance maximale 3 kVA<\/span><\/li>\n<li><span dir=\"auto\">Puissance continue 2,6 kVA<\/span><\/li>\n<li><span dir=\"auto\">Port de charge de batterie 12 V + port USB 5 volts<\/span><\/li>\n<li><span dir=\"auto\">Moteur \u00e0 essence 4 temps d&#8217;origine Yamaha, puissance d&#8217;entra\u00eenement 3,5 kW<\/span><\/li>\n<li><span dir=\"auto\">Refroidissement par air efficace<\/span><\/li>\n<li><span dir=\"auto\">4 h d&#8217;autonomie \u00e0 75 % de charge<\/span><\/li>\n<li><span dir=\"auto\">Consommation seulement 1,6 l\/h<\/span><\/li>\n<li><span dir=\"auto\">Extra silencieux &#8211; max. 71 dB(A)<\/span><\/li>\n<li><span dir=\"auto\">Manipulation facile &#8211; d\u00e9marrage en marche arri\u00e8re avec Yamaha EasyStart<\/span><\/li>\n<li><span dir=\"auto\">Indicateur d&#8217;\u00e9tat LED et affichage num\u00e9rique<\/span><\/li>\n<li><span dir=\"auto\">Classe de protection IP23<\/span><\/li>\n<li><span dir=\"auto\">Arr\u00eat automatique en cas de manque d&#8217;huile<\/span><\/li>\n<li><span dir=\"auto\">Protection contre les surcharges et les courts-circuits<\/span><\/li>\n<li><span dir=\"auto\">ECO-Automatique<\/span><\/li>\n<li><span dir=\"auto\">Fonctionnement parall\u00e8le possible<\/span><\/li>\n<li><span dir=\"auto\">2 prises Schuko 230 V<\/span><\/li>\n<li><span dir=\"auto\">Ch\u00e2ssis int\u00e9gr\u00e9<\/span><\/li>\n<\/ul>\n<h3 class=\"typography text-title4 font-bold leading-title4\">Caract\u00e9ristiques<\/h3>\n<ul>\n<li class=\"flex items-center p-s odd:bg-brand-secondary\">\n<div class=\"typography text-background-primary overflow-wrap-break-word mr-m flex w-full max-w-[137px] tablet:max-w-[250px] desktop:max-w-[250px] wide:max-w-[250px] font-semibold text-body2 leading-body2\">Poids<\/div>\n<div class=\"typography overflow-wrap-break-word text-foundation-quaternary font-regular text-body2 leading-body2\"><span dir=\"auto\">43 kg<\/span><\/div>\n<\/li>\n<li class=\"flex items-center p-s odd:bg-brand-secondary\">\n<div class=\"typography text-background-primary overflow-wrap-break-word mr-m flex w-full max-w-[137px] tablet:max-w-[250px] desktop:max-w-[250px] wide:max-w-[250px] font-semibold text-body2 leading-body2\">Puissance<\/div>\n<div class=\"typography overflow-wrap-break-word text-foundation-quaternary font-regular text-body2 leading-body2\"><span dir=\"auto\">3000 W<\/span><\/div>\n<\/li>\n<li class=\"flex items-center p-s odd:bg-brand-secondary\">\n<div class=\"typography text-background-primary overflow-wrap-break-word mr-m flex w-full max-w-[137px] tablet:max-w-[250px] desktop:max-w-[250px] wide:max-w-[250px] font-semibold text-body2 leading-body2\">Autonomie<\/div>\n<div class=\"typography overflow-wrap-break-word text-foundation-quaternary font-regular text-body2 leading-body2\"><span dir=\"auto\">4 h<\/span><\/div>\n<\/li>\n<li class=\"flex items-center p-s odd:bg-brand-secondary\">\n<div class=\"typography text-background-primary overflow-wrap-break-word mr-m flex w-full max-w-[137px] tablet:max-w-[250px] desktop:max-w-[250px] wide:max-w-[250px] font-semibold text-body2 leading-body2\">Puissance sonore<\/div>\n<div class=\"typography overflow-wrap-break-word text-foundation-quaternary font-regular text-body2 leading-body2\"><span dir=\"auto\">71 dB<\/span><\/div>\n<\/li>\n<li class=\"flex items-center p-s odd:bg-brand-secondary\">\n<div class=\"typography text-background-primary overflow-wrap-break-word mr-m flex w-full max-w-[137px] tablet:max-w-[250px] desktop:max-w-[250px] wide:max-w-[250px] font-semibold text-body2 leading-body2\">Mati\u00e8res<\/div>\n<div class=\"typography overflow-wrap-break-word text-foundation-quaternary font-regular text-body2 leading-body2\">M\u00e9tal<\/div>\n<\/li>\n<li class=\"flex items-center p-s odd:bg-brand-secondary\">\n<div class=\"typography text-background-primary overflow-wrap-break-word mr-m flex w-full max-w-[137px] tablet:max-w-[250px] desktop:max-w-[250px] wide:max-w-[250px] font-semibold text-body2 leading-body2\">Motorisation<\/div>\n<div class=\"typography overflow-wrap-break-word text-foundation-quaternary font-regular text-body2 leading-body2\">4 temps<\/div>\n<\/li>\n<li class=\"flex items-center p-s odd:bg-brand-secondary\">\n<div class=\"typography text-background-primary overflow-wrap-break-word mr-m flex w-full max-w-[137px] tablet:max-w-[250px] desktop:max-w-[250px] wide:max-w-[250px] font-semibold text-body2 leading-body2\">Carburant<\/div>\n<div class=\"typography overflow-wrap-break-word text-foundation-quaternary font-regular text-body2 leading-body2\"><span dir=\"auto\">Diesel<\/span><\/div>\n<\/li>\n<li class=\"flex items-center p-s odd:bg-brand-secondary\">\n<div class=\"typography text-background-primary overflow-wrap-break-word mr-m flex w-full max-w-[137px] tablet:max-w-[250px] desktop:max-w-[250px] wide:max-w-[250px] font-semibold text-body2 leading-body2\">Type d&#8217;\u00e9nergie<\/div>\n<div class=\"typography overflow-wrap-break-word text-foundation-quaternary font-regular text-body2 leading-body2\">Thermique<\/div>\n<\/li>\n<li class=\"flex items-center p-s odd:bg-brand-secondary\">\n<div class=\"typography text-background-primary overflow-wrap-break-word mr-m flex w-full max-w-[137px] tablet:max-w-[250px] desktop:max-w-[250px] wide:max-w-[250px] font-semibold text-body2 leading-body2\"><span dir=\"auto\">Nom de la ou des sorties<\/span><\/div>\n<div class=\"typography overflow-wrap-break-word text-foundation-quaternary font-regular text-body2 leading-body2\">2 sorties<\/div>\n<\/li>\n<li class=\"flex items-center p-s odd:bg-brand-secondary\">\n<div class=\"typography text-background-primary overflow-wrap-break-word mr-m flex w-full max-w-[137px] tablet:max-w-[250px] desktop:max-w-[250px] wide:max-w-[250px] font-semibold text-body2 leading-body2\"><span dir=\"auto\">Certification NF<\/span><\/div>\n<div class=\"typography overflow-wrap-break-word text-foundation-quaternary font-regular text-body2 leading-body2\"><span dir=\"auto\">NF230<\/span><\/div>\n<\/li>\n<li class=\"flex items-center p-s odd:bg-brand-secondary\">\n<div class=\"typography text-background-primary overflow-wrap-break-word mr-m flex w-full max-w-[137px] tablet:max-w-[250px] desktop:max-w-[250px] wide:max-w-[250px] font-semibold text-body2 leading-body2\">Type de groupe \u00e9lectrog\u00e8ne<\/div>\n<div class=\"typography overflow-wrap-break-word text-foundation-quaternary font-regular text-body2 leading-body2\"><span dir=\"auto\">onduleur<\/span><\/div>\n<\/li>\n<li class=\"flex items-center p-s odd:bg-brand-secondary\">\n<div class=\"typography text-background-primary overflow-wrap-break-word mr-m flex w-full max-w-[137px] tablet:max-w-[250px] desktop:max-w-[250px] wide:max-w-[250px] font-semibold text-body2 leading-body2\"><span dir=\"auto\">R\u00e9f. ManoMano<\/span><\/div>\n<div class=\"typography overflow-wrap-break-word text-foundation-quaternary font-regular text-body2 leading-body2\"><span dir=\"auto\">ME85806595<\/span><\/div>\n<\/li>\n<li class=\"flex items-center p-s odd:bg-brand-secondary\">\n<div class=\"typography text-background-primary overflow-wrap-break-word mr-m flex w-full max-w-[137px] tablet:max-w-[250px] desktop:max-w-[250px] wide:max-w-[250px] font-semibold text-body2 leading-body2\"><span dir=\"auto\">MMID<\/span><\/div>\n<div class=\"typography overflow-wrap-break-word text-foundation-quaternary font-regular text-body2 leading-body2\"><span dir=\"auto\">965101468314<\/span><\/div>\n<\/li>\n<li class=\"flex items-center p-s odd:bg-brand-secondary\">\n<div class=\"typography text-background-primary overflow-wrap-break-word mr-m flex w-full max-w-[137px] tablet:max-w-[250px] desktop:max-w-[250px] wide:max-w-[250px] font-semibold text-body2 leading-body2\">R\u00e9f. fabricant<\/div>\n<div class=\"typography overflow-wrap-break-word text-foundation-quaternary font-regular text-body2 leading-body2\"><span dir=\"auto\">53046<\/span><\/div>\n<\/li>\n<\/ul>","protected":false},"excerpt":{"rendered":"<p>G\u00e9n\u00e9rateur onduleur SEBSS 3000Wi (53046) Puissance maximale 3 kVA Puissance continue 2,6 kVA Port de charge de batterie 12 V<\/p>","protected":false},"featured_media":28523,"template":"","meta":[],"product_brand":[],"product_cat":[61],"product_tag":[1514],"product_country":[1503],"class_list":{"0":"post-1876","1":"product","2":"type-product","3":"status-publish","4":"has-post-thumbnail","6":"product_cat-sale-france","7":"product_tag-sale-france","8":"product_country-france","10":"first","11":"instock","12":"sale","13":"taxable","14":"shipping-taxable","15":"purchasable","16":"product-type-simple"},"_links":{"self":[{"href":"https:\/\/routinesfashione.com\/es\/wp-json\/wp\/v2\/product\/1876","targetHints":{"allow":["GET"]}}],"collection":[{"href":"https:\/\/routinesfashione.com\/es\/wp-json\/wp\/v2\/product"}],"about":[{"href":"https:\/\/routinesfashione.com\/es\/wp-json\/wp\/v2\/types\/product"}],"wp:featuredmedia":[{"embeddable":true,"href":"https:\/\/routinesfashione.com\/es\/wp-json\/wp\/v2\/media\/28523"}],"wp:attachment":[{"href":"https:\/\/routinesfashione.com\/es\/wp-json\/wp\/v2\/media?parent=1876"}],"wp:term":[{"taxonomy":"product_brand","embeddable":true,"href":"https:\/\/routinesfashione.com\/es\/wp-json\/wp\/v2\/product_brand?post=1876"},{"taxonomy":"product_cat","embeddable":true,"href":"https:\/\/routinesfashione.com\/es\/wp-json\/wp\/v2\/product_cat?post=1876"},{"taxonomy":"product_tag","embeddable":true,"href":"https:\/\/routinesfashione.com\/es\/wp-json\/wp\/v2\/product_tag?post=1876"},{"taxonomy":"product_country","embeddable":true,"href":"https:\/\/routinesfashione.com\/es\/wp-json\/wp\/v2\/product_country?post=1876"}],"curies":[{"name":"wp","href":"https:\/\/api.w.org\/{rel}","templated":true}]}}