{"id":189,"date":"2025-09-30T20:55:55","date_gmt":"2025-09-30T20:55:55","guid":{"rendered":"https:\/\/lightgray-crow-170497.hostingersite.com\/?post_type=product&#038;p=189"},"modified":"2025-09-30T20:55:55","modified_gmt":"2025-09-30T20:55:55","slug":"tondeuse-a-batterie-ego-lm2135e-sp","status":"publish","type":"product","link":"https:\/\/routinesfashione.com\/es\/produit\/tondeuse-a-batterie-ego-lm2135e-sp\/","title":{"rendered":"Tondeuse \u00e0 batterie EGO LM2135E-SP"},"content":{"rendered":"<p><span dir=\"auto\"><span dir=\"auto\" style=\"vertical-align: inherit;\">Faisant partie de la gamme EGO Professional, l&#8216;\u00a0 <\/span><\/span><span dir=\"auto\"><span dir=\"auto\" style=\"vertical-align: inherit;\">EGO <\/span><\/span><span dir=\"auto\"><span dir=\"auto\" style=\"vertical-align: inherit;\">\u00a0LM2135E-SP offre une g\u00e9n\u00e9reuse capacit\u00e9 de coupe de 52 cm, id\u00e9ale pour tondre avec pr\u00e9cision de grandes surfaces. Autotract\u00e9e pour plus de confort, elle vous offre la vitesse de coupe variable automatique, qui simplifie votre travail. Oubliez l&#8217;essence et optez pour un avenir plus propre, plus silencieux et plus s\u00fbr.<\/span><\/span><\/p>\n<p><span dir=\"auto\"><span dir=\"auto\" style=\"vertical-align: inherit;\">Disponible en kit, cette tondeuse sans fil est \u00e9quip\u00e9e d&#8217;une batterie EGO de 7,5 Ah permettant de couvrir jusqu&#8217;\u00e0 1\u00a0200 m\u00b2 avec une seule charge. Le chargeur rapide inclus, qui recharge la batterie en 60 minutes, est le plus performant du march\u00e9. Son poids de seulement 26 kg sans batterie (la batterie de 7,5 Ah p\u00e8se 2,9 kg), associ\u00e9 \u00e0 son carter de coupe en polypropyl\u00e8ne, offre une solution l\u00e9g\u00e8re pour vos besoins de tonte. Moins de pression sur la pelouse signifie \u00e9galement moins de risques d&#8217;endommagement et une utilisation quotidienne moins stressante et fatigante.\u00a0<\/span><\/span><\/p>\n<p><span dir=\"auto\"><span dir=\"auto\" style=\"vertical-align: inherit;\">Cette tondeuse est con\u00e7ue pour une large gamme d&#8217;utilisations\u00a0: vous avez le choix entre deux modes de tonte\u00a0: ramassage dans un grand panier de 70\u00a0L ou mulching avec\u00a0 <\/span><\/span><span dir=\"auto\"><span dir=\"auto\" style=\"vertical-align: inherit;\">le kit mulching ABP2100D-E en option <\/span><\/span><span dir=\"auto\"><span dir=\"auto\" style=\"vertical-align: inherit;\">\u00a0. Elle dispose de 7 niveaux de hauteur de tonte et d&#8217;un \u00e9clairage LED pour tondre m\u00eame le soir. Et en cas de pluie inattendue, gr\u00e2ce \u00e0 la protection IPX4, la tondeuse est prot\u00e9g\u00e9e contre l&#8217;eau.<\/span><\/span><\/p>\n<p>&nbsp;<\/p>\n<p><strong><span dir=\"auto\"><span dir=\"auto\" style=\"vertical-align: inherit;\">Livr\u00e9 avec\u00a0\u00a0 <\/span><\/span><span dir=\"auto\"><span dir=\"auto\" style=\"vertical-align: inherit;\">une batterie EGO BA4200T <\/span><\/span><span dir=\"auto\"><span dir=\"auto\" style=\"vertical-align: inherit;\">\u00a0\u00a07,5 Ah et\u00a0\u00a0 <\/span><\/span><span dir=\"auto\"><span dir=\"auto\" style=\"vertical-align: inherit;\">un chargeur rapide EGO CH5500E <\/span><\/span><span dir=\"auto\"><span dir=\"auto\" style=\"vertical-align: inherit;\">\u00a0\u00a0compatible avec d&#8217;autres produits de la gamme d&#8217;outils \u00e0 batterie EGO.<\/span><\/span><\/strong><\/p>\n<p>&nbsp;<\/p>\n<p><strong><span dir=\"auto\"><span dir=\"auto\" style=\"vertical-align: inherit;\">Compatibilit\u00e9 de la batterie avec la tondeuse LM2135E-SP :\u00a0<\/span><\/span><\/strong><\/p>\n<ul>\n<li><span dir=\"auto\"><span dir=\"auto\" style=\"vertical-align: inherit;\">Batterie embarqu\u00e9e EGO <\/span><\/span><span dir=\"auto\"><span dir=\"auto\" style=\"vertical-align: inherit;\">\u00a0\u00a0: BA1400T, BA2240T, BA2800T, BA4200T, BA5600T, BA6720T<\/span><\/span><\/li>\n<\/ul>\n<p>&nbsp;<\/p>\n<p><span dir=\"auto\"><span dir=\"auto\" style=\"vertical-align: inherit;\">Information\u00a0: Les produits EGO Power+ b\u00e9n\u00e9ficient d&#8217;une extension de garantie jusqu&#8217;\u00e0 5\u00a0ans s&#8217;ils sont\u00a0\u00a0 <\/span><\/span><span dir=\"auto\"><span dir=\"auto\" style=\"vertical-align: inherit;\">enregistr\u00e9s ici <\/span><\/span><span dir=\"auto\"><span dir=\"auto\" style=\"vertical-align: inherit;\">\u00a0dans les 30\u00a0jours suivant l&#8217;achat.\u00a0\u00a0 <\/span><\/span><span dir=\"auto\"><span dir=\"auto\" style=\"vertical-align: inherit;\">Consultez les conditions de garantie pour plus d&#8217;informations.<\/span><\/span><\/p>\n<div id=\"caracteristiques-tab\" class=\"kg-media-caracteristiques__accordion__title\"><strong><button class=\"\" type=\"button\"><span dir=\"auto\"><span dir=\"auto\" style=\"vertical-align: inherit;\">Caract\u00e9ristiques<\/span><\/span><\/button><\/strong><\/div>\n<div><\/div>\n<div id=\"collapse-caracteristiques\" class=\"kg-media-caracteristiques__accordion__content\">\n<div class=\"table detail_produit__caracteristiques\">\n<div class=\"table__body\">\n<div class=\"table__row\">\n<div class=\"table__column th\"><span dir=\"auto\"><span dir=\"auto\" style=\"vertical-align: inherit;\">Tension<\/span><\/span><\/div>\n<div class=\"table__column td\"><span dir=\"auto\"><span dir=\"auto\" style=\"vertical-align: inherit;\">56 V<\/span><\/span><\/div>\n<\/div>\n<div class=\"table__row\">\n<div class=\"table__column th\"><span dir=\"auto\"><span dir=\"auto\" style=\"vertical-align: inherit;\">Type de batterie<\/span><\/span><\/div>\n<div class=\"table__column td\"><span dir=\"auto\"><span dir=\"auto\" style=\"vertical-align: inherit;\">ARC au lithium<\/span><\/span><\/div>\n<\/div>\n<div class=\"table__row\">\n<div class=\"table__column th\"><span dir=\"auto\"><span dir=\"auto\" style=\"vertical-align: inherit;\">Type de carter<\/span><\/span><\/div>\n<div class=\"table__column td\"><span dir=\"auto\"><span dir=\"auto\" style=\"vertical-align: inherit;\">Polypropyl\u00e8ne<\/span><\/span><\/div>\n<\/div>\n<div class=\"table__row\">\n<div class=\"table__column th\"><span dir=\"auto\"><span dir=\"auto\" style=\"vertical-align: inherit;\">Largeur de coupe<\/span><\/span><\/div>\n<div class=\"table__column td\"><span dir=\"auto\"><span dir=\"auto\" style=\"vertical-align: inherit;\">52 cm<\/span><\/span><\/div>\n<\/div>\n<div class=\"table__row\">\n<div class=\"table__column th\"><span dir=\"auto\"><span dir=\"auto\" style=\"vertical-align: inherit;\">Hauteur de coupe<\/span><\/span><\/div>\n<div class=\"table__column td\"><span dir=\"auto\"><span dir=\"auto\" style=\"vertical-align: inherit;\">25 \u00e0 90 mm (7 niveaux)<\/span><\/span><\/div>\n<\/div>\n<div class=\"table__row\">\n<div class=\"table__column th\"><span dir=\"auto\"><span dir=\"auto\" style=\"vertical-align: inherit;\">Avancement<\/span><\/span><\/div>\n<div class=\"table__column td\"><span dir=\"auto\"><span dir=\"auto\" style=\"vertical-align: inherit;\">Vario &#8211; de 1,4 \u00e0 5 km\/h<\/span><\/span><\/div>\n<\/div>\n<div class=\"table__row\">\n<div class=\"table__column th\"><span dir=\"auto\"><span dir=\"auto\" style=\"vertical-align: inherit;\">Autonomie avec batterie BA1400T<\/span><\/span><\/div>\n<div class=\"table__column td\"><span dir=\"auto\"><span dir=\"auto\" style=\"vertical-align: inherit;\">333 m\u00b2<\/span><\/span><\/div>\n<\/div>\n<div class=\"table__row\">\n<div class=\"table__column th\"><span dir=\"auto\"><span dir=\"auto\" style=\"vertical-align: inherit;\">Autonomie avec batterie BA2240T<\/span><\/span><\/div>\n<div class=\"table__column td\"><span dir=\"auto\"><span dir=\"auto\" style=\"vertical-align: inherit;\">533 m\u00b2<\/span><\/span><\/div>\n<\/div>\n<div class=\"table__row\">\n<div class=\"table__column th\"><span dir=\"auto\"><span dir=\"auto\" style=\"vertical-align: inherit;\">Autonomie avec batterie BA2800T<\/span><\/span><\/div>\n<div class=\"table__column td\"><span dir=\"auto\"><span dir=\"auto\" style=\"vertical-align: inherit;\">666 m\u00b2<\/span><\/span><\/div>\n<\/div>\n<div class=\"table__row\">\n<div class=\"table__column th\"><span dir=\"auto\"><span dir=\"auto\" style=\"vertical-align: inherit;\">Autonomie avec batterie BA4200T<\/span><\/span><\/div>\n<div class=\"table__column td\"><span dir=\"auto\"><span dir=\"auto\" style=\"vertical-align: inherit;\">1 000 m\u00b2<\/span><\/span><\/div>\n<\/div>\n<div class=\"table__row\">\n<div class=\"table__column th\"><span dir=\"auto\"><span dir=\"auto\" style=\"vertical-align: inherit;\">Autonomie avec batterie BA5600T<\/span><\/span><\/div>\n<div class=\"table__column td\"><span dir=\"auto\"><span dir=\"auto\" style=\"vertical-align: inherit;\">1 333 m\u00b2<\/span><\/span><\/div>\n<\/div>\n<div class=\"table__row\">\n<div class=\"table__column th\"><span dir=\"auto\"><span dir=\"auto\" style=\"vertical-align: inherit;\">Autonomie avec batterie BA6720T<\/span><\/span><\/div>\n<div class=\"table__column td\"><span dir=\"auto\"><span dir=\"auto\" style=\"vertical-align: inherit;\">1 600 m\u00b2<\/span><\/span><\/div>\n<\/div>\n<div class=\"table__row\">\n<div class=\"table__column th\"><span dir=\"auto\"><span dir=\"auto\" style=\"vertical-align: inherit;\">\u00c9jection<\/span><\/span><\/div>\n<div class=\"table__column td\"><span dir=\"auto\"><span dir=\"auto\" style=\"vertical-align: inherit;\">Dos<\/span><\/span><\/div>\n<\/div>\n<div class=\"table__row\">\n<div class=\"table__column th\"><span dir=\"auto\"><span dir=\"auto\" style=\"vertical-align: inherit;\">Paillage<\/span><\/span><\/div>\n<div class=\"table__column td\"><span dir=\"auto\"><span dir=\"auto\" style=\"vertical-align: inherit;\">Facultatif<\/span><\/span><\/div>\n<\/div>\n<div class=\"table__row\">\n<div class=\"table__column th\"><span dir=\"auto\"><span dir=\"auto\" style=\"vertical-align: inherit;\">Volume du bac<\/span><\/span><\/div>\n<div class=\"table__column td\"><span dir=\"auto\"><span dir=\"auto\" style=\"vertical-align: inherit;\">70 L<\/span><\/span><\/div>\n<\/div>\n<div class=\"table__row\">\n<div class=\"table__column th\"><span dir=\"auto\"><span dir=\"auto\" style=\"vertical-align: inherit;\">Poids sans batterie<\/span><\/span><\/div>\n<div class=\"table__column td\"><span dir=\"auto\"><span dir=\"auto\" style=\"vertical-align: inherit;\">26 kg<\/span><\/span><\/div>\n<\/div>\n<div class=\"table__row\">\n<div class=\"table__column th\"><span dir=\"auto\"><span dir=\"auto\" style=\"vertical-align: inherit;\">Poids avec batterie<\/span><\/span><\/div>\n<div class=\"table__column td\"><span dir=\"auto\"><span dir=\"auto\" style=\"vertical-align: inherit;\">28 kg<\/span><\/span><\/div>\n<\/div>\n<div class=\"table__row\">\n<div class=\"table__column th\"><span dir=\"auto\"><span dir=\"auto\" style=\"vertical-align: inherit;\">Niveau de puissance acoustique<\/span><\/span><\/div>\n<div class=\"table__column td\"><span dir=\"auto\"><span dir=\"auto\" style=\"vertical-align: inherit;\">90 dB(A)<\/span><\/span><\/div>\n<\/div>\n<div class=\"table__row\">\n<div class=\"table__column th\"><span dir=\"auto\"><span dir=\"auto\" style=\"vertical-align: inherit;\">Indice de r\u00e9parabilit\u00e9<\/span><\/span><\/div>\n<div class=\"table__column td\"><span dir=\"auto\"><span dir=\"auto\" style=\"vertical-align: inherit;\">8,9 sur 10<\/span><\/span><\/div>\n<\/div>\n<\/div>\n<\/div>\n<\/div>","protected":false},"excerpt":{"rendered":"<p>Faisant partie de la gamme EGO Professional, l&#8216;\u00a0 EGO \u00a0LM2135E-SP offre une g\u00e9n\u00e9reuse capacit\u00e9 de coupe de 52 cm, id\u00e9ale<\/p>","protected":false},"featured_media":12954,"template":"","meta":[],"product_brand":[],"product_cat":[61],"product_tag":[],"product_country":[1503],"class_list":{"0":"post-189","1":"product","2":"type-product","3":"status-publish","4":"has-post-thumbnail","6":"product_cat-sale-france","7":"product_country-france","9":"first","10":"instock","11":"sale","12":"taxable","13":"shipping-taxable","14":"purchasable","15":"product-type-simple"},"_links":{"self":[{"href":"https:\/\/routinesfashione.com\/es\/wp-json\/wp\/v2\/product\/189","targetHints":{"allow":["GET"]}}],"collection":[{"href":"https:\/\/routinesfashione.com\/es\/wp-json\/wp\/v2\/product"}],"about":[{"href":"https:\/\/routinesfashione.com\/es\/wp-json\/wp\/v2\/types\/product"}],"wp:featuredmedia":[{"embeddable":true,"href":"https:\/\/routinesfashione.com\/es\/wp-json\/wp\/v2\/media\/12954"}],"wp:attachment":[{"href":"https:\/\/routinesfashione.com\/es\/wp-json\/wp\/v2\/media?parent=189"}],"wp:term":[{"taxonomy":"product_brand","embeddable":true,"href":"https:\/\/routinesfashione.com\/es\/wp-json\/wp\/v2\/product_brand?post=189"},{"taxonomy":"product_cat","embeddable":true,"href":"https:\/\/routinesfashione.com\/es\/wp-json\/wp\/v2\/product_cat?post=189"},{"taxonomy":"product_tag","embeddable":true,"href":"https:\/\/routinesfashione.com\/es\/wp-json\/wp\/v2\/product_tag?post=189"},{"taxonomy":"product_country","embeddable":true,"href":"https:\/\/routinesfashione.com\/es\/wp-json\/wp\/v2\/product_country?post=189"}],"curies":[{"name":"wp","href":"https:\/\/api.w.org\/{rel}","templated":true}]}}