{"id":18945,"date":"2025-08-09T18:15:38","date_gmt":"2025-08-09T18:15:38","guid":{"rendered":"https:\/\/lightgray-crow-170497.hostingersite.com\/?post_type=product&#038;p=18945"},"modified":"2025-09-30T21:14:45","modified_gmt":"2025-09-30T21:14:45","slug":"cobertizo-leif-30-m%c2%b2-palmako","status":"publish","type":"product","link":"https:\/\/routinesfashione.com\/es\/produit\/cobertizo-leif-30-m%c2%b2-palmako\/","title":{"rendered":"Cobertizo Leif 3,0 m\u00b2 Palma"},"content":{"rendered":"<p>\u2022 El\u00a0<strong>Cobertizo Leif 3,0 m2<\/strong>\u00a0est\u00e1 fabricado con\u00a0<strong>madera laminada<\/strong>\u00a0de\u00a0<strong>abeto n\u00f3rdico<\/strong>\u00a0de\u00a0<strong>alta calidad<\/strong>\u00a0que nos asegura una\u00a0<strong>resistencia<\/strong>\u00a0a temperaturas y unas\u00a0<strong>resistencias<\/strong>\u00a0al viento muy buenas.<br \/>\n\u2022 El cobertizo le quitara muy poco espacio al lugar donde lo desee instalar y le permitir\u00e1 guardar sus herramientas y \u00fatiles de jard\u00edn en un \u00fanico lugar.<br \/>\n\u2022 La cubierta del tejado es de madera con<strong>\u00a0tela asf\u00e1ltica totalmente impermeable<\/strong>\u00a0que evitara goteras en el interior.<br \/>\n\u2022 El\u00a0<strong>tejado y el suelo<\/strong>\u00a0se componen de elementos prefabricados y de<strong>\u00a0tablas solidas machihembradas<\/strong>\u00a0de 16mm.<br \/>\n\u2022 Las maderas vienen<strong>\u00a0sin tratar<\/strong>, para que se pueda pintar con\u00a0<strong>lasur<\/strong>\u00a0de\u00a0<strong>cualquier color<\/strong>\u00a0en el momento del montaje.<br \/>\n\u2022 Todos nuestros productos disponen de una\u00a0<strong>garant\u00eda de 5 a\u00f1os<\/strong>.<br \/>\n\u2022 Todos nuestros productos llevan un kit de accesorios para que el mismo cliente se pueda montar la caseta.<\/p>\n<p>Hacemos env\u00edos el cualquier punto de la\u00a0<strong>Pen\u00ednsula, Islas Baleares, Islas\u00a0Canarias, Ceuta y Melilla.<\/strong><\/p>\n<p><strong>En el precio incluye:<\/strong>\u00a0paredes de madera machihembradas, el suelo de madera, ventanas de madera, puerta de madera, las vigas para el tejado y el tejado de madera. A parte, tambi\u00e9n esta incluida toda la torniller\u00eda con el manual de instrucciones y el transporte con descarga en toda Espa\u00f1a dentro de la pen\u00ednsula.<br \/>\n<strong>Como opcional puedes escoger:<\/strong>\u00a0el recubrimiento para el tejado con tela o teja asf\u00e1ltica, la pintura de cualquier color y la descarga con cami\u00f3n pluma.<br \/>\nTambi\u00e9n podemos presupuestar el montaje completo, en la zona de\u00a0<strong>Tarragona<\/strong>,\u00a0<strong>Barcelona<\/strong>,\u00a0<strong>L\u00e9rida, Girona<\/strong>\u00a0y\u00a0<strong>Madrid<\/strong>.<\/p>\n<h3>Datos t\u00e9cnicos<\/h3>\n<dl class=\"data-sheet\">\n<dt class=\"name\">Peso<\/dt>\n<dd class=\"value\">266 kg<\/dd>\n<dt class=\"name\">Dimensiones<\/dt>\n<dd class=\"value\">190 \u00d7 120 \u00d7 50 cm<\/dd>\n<dt class=\"name\">Alero<\/dt>\n<dd class=\"value\">8 cm<\/dd>\n<dt class=\"name\">Inclinaci\u00f3n del tejado<\/dt>\n<dd class=\"value\">12\u00ba<\/dd>\n<dt class=\"name\">Grosor madera machihembradas del tejado<\/dt>\n<dd class=\"value\">16 mm<\/dd>\n<dt class=\"name\">Grosor madera machihembradas del suelo<\/dt>\n<dd class=\"value\">16 mm<\/dd>\n<dt class=\"name\">Volumen<\/dt>\n<dd class=\"value\">6,2 metros\u00b3<\/dd>\n<dt class=\"name\">Puerta<\/dt>\n<dd class=\"value\">102\u00d7182 cm<\/dd>\n<dt class=\"name\">Recubrimiento para tejado<\/dt>\n<dd class=\"value\">Sin recubrimiento, Tela asf\u00e1ltica y Teja asf\u00e1ltica<\/dd>\n<dt class=\"name\">Referencia del producto<\/dt>\n<dd class=\"value\">EL16-1817-1<\/dd>\n<dt class=\"name\">Tipo de entrega<\/dt>\n<dd class=\"value\">Entrega con descarga de material, transporte sin descarga de material<\/dd>\n<dt class=\"name\">Modelo<\/dt>\n<dd class=\"value\">Leif 3,0<\/dd>\n<dt class=\"name\">Tipo<\/dt>\n<dd class=\"value\">Cobertizos de madera<\/dd>\n<dt class=\"name\">Fabricante<\/dt>\n<dd class=\"value\">Palmako<\/dd>\n<\/dl>","protected":false},"excerpt":{"rendered":"<p>\u2022 El\u00a0Cobertizo Leif 3,0 m2\u00a0est\u00e1 fabricado con\u00a0madera laminada\u00a0de\u00a0abeto n\u00f3rdico\u00a0de\u00a0alta calidad\u00a0que nos asegura una\u00a0resistencia\u00a0a temperaturas y unas\u00a0resistencias\u00a0al viento muy buenas. \u2022<\/p>","protected":false},"featured_media":18946,"template":"","meta":[],"product_brand":[],"product_cat":[76],"product_tag":[77],"product_country":[1505],"class_list":{"0":"post-18945","1":"product","2":"type-product","3":"status-publish","4":"has-post-thumbnail","6":"product_cat-shed","7":"product_tag-shed","8":"product_country-spain","10":"first","11":"instock","12":"sale","13":"taxable","14":"shipping-taxable","15":"purchasable","16":"product-type-simple"},"_links":{"self":[{"href":"https:\/\/routinesfashione.com\/es\/wp-json\/wp\/v2\/product\/18945","targetHints":{"allow":["GET"]}}],"collection":[{"href":"https:\/\/routinesfashione.com\/es\/wp-json\/wp\/v2\/product"}],"about":[{"href":"https:\/\/routinesfashione.com\/es\/wp-json\/wp\/v2\/types\/product"}],"wp:featuredmedia":[{"embeddable":true,"href":"https:\/\/routinesfashione.com\/es\/wp-json\/wp\/v2\/media\/18946"}],"wp:attachment":[{"href":"https:\/\/routinesfashione.com\/es\/wp-json\/wp\/v2\/media?parent=18945"}],"wp:term":[{"taxonomy":"product_brand","embeddable":true,"href":"https:\/\/routinesfashione.com\/es\/wp-json\/wp\/v2\/product_brand?post=18945"},{"taxonomy":"product_cat","embeddable":true,"href":"https:\/\/routinesfashione.com\/es\/wp-json\/wp\/v2\/product_cat?post=18945"},{"taxonomy":"product_tag","embeddable":true,"href":"https:\/\/routinesfashione.com\/es\/wp-json\/wp\/v2\/product_tag?post=18945"},{"taxonomy":"product_country","embeddable":true,"href":"https:\/\/routinesfashione.com\/es\/wp-json\/wp\/v2\/product_country?post=18945"}],"curies":[{"name":"wp","href":"https:\/\/api.w.org\/{rel}","templated":true}]}}