{"id":18971,"date":"2025-08-09T18:19:27","date_gmt":"2025-08-09T18:19:27","guid":{"rendered":"https:\/\/lightgray-crow-170497.hostingersite.com\/?post_type=product&#038;p=18971"},"modified":"2025-09-30T21:14:47","modified_gmt":"2025-09-30T21:14:47","slug":"outsunny-cobertizo-de-jardin-238x132x1985-cm","status":"publish","type":"product","link":"https:\/\/routinesfashione.com\/es\/produit\/outsunny-cobertizo-de-jardin-238x132x1985-cm\/","title":{"rendered":"Outsunny Cobertizo de jard\u00edn 238x132x198,5 cm"},"content":{"rendered":"<div class=\"o-product-detail-informations__description\">\n<ul>\n<li style=\"list-style-type: none;\">\n<ul>\n<li>-ESTANTER\u00cdAS REGULABLES: Este cobertizo de jard\u00edn ofrece un amplio espacio de almacenamiento para tus herramientas y objetos. Cuenta con distintas estanter\u00edas regulables, que podr\u00e1s modificar f\u00e1cilmente la altura para acomodar objetos de distintos tama\u00f1os y aprovechar al m\u00e1ximo el espacio vertical<\/li>\n<li>-RESISTENTE A LA INTEMPERIE: Este cobertizo met\u00e1lico fabricado en acero galvanizado garantiza su uso en exteriores, ofreciendo una gran resistencia al agua, el desgaste y a las inclemencias del tiempo durante todo el a\u00f1o<\/li>\n<li>-BUENA VENTILACI\u00d3N: Esta caseta de almacenamiento tiene 2 ranuras de ventilaci\u00f3n en la parte superior delantera. As\u00ed, garantizan una buena ventilaci\u00f3n, evitando la humedad y la aparici\u00f3n de moho en herramientas y otros equipos<\/li>\n<li>-CON BASE DE REFUERZO: La base de refuerzo de esta caseta de jard\u00edn para exterior est\u00e1 incluida para facilitar la colocaci\u00f3n de un suelo seg\u00fan tus necesidades y preferencias, por lo tanto, NO incluye suelo. Esta caracter\u00edstica ofrece flexibilidad para personalizar el revestimiento del suelo seg\u00fan el ambiente y tambi\u00e9n para mantener a los intrusos alejados y proteger tus objetos de la humedad del suelo<\/li>\n<li>-MEDIDAS TOTALES: 238x132x198,5 cm (LxANxAL). Altura del alero: 158 cm. Superficie inferior: 227&#215;120 cm (LxAN), 2,7m\u00b2. Medidas interiores: 224&#215;107 cm (LxAN). Guantes de instalaci\u00f3n incluidos &#8211; Se recomiendan 2\/3 personas para su montaje<\/li>\n<\/ul>\n<\/li>\n<\/ul>\n<p>\u00bfNo sabes d\u00f3nde guardar tus herramientas y utensilios de jard\u00edn? Esta caseta de jard\u00edn de Outsunny te ofrece todo el espacio que necesitas para mantener organizado tu espacio exterior. Este cobertizo de jard\u00edn tiene una elegante apariencia con estructura de acero galvanizado, resistente e ideal para un uso prolongado al aire libre. Adem\u00e1s, incluye 2 aberturas que garantizan una excelente ventilaci\u00f3n en el interior y una base de refuerzo para que puedas colocar un suelo a tu gusto.<\/p>\n<p><b>Caracter\u00edsticas:<\/b><\/p>\n<ul>\n<li>Con estantes ajustables para acomodar art\u00edculos de diferentes tama\u00f1os 2 ventanas de ventilaci\u00f3n para mantener el interior seco y fresco F\u00e1cil entrada y salida con 2 puertas correderas Estructura de acero galvanizado resistente al agua y al \u00f3xido El techo arqueado evita la acumulaci\u00f3n de agua Incluye una base para que puedas construir un suelo para este cobertizo met\u00e1lico (NO INCLUYE SUELO) Incluye guantes de instalaci\u00f3n para proteger tus manos durante el montaje Requiere montaje, se recomiendan 2\/3 personas<\/li>\n<\/ul>\n<p><b>Especificaciones:<\/b><\/p>\n<ul>\n<li>Color: gris oscuro<\/li>\n<li>Material: acero galvanizado<\/li>\n<li>Medidas totales: 238x132x198,5 cm (LxANxAL)<\/li>\n<li>Altura del alero: 158 cm<\/li>\n<li>Superficie inferior: 227&#215;120 cm (LxAN), 2,7\u202fm\u00b2<\/li>\n<li>Medidas interiores: 224&#215;107 cm (LxAN)<\/li>\n<li>Medidas de la puerta: 96&#215;154 cm (LxAN)<\/li>\n<li>Medidas de la ventana: 22,5&#215;9,5 cm (LxAN)<\/li>\n<li>Medidas de la base: 224&#215;70 cm (LxAN)<\/li>\n<li>Medidas de la estanter\u00eda: 64&#215;24 cm (LxAN)<\/li>\n<li>Referencia: 84H-114V00CG<\/li>\n<\/ul>\n<p>Importante: Este producto se env\u00eda por separado en diferentes cajas, por lo tanto, el tiempo de entrega puede ser distinto en cada una. Cantidad de caja: 2<\/p>\n<p><b>El paquete incluye:<\/b><\/p>\n<ul>\n<li>&#8211; Con estantes ajustables para acomodar art\u00edculos de diferentes tama\u00f1os<\/li>\n<li>&#8211; 2 ventanas de ventilaci\u00f3n para mantener el interior seco y fresco<\/li>\n<li>&#8211; F\u00e1cil entrada y salida con 2 puertas correderas<\/li>\n<li>&#8211; Estructura de acero galvanizado resistente al agua y al \u00f3xido<\/li>\n<li>&#8211; El techo arqueado evita la acumulaci\u00f3n de agua<\/li>\n<li>&#8211; Incluye una base para que puedas construir un suelo para este cobertizo met\u00e1lico (NO INCLUYE SUELO)<\/li>\n<li>&#8211; Incluye guantes de instalaci\u00f3n para proteger tus manos durante el montaje<\/li>\n<li>&#8211; Requiere montaje, se recomiendan 2\/3 personas<\/li>\n<\/ul>\n<p>&nbsp;<\/p>\n<\/div>\n<table class=\"o-product-features\" role=\"presentation\" data-cerberus=\"TABLE_AttributesProduct\">\n<caption class=\"kl-hidden-accessibility\">\u00a0<\/caption>\n<tbody>\n<tr class=\"m-product-attr-row\">\n<th class=\"m-product-attr-row__name\" scope=\"row\">Material principal en la masa total del producto<\/th>\n<td class=\"m-product-attr-row__value\">Acero galvanizado<\/td>\n<\/tr>\n<tr class=\"m-product-attr-row\">\n<th class=\"m-product-attr-row__name\" scope=\"row\">N\u00famero total de ventanas (incluidas las ventanas de la puerta)<\/th>\n<td class=\"m-product-attr-row__value\">2<\/td>\n<\/tr>\n<tr class=\"m-product-attr-row\">\n<th class=\"m-product-attr-row__name\" scope=\"row\">Tipo de puerta<\/th>\n<td class=\"m-product-attr-row__value\">Doble batiente<\/td>\n<\/tr>\n<tr class=\"m-product-attr-row\">\n<th class=\"m-product-attr-row__name\" scope=\"row\">Espesor de la pared (en mm)<\/th>\n<td class=\"m-product-attr-row__value\">0.25<\/td>\n<\/tr>\n<tr class=\"m-product-attr-row\">\n<th class=\"m-product-attr-row__name\" scope=\"row\">Superficie interior (en m\u00b2)<\/th>\n<td class=\"m-product-attr-row__value\">2.4<\/td>\n<\/tr>\n<tr class=\"m-product-attr-row\">\n<th class=\"m-product-attr-row__name\" scope=\"row\">Anchura total (en cm)<\/th>\n<td class=\"m-product-attr-row__value\">238<\/td>\n<\/tr>\n<tr class=\"m-product-attr-row\">\n<th class=\"m-product-attr-row__name\" scope=\"row\">Altura total (en cm)<\/th>\n<td class=\"m-product-attr-row__value\">198.5<\/td>\n<\/tr>\n<tr class=\"m-product-attr-row\">\n<th class=\"m-product-attr-row__name\" scope=\"row\">Profundidad total (en cm)<\/th>\n<td class=\"m-product-attr-row__value\">132<\/td>\n<\/tr>\n<\/tbody>\n<\/table>","protected":false},"excerpt":{"rendered":"<p>-ESTANTER\u00cdAS REGULABLES: Este cobertizo de jard\u00edn ofrece un amplio espacio de almacenamiento para tus herramientas y objetos. Cuenta con distintas<\/p>","protected":false},"featured_media":18972,"template":"","meta":[],"product_brand":[],"product_cat":[76],"product_tag":[77],"product_country":[1505],"class_list":{"0":"post-18971","1":"product","2":"type-product","3":"status-publish","4":"has-post-thumbnail","6":"product_cat-shed","7":"product_tag-shed","8":"product_country-spain","10":"first","11":"instock","12":"sale","13":"taxable","14":"shipping-taxable","15":"purchasable","16":"product-type-simple"},"_links":{"self":[{"href":"https:\/\/routinesfashione.com\/es\/wp-json\/wp\/v2\/product\/18971","targetHints":{"allow":["GET"]}}],"collection":[{"href":"https:\/\/routinesfashione.com\/es\/wp-json\/wp\/v2\/product"}],"about":[{"href":"https:\/\/routinesfashione.com\/es\/wp-json\/wp\/v2\/types\/product"}],"wp:featuredmedia":[{"embeddable":true,"href":"https:\/\/routinesfashione.com\/es\/wp-json\/wp\/v2\/media\/18972"}],"wp:attachment":[{"href":"https:\/\/routinesfashione.com\/es\/wp-json\/wp\/v2\/media?parent=18971"}],"wp:term":[{"taxonomy":"product_brand","embeddable":true,"href":"https:\/\/routinesfashione.com\/es\/wp-json\/wp\/v2\/product_brand?post=18971"},{"taxonomy":"product_cat","embeddable":true,"href":"https:\/\/routinesfashione.com\/es\/wp-json\/wp\/v2\/product_cat?post=18971"},{"taxonomy":"product_tag","embeddable":true,"href":"https:\/\/routinesfashione.com\/es\/wp-json\/wp\/v2\/product_tag?post=18971"},{"taxonomy":"product_country","embeddable":true,"href":"https:\/\/routinesfashione.com\/es\/wp-json\/wp\/v2\/product_country?post=18971"}],"curies":[{"name":"wp","href":"https:\/\/api.w.org\/{rel}","templated":true}]}}