{"id":18977,"date":"2025-08-09T18:32:51","date_gmt":"2025-08-09T18:32:51","guid":{"rendered":"https:\/\/lightgray-crow-170497.hostingersite.com\/?post_type=product&#038;p=18977"},"modified":"2025-09-30T21:14:48","modified_gmt":"2025-09-30T21:14:48","slug":"cobertizo-de-madera-mia-54-m%c2%b2","status":"publish","type":"product","link":"https:\/\/routinesfashione.com\/es\/produit\/cobertizo-de-madera-mia-54-m%c2%b2\/","title":{"rendered":"Cobertizo de Madera Mia 5,4 m\u00b2"},"content":{"rendered":"<p>\u2022 El\u00a0<strong>cobertizo Mia 5,4 m2<\/strong>\u00a0est\u00e1 fabricado con\u00a0<strong>madera laminada<\/strong>\u00a0de a<strong>beto n\u00f3rdico<\/strong>\u00a0de\u00a0<strong>alta calidad<\/strong>\u00a0que nos asegura una resistencia a temperaturas y unas\u00a0<strong>resistencias<\/strong>\u00a0al viento muy buenas.<br \/>\n\u2022 Este cobertizo ha sido dise\u00f1ado para instalarse junto a una casa y le permitir\u00e1 tener su material, herramientas, \u00fatiles de jard\u00edn y dem\u00e1s organizados en un mismo lugar.\u00a0<strong>NO incluye la pared trasera.<\/strong><br \/>\n\u2022 La cubierta del tejado es de<strong>\u00a0tablas s\u00f3lidas<\/strong>\u00a0con tela asf\u00e1ltica totalmente<strong>\u00a0impermeable<\/strong>\u00a0que evitara goteras en el interior.<br \/>\n\u2022\u00a0<strong>F\u00e1cil instalaci\u00f3n<\/strong>\u00a0gracias a los paneles\u00a0<b>remontados<\/b>\u00a0de espesor\u00a0<strong>16mm.<\/strong><br \/>\n\u2022 Requiere un\u00a0<strong>\u00e1rea peque\u00f1a<\/strong>\u00a0ideal incluso para peque\u00f1os jardines.<br \/>\n\u2022 Las maderas vienen<strong>\u00a0sin tratar<\/strong>, para que se pueda pintar con\u00a0<strong>lasur<\/strong>\u00a0de\u00a0<strong>cualquier color<\/strong>\u00a0en el momento del montaje.<br \/>\n\u2022 Todos nuestros productos disponen de una\u00a0<strong>garant\u00eda de 5 a\u00f1os<\/strong>.<br \/>\n\u2022 Todos nuestros productos llevan un kit de accesorios para que el mismo cliente se pueda montar la caseta.<\/p>","protected":false},"excerpt":{"rendered":"<p>\u2022 El\u00a0cobertizo Mia 5,4 m2\u00a0est\u00e1 fabricado con\u00a0madera laminada\u00a0de abeto n\u00f3rdico\u00a0de\u00a0alta calidad\u00a0que nos asegura una resistencia a temperaturas y unas\u00a0resistencias\u00a0al viento<\/p>","protected":false},"featured_media":18978,"template":"","meta":[],"product_brand":[],"product_cat":[76],"product_tag":[77],"product_country":[1505],"class_list":{"0":"post-18977","1":"product","2":"type-product","3":"status-publish","4":"has-post-thumbnail","6":"product_cat-shed","7":"product_tag-shed","8":"product_country-spain","10":"first","11":"instock","12":"sale","13":"taxable","14":"shipping-taxable","15":"purchasable","16":"product-type-simple"},"_links":{"self":[{"href":"https:\/\/routinesfashione.com\/es\/wp-json\/wp\/v2\/product\/18977","targetHints":{"allow":["GET"]}}],"collection":[{"href":"https:\/\/routinesfashione.com\/es\/wp-json\/wp\/v2\/product"}],"about":[{"href":"https:\/\/routinesfashione.com\/es\/wp-json\/wp\/v2\/types\/product"}],"wp:featuredmedia":[{"embeddable":true,"href":"https:\/\/routinesfashione.com\/es\/wp-json\/wp\/v2\/media\/18978"}],"wp:attachment":[{"href":"https:\/\/routinesfashione.com\/es\/wp-json\/wp\/v2\/media?parent=18977"}],"wp:term":[{"taxonomy":"product_brand","embeddable":true,"href":"https:\/\/routinesfashione.com\/es\/wp-json\/wp\/v2\/product_brand?post=18977"},{"taxonomy":"product_cat","embeddable":true,"href":"https:\/\/routinesfashione.com\/es\/wp-json\/wp\/v2\/product_cat?post=18977"},{"taxonomy":"product_tag","embeddable":true,"href":"https:\/\/routinesfashione.com\/es\/wp-json\/wp\/v2\/product_tag?post=18977"},{"taxonomy":"product_country","embeddable":true,"href":"https:\/\/routinesfashione.com\/es\/wp-json\/wp\/v2\/product_country?post=18977"}],"curies":[{"name":"wp","href":"https:\/\/api.w.org\/{rel}","templated":true}]}}