{"id":19054,"date":"2025-08-09T19:30:31","date_gmt":"2025-08-09T19:30:31","guid":{"rendered":"https:\/\/lightgray-crow-170497.hostingersite.com\/?post_type=product&#038;p=19054"},"modified":"2025-09-30T21:14:55","modified_gmt":"2025-09-30T21:14:55","slug":"outsunny-cobertizo-de-jardin-277x322x192-cm","status":"publish","type":"product","link":"https:\/\/routinesfashione.com\/es\/produit\/outsunny-cobertizo-de-jardin-277x322x192-cm\/","title":{"rendered":"Outsunny Cobertizo de Jard\u00edn 277x322x192 cm"},"content":{"rendered":"<ul class=\"a-unordered-list a-vertical a-spacing-mini\">\n<li class=\"a-spacing-mini\"><span class=\"a-list-item\">GRAN ESPACIO DE ALMACENAMIENTO: Esta amplia caseta de jard\u00edn para exterior es ideal para guardar sus herramientas, accesorios y equipos de jardiner\u00eda. Sus dimensiones tambi\u00e9n son \u00f3ptimas para su uso como caseta de obra.<\/span><\/li>\n<li class=\"a-spacing-mini\"><span class=\"a-list-item\">ACERO GALVANIZADO: Amplia caseta de jard\u00edn con estructura resistente a la oxidaci\u00f3n y revestimiento anticorrosivo. Incluye estructura de cimentaci\u00f3n para mayor estabilidad. Suelo no incluido. Todas las piezas vienen precortadas y perforadas para facilitar el montaje.<\/span><\/li>\n<li class=\"a-spacing-mini\"><span class=\"a-list-item\">TECHO INCLINADO Y DOBLE PUERTA: El techo inclinado permite que el agua fluya hacia el suelo, evitando el estancamiento y la oxidaci\u00f3n del cobertizo. Sus dos puertas correderas facilitan el acceso al interior sin obstruir el paso, incluso al mover objetos grandes. Ofrece la opci\u00f3n de cerrar con candado (no incluido) para mayor seguridad.<\/span><\/li>\n<li class=\"a-spacing-mini\"><span class=\"a-list-item\">BUENA VENTILACI\u00d3N: El cobertizo de jard\u00edn de acero cuenta con 4 rejillas de ventilaci\u00f3n en la parte superior, dos en la parte delantera y dos en la trasera. Estas garantizan una buena ventilaci\u00f3n, evitando la humedad y la aparici\u00f3n de moho en herramientas y otros equipos.<\/span><\/li>\n<li class=\"a-spacing-mini\"><span class=\"a-list-item\">Dimensiones totales: 277 x 322 x 192 cm (largo x ancho x alto). Superficie \u00fatil: 8,3 m\u00b2. Se necesitan tres personas para el montaje, que dura aproximadamente tres horas. Use SIEMPRE guantes. No lo instale con viento.<\/span><br \/>\n<table class=\"a-normal a-spacing-micro\">\n<tbody>\n<tr class=\"a-spacing-small po-brand\">\n<td class=\"a-span3\"><span class=\"a-size-base a-text-bold\">Nombre de marca<\/span><\/td>\n<td class=\"a-span9\"><span class=\"a-size-base po-break-word\">Outsunny<\/span><\/td>\n<\/tr>\n<tr class=\"a-spacing-small po-color\">\n<td class=\"a-span3\"><span class=\"a-size-base a-text-bold\">Color<\/span><\/td>\n<td class=\"a-span9\"><span class=\"a-size-base po-break-word\">gris oscuro<\/span><\/td>\n<\/tr>\n<tr class=\"a-spacing-small po-material\">\n<td class=\"a-span3\"><span class=\"a-size-base a-text-bold\">Material<\/span><\/td>\n<td class=\"a-span9\"><span class=\"a-size-base po-break-word\">Acero aleado, polipropileno<\/span><\/td>\n<\/tr>\n<tr class=\"a-spacing-small po-item_depth_width_height\">\n<td class=\"a-span3\"><span class=\"a-size-base a-text-bold\">Dimensiones del art\u00edculo Pr x An x Al<\/span><\/td>\n<td class=\"a-span9\"><span class=\"a-size-base po-break-word\">3,22D x 2,77W x 1,92H metros<\/span><\/td>\n<\/tr>\n<tr class=\"a-spacing-small po-item_weight\">\n<td class=\"a-span3\"><span class=\"a-size-base a-text-bold\">Peso del art\u00edculo<\/span><\/td>\n<td class=\"a-span9\"><span class=\"a-size-base po-break-word\">84 kilogramos<\/span><\/td>\n<\/tr>\n<tr class=\"a-spacing-small po-style\">\n<td class=\"a-span3\"><span class=\"a-size-base a-text-bold\">Estilo<\/span><\/td>\n<td class=\"a-span9\"><span class=\"a-size-base po-break-word\">Exterior<\/span><\/td>\n<\/tr>\n<tr class=\"a-spacing-small po-base.material\">\n<td class=\"a-span3\"><span class=\"a-size-base a-text-bold\">Material base<\/span><\/td>\n<td class=\"a-span9\"><span class=\"a-size-base po-break-word\">Acero aleado<\/span><\/td>\n<\/tr>\n<tr class=\"a-spacing-small po-top.material\">\n<td class=\"a-span3\"><span class=\"a-size-base a-text-bold\">Tipo de material superior<\/span><\/td>\n<td class=\"a-span9\"><span class=\"a-size-base po-break-word\">Polipropileno<\/span><\/td>\n<\/tr>\n<tr class=\"a-spacing-small po-water_resistance_level\">\n<td class=\"a-span3\"><span class=\"a-size-base a-text-bold\">Nivel de resistencia al agua<\/span><\/td>\n<td class=\"a-span9\"><span class=\"a-size-base po-break-word\">Resistente al agua<\/span><\/td>\n<\/tr>\n<tr class=\"a-spacing-small po-chamber.depth\">\n<td class=\"a-span3\"><span class=\"a-size-base a-text-bold\">Profundidad de la c\u00e1mara<\/span><\/td>\n<td class=\"a-span9\"><span class=\"a-size-base po-break-word\">295 cent\u00edmetros<\/span><\/td>\n<\/tr>\n<\/tbody>\n<\/table>\n<\/li>\n<\/ul>","protected":false},"excerpt":{"rendered":"<p>GRAN ESPACIO DE ALMACENAMIENTO: Esta amplia caseta de jard\u00edn para exterior es ideal para guardar sus herramientas, accesorios y equipos<\/p>","protected":false},"featured_media":19055,"template":"","meta":[],"product_brand":[],"product_cat":[76],"product_tag":[77],"product_country":[1505],"class_list":{"0":"post-19054","1":"product","2":"type-product","3":"status-publish","4":"has-post-thumbnail","6":"product_cat-shed","7":"product_tag-shed","8":"product_country-spain","10":"first","11":"instock","12":"sale","13":"taxable","14":"shipping-taxable","15":"purchasable","16":"product-type-simple"},"_links":{"self":[{"href":"https:\/\/routinesfashione.com\/es\/wp-json\/wp\/v2\/product\/19054","targetHints":{"allow":["GET"]}}],"collection":[{"href":"https:\/\/routinesfashione.com\/es\/wp-json\/wp\/v2\/product"}],"about":[{"href":"https:\/\/routinesfashione.com\/es\/wp-json\/wp\/v2\/types\/product"}],"wp:featuredmedia":[{"embeddable":true,"href":"https:\/\/routinesfashione.com\/es\/wp-json\/wp\/v2\/media\/19055"}],"wp:attachment":[{"href":"https:\/\/routinesfashione.com\/es\/wp-json\/wp\/v2\/media?parent=19054"}],"wp:term":[{"taxonomy":"product_brand","embeddable":true,"href":"https:\/\/routinesfashione.com\/es\/wp-json\/wp\/v2\/product_brand?post=19054"},{"taxonomy":"product_cat","embeddable":true,"href":"https:\/\/routinesfashione.com\/es\/wp-json\/wp\/v2\/product_cat?post=19054"},{"taxonomy":"product_tag","embeddable":true,"href":"https:\/\/routinesfashione.com\/es\/wp-json\/wp\/v2\/product_tag?post=19054"},{"taxonomy":"product_country","embeddable":true,"href":"https:\/\/routinesfashione.com\/es\/wp-json\/wp\/v2\/product_country?post=19054"}],"curies":[{"name":"wp","href":"https:\/\/api.w.org\/{rel}","templated":true}]}}