{"id":19060,"date":"2025-08-09T19:35:41","date_gmt":"2025-08-09T19:35:41","guid":{"rendered":"https:\/\/lightgray-crow-170497.hostingersite.com\/?post_type=product&#038;p=19060"},"modified":"2025-09-30T21:14:55","modified_gmt":"2025-09-30T21:14:55","slug":"canopia-armario-de-jardin","status":"publish","type":"product","link":"https:\/\/routinesfashione.com\/es\/produit\/canopia-armario-de-jardin\/","title":{"rendered":"Canopia Armario de jard\u00edn"},"content":{"rendered":"<p><strong>El cobertizo Voyager ofrece el espacio de almacenamiento adecuado para satisfacer tus necesidades. Es perfecto para guardar tus contenedores de reciclaje, herramientas de jardiner\u00eda y organizar tu vida al aire libre.<\/strong><\/p>\n<p>El peque\u00f1o cobertizo de almacenamiento Pent est\u00e1 fabricado con un marco de aluminio reforzado y paneles de policarbonato flexible, especialmente dise\u00f1ados para resistir la expansi\u00f3n y contracci\u00f3n asociadas con los cambios clim\u00e1ticos. Los paneles no se doblan, fracturan ni decoloran con el tiempo, proporcionando a tus pertenencias una protecci\u00f3n libre de mantenimiento durante a\u00f1os.<\/p>\n<p>Los paneles de techo \u00fanicos Skylight transmiten luz natural durante el d\u00eda mientras mantienen la visibilidad externa opaca para m\u00e1xima privacidad. Adem\u00e1s, cuenta con ventilaciones en la parte delantera y trasera para un flujo de aire adecuado. Dise\u00f1ado pensando en tus necesidades de vida al aire libre, este peque\u00f1o cobertizo de pl\u00e1stico puede instalarse como un cobertizo adosado o como una unidad independiente.<\/p>\n<ul>\n<li><strong>Cobertizo de almacenamiento altamente resistente y seguro contra la luz solar<\/strong>\u00a0(con Fine Shield Technology\u2122).<\/li>\n<li><strong>Combina dos tipos de acristalamiento<\/strong>\u00a0para mejorar las condiciones de almacenamiento y trabajo.<\/li>\n<li><strong>Paredes de policarbonato de alta durabilidad<\/strong>\u00a0que no se fracturan, decoloran ni vuelven quebradizas con el tiempo.<\/li>\n<li><strong>Techo especial<\/strong>\u00a0que permite la entrada de luz natural, manteniendo la opacidad para m\u00e1xima privacidad.<\/li>\n<li><strong>Los paneles del techo bloquean hasta el 100% de los da\u00f1inos rayos UV<\/strong>\u00a0para proteger tus pertenencias del da\u00f1o solar.<\/li>\n<li><strong>Estructura firme de aluminio, libre de \u00f3xido.<\/strong><\/li>\n<li><strong>Cobertizos peque\u00f1os sin necesidad de mantenimiento<\/strong>\u00a0y construidos para durar gracias a materiales de durabilidad excepcional.<\/li>\n<li>Ideal para guardar\u00a0<strong>contenedores de reciclaje, equipos de camping o piscina, herramientas de jardiner\u00eda, etc.<\/strong><\/li>\n<li><strong>Fabricado con componentes 100% reciclables.<\/strong><\/li>\n<li><strong>Informaci\u00f3n t\u00e9cnica<\/strong>, incluyendo dimensiones, grosor de los paneles y resistencia al viento y la nieve, se puede encontrar en la galer\u00eda de fotos arriba.<\/li>\n<\/ul>","protected":false},"excerpt":{"rendered":"<p>El cobertizo Voyager ofrece el espacio de almacenamiento adecuado para satisfacer tus necesidades. Es perfecto para guardar tus contenedores de<\/p>","protected":false},"featured_media":19061,"template":"","meta":[],"product_brand":[],"product_cat":[76],"product_tag":[77],"product_country":[1505],"class_list":{"0":"post-19060","1":"product","2":"type-product","3":"status-publish","4":"has-post-thumbnail","6":"product_cat-shed","7":"product_tag-shed","8":"product_country-spain","10":"first","11":"instock","12":"sale","13":"taxable","14":"shipping-taxable","15":"purchasable","16":"product-type-simple"},"_links":{"self":[{"href":"https:\/\/routinesfashione.com\/es\/wp-json\/wp\/v2\/product\/19060","targetHints":{"allow":["GET"]}}],"collection":[{"href":"https:\/\/routinesfashione.com\/es\/wp-json\/wp\/v2\/product"}],"about":[{"href":"https:\/\/routinesfashione.com\/es\/wp-json\/wp\/v2\/types\/product"}],"wp:featuredmedia":[{"embeddable":true,"href":"https:\/\/routinesfashione.com\/es\/wp-json\/wp\/v2\/media\/19061"}],"wp:attachment":[{"href":"https:\/\/routinesfashione.com\/es\/wp-json\/wp\/v2\/media?parent=19060"}],"wp:term":[{"taxonomy":"product_brand","embeddable":true,"href":"https:\/\/routinesfashione.com\/es\/wp-json\/wp\/v2\/product_brand?post=19060"},{"taxonomy":"product_cat","embeddable":true,"href":"https:\/\/routinesfashione.com\/es\/wp-json\/wp\/v2\/product_cat?post=19060"},{"taxonomy":"product_tag","embeddable":true,"href":"https:\/\/routinesfashione.com\/es\/wp-json\/wp\/v2\/product_tag?post=19060"},{"taxonomy":"product_country","embeddable":true,"href":"https:\/\/routinesfashione.com\/es\/wp-json\/wp\/v2\/product_country?post=19060"}],"curies":[{"name":"wp","href":"https:\/\/api.w.org\/{rel}","templated":true}]}}