{"id":19085,"date":"2025-08-09T19:49:24","date_gmt":"2025-08-09T19:49:24","guid":{"rendered":"https:\/\/lightgray-crow-170497.hostingersite.com\/?post_type=product&#038;p=19085"},"modified":"2025-09-30T21:08:08","modified_gmt":"2025-09-30T21:08:08","slug":"cenador-con-paredes-laterales-y-techos-dobles-antracita-3x4-m-vidaxl","status":"publish","type":"product","link":"https:\/\/routinesfashione.com\/es\/produit\/cenador-con-paredes-laterales-y-techos-dobles-antracita-3x4-m-vidaxl\/","title":{"rendered":"Cenador con paredes laterales y techos dobles antracita 3&#215;4 m Vidaxl"},"content":{"rendered":"<div class=\"description\">\n<div class=\"value content text-base\">\n<p>\u00a1A\u00f1ade la sombra y la privacidad necesarias para que tu espacio al aire libre sea m\u00e1s agradable con este cenador!<\/p>\n<p>&nbsp;<\/p>\n<ul>\n<li>Material de primera calidad: El cenador de jard\u00edn est\u00e1 construido con una estructura de acero con recubrimiento en polvo. Por lo tanto, es muy robusto y duradero. El techo est\u00e1 hecho 100% de poli\u00e9ster con revestimiento de PA, que es resistente al agua y puede bloquear los rayos m\u00e1s da\u00f1inos.<\/li>\n<li>Techo doble para circulaci\u00f3n del aire: El techo de 2 niveles proporciona una mejor circulaci\u00f3n del aire.<\/li>\n<li>Paredes laterales para protecci\u00f3n: Las paredes laterales est\u00e1n incluidas para una protecci\u00f3n completa, que te brinda un plus de privacidad mientras mantiene alejados a los molestos mosquitos y otros insectos. Las paredes laterales extra\u00edbles facilitan el cambio entre una configuraci\u00f3n abierta y un refugio m\u00e1s privado.<\/li>\n<li>Dise\u00f1o elegante: Cada pata viene con dos paneles decorativos, lo que agrega un plus de belleza.<\/li>\n<\/ul>\n<p>&nbsp;<\/p>\n<p><span dir=\"auto\">Usar:<\/span><\/p>\n<ul>\n<li>Este producto NUNCA debe usarse con mal tiempo, como vientos fuertes, lluvias intensas, nieve, tormenta, etc.<\/li>\n<\/ul>\n<\/div>\n<\/div>\n<div class=\"product-specifications details\">\n<h2 class=\"title text-md font-weight-bold\">Especificaciones<\/h2>\n<div class=\"value content text-base\">\n<ul>\n<li>Color: Gris antracita<\/li>\n<li>Material: Tela (100% poli\u00e9ster) con revestimiento de PA, acero con recubrimiento en polvo<\/li>\n<li>Dimensiones : 3 x 4 m (largo x ancho)<\/li>\n<li>Altura del alero: 2 m<\/li>\n<li>Altura m\u00e1xima: 2,65 m<\/li>\n<li>Con paredes laterales y techos dobles<\/li>\n<li>Cuenta con panel de decoraci\u00f3n en cada esquina<\/li>\n<li>Requiere montaje: S\u00ed<\/li>\n<li><span dir=\"auto\">EAN:8720286802731<\/span><\/li>\n<li><span dir=\"auto\">SKU:318544<\/span><\/li>\n<li><span dir=\"auto\">Marca: vidaXL<\/span><\/li>\n<\/ul>\n<\/div>\n<\/div>","protected":false},"excerpt":{"rendered":"<p>\u00a1A\u00f1ade la sombra y la privacidad necesarias para que tu espacio al aire libre sea m\u00e1s agradable con este cenador!<\/p>","protected":false},"featured_media":19086,"template":"","meta":[],"product_brand":[],"product_cat":[78],"product_tag":[79],"product_country":[1505],"class_list":{"0":"post-19085","1":"product","2":"type-product","3":"status-publish","4":"has-post-thumbnail","6":"product_cat-gazebos-pergolas","7":"product_tag-gazebos-pergolas","8":"product_country-spain","10":"first","11":"instock","12":"sale","13":"taxable","14":"shipping-taxable","15":"purchasable","16":"product-type-simple"},"_links":{"self":[{"href":"https:\/\/routinesfashione.com\/es\/wp-json\/wp\/v2\/product\/19085","targetHints":{"allow":["GET"]}}],"collection":[{"href":"https:\/\/routinesfashione.com\/es\/wp-json\/wp\/v2\/product"}],"about":[{"href":"https:\/\/routinesfashione.com\/es\/wp-json\/wp\/v2\/types\/product"}],"wp:featuredmedia":[{"embeddable":true,"href":"https:\/\/routinesfashione.com\/es\/wp-json\/wp\/v2\/media\/19086"}],"wp:attachment":[{"href":"https:\/\/routinesfashione.com\/es\/wp-json\/wp\/v2\/media?parent=19085"}],"wp:term":[{"taxonomy":"product_brand","embeddable":true,"href":"https:\/\/routinesfashione.com\/es\/wp-json\/wp\/v2\/product_brand?post=19085"},{"taxonomy":"product_cat","embeddable":true,"href":"https:\/\/routinesfashione.com\/es\/wp-json\/wp\/v2\/product_cat?post=19085"},{"taxonomy":"product_tag","embeddable":true,"href":"https:\/\/routinesfashione.com\/es\/wp-json\/wp\/v2\/product_tag?post=19085"},{"taxonomy":"product_country","embeddable":true,"href":"https:\/\/routinesfashione.com\/es\/wp-json\/wp\/v2\/product_country?post=19085"}],"curies":[{"name":"wp","href":"https:\/\/api.w.org\/{rel}","templated":true}]}}