{"id":19090,"date":"2025-08-09T19:54:17","date_gmt":"2025-08-09T19:54:17","guid":{"rendered":"https:\/\/lightgray-crow-170497.hostingersite.com\/?post_type=product&#038;p=19090"},"modified":"2025-09-30T21:08:09","modified_gmt":"2025-09-30T21:08:09","slug":"canopia-palermo-cenador-aluminio-3x3-m","status":"publish","type":"product","link":"https:\/\/routinesfashione.com\/es\/produit\/canopia-palermo-cenador-aluminio-3x3-m\/","title":{"rendered":"Canopia Palermo Cenador Aluminio 3X3 m"},"content":{"rendered":"<p>A\u00f1ade elegancia y funcionalidad a tu espacio exterior gracias al cenador de jard\u00edn Palermo. Ideal para reunirse en familia o refugiarse durante los d\u00edas soleados de verano. La estructura del mirador Palermo es resistente, duradera y brinda protecci\u00f3n contra las condiciones clim\u00e1ticas adversas, bloqueando los da\u00f1inos rayos del sol durante a\u00f1os. Este producto para exteriores brinda una sensaci\u00f3n de privacidad y sombra al aire libre. La glorieta es perfecta para hacer una parrillada o relajarse en el spa, disfrutando del aire fresco y de las vistas al jard\u00edn durante todo el a\u00f1o.<\/p>\n<ul>\n<li style=\"list-style-type: none;\">\n<ul>\n<li>Techo \u00fanico sin tornillos<\/li>\n<\/ul>\n<\/li>\n<\/ul>\n<p>o Paneles corredizos de f\u00e1cil instalaci\u00f3n. o Superficie antifugas o Parte superior inoxidable o Dise\u00f1o limpio<\/p>\n<ul>\n<li>F\u00e1cil instalaci\u00f3n de bricolaje para 2 personas: perfiles preperforados y paneles precortados f\u00e1ciles de montar, todos los tornillos incluidos<\/li>\n<li>Estructura de aluminio inoxidable con recubrimiento en polvo antracita y conectores de acero galvanizado cortados con l\u00e1ser.<\/li>\n<li>Los paneles dobles de policarbonato irrompibles de 6 mm bloquean el 100% de los rayos UV y protegen contra el granizo y la nieve.<\/li>\n<li>Pintura de bronce que bloquea los da\u00f1inos rayos UV y deja pasar la luz solar natural mientras proporciona suficiente sombra.<\/li>\n<li>Resiste condiciones clim\u00e1ticas adversas: no es necesario quitar los paneles durante la temporada de invierno<\/li>\n<li>Incluye canal\u00f3n, pies y kit de anclaje &#8211; estructura de varilla m\u00f3vil y anclable<\/li>\n<li>Riel integrado y ganchos para agregar cortinas\/mosquiteros (se venden por separado)<\/li>\n<li>Elegante ventilador superior para hacer circular el aire y el humo.<\/li>\n<li>No requiere mantenimiento<\/li>\n<\/ul>","protected":false},"excerpt":{"rendered":"<p>A\u00f1ade elegancia y funcionalidad a tu espacio exterior gracias al cenador de jard\u00edn Palermo. Ideal para reunirse en familia o<\/p>","protected":false},"featured_media":19091,"template":"","meta":[],"product_brand":[],"product_cat":[78],"product_tag":[79],"product_country":[1505],"class_list":{"0":"post-19090","1":"product","2":"type-product","3":"status-publish","4":"has-post-thumbnail","6":"product_cat-gazebos-pergolas","7":"product_tag-gazebos-pergolas","8":"product_country-spain","10":"first","11":"instock","12":"sale","13":"taxable","14":"shipping-taxable","15":"purchasable","16":"product-type-simple"},"_links":{"self":[{"href":"https:\/\/routinesfashione.com\/es\/wp-json\/wp\/v2\/product\/19090","targetHints":{"allow":["GET"]}}],"collection":[{"href":"https:\/\/routinesfashione.com\/es\/wp-json\/wp\/v2\/product"}],"about":[{"href":"https:\/\/routinesfashione.com\/es\/wp-json\/wp\/v2\/types\/product"}],"wp:featuredmedia":[{"embeddable":true,"href":"https:\/\/routinesfashione.com\/es\/wp-json\/wp\/v2\/media\/19091"}],"wp:attachment":[{"href":"https:\/\/routinesfashione.com\/es\/wp-json\/wp\/v2\/media?parent=19090"}],"wp:term":[{"taxonomy":"product_brand","embeddable":true,"href":"https:\/\/routinesfashione.com\/es\/wp-json\/wp\/v2\/product_brand?post=19090"},{"taxonomy":"product_cat","embeddable":true,"href":"https:\/\/routinesfashione.com\/es\/wp-json\/wp\/v2\/product_cat?post=19090"},{"taxonomy":"product_tag","embeddable":true,"href":"https:\/\/routinesfashione.com\/es\/wp-json\/wp\/v2\/product_tag?post=19090"},{"taxonomy":"product_country","embeddable":true,"href":"https:\/\/routinesfashione.com\/es\/wp-json\/wp\/v2\/product_country?post=19090"}],"curies":[{"name":"wp","href":"https:\/\/api.w.org\/{rel}","templated":true}]}}