{"id":19108,"date":"2025-08-09T20:03:49","date_gmt":"2025-08-09T20:03:49","guid":{"rendered":"https:\/\/lightgray-crow-170497.hostingersite.com\/?post_type=product&#038;p=19108"},"modified":"2025-09-30T21:08:10","modified_gmt":"2025-09-30T21:08:10","slug":"outsunny-cenador-de-jardin-3x3-m-pergola-con-toldo-y-16-orificios-de-drenaje-para-patio-terraza-metal-y-poliester-180-g-m%c2%b2-resistente-crema","status":"publish","type":"product","link":"https:\/\/routinesfashione.com\/es\/produit\/outsunny-cenador-de-jardin-3x3-m-pergola-con-toldo-y-16-orificios-de-drenaje-para-patio-terraza-metal-y-poliester-180-g-m%c2%b2-resistente-crema\/","title":{"rendered":"Outsunny Cenador de Jard\u00edn 3&#215;3 m P\u00e9rgola con Toldo y 16 Orificios de Drenaje para Patio Terraza Metal y Poli\u00e9ster 180 g\/m\u00b2 Resistente Crema"},"content":{"rendered":"<h1 class=\"a-size-base-plus a-text-bold\">Acerca de este producto<\/h1>\n<ul class=\"a-unordered-list a-vertical a-spacing-mini\">\n<li class=\"a-spacing-mini\"><span class=\"a-list-item\">P\u00c9RGOLA MODERNA Y ELEGANTE: Su dise\u00f1o moderno con techo curvo y onda decorativa en el marco de acero complementar\u00e1 cualquier decoraci\u00f3n al aire libre y aportar\u00e1 elegancia a su jard\u00edn, terraza, etc.<\/span><\/li>\n<li class=\"a-spacing-mini\"><span class=\"a-list-item\">RESISTENTE: Carpa de jard\u00edn con estructura met\u00e1lica con recubrimiento en polvo para mayor resistencia a la intemperie y uso prolongado. El techo est\u00e1 hecho de tejido de poli\u00e9ster de 180 g\/m\u00b2 resistente a la decoloraci\u00f3n y a los rayos UV<\/span><\/li>\n<li class=\"a-spacing-mini\"><span class=\"a-list-item\">MULTIUSOS: Este cenador es perfecto para montar sobre la puerta de entrada, de una ventana o frente a una pared para dar sombra en el exterior. Incluye todos los accesorios para su instalaci\u00f3n, viene con soportes para fijar en la pared y 8 estacas de suelo<\/span><\/li>\n<li class=\"a-spacing-mini\"><span class=\"a-list-item\">16 ORIFICIOS DE DRENAJE: Esta p\u00e9rgola cuenta con 16 orificios de drenaje en la parte superior que evitan que el agua se acumule en el medio<\/span><\/li>\n<li class=\"a-spacing-mini\"><span class=\"a-list-item\">MEDIDAS TOTALES: 297x297x250 cm (LxANxAL); Altura delantera: 198 cm<\/span><\/li>\n<\/ul>\n<table class=\"a-normal a-spacing-micro\">\n<tbody>\n<tr class=\"a-spacing-small po-brand\">\n<td class=\"a-span3\"><span class=\"a-size-base a-text-bold\">Marca<\/span><\/td>\n<td class=\"a-span9\"><span class=\"a-size-base po-break-word\">Outsunny<\/span><\/td>\n<\/tr>\n<tr class=\"a-spacing-small po-material\">\n<td class=\"a-span3\"><span class=\"a-size-base a-text-bold\">Material<\/span><\/td>\n<td class=\"a-span9\"><span class=\"a-size-base po-break-word\">Metal, Poli\u00e9ster<\/span><\/td>\n<\/tr>\n<tr class=\"a-spacing-small po-style\">\n<td class=\"a-span3\"><span class=\"a-size-base a-text-bold\">Estilo<\/span><\/td>\n<td class=\"a-span9\"><span class=\"a-size-base po-break-word\">Decorativa,Elegante,Resistente<\/span><\/td>\n<\/tr>\n<tr class=\"a-spacing-small po-item_length_width_height\">\n<td class=\"a-span3\"><span class=\"a-size-base a-text-bold\">Dimensiones del producto<\/span><\/td>\n<td class=\"a-span9\"><span class=\"a-size-base po-break-word\">2,97l. x 2,97an. x 2,5al. metros<\/span><\/td>\n<\/tr>\n<tr class=\"a-spacing-small po-item_weight\">\n<td class=\"a-span3\"><span class=\"a-size-base a-text-bold\">Peso del producto<\/span><\/td>\n<td class=\"a-span9\"><span class=\"a-size-base po-break-word\">26,1 Kilogramos<\/span><\/td>\n<\/tr>\n<tr class=\"a-spacing-small po-frame.material\">\n<td class=\"a-span3\"><span class=\"a-size-base a-text-bold\">Material del marco<\/span><\/td>\n<td class=\"a-span9\"><span class=\"a-size-base po-break-word\">Acero,Metal,Met\u00e1lica<\/span><\/td>\n<\/tr>\n<tr class=\"a-spacing-small po-water_resistance_level\">\n<td class=\"a-span3\"><span class=\"a-size-base a-text-bold\">Nivel de resistencia al agua<\/span><\/td>\n<td class=\"a-span9\"><span class=\"a-size-base po-break-word\">Resistente al agua<\/span><\/td>\n<\/tr>\n<tr class=\"a-spacing-small po-item_shape\">\n<td class=\"a-span3\"><span class=\"a-size-base a-text-bold\">Forma<\/span><\/td>\n<td class=\"a-span9\"><span class=\"a-size-base po-break-word\">Rectangular<\/span><\/td>\n<\/tr>\n<tr class=\"a-spacing-small po-ultraviolet_light_protection\">\n<td class=\"a-span3\"><span class=\"a-size-base a-text-bold\">Protecci\u00f3n frente a la luz ultravioleta<\/span><\/td>\n<td class=\"a-span9\"><span class=\"a-size-base po-break-word\">True<\/span><\/td>\n<\/tr>\n<tr class=\"a-spacing-small po-is_assembly_required\">\n<td class=\"a-span3\"><span class=\"a-size-base a-text-bold\">Requiere montaje<\/span><\/td>\n<td class=\"a-span9\"><span class=\"a-size-base po-break-word\">S\u00ed<\/span><\/td>\n<\/tr>\n<\/tbody>\n<\/table>","protected":false},"excerpt":{"rendered":"<p>Acerca de este producto P\u00c9RGOLA MODERNA Y ELEGANTE: Su dise\u00f1o moderno con techo curvo y onda decorativa en el marco<\/p>","protected":false},"featured_media":19109,"template":"","meta":[],"product_brand":[],"product_cat":[78],"product_tag":[79],"product_country":[1505],"class_list":{"0":"post-19108","1":"product","2":"type-product","3":"status-publish","4":"has-post-thumbnail","6":"product_cat-gazebos-pergolas","7":"product_tag-gazebos-pergolas","8":"product_country-spain","10":"first","11":"instock","12":"sale","13":"taxable","14":"shipping-taxable","15":"purchasable","16":"product-type-simple"},"_links":{"self":[{"href":"https:\/\/routinesfashione.com\/es\/wp-json\/wp\/v2\/product\/19108","targetHints":{"allow":["GET"]}}],"collection":[{"href":"https:\/\/routinesfashione.com\/es\/wp-json\/wp\/v2\/product"}],"about":[{"href":"https:\/\/routinesfashione.com\/es\/wp-json\/wp\/v2\/types\/product"}],"wp:featuredmedia":[{"embeddable":true,"href":"https:\/\/routinesfashione.com\/es\/wp-json\/wp\/v2\/media\/19109"}],"wp:attachment":[{"href":"https:\/\/routinesfashione.com\/es\/wp-json\/wp\/v2\/media?parent=19108"}],"wp:term":[{"taxonomy":"product_brand","embeddable":true,"href":"https:\/\/routinesfashione.com\/es\/wp-json\/wp\/v2\/product_brand?post=19108"},{"taxonomy":"product_cat","embeddable":true,"href":"https:\/\/routinesfashione.com\/es\/wp-json\/wp\/v2\/product_cat?post=19108"},{"taxonomy":"product_tag","embeddable":true,"href":"https:\/\/routinesfashione.com\/es\/wp-json\/wp\/v2\/product_tag?post=19108"},{"taxonomy":"product_country","embeddable":true,"href":"https:\/\/routinesfashione.com\/es\/wp-json\/wp\/v2\/product_country?post=19108"}],"curies":[{"name":"wp","href":"https:\/\/api.w.org\/{rel}","templated":true}]}}