{"id":19403,"date":"2025-09-30T20:36:49","date_gmt":"2025-09-30T20:36:49","guid":{"rendered":"https:\/\/lightgray-crow-170497.hostingersite.com\/?post_type=product&#038;p=19403"},"modified":"2025-09-30T20:36:49","modified_gmt":"2025-09-30T20:36:49","slug":"ryobi-ry18lm37a-140-18v-one-accu-grasmaaier-37cm","status":"publish","type":"product","link":"https:\/\/routinesfashione.com\/es\/produit\/ryobi-ry18lm37a-140-18v-one-accu-grasmaaier-37cm\/","title":{"rendered":"Tondeuse \u00e0 gazon sans fil Ryobi RY18LM37A-140 18 V ONE+ 37 cm"},"content":{"rendered":"<h3 data-start=\"160\" data-end=\"195\"><strong data-start=\"167\" data-end=\"193\">Description du produit<\/strong><\/h3>\n<p data-start=\"196\" data-end=\"567\">La <strong data-start=\"199\" data-end=\"222\">Ryobi RY18LM37A-140<\/strong> est une tondeuse \u00e0 gazon sans fil compacte et performante, id\u00e9ale pour les jardins de petite \u00e0 moyenne taille. Aliment\u00e9e par une batterie 18 V du syst\u00e8me ONE+, elle offre une grande libert\u00e9 de mouvement sans c\u00e2ble. Sa largeur de coupe de 37 cm permet de couvrir rapidement la surface du gazon tout en restant maniable dans les zones \u00e9troites.<\/p>\n<p data-start=\"569\" data-end=\"803\">Elle propose un r\u00e9glage centralis\u00e9 de la hauteur de coupe avec 6 positions (de 25 \u00e0 70 mm) pour s\u2019adapter aux diff\u00e9rentes hauteurs d\u2019herbe. Le syst\u00e8me <strong data-start=\"720\" data-end=\"733\">EasyEdge\u2122<\/strong> permet de tondre efficacement au ras des bordures et des obstacles.<\/p>\n<p data-start=\"805\" data-end=\"1007\">Dot\u00e9e d\u2019un bac de ramassage de 45 L et d\u2019une fonction mulching, elle facilite l\u2019entretien de votre pelouse et r\u00e9duit les d\u00e9chets verts. Ses poign\u00e9es pliables assurent un rangement compact et pratique.<\/p>\n<hr data-start=\"1009\" data-end=\"1012\" \/>\n<h3 data-start=\"1014\" data-end=\"1054\">\u00a0<strong data-start=\"1021\" data-end=\"1052\">Caract\u00e9ristiques techniques<\/strong><\/h3>\n<ul data-start=\"1056\" data-end=\"1907\">\n<li data-start=\"1056\" data-end=\"1086\">\n<p data-start=\"1058\" data-end=\"1086\"><strong data-start=\"1058\" data-end=\"1072\">Plateforme<\/strong> : ONE+ 18 V<\/p>\n<\/li>\n<li data-start=\"1087\" data-end=\"1119\">\n<p data-start=\"1089\" data-end=\"1119\"><strong data-start=\"1089\" data-end=\"1109\">Largeur de coupe<\/strong> : 37 cm<\/p>\n<\/li>\n<li data-start=\"1120\" data-end=\"1173\">\n<p data-start=\"1122\" data-end=\"1173\"><strong data-start=\"1122\" data-end=\"1142\">Hauteur de coupe<\/strong> : 6 positions, de 25 \u00e0 70 mm<\/p>\n<\/li>\n<li data-start=\"1174\" data-end=\"1205\">\n<p data-start=\"1176\" data-end=\"1205\"><strong data-start=\"1176\" data-end=\"1196\">Bac de ramassage<\/strong> : 45 L<\/p>\n<\/li>\n<li data-start=\"1206\" data-end=\"1272\">\n<p data-start=\"1208\" data-end=\"1272\"><strong data-start=\"1208\" data-end=\"1230\">Fonctions de coupe<\/strong> : Ramassage, mulching, \u00e9jection arri\u00e8re<\/p>\n<\/li>\n<li data-start=\"1273\" data-end=\"1323\">\n<p data-start=\"1275\" data-end=\"1323\"><strong data-start=\"1275\" data-end=\"1297\">Poids approximatif<\/strong> : 15 kg (sans batterie)<\/p>\n<\/li>\n<li data-start=\"1324\" data-end=\"1374\">\n<p data-start=\"1326\" data-end=\"1374\"><strong data-start=\"1326\" data-end=\"1346\">Batterie incluse<\/strong> : 18 V Lithium-Ion 4,0 Ah<\/p>\n<\/li>\n<li data-start=\"1375\" data-end=\"1419\">\n<p data-start=\"1377\" data-end=\"1419\"><strong data-start=\"1377\" data-end=\"1403\">Temps de charge estim\u00e9<\/strong> : 120 minutes<\/p>\n<\/li>\n<li data-start=\"1420\" data-end=\"1494\">\n<p data-start=\"1422\" data-end=\"1494\"><strong data-start=\"1422\" data-end=\"1454\">Surface de tonte recommand\u00e9e<\/strong> : Environ 225 m\u00b2 avec batterie 4,0 Ah<\/p>\n<\/li>\n<li data-start=\"1495\" data-end=\"1535\">\n<p data-start=\"1497\" data-end=\"1535\"><strong data-start=\"1497\" data-end=\"1514\">Niveau sonore<\/strong> : Environ 94 dB(A)<\/p>\n<\/li>\n<li data-start=\"1536\" data-end=\"1587\">\n<p data-start=\"1538\" data-end=\"1587\"><strong data-start=\"1538\" data-end=\"1554\">Motorisation<\/strong> : Moteur \u00e9lectrique performant<\/p>\n<\/li>\n<li data-start=\"1588\" data-end=\"1649\">\n<p data-start=\"1590\" data-end=\"1649\"><strong data-start=\"1590\" data-end=\"1615\">R\u00e9glage de la hauteur<\/strong> : Centralis\u00e9 avec levier unique<\/p>\n<\/li>\n<li data-start=\"1650\" data-end=\"1696\">\n<p data-start=\"1652\" data-end=\"1696\"><strong data-start=\"1652\" data-end=\"1671\">Option mulching<\/strong> : Oui (bouchon fourni)<\/p>\n<\/li>\n<li data-start=\"1697\" data-end=\"1763\">\n<p data-start=\"1699\" data-end=\"1763\"><strong data-start=\"1699\" data-end=\"1720\">Fonction bordures<\/strong> : EasyEdge\u2122 pour coupe pr\u00e8s des bordures<\/p>\n<\/li>\n<li data-start=\"1764\" data-end=\"1813\">\n<p data-start=\"1766\" data-end=\"1813\"><strong data-start=\"1766\" data-end=\"1778\">Poign\u00e9es<\/strong> : Pliables pour rangement facile<\/p>\n<\/li>\n<li data-start=\"1814\" data-end=\"1876\">\n<p data-start=\"1816\" data-end=\"1876\"><strong data-start=\"1816\" data-end=\"1828\">Garantie<\/strong> : Jusqu\u2019\u00e0 3 ans selon conditions constructeur<\/p>\n<\/li>\n<li data-start=\"1877\" data-end=\"1907\">\n<p data-start=\"1879\" data-end=\"1907\"><strong data-start=\"1879\" data-end=\"1890\">Couleur<\/strong> : Vert et noir<\/p>\n<\/li>\n<\/ul>","protected":false},"excerpt":{"rendered":"<p>Description du produit La Ryobi RY18LM37A-140 est une tondeuse \u00e0 gazon sans fil compacte et performante, id\u00e9ale pour les jardins<\/p>","protected":false},"featured_media":19404,"template":"","meta":[],"product_brand":[],"product_cat":[64],"product_tag":[65],"product_country":[1503],"class_list":{"0":"post-19403","1":"product","2":"type-product","3":"status-publish","4":"has-post-thumbnail","6":"product_cat-movers","7":"product_tag-movers","8":"product_country-france","10":"first","11":"instock","12":"sale","13":"taxable","14":"shipping-taxable","15":"purchasable","16":"product-type-simple"},"_links":{"self":[{"href":"https:\/\/routinesfashione.com\/es\/wp-json\/wp\/v2\/product\/19403","targetHints":{"allow":["GET"]}}],"collection":[{"href":"https:\/\/routinesfashione.com\/es\/wp-json\/wp\/v2\/product"}],"about":[{"href":"https:\/\/routinesfashione.com\/es\/wp-json\/wp\/v2\/types\/product"}],"wp:featuredmedia":[{"embeddable":true,"href":"https:\/\/routinesfashione.com\/es\/wp-json\/wp\/v2\/media\/19404"}],"wp:attachment":[{"href":"https:\/\/routinesfashione.com\/es\/wp-json\/wp\/v2\/media?parent=19403"}],"wp:term":[{"taxonomy":"product_brand","embeddable":true,"href":"https:\/\/routinesfashione.com\/es\/wp-json\/wp\/v2\/product_brand?post=19403"},{"taxonomy":"product_cat","embeddable":true,"href":"https:\/\/routinesfashione.com\/es\/wp-json\/wp\/v2\/product_cat?post=19403"},{"taxonomy":"product_tag","embeddable":true,"href":"https:\/\/routinesfashione.com\/es\/wp-json\/wp\/v2\/product_tag?post=19403"},{"taxonomy":"product_country","embeddable":true,"href":"https:\/\/routinesfashione.com\/es\/wp-json\/wp\/v2\/product_country?post=19403"}],"curies":[{"name":"wp","href":"https:\/\/api.w.org\/{rel}","templated":true}]}}