{"id":19417,"date":"2025-09-30T20:36:49","date_gmt":"2025-09-30T20:36:49","guid":{"rendered":"https:\/\/lightgray-crow-170497.hostingersite.com\/?post_type=product&#038;p=19417"},"modified":"2025-09-30T20:36:49","modified_gmt":"2025-09-30T20:36:49","slug":"cordless-mower-makita-dlm432pt2","status":"publish","type":"product","link":"https:\/\/routinesfashione.com\/es\/produit\/cordless-mower-makita-dlm432pt2\/","title":{"rendered":"tondeuse sans fil Makita DLM432PT2"},"content":{"rendered":"<h2>Description du produit:<\/h2>\n<p>DLM432 facilite la tonte de la pelouse. Gr\u00e2ce \u00e0 sa conception l\u00e9g\u00e8re, il est tr\u00e8s facile de se d\u00e9placer. Bien que la tondeuse soit l\u00e9g\u00e8re, elle peut r\u00e9pondre m\u00eame aux exigences car elle peut atteindre une vitesse de charge de 3600 tr \/ min et sa zone de tonte est s&#8217;\u00e9l\u00e8ve \u00e0 575 m\u00b2. La tondeuse peut couper, collecter et paillir : fonction mulching. Sa hauteur de coupe est de 20 \u00e0 75 mm et sa largeur de coupe est de 430 mm. La capacit\u00e9 du bac de ramassage de l&#8217;herbe est de 40L. L&#8217;une des meilleures fonctionnalit\u00e9s de DLM432 est sa maniabilit\u00e9. La tondeuse peut facilement \u00eatre repli\u00e9e et stock\u00e9e ou d\u00e9plac\u00e9e. En plus d&#8217;avoir un faible niveau de bruit, DLM432 fait le meilleur choix pour les zones r\u00e9sidentielles, mais il est certainement suffisamment efficace pour les stations baln\u00e9aires et les lieux publics.<\/p>\n<h2>Sp\u00e9cifications techniques<\/h2>\n<p>&nbsp;<\/p>\n<div id=\"groupid_165\" class=\"techspecs--row\">\n<div class=\"techspecs-content-inner\"><\/div>\n<\/div>\n<ul class=\"techspecs\">\n<li style=\"list-style-type: none;\">\n<ul class=\"techspecs\">\n<li class=\"techspecs--row row-content\">\n<div class=\"techspecs--row-specification\">\u00c9nergie<\/div>\n<div class=\"techspecs--row-value\">2 x 18 V<\/div>\n<div class=\"techspecs--row-desc\"><\/div>\n<\/li>\n<\/ul>\n<\/li>\n<\/ul>\n<div id=\"groupid_165\" class=\"techspecs--row\">\n<div class=\"techspecs-content-inner\"><\/div>\n<\/div>\n<ul class=\"techspecs\">\n<li style=\"list-style-type: none;\">\n<ul class=\"techspecs\">\n<li class=\"techspecs--row row-content\">\n<div class=\"techspecs--row-specification\">Tension LXT<\/div>\n<div class=\"techspecs--row-value\"><\/div>\n<div class=\"techspecs--row-desc\"><\/div>\n<\/li>\n<\/ul>\n<\/li>\n<\/ul>\n<div id=\"groupid_165\" class=\"techspecs--row\">\n<div class=\"techspecs-content-inner\"><\/div>\n<\/div>\n<ul class=\"techspecs\">\n<li style=\"list-style-type: none;\">\n<ul class=\"techspecs\">\n<li class=\"techspecs--row row-content\">\n<div class=\"techspecs--row-specification\">Composant batterie<\/div>\n<div class=\"techspecs--row-value\">Li-ion<\/div>\n<div class=\"techspecs--row-desc\"><\/div>\n<\/li>\n<\/ul>\n<\/li>\n<\/ul>\n<div id=\"groupid_187\" class=\"techspecs--row\">\n<div class=\"techspecs-content-inner\"><\/div>\n<\/div>\n<ul class=\"techspecs\">\n<li style=\"list-style-type: none;\">\n<ul class=\"techspecs\">\n<li class=\"techspecs--row row-content\">\n<div class=\"techspecs--row-specification\">Vitesse \u00e0 vide max<\/div>\n<div class=\"techspecs--row-value\">3600 min\u207b\u00b9<\/div>\n<div class=\"techspecs--row-desc\"><\/div>\n<\/li>\n<\/ul>\n<\/li>\n<\/ul>\n<div id=\"groupid_179\" class=\"techspecs--row\">\n<div class=\"techspecs-content-inner\"><\/div>\n<\/div>\n<ul class=\"techspecs\">\n<li style=\"list-style-type: none;\">\n<ul class=\"techspecs\">\n<li class=\"techspecs--row row-content\">\n<div class=\"techspecs--row-specification\">Positions de taille de coupe<\/div>\n<div class=\"techspecs--row-value\">13<\/div>\n<div class=\"techspecs--row-desc\"><\/div>\n<\/li>\n<\/ul>\n<\/li>\n<\/ul>\n<div id=\"groupid_179\" class=\"techspecs--row\">\n<div class=\"techspecs-content-inner\"><\/div>\n<\/div>\n<ul class=\"techspecs\">\n<li style=\"list-style-type: none;\">\n<ul class=\"techspecs\">\n<li class=\"techspecs--row row-content\">\n<div class=\"techspecs--row-specification\">Largeur de coupe<\/div>\n<div class=\"techspecs--row-value\">43 cm<\/div>\n<div class=\"techspecs--row-desc\"><\/div>\n<\/li>\n<\/ul>\n<\/li>\n<\/ul>\n<div id=\"groupid_179\" class=\"techspecs--row\">\n<div class=\"techspecs-content-inner\"><\/div>\n<\/div>\n<ul class=\"techspecs\">\n<li style=\"list-style-type: none;\">\n<ul class=\"techspecs\">\n<li class=\"techspecs--row row-content\">\n<div class=\"techspecs--row-specification\">Hauteur de tonte<\/div>\n<div class=\"techspecs--row-value\">20 &#8211; 75 mm<\/div>\n<div class=\"techspecs--row-desc\"><\/div>\n<\/li>\n<\/ul>\n<\/li>\n<\/ul>\n<div id=\"groupid_179\" class=\"techspecs--row\">\n<div class=\"techspecs-content-inner\"><\/div>\n<\/div>\n<ul class=\"techspecs\">\n<li style=\"list-style-type: none;\">\n<ul class=\"techspecs\">\n<li class=\"techspecs--row row-content\">\n<div class=\"techspecs--row-specification\">Diam\u00e8tre de la roue arri\u00e8re<\/div>\n<div class=\"techspecs--row-value\">16 cm<\/div>\n<div class=\"techspecs--row-desc\"><\/div>\n<\/li>\n<\/ul>\n<\/li>\n<\/ul>\n<div id=\"groupid_179\" class=\"techspecs--row\">\n<div class=\"techspecs-content-inner\"><\/div>\n<\/div>\n<ul class=\"techspecs\">\n<li style=\"list-style-type: none;\">\n<ul class=\"techspecs\">\n<li class=\"techspecs--row row-content\">\n<div class=\"techspecs--row-specification\">Diam\u00e8tre de la roue avant<\/div>\n<div class=\"techspecs--row-value\">14 cm<\/div>\n<div class=\"techspecs--row-desc\"><\/div>\n<\/li>\n<\/ul>\n<\/li>\n<\/ul>\n<div id=\"groupid_180\" class=\"techspecs--row\">\n<div class=\"techspecs-content-inner\"><\/div>\n<\/div>\n<ul class=\"techspecs\">\n<li style=\"list-style-type: none;\">\n<ul class=\"techspecs\">\n<li class=\"techspecs--row row-content\">\n<div class=\"techspecs--row-specification\">Capacit\u00e9 du bac de ramassage<\/div>\n<div class=\"techspecs--row-value\">40 L<\/div>\n<div class=\"techspecs--row-desc\"><\/div>\n<\/li>\n<\/ul>\n<\/li>\n<\/ul>\n<div id=\"groupid_179\" class=\"techspecs--row\">\n<div class=\"techspecs-content-inner\"><\/div>\n<\/div>\n<ul class=\"techspecs\">\n<li style=\"list-style-type: none;\">\n<ul class=\"techspecs\">\n<li class=\"techspecs--row row-content\">\n<div class=\"techspecs--row-specification\">Tour \/ min mode normal<\/div>\n<div class=\"techspecs--row-value\">3600 min\u207b\u00b9<\/div>\n<div class=\"techspecs--row-desc\"><\/div>\n<\/li>\n<\/ul>\n<\/li>\n<\/ul>\n<div id=\"groupid_179\" class=\"techspecs--row\">\n<div class=\"techspecs-content-inner\"><\/div>\n<\/div>\n<ul class=\"techspecs\">\n<li style=\"list-style-type: none;\">\n<ul class=\"techspecs\">\n<li class=\"techspecs--row row-content\">\n<div class=\"techspecs--row-specification\">Surface de tonte max. 6,0 Ah x 2<\/div>\n<div class=\"techspecs--row-value\">575 m\u00b2<\/div>\n<div class=\"techspecs--row-desc\"><span class=\"techspecs--row-specification-info\"><i class=\"fa fa-fw fa-info-circle\">\u00a0<\/i><\/span><\/div>\n<\/li>\n<\/ul>\n<\/li>\n<\/ul>\n<div id=\"groupid_179\" class=\"techspecs--row\">\n<div class=\"techspecs-content-inner\"><\/div>\n<\/div>\n<ul class=\"techspecs\">\n<li style=\"list-style-type: none;\">\n<ul class=\"techspecs\">\n<li class=\"techspecs--row row-content\">\n<div class=\"techspecs--row-specification\">Surface de tonte max. 6,0 Ah X 2<\/div>\n<div class=\"techspecs--row-value\">575 &#8211; 950 m\u00b2<\/div>\n<div class=\"techspecs--row-desc\"><span class=\"techspecs--row-specification-info\"><i class=\"fa fa-fw fa-info-circle\">\u00a0<\/i><\/span><\/div>\n<\/li>\n<\/ul>\n<\/li>\n<\/ul>\n<div id=\"groupid_170\" class=\"techspecs--row\">\n<div class=\"techspecs-content-inner\"><\/div>\n<\/div>\n<ul class=\"techspecs\">\n<li style=\"list-style-type: none;\">\n<ul class=\"techspecs\">\n<li class=\"techspecs--row row-content\">\n<div class=\"techspecs--row-specification\">Niveau de puissance sonore (l\u00a0<sub>wa\u00a0)<\/sub><\/div>\n<div class=\"techspecs--row-value\">92 dB(A)<\/div>\n<div class=\"techspecs--row-desc\"><span class=\"techspecs--row-specification-info\"><i class=\"fa fa-fw fa-info-circle\">\u00a0<\/i><\/span><\/div>\n<\/li>\n<\/ul>\n<\/li>\n<\/ul>\n<div id=\"groupid_170\" class=\"techspecs--row\">\n<div class=\"techspecs-content-inner\"><\/div>\n<\/div>\n<ul class=\"techspecs\">\n<li style=\"list-style-type: none;\">\n<ul class=\"techspecs\">\n<li class=\"techspecs--row row-content\">\n<div class=\"techspecs--row-specification\">Niveau de pression acoustique (L\u00a0<sub>pa\u00a0)<\/sub><\/div>\n<div class=\"techspecs--row-value\">81 dB(A)<\/div>\n<div class=\"techspecs--row-desc\"><span class=\"techspecs--row-specification-info\"><i class=\"fa fa-fw fa-info-circle\">\u00a0<\/i><\/span><\/div>\n<\/li>\n<\/ul>\n<\/li>\n<\/ul>\n<div id=\"groupid_170\" class=\"techspecs--row\">\n<div class=\"techspecs-content-inner\"><\/div>\n<\/div>\n<ul class=\"techspecs\">\n<li style=\"list-style-type: none;\">\n<ul class=\"techspecs\">\n<li class=\"techspecs--row row-content\">\n<div class=\"techspecs--row-specification\">Incertitude de bruit (facteur K)<\/div>\n<div class=\"techspecs--row-value\">3 dB(A)<\/div>\n<div class=\"techspecs--row-desc\"><span class=\"techspecs--row-specification-info\"><i class=\"fa fa-fw fa-info-circle\">\u00a0<\/i><\/span><\/div>\n<\/li>\n<\/ul>\n<\/li>\n<\/ul>\n<div id=\"groupid_2033\" class=\"techspecs--row\">\n<div class=\"techspecs-content-inner\"><\/div>\n<\/div>\n<ul class=\"techspecs\">\n<li style=\"list-style-type: none;\">\n<ul class=\"techspecs\">\n<li class=\"techspecs--row row-content\">\n<div class=\"techspecs--row-specification\">Niveau de vibration (3 axes)<\/div>\n<div class=\"techspecs--row-value\">\u2264 2,5 m\/s\u00b2<\/div>\n<div class=\"techspecs--row-desc\"><span class=\"techspecs--row-specification-info\"><i class=\"fa fa-fw fa-info-circle\">\u00a0<\/i><\/span><\/div>\n<\/li>\n<\/ul>\n<\/li>\n<\/ul>\n<div id=\"groupid_2033\" class=\"techspecs--row\">\n<div class=\"techspecs-content-inner\"><\/div>\n<\/div>\n<ul class=\"techspecs\">\n<li style=\"list-style-type: none;\">\n<ul class=\"techspecs\">\n<li class=\"techspecs--row row-content\">\n<div class=\"techspecs--row-specification\">Incertitude de vibrations (facteur K)<\/div>\n<div class=\"techspecs--row-value\">1,5 m\/s\u00b2<\/div>\n<div class=\"techspecs--row-desc\"><span class=\"techspecs--row-specification-info\"><i class=\"fa fa-fw fa-info-circle\">\u00a0<\/i><\/span><\/div>\n<\/li>\n<\/ul>\n<\/li>\n<\/ul>\n<div id=\"groupid_511\" class=\"techspecs--row\">\n<div class=\"techspecs-content-inner\"><\/div>\n<\/div>\n<ul class=\"techspecs\">\n<li style=\"list-style-type: none;\">\n<ul class=\"techspecs\">\n<li class=\"techspecs--row row-content\">\n<div class=\"techspecs--row-specification\">Dimensions du produit (L x l x H):<\/div>\n<div class=\"techspecs--row-value\">1435 &#8211; 1490 x 460 x 1005 &#8211; 1045 mm<\/div>\n<div class=\"techspecs--row-desc\"><\/div>\n<\/li>\n<\/ul>\n<\/li>\n<\/ul>\n<div id=\"groupid_511\" class=\"techspecs--row\">\n<div class=\"techspecs-content-inner\"><\/div>\n<\/div>\n<ul class=\"techspecs\">\n<li style=\"list-style-type: none;\">\n<ul class=\"techspecs\">\n<li class=\"techspecs--row row-content\">\n<div class=\"techspecs--row-specification\">Dimensions, pliable (l x w x h)<\/div>\n<div class=\"techspecs--row-value\">865 x 460 x 475 mm<\/div>\n<div class=\"techspecs--row-desc\"><\/div>\n<\/li>\n<\/ul>\n<\/li>\n<\/ul>\n<div id=\"groupid_511\" class=\"techspecs--row\">\n<div class=\"techspecs-content-inner\"><\/div>\n<\/div>\n<ul class=\"techspecs\">\n<li class=\"techspecs--row row-content\">\n<div class=\"techspecs--row-specification\">Poids de l&#8217;outil avec batterie<\/div>\n<div class=\"techspecs--row-value\">16,8 &#8211; 17,5 kg<\/div>\n<\/li>\n<\/ul>","protected":false},"excerpt":{"rendered":"<p>Description du produit: DLM432 facilite la tonte de la pelouse. Gr\u00e2ce \u00e0 sa conception l\u00e9g\u00e8re, il est tr\u00e8s facile de<\/p>","protected":false},"featured_media":19418,"template":"","meta":[],"product_brand":[],"product_cat":[64],"product_tag":[65],"product_country":[1503],"class_list":{"0":"post-19417","1":"product","2":"type-product","3":"status-publish","4":"has-post-thumbnail","6":"product_cat-movers","7":"product_tag-movers","8":"product_country-france","10":"first","11":"instock","12":"sale","13":"taxable","14":"shipping-taxable","15":"purchasable","16":"product-type-simple"},"_links":{"self":[{"href":"https:\/\/routinesfashione.com\/es\/wp-json\/wp\/v2\/product\/19417","targetHints":{"allow":["GET"]}}],"collection":[{"href":"https:\/\/routinesfashione.com\/es\/wp-json\/wp\/v2\/product"}],"about":[{"href":"https:\/\/routinesfashione.com\/es\/wp-json\/wp\/v2\/types\/product"}],"wp:featuredmedia":[{"embeddable":true,"href":"https:\/\/routinesfashione.com\/es\/wp-json\/wp\/v2\/media\/19418"}],"wp:attachment":[{"href":"https:\/\/routinesfashione.com\/es\/wp-json\/wp\/v2\/media?parent=19417"}],"wp:term":[{"taxonomy":"product_brand","embeddable":true,"href":"https:\/\/routinesfashione.com\/es\/wp-json\/wp\/v2\/product_brand?post=19417"},{"taxonomy":"product_cat","embeddable":true,"href":"https:\/\/routinesfashione.com\/es\/wp-json\/wp\/v2\/product_cat?post=19417"},{"taxonomy":"product_tag","embeddable":true,"href":"https:\/\/routinesfashione.com\/es\/wp-json\/wp\/v2\/product_tag?post=19417"},{"taxonomy":"product_country","embeddable":true,"href":"https:\/\/routinesfashione.com\/es\/wp-json\/wp\/v2\/product_country?post=19417"}],"curies":[{"name":"wp","href":"https:\/\/api.w.org\/{rel}","templated":true}]}}