{"id":198,"date":"2025-09-30T20:55:54","date_gmt":"2025-09-30T20:55:54","guid":{"rendered":"https:\/\/lightgray-crow-170497.hostingersite.com\/?post_type=product&#038;p=198"},"modified":"2025-09-30T20:55:54","modified_gmt":"2025-09-30T20:55:54","slug":"bosch-advancedrotak-36v-40-650","status":"publish","type":"product","link":"https:\/\/routinesfashione.com\/es\/produit\/bosch-advancedrotak-36v-40-650\/","title":{"rendered":"Bosch AdvancedRotak 36V-40-650"},"content":{"rendered":"<div class=\"global_containerFluid__gL4K8 global_withPadding__W3hN0\">\n<h1><b class=\"SectionAccordion_sectionTitle__307P4\">Description<\/b><\/h1>\n<\/div>\n<div class=\"\">\n<div class=\"ProductDescription_productDescription__TcDIf global_containerFluid__gL4K8\">\n<div class=\"ProductDescription_textContainer__lGWdu\">\n<h2>La tondeuse sans fil hautement performante pour de grandes pelouses bien soign\u00e9es<\/h2>\n<div>\n<p class=\"ProductDescription_productDescriptionText__j58fc\">Gagnez du temps et prenez soin de votre grande pelouse avec la puissante et efficace tondeuse sans fil AdvancedRotak 36V-40-650 Bosch \u00e0 largeur de coupe de 40 cm. Con\u00e7ue pour couper aussi bien de l\u2019herbe courte que de l\u2019herbe haute, cette tondeuse robuste est aliment\u00e9e par un moteur sans charbon assurant de tr\u00e8s bonnes performances de coupe et une longue dur\u00e9e de vie. De nombreuses fonctionnalit\u00e9s am\u00e9liorent le confort et facilitent la tonte ; les poign\u00e9es Ergoflex assurent une bonne man\u0153uvrabilit\u00e9 ; la hauteur de coupe peut \u00eatre r\u00e9gl\u00e9e dans 7 positions (de 25 mm \u00e0 80 mm) en appuyant sur un bouton. Le sac en toile de 50 litres collecte l\u2019herbe fra\u00eechement coup\u00e9e pour obtenir une pelouse bien soign\u00e9e et un indicateur de niveau informe quand le sac est plein. Une fois la tonte termin\u00e9e, le sac de ramassage r\u00e9tractable et le guidon Ergoslide assurent un rangement compact. La technologie Syneon Bosch garantit des performances optimales et une autonomie maximale. L\u2019outil fait partie du syst\u00e8me POWER FOR ALL 36V. Une seule batterie suffit pour tous les outils POWER FOR ALL 36V.<\/p>\n<div class=\"global_containerFluid__gL4K8 global_withPadding__W3hN0\">\n<div><b class=\"SectionAccordion_sectionTitle__307P4\">Caract\u00e9ristiques techniques<\/b><\/div>\n<\/div>\n<div class=\"\">\n<div class=\"global_containerFluid__gL4K8 TechnicalSpecification_container__Z2rV1\">\n<div class=\"TechnicalSpecification_tablesWrapper__zVSHu\">\n<div>\n<div class=\"TechnicalSpecification_row__JhgtZ\">\n<div>Tension de la batterie<\/div>\n<div>36,0 V<\/div>\n<\/div>\n<div class=\"TechnicalSpecification_row__JhgtZ\">\n<div>Compatibilit\u00e9 de la batterie<\/div>\n<div>36V POWER FOR ALL<\/div>\n<\/div>\n<div class=\"TechnicalSpecification_row__JhgtZ\">\n<div>Recommandation batterie<\/div>\n<div>&gt;= 4,0 Ah<\/div>\n<\/div>\n<div class=\"TechnicalSpecification_row__JhgtZ\">\n<div>Temps de charge de la batterie<\/div>\n<div>1,10 h<\/div>\n<\/div>\n<div class=\"TechnicalSpecification_row__JhgtZ\">\n<div>Fonctionne avec batterie de capacit\u00e9<\/div>\n<div>4 Ah<\/div>\n<\/div>\n<div class=\"TechnicalSpecification_row__JhgtZ\">\n<div>Dur\u00e9e de charge rapide batterie<\/div>\n<div>Recharg\u00e9e \u00e0 80 % en 96 min<\/div>\n<\/div>\n<div class=\"TechnicalSpecification_row__JhgtZ\">\n<div>Superficie de pelouse recommand\u00e9e (maxi)<\/div>\n<div>650 m\u00b2<\/div>\n<\/div>\n<div class=\"TechnicalSpecification_row__JhgtZ\">\n<div>Diam\u00e8tre de coupe<\/div>\n<div>40 cm<\/div>\n<\/div>\n<\/div>\n<div>\n<div class=\"TechnicalSpecification_row__JhgtZ\">\n<div>Syst\u00e8me de coupe<\/div>\n<div>Lame circulaire<\/div>\n<\/div>\n<div class=\"TechnicalSpecification_row__JhgtZ\">\n<div>Bac de ramassage<\/div>\n<div>50 L<\/div>\n<\/div>\n<div class=\"TechnicalSpecification_row__JhgtZ\">\n<div>Hauteur de coupe<\/div>\n<div>25 \u2013 80 mm<\/div>\n<\/div>\n<div class=\"TechnicalSpecification_row__JhgtZ\">\n<div>R\u00e9glage de la hauteur de coupe<\/div>\n<div>R\u00e9glage sur 7 positions, centralis\u00e9<\/div>\n<\/div>\n<div class=\"TechnicalSpecification_row__JhgtZ\">\n<div>Type de poign\u00e9e<\/div>\n<div>Syst\u00e8me \u00ab Ergoflex \u00bb<\/div>\n<\/div>\n<div class=\"TechnicalSpecification_row__JhgtZ\">\n<div>Dimensions (L x l x H)<\/div>\n<div>1310 x 470 x 1080 mm<\/div>\n<\/div>\n<div class=\"TechnicalSpecification_row__JhgtZ\">\n<div>Poids<\/div>\n<div>16,500 kg<\/div>\n<\/div>\n<\/div>\n<\/div>\n<\/div>\n<\/div>\n<\/div>\n<\/div>\n<\/div>\n<\/div>","protected":false},"excerpt":{"rendered":"<p>Description La tondeuse sans fil hautement performante pour de grandes pelouses bien soign\u00e9es Gagnez du temps et prenez soin de<\/p>","protected":false},"featured_media":19472,"template":"","meta":[],"product_brand":[],"product_cat":[64],"product_tag":[65],"product_country":[1503],"class_list":{"0":"post-198","1":"product","2":"type-product","3":"status-publish","4":"has-post-thumbnail","6":"product_cat-movers","7":"product_tag-movers","8":"product_country-france","10":"first","11":"instock","12":"sale","13":"taxable","14":"shipping-taxable","15":"purchasable","16":"product-type-simple"},"_links":{"self":[{"href":"https:\/\/routinesfashione.com\/es\/wp-json\/wp\/v2\/product\/198","targetHints":{"allow":["GET"]}}],"collection":[{"href":"https:\/\/routinesfashione.com\/es\/wp-json\/wp\/v2\/product"}],"about":[{"href":"https:\/\/routinesfashione.com\/es\/wp-json\/wp\/v2\/types\/product"}],"wp:featuredmedia":[{"embeddable":true,"href":"https:\/\/routinesfashione.com\/es\/wp-json\/wp\/v2\/media\/19472"}],"wp:attachment":[{"href":"https:\/\/routinesfashione.com\/es\/wp-json\/wp\/v2\/media?parent=198"}],"wp:term":[{"taxonomy":"product_brand","embeddable":true,"href":"https:\/\/routinesfashione.com\/es\/wp-json\/wp\/v2\/product_brand?post=198"},{"taxonomy":"product_cat","embeddable":true,"href":"https:\/\/routinesfashione.com\/es\/wp-json\/wp\/v2\/product_cat?post=198"},{"taxonomy":"product_tag","embeddable":true,"href":"https:\/\/routinesfashione.com\/es\/wp-json\/wp\/v2\/product_tag?post=198"},{"taxonomy":"product_country","embeddable":true,"href":"https:\/\/routinesfashione.com\/es\/wp-json\/wp\/v2\/product_country?post=198"}],"curies":[{"name":"wp","href":"https:\/\/api.w.org\/{rel}","templated":true}]}}