{"id":2101,"date":"2025-09-30T20:53:32","date_gmt":"2025-09-30T20:53:32","guid":{"rendered":"https:\/\/lightgray-crow-170497.hostingersite.com\/?post_type=product&#038;p=2101"},"modified":"2025-09-30T20:53:32","modified_gmt":"2025-09-30T20:53:32","slug":"groupe-electrogene-diesel-triphase-insonorise-avec-moteur-4-temps-66-kva-k6100se-3-kompak","status":"publish","type":"product","link":"https:\/\/routinesfashione.com\/es\/produit\/groupe-electrogene-diesel-triphase-insonorise-avec-moteur-4-temps-66-kva-k6100se-3-kompak\/","title":{"rendered":"Groupe \u00e9lectrog\u00e8ne diesel triphas\u00e9 insonoris\u00e9 avec moteur 4 temps 6,6 kVA K6100SE-3 Kompak"},"content":{"rendered":"<p>Le\u00a0<strong>g\u00e9n\u00e9rateur diesel \u00e9lectrique Kompak K6100SE-3<\/strong>\u00a0se distingue par sa polyvalence et ses performances exceptionnelles. Avec une fr\u00e9quence de 50 Hz et une puissance nominale de 6,25 kVA en triphas\u00e9 et de 2,2 kVA en monophas\u00e9, ce g\u00e9n\u00e9rateur\u00a0<strong>s&#8217;adapte facilement<\/strong>\u00a0\u00e0 une vari\u00e9t\u00e9 de besoins \u00e9lectriques.<\/p>\n<p>Son moteur \u00e0 4 temps, refroidi par air et \u00e0 injection directe, garantit une efficacit\u00e9 optimale et une longue dur\u00e9e de vie. Ce groupe \u00e9lectrog\u00e8ne offre non seulement une puissance fiable, mais aussi un fonctionnement s\u00fbr gr\u00e2ce \u00e0 son\u00a0<strong>alarme de bas niveau d&#8217;huile<\/strong>\u00a0avec arr\u00eat automatique du moteur, assurant la protection de l&#8217;\u00e9quipement.<\/p>\n<p>Sa conception compacte facilite l&#8217;installation, l&#8217;entretien et la consommation de carburant, permettant jusqu&#8217;\u00e0\u00a0<strong>10 heures de fonctionnement \u00e0 50 % de charge<\/strong>. Les caract\u00e9ristiques suppl\u00e9mentaires comprennent une double base de support pour r\u00e9duire les vibrations. Pr\u00eat \u00e0 recevoir un signal de d\u00e9marrage, ce g\u00e9n\u00e9rateur se positionne comme une option fiable et pratique pour une vari\u00e9t\u00e9 d&#8217;applications.<\/p>\n<h3>Caract\u00e9ristiques<\/h3>\n<table class=\"tableresponsive table table-hover\">\n<tbody>\n<tr>\n<td>Fr\u00e9quence<\/td>\n<td><span dir=\"auto\">50 Hz<\/span><\/td>\n<\/tr>\n<tr>\n<td>Puissance nominale<\/td>\n<td><span dir=\"auto\">6,25 kVA \/ 2,2 kVA<\/span><\/td>\n<\/tr>\n<tr>\n<td>Puissance maximale<\/td>\n<td><span dir=\"auto\">6,60 kVA \/ 2,8 kVA<\/span><\/td>\n<\/tr>\n<tr>\n<td>Tension d&#8217;alimentation<\/td>\n<td><span dir=\"auto\">400 \/ 230 V<\/span><\/td>\n<\/tr>\n<tr>\n<td>Prises<\/td>\n<td><span dir=\"auto\">1xPCE5p(16A) \/ 1x16A(220)<\/span><\/td>\n<\/tr>\n<tr>\n<td>Alternateur<\/td>\n<td><span dir=\"auto\">A5S-3<\/span><\/td>\n<\/tr>\n<tr>\n<td>Type d&#8217;alternateur<\/td>\n<td><span dir=\"auto\">AVR<\/span><\/td>\n<\/tr>\n<tr>\n<td>Moteur<\/td>\n<td>4 temps<\/td>\n<\/tr>\n<tr>\n<td>Mod\u00e8le de moteur<\/td>\n<td><span dir=\"auto\">D400E<\/span><\/td>\n<\/tr>\n<tr>\n<td>Type de carburant<\/td>\n<td><span dir=\"auto\">Diesel<\/span><\/td>\n<\/tr>\n<tr>\n<td>Cylindr\u00e9e<\/td>\n<td><span dir=\"auto\">418 cc<\/span><\/td>\n<\/tr>\n<tr>\n<td>Puissance<\/td>\n<td><span dir=\"auto\">10 CV<\/span><\/td>\n<\/tr>\n<tr>\n<td>D\u00e9marreur<\/td>\n<td>\u00c9lectrique<\/td>\n<\/tr>\n<tr>\n<td>Capacit\u00e9 du r\u00e9servoir<\/td>\n<td><span dir=\"auto\">12 L<\/span><\/td>\n<\/tr>\n<tr>\n<td>Niveau sonore \u00e0 7 mts (dB)<\/td>\n<td><span dir=\"auto\">72 dB<\/span><\/td>\n<\/tr>\n<tr>\n<td>Dimensions de l&#8217;appareil<\/td>\n<td><span dir=\"auto\">920x520x760 mm<\/span><\/td>\n<\/tr>\n<tr>\n<td>Poids<\/td>\n<td><span dir=\"auto\">152 kg<\/span><\/td>\n<\/tr>\n<\/tbody>\n<\/table>","protected":false},"excerpt":{"rendered":"<p>Le\u00a0g\u00e9n\u00e9rateur diesel \u00e9lectrique Kompak K6100SE-3\u00a0se distingue par sa polyvalence et ses performances exceptionnelles. Avec une fr\u00e9quence de 50 Hz et<\/p>","protected":false},"featured_media":28327,"template":"","meta":[],"product_brand":[],"product_cat":[61],"product_tag":[1514],"product_country":[1503],"class_list":{"0":"post-2101","1":"product","2":"type-product","3":"status-publish","4":"has-post-thumbnail","6":"product_cat-sale-france","7":"product_tag-sale-france","8":"product_country-france","10":"first","11":"instock","12":"sale","13":"taxable","14":"shipping-taxable","15":"purchasable","16":"product-type-simple"},"_links":{"self":[{"href":"https:\/\/routinesfashione.com\/es\/wp-json\/wp\/v2\/product\/2101","targetHints":{"allow":["GET"]}}],"collection":[{"href":"https:\/\/routinesfashione.com\/es\/wp-json\/wp\/v2\/product"}],"about":[{"href":"https:\/\/routinesfashione.com\/es\/wp-json\/wp\/v2\/types\/product"}],"wp:featuredmedia":[{"embeddable":true,"href":"https:\/\/routinesfashione.com\/es\/wp-json\/wp\/v2\/media\/28327"}],"wp:attachment":[{"href":"https:\/\/routinesfashione.com\/es\/wp-json\/wp\/v2\/media?parent=2101"}],"wp:term":[{"taxonomy":"product_brand","embeddable":true,"href":"https:\/\/routinesfashione.com\/es\/wp-json\/wp\/v2\/product_brand?post=2101"},{"taxonomy":"product_cat","embeddable":true,"href":"https:\/\/routinesfashione.com\/es\/wp-json\/wp\/v2\/product_cat?post=2101"},{"taxonomy":"product_tag","embeddable":true,"href":"https:\/\/routinesfashione.com\/es\/wp-json\/wp\/v2\/product_tag?post=2101"},{"taxonomy":"product_country","embeddable":true,"href":"https:\/\/routinesfashione.com\/es\/wp-json\/wp\/v2\/product_country?post=2101"}],"curies":[{"name":"wp","href":"https:\/\/api.w.org\/{rel}","templated":true}]}}