{"id":230,"date":"2025-09-30T20:55:54","date_gmt":"2025-09-30T20:55:54","guid":{"rendered":"https:\/\/lightgray-crow-170497.hostingersite.com\/?post_type=product&#038;p=230"},"modified":"2025-09-30T20:55:54","modified_gmt":"2025-09-30T20:55:54","slug":"debroussailleuse-a-lame-db520b-iseki-coupe-52-cm-cylindree-163-cm3","status":"publish","type":"product","link":"https:\/\/routinesfashione.com\/es\/produit\/debroussailleuse-a-lame-db520b-iseki-coupe-52-cm-cylindree-163-cm3\/","title":{"rendered":"D\u00e9broussailleuse \u00e0 lame DB520B Iseki &#8211; Coupe 52 cm &#8211; Cylindr\u00e9e 163 cm3"},"content":{"rendered":"<p>Cette machine est une faucheuse-broyeuse tract\u00e9e permettant de travailler dans de l&#8217;herbe et sur un sol accident\u00e9.<br \/>\nPour ce faire, elle poss\u00e8de un r\u00e9glage en hauteur de coupe ais\u00e9, ainsi qu\u2019une jupe avant amovible.<br \/>\nLa transmission se fait par courroie. La vitesse de la machine est modifiable en utilisant sur la boite la poulie sup\u00e9rieure (petite vitesse [r\u00e9glage d\u2019origine]) ou la poulie inf\u00e9rieure (grande vitesse).<br \/>\nL&#8217;entra\u00eenement des roues est assur\u00e9 par un syst\u00e8me \u00e0 cliquets, ce qui permet d\u2019avoir effet diff\u00e9rentiel permanent. Une goupille permet de bloquer la roue avant.<\/p>\n<p>La d\u00e9broussailleuse DB520B est \u00e0 la fois maniable et performante gr\u00e2ce \u00e0 son r\u00e9glage de hauteur de coupe centralis\u00e9 au guidon et \u00e0 ses grandes roues arri\u00e8re.<br \/>\nDans un objectif de rendement, la vitesse d\u2019avancement est optimis\u00e9e et il est possible d\u2019enlever les d\u00e9flecteurs avant et lat\u00e9ral pour une meilleure absorption des v\u00e9g\u00e9taux et une \u00e9jection parfaite.<\/p>\n<h3>CARACT\u00c9RISTIQUES<\/h3>\n<p>Cylindr\u00e9e : 163 cm3<br \/>\nDimensions roues arri\u00e8re : 420 mm<br \/>\nGuidon : r\u00e9glable en hauteur<br \/>\nHauteur de coupe : 40, 60, 80 mm<br \/>\nLargeur de coupe : 520 mm<br \/>\nMarque : ISEKI<br \/>\nMarque du moteur : Briggs &amp; Stratton<br \/>\nNombre de vitesse : 1 AV<br \/>\nType de coupe : 1 lame<br \/>\nType de moteur : EXi 675<br \/>\nType de roues arri\u00e8re : Grandes roues<br \/>\nType de transmission : Boite BiDiCi<br \/>\nVitesse de transmission : 2,30 km\/h<\/p>\n<h3>DIMENSIONS ET POIDS<\/h3>\n<p><span dir=\"auto\" style=\"vertical-align: inherit;\">Dimensions (Lxlxh) : 1820 x 600 x 1080 mm <\/span><br \/>\n<span dir=\"auto\" style=\"vertical-align: inherit;\">Poids : 50 kg<\/span><\/p>","protected":false},"excerpt":{"rendered":"<p>Cette machine est une faucheuse-broyeuse tract\u00e9e permettant de travailler dans de l&#8217;herbe et sur un sol accident\u00e9. Pour ce faire,<\/p>","protected":false},"featured_media":12984,"template":"","meta":[],"product_brand":[],"product_cat":[61],"product_tag":[],"product_country":[1503],"class_list":{"0":"post-230","1":"product","2":"type-product","3":"status-publish","4":"has-post-thumbnail","6":"product_cat-sale-france","7":"product_country-france","9":"first","10":"instock","11":"sale","12":"taxable","13":"shipping-taxable","14":"purchasable","15":"product-type-simple"},"_links":{"self":[{"href":"https:\/\/routinesfashione.com\/es\/wp-json\/wp\/v2\/product\/230","targetHints":{"allow":["GET"]}}],"collection":[{"href":"https:\/\/routinesfashione.com\/es\/wp-json\/wp\/v2\/product"}],"about":[{"href":"https:\/\/routinesfashione.com\/es\/wp-json\/wp\/v2\/types\/product"}],"wp:featuredmedia":[{"embeddable":true,"href":"https:\/\/routinesfashione.com\/es\/wp-json\/wp\/v2\/media\/12984"}],"wp:attachment":[{"href":"https:\/\/routinesfashione.com\/es\/wp-json\/wp\/v2\/media?parent=230"}],"wp:term":[{"taxonomy":"product_brand","embeddable":true,"href":"https:\/\/routinesfashione.com\/es\/wp-json\/wp\/v2\/product_brand?post=230"},{"taxonomy":"product_cat","embeddable":true,"href":"https:\/\/routinesfashione.com\/es\/wp-json\/wp\/v2\/product_cat?post=230"},{"taxonomy":"product_tag","embeddable":true,"href":"https:\/\/routinesfashione.com\/es\/wp-json\/wp\/v2\/product_tag?post=230"},{"taxonomy":"product_country","embeddable":true,"href":"https:\/\/routinesfashione.com\/es\/wp-json\/wp\/v2\/product_country?post=230"}],"curies":[{"name":"wp","href":"https:\/\/api.w.org\/{rel}","templated":true}]}}