{"id":2311,"date":"2025-09-30T20:51:21","date_gmt":"2025-09-30T20:51:21","guid":{"rendered":"https:\/\/lightgray-crow-170497.hostingersite.com\/?post_type=product&#038;p=2311"},"modified":"2025-09-30T20:51:21","modified_gmt":"2025-09-30T20:51:21","slug":"denqbar-groupe-electrogene-inverter-4200-w-generateur-portable-insonorise-dq-4200-avec-onduleur","status":"publish","type":"product","link":"https:\/\/routinesfashione.com\/es\/produit\/denqbar-groupe-electrogene-inverter-4200-w-generateur-portable-insonorise-dq-4200-avec-onduleur\/","title":{"rendered":"DENQBAR Groupe \u00e9lectrog\u00e8ne Inverter 4200 W G\u00e9n\u00e9rateur portable insonoris\u00e9 DQ-4200 avec onduleur"},"content":{"rendered":"<ul class=\"a-unordered-list a-vertical a-spacing-mini\">\n<li class=\"a-spacing-mini\"><span class=\"a-list-item\">INNOVANT : La technologie eBLUE 2.0 Inverter permet de r\u00e9duire la consommation de carburant et de fournir de l&#8217;\u00e9lectricit\u00e9 propre pour les appareils sensibles \u00e0 la tension. Ainsi, vous \u00eates d\u00e9j\u00e0 parfaitement pr\u00e9par\u00e9 pour l&#8217;avenir.<\/span><\/li>\n<li class=\"a-spacing-mini\"><span class=\"a-list-item\">PUISSANT : Le pack mobile d&#8217;\u00e9nergie 230V avec une puissance de 4,2 kW est id\u00e9al pour les t\u00e2ches exigeantes dans le domaine du bricolage, dans les camping-cars, pour les food trucks, en camping, lors de festivals et sur les chantiers.<\/span><\/li>\n<li class=\"a-spacing-mini\"><span class=\"a-list-item\">MANIEMENT : D\u00e9marrage facile : il suffit d\u2019actionner le commutateur \u00e0 levier et de tirer sur la corde \u2013 et c\u2019est parti ! La fonction chariot avec grandes roues garantit une mobilit\u00e9 optimale.<\/span><\/li>\n<li class=\"a-spacing-mini\"><span class=\"a-list-item\">UNIVERSEL : Le groupe \u00e9lectrog\u00e8ne de secours est silencieux \u00e0 63 dB, fonctionne de mani\u00e8re fluide et \u00e9met peu de pollution en mode \u00e9co efficace. Avec deux prises Schuko 230V, une autonomie de 18 heures et une fonction USB FAST-LOAD, c&#8217;est le compagnon id\u00e9al !<\/span><\/li>\n<li class=\"a-spacing-mini\"><span class=\"a-list-item\">FLEXIBLE : 2 prises Schuko, une sortie courant continu 12V et 2 ports USB (1 x USB avec FAST-LOAD) offrent suffisamment de connexions pour utiliser tous vos appareils de mani\u00e8re flexible, partout et \u00e0 tout moment.<\/span><\/li>\n<li class=\"a-spacing-mini\"><span class=\"a-list-item\">CONTENU DE LA LIVRAISON : G\u00e9n\u00e9rateur Inverter 4200W, poids \u00e0 vide 42kg, alimentation num\u00e9rique, puissance maximale (230V) : 4,2kW, puissance continue (230V) : 3,8kW, longueur : 60,5 cm, largeur : 43,2 cm, hauteur : 50 cm, manuel d&#8217;utilisation (DE\/EN\/FR), jeu d&#8217;outils, c\u00e2ble de charge pour voiture.<\/span><\/li>\n<\/ul>","protected":false},"excerpt":{"rendered":"<p>INNOVANT : La technologie eBLUE 2.0 Inverter permet de r\u00e9duire la consommation de carburant et de fournir de l&#8217;\u00e9lectricit\u00e9 propre<\/p>","protected":false},"featured_media":28107,"template":"","meta":[],"product_brand":[],"product_cat":[61],"product_tag":[1514],"product_country":[1503],"class_list":{"0":"post-2311","1":"product","2":"type-product","3":"status-publish","4":"has-post-thumbnail","6":"product_cat-sale-france","7":"product_tag-sale-france","8":"product_country-france","10":"first","11":"instock","12":"sale","13":"taxable","14":"shipping-taxable","15":"purchasable","16":"product-type-simple"},"_links":{"self":[{"href":"https:\/\/routinesfashione.com\/es\/wp-json\/wp\/v2\/product\/2311","targetHints":{"allow":["GET"]}}],"collection":[{"href":"https:\/\/routinesfashione.com\/es\/wp-json\/wp\/v2\/product"}],"about":[{"href":"https:\/\/routinesfashione.com\/es\/wp-json\/wp\/v2\/types\/product"}],"wp:featuredmedia":[{"embeddable":true,"href":"https:\/\/routinesfashione.com\/es\/wp-json\/wp\/v2\/media\/28107"}],"wp:attachment":[{"href":"https:\/\/routinesfashione.com\/es\/wp-json\/wp\/v2\/media?parent=2311"}],"wp:term":[{"taxonomy":"product_brand","embeddable":true,"href":"https:\/\/routinesfashione.com\/es\/wp-json\/wp\/v2\/product_brand?post=2311"},{"taxonomy":"product_cat","embeddable":true,"href":"https:\/\/routinesfashione.com\/es\/wp-json\/wp\/v2\/product_cat?post=2311"},{"taxonomy":"product_tag","embeddable":true,"href":"https:\/\/routinesfashione.com\/es\/wp-json\/wp\/v2\/product_tag?post=2311"},{"taxonomy":"product_country","embeddable":true,"href":"https:\/\/routinesfashione.com\/es\/wp-json\/wp\/v2\/product_country?post=2311"}],"curies":[{"name":"wp","href":"https:\/\/api.w.org\/{rel}","templated":true}]}}