{"id":232,"date":"2025-09-30T20:55:53","date_gmt":"2025-09-30T20:55:53","guid":{"rendered":"https:\/\/lightgray-crow-170497.hostingersite.com\/?post_type=product&#038;p=232"},"modified":"2025-09-30T20:55:53","modified_gmt":"2025-09-30T20:55:53","slug":"debroussailleuse-stihl-fs411-c-em","status":"publish","type":"product","link":"https:\/\/routinesfashione.com\/es\/produit\/debroussailleuse-stihl-fs411-c-em\/","title":{"rendered":"D\u00e9broussailleuse STIHL FS411 C-EM"},"content":{"rendered":"<h3><span dir=\"auto\" style=\"vertical-align: inherit;\"><span dir=\"auto\" style=\"vertical-align: inherit;\">Votre site sp\u00e9cialiste en motoculture vous propose\u00a0<\/span><\/span><strong><span dir=\"auto\" style=\"vertical-align: inherit;\"><span dir=\"auto\" style=\"vertical-align: inherit;\">la D\u00e9broussailleuse STIHL FS411 C-EM<\/span><\/span><\/strong><\/h3>\n<h3><span dir=\"auto\" style=\"vertical-align: inherit;\"><span dir=\"auto\" style=\"vertical-align: inherit;\">D\u00e9broussailleuse FS 411 C-EM est destin\u00e9e aux professionnels et aux particuliers exigents. charg\u00e9s de l\u2019entretien des espaces verts et des for\u00eats.<\/span><\/span><br \/>\n<span dir=\"auto\" style=\"vertical-align: inherit;\"><span dir=\"auto\" style=\"vertical-align: inherit;\">Dot\u00e9es d\u2019une proc\u00e9dure de d\u00e9marrage simplifi\u00e9e avec starter \u00e0 retour automatique, d\u2019une ergonomie am\u00e9lior\u00e9e (poign\u00e9e avec mat\u00e9riau soft grip, guidon repliable avec manette 1 \/4 de tour int\u00e9gr\u00e9e) et d\u2019un puissant moteur ( 2,0 kW) 2 temps \u00e0 balayage stratifi\u00e9 STIHL.<\/span><\/span><\/h3>\n<p><span dir=\"auto\" style=\"vertical-align: inherit;\"><span dir=\"auto\" style=\"vertical-align: inherit;\">Cylindr\u00e9e cm\u00b3 \u00a0\u00a0\u00a0 41,6<\/span><\/span><br \/>\n<span dir=\"auto\" style=\"vertical-align: inherit;\"><span dir=\"auto\" style=\"vertical-align: inherit;\">Puissance kW\/ch \u00a0\u00a0\u00a0 2,0\/2,7<\/span><\/span><br \/>\n<span dir=\"auto\" style=\"vertical-align: inherit;\"><span dir=\"auto\" style=\"vertical-align: inherit;\">Poids kg 1) \u00a0\u00a0\u00a0 8,5<\/span><\/span><br \/>\n<span dir=\"auto\" style=\"vertical-align: inherit;\"><span dir=\"auto\" style=\"vertical-align: inherit;\">Capacit\u00e9 du r\u00e9servoir l \u00a0\u00a0\u00a0 0,75<\/span><\/span><br \/>\n<span dir=\"auto\" style=\"vertical-align: inherit;\"><span dir=\"auto\" style=\"vertical-align: inherit;\">Longueur totale m \u00a0\u00a0\u00a0 1,79<\/span><\/span><br \/>\n<span dir=\"auto\" style=\"vertical-align: inherit;\"><span dir=\"auto\" style=\"vertical-align: inherit;\">Pression acoustique dB(A) 2) \u00a0\u00a0\u00a0 101,0<\/span><\/span><br \/>\n<span dir=\"auto\" style=\"vertical-align: inherit;\"><span dir=\"auto\" style=\"vertical-align: inherit;\">Puissance acoustique dB(A) 2) \u00a0\u00a0\u00a0 109,0<\/span><\/span><br \/>\n<span dir=\"auto\" style=\"vertical-align: inherit;\"><span dir=\"auto\" style=\"vertical-align: inherit;\">Niveau de vibration avec outils fils m\/s\u00b2 3) \u00a0\u00a0\u00a0 2,3\/2,1<\/span><\/span><br \/>\n<span dir=\"auto\" style=\"vertical-align: inherit;\"><span dir=\"auto\" style=\"vertical-align: inherit;\">Niveau de vibration avec outils m\u00e9tal m\/s\u00b2 3) \u00a0\u00a0\u00a0 2,0\/1,7<\/span><\/span><br \/>\n<span dir=\"auto\" style=\"vertical-align: inherit;\"><span dir=\"auto\" style=\"vertical-align: inherit;\">livr\u00e9e avec le harnais stihl<\/span><\/span><\/p>","protected":false},"excerpt":{"rendered":"<p>Votre site sp\u00e9cialiste en motoculture vous propose\u00a0la D\u00e9broussailleuse STIHL FS411 C-EM D\u00e9broussailleuse FS 411 C-EM est destin\u00e9e aux professionnels et<\/p>","protected":false},"featured_media":12985,"template":"","meta":[],"product_brand":[],"product_cat":[61],"product_tag":[],"product_country":[1503],"class_list":{"0":"post-232","1":"product","2":"type-product","3":"status-publish","4":"has-post-thumbnail","6":"product_cat-sale-france","7":"product_country-france","9":"first","10":"instock","11":"sale","12":"taxable","13":"shipping-taxable","14":"purchasable","15":"product-type-simple"},"_links":{"self":[{"href":"https:\/\/routinesfashione.com\/es\/wp-json\/wp\/v2\/product\/232","targetHints":{"allow":["GET"]}}],"collection":[{"href":"https:\/\/routinesfashione.com\/es\/wp-json\/wp\/v2\/product"}],"about":[{"href":"https:\/\/routinesfashione.com\/es\/wp-json\/wp\/v2\/types\/product"}],"wp:featuredmedia":[{"embeddable":true,"href":"https:\/\/routinesfashione.com\/es\/wp-json\/wp\/v2\/media\/12985"}],"wp:attachment":[{"href":"https:\/\/routinesfashione.com\/es\/wp-json\/wp\/v2\/media?parent=232"}],"wp:term":[{"taxonomy":"product_brand","embeddable":true,"href":"https:\/\/routinesfashione.com\/es\/wp-json\/wp\/v2\/product_brand?post=232"},{"taxonomy":"product_cat","embeddable":true,"href":"https:\/\/routinesfashione.com\/es\/wp-json\/wp\/v2\/product_cat?post=232"},{"taxonomy":"product_tag","embeddable":true,"href":"https:\/\/routinesfashione.com\/es\/wp-json\/wp\/v2\/product_tag?post=232"},{"taxonomy":"product_country","embeddable":true,"href":"https:\/\/routinesfashione.com\/es\/wp-json\/wp\/v2\/product_country?post=232"}],"curies":[{"name":"wp","href":"https:\/\/api.w.org\/{rel}","templated":true}]}}