{"id":2332,"date":"2025-09-30T20:51:21","date_gmt":"2025-09-30T20:51:21","guid":{"rendered":"https:\/\/lightgray-crow-170497.hostingersite.com\/?post_type=product&#038;p=2332"},"modified":"2025-09-30T20:51:21","modified_gmt":"2025-09-30T20:51:21","slug":"generateur-electrique-1500w","status":"publish","type":"product","link":"https:\/\/routinesfashione.com\/es\/produit\/generateur-electrique-1500w\/","title":{"rendered":"G\u00e9n\u00e9rateur \u00c9lectrique 1500W"},"content":{"rendered":"<ul class=\"a-unordered-list a-vertical a-spacing-mini\">\n<li class=\"a-spacing-mini\"><span class=\"a-list-item\">G\u00e9n\u00e9rateur KS 3000G c\u2019est une possibilit\u00e9 de d\u00e9marrer et de fonctionner uniquement au gaz (propane-butane). Lorsqu\u2019on travaille au gaz il n\u2019y a pas de perte de puissance par rapport au travail \u00e0 l\u2019essence, silencieux.Power station sur le gaz est inclus r\u00e9ducteur incorpor\u00e9, tuyau et r\u00e9ducteur auxiliaire pour une plus fiabilit\u00e9<\/span><\/li>\n<li class=\"a-spacing-mini\"><span class=\"a-list-item\">L&#8217;alternateur de haute qualit\u00e9 de type synchrone avec un enroulement 100% en cuivre peut maintenir les charges maximales sans aucun dommage et garantit un travail fiable \u00e0 long terme du groupe \u00e9lectrog\u00e8ne.<\/span><\/li>\n<li class=\"a-spacing-mini\"><span class=\"a-list-item\">Le generateur electrique essence KS 3000G a un panneau permet de contr\u00f4ler facilement son travail: l&#8217;affichage LED moderne,le compteur d&#8217;heures,la fr\u00e9quence,la tension,la protection automatique contre les surcharges et les courts-circuits, le capteur de niveau d&#8217;huile<\/span><\/li>\n<li class=\"a-spacing-mini\"><span class=\"a-list-item\">Generateur de courant \u00e9quip\u00e9 d&#8217;un cadre en acier renforc\u00e9, d&#8217;un double syst\u00e8me antivibratoire \u2013 de plaques de choc en caoutchouc et de pieds de base pour la r\u00e9duction des vibrations et du bruit<\/span><\/li>\n<li class=\"a-spacing-mini\"><span class=\"a-list-item\">Le generateur de courant a l\u2019important r\u00e9servoir de carburant offre une longue autonomie. Il est dot\u00e9 d\u2019un capteur int\u00e9gr\u00e9 de niveau de carburant et il est couvert d\u2019une peinture \u00e9lectrostatique sp\u00e9ciale<\/span><br \/>\n<table id=\"productDetails_techSpec_section_1\" class=\"a-keyvalue prodDetTable\">\n<tbody>\n<tr>\n<th class=\"a-color-secondary a-size-base prodDetSectionEntry\">Fabricant<\/th>\n<td class=\"a-size-base prodDetAttrValue\">\u200eK\u00f6nner &amp; S\u00f6hnen<\/td>\n<\/tr>\n<tr>\n<th class=\"a-color-secondary a-size-base prodDetSectionEntry\">Dimensions du produit (L x l x h)<\/th>\n<td class=\"a-size-base prodDetAttrValue\">\u200e2,79 x 24,64 x 16,51 cm; 45 kilogrammes<\/td>\n<\/tr>\n<tr>\n<th class=\"a-color-secondary a-size-base prodDetSectionEntry\">R\u00e9f\u00e9rence<\/th>\n<td class=\"a-size-base prodDetAttrValue\">\u200eKS 3000G<\/td>\n<\/tr>\n<tr>\n<th class=\"a-color-secondary a-size-base prodDetSectionEntry\">Couleur<\/th>\n<td class=\"a-size-base prodDetAttrValue\">\u200e3000 W Dual Fuel<\/td>\n<\/tr>\n<tr>\n<th class=\"a-color-secondary a-size-base prodDetSectionEntry\">Style<\/th>\n<td class=\"a-size-base prodDetAttrValue\">\u200eDouble fuel (LPG\/essence)<\/td>\n<\/tr>\n<tr>\n<th class=\"a-color-secondary a-size-base prodDetSectionEntry\">Mati\u00e8re<\/th>\n<td class=\"a-size-base prodDetAttrValue\">\u200eacier et cuivre<\/td>\n<\/tr>\n<tr>\n<th class=\"a-color-secondary a-size-base prodDetSectionEntry\">Type d&#8217;alimentation<\/th>\n<td class=\"a-size-base prodDetAttrValue\">\u200eAliment\u00e9 par carburant<\/td>\n<\/tr>\n<tr>\n<th class=\"a-color-secondary a-size-base prodDetSectionEntry\">Tension<\/th>\n<td class=\"a-size-base prodDetAttrValue\">\u200e230 Volts<\/td>\n<\/tr>\n<tr>\n<th class=\"a-color-secondary a-size-base prodDetSectionEntry\">Watt<\/th>\n<td class=\"a-size-base prodDetAttrValue\">\u200e2.6 KW<\/td>\n<\/tr>\n<tr>\n<th class=\"a-color-secondary a-size-base prodDetSectionEntry\">Puissance en cheval-vapeur (ch)<\/th>\n<td class=\"a-size-base prodDetAttrValue\">\u200e7.00<\/td>\n<\/tr>\n<tr>\n<th class=\"a-color-secondary a-size-base prodDetSectionEntry\">Intensit\u00e9 en amp\u00e8res<\/th>\n<td class=\"a-size-base prodDetAttrValue\">\u200e16 A<\/td>\n<\/tr>\n<tr>\n<th class=\"a-color-secondary a-size-base prodDetSectionEntry\">Puissance maximale<\/th>\n<td class=\"a-size-base prodDetAttrValue\">\u200e3 Kilowatt<\/td>\n<\/tr>\n<tr>\n<th class=\"a-color-secondary a-size-base prodDetSectionEntry\">Quantit\u00e9 d&#8217;articles<\/th>\n<td class=\"a-size-base prodDetAttrValue\">\u200e1<\/td>\n<\/tr>\n<tr>\n<th class=\"a-color-secondary a-size-base prodDetSectionEntry\">Niveau sonore<\/th>\n<td class=\"a-size-base prodDetAttrValue\">\u200e68 dB<\/td>\n<\/tr>\n<tr>\n<th class=\"a-color-secondary a-size-base prodDetSectionEntry\">Style d&#8217;\u00e9cran<\/th>\n<td class=\"a-size-base prodDetAttrValue\">\u200eLED<\/td>\n<\/tr>\n<tr>\n<th class=\"a-color-secondary a-size-base prodDetSectionEntry\">Fonctions sp\u00e9ciales<\/th>\n<td class=\"a-size-base prodDetAttrValue\">\u200eDual fuel<\/td>\n<\/tr>\n<tr>\n<th class=\"a-color-secondary a-size-base prodDetSectionEntry\">Composants inclus<\/th>\n<td class=\"a-size-base prodDetAttrValue\">\u200eG\u00e9n\u00e9rateur, Pieds de soutien, Emballage, Cl\u00e9 \u00e0 bougie, Mode d&#8217;emploi<\/td>\n<\/tr>\n<tr>\n<th class=\"a-color-secondary a-size-base prodDetSectionEntry\">Piles incluses ?<\/th>\n<td class=\"a-size-base prodDetAttrValue\">\u200eNon<\/td>\n<\/tr>\n<tr>\n<th class=\"a-color-secondary a-size-base prodDetSectionEntry\">Batterie(s) \/ Pile(s) requise(s)<\/th>\n<td class=\"a-size-base prodDetAttrValue\">\u200eNon<\/td>\n<\/tr>\n<tr>\n<th class=\"a-color-secondary a-size-base prodDetSectionEntry\">Poids<\/th>\n<td class=\"a-size-base prodDetAttrValue\">\u200e45 Kilogrammes<\/td>\n<\/tr>\n<tr>\n<th class=\"a-color-secondary a-size-base prodDetSectionEntry\">Garantie constructeur<\/th>\n<td class=\"a-size-base prodDetAttrValue\">\u200e2 ans.<\/td>\n<\/tr>\n<tr>\n<th class=\"a-color-secondary a-size-base prodDetSectionEntry\">Disponibilit\u00e9 des pi\u00e8ces d\u00e9tach\u00e9es<\/th>\n<td class=\"a-size-base prodDetAttrValue\">\u200eInformation indisponible sur les pi\u00e8ces d\u00e9tach\u00e9es<\/td>\n<\/tr>\n<\/tbody>\n<\/table>\n<\/li>\n<\/ul>","protected":false},"excerpt":{"rendered":"<p>G\u00e9n\u00e9rateur KS 3000G c\u2019est une possibilit\u00e9 de d\u00e9marrer et de fonctionner uniquement au gaz (propane-butane). Lorsqu\u2019on travaille au gaz il<\/p>","protected":false},"featured_media":14547,"template":"","meta":[],"product_brand":[],"product_cat":[61],"product_tag":[1514],"product_country":[1503],"class_list":{"0":"post-2332","1":"product","2":"type-product","3":"status-publish","4":"has-post-thumbnail","6":"product_cat-sale-france","7":"product_tag-sale-france","8":"product_country-france","10":"first","11":"instock","12":"sale","13":"taxable","14":"shipping-taxable","15":"purchasable","16":"product-type-simple"},"_links":{"self":[{"href":"https:\/\/routinesfashione.com\/es\/wp-json\/wp\/v2\/product\/2332","targetHints":{"allow":["GET"]}}],"collection":[{"href":"https:\/\/routinesfashione.com\/es\/wp-json\/wp\/v2\/product"}],"about":[{"href":"https:\/\/routinesfashione.com\/es\/wp-json\/wp\/v2\/types\/product"}],"wp:featuredmedia":[{"embeddable":true,"href":"https:\/\/routinesfashione.com\/es\/wp-json\/wp\/v2\/media\/14547"}],"wp:attachment":[{"href":"https:\/\/routinesfashione.com\/es\/wp-json\/wp\/v2\/media?parent=2332"}],"wp:term":[{"taxonomy":"product_brand","embeddable":true,"href":"https:\/\/routinesfashione.com\/es\/wp-json\/wp\/v2\/product_brand?post=2332"},{"taxonomy":"product_cat","embeddable":true,"href":"https:\/\/routinesfashione.com\/es\/wp-json\/wp\/v2\/product_cat?post=2332"},{"taxonomy":"product_tag","embeddable":true,"href":"https:\/\/routinesfashione.com\/es\/wp-json\/wp\/v2\/product_tag?post=2332"},{"taxonomy":"product_country","embeddable":true,"href":"https:\/\/routinesfashione.com\/es\/wp-json\/wp\/v2\/product_country?post=2332"}],"curies":[{"name":"wp","href":"https:\/\/api.w.org\/{rel}","templated":true}]}}