{"id":239,"date":"2025-09-30T20:55:53","date_gmt":"2025-09-30T20:55:53","guid":{"rendered":"https:\/\/lightgray-crow-170497.hostingersite.com\/?post_type=product&#038;p=239"},"modified":"2025-09-30T20:55:53","modified_gmt":"2025-09-30T20:55:53","slug":"troy-bilt-tondeuse-autoportee-pony-ramassage-integre-92t-r-select","status":"publish","type":"product","link":"https:\/\/routinesfashione.com\/es\/produit\/troy-bilt-tondeuse-autoportee-pony-ramassage-integre-92t-r-select\/","title":{"rendered":"Troy-Bilt Tondeuse autoport\u00e9e Pony ramassage int\u00e9gr\u00e9 92T-R Select"},"content":{"rendered":"<div class=\"o-product-detail-informations__description\">\n<p><span dir=\"auto\"><span dir=\"auto\" style=\"vertical-align: inherit;\">Tondeuse autotract\u00e9e avec ramassage int\u00e9gr\u00e9 PONY 92 TR Select Moteur Troy Bilt 382, \u200b\u200bmonocylindre 382 cm3 Puissance 7,1 kW \/ 2600 min-1 D\u00e9marrage \u00e9lectrique Bo\u00eete de vitesses Transmatic 7 vitesses avant\/arri\u00e8re Roues avant\/arri\u00e8re 15&#215;6 &#8211; 18&#215;9,5 Bac de ramassage 240 l avec hard top Mulching en option D\u00e9flecteur en option Chargeur de batterie en option r\u00e9f. 196-967-678 Largeur de coupe 92 cm Hauteur de coupe 30 \u00e0 95 mm R\u00e9glage de la hauteur de coupe 5 positions Rayon de braquage 46 cm Surface jusqu&#8217;\u00e0 2500 m2<\/span><\/span><\/p>\n<\/div>\n<table class=\"o-product-features\" role=\"presentation\" data-cerberus=\"TABLE_AttributesProduct\">\n<caption class=\"kl-hidden-accessibility\">\u00a0<\/caption>\n<tbody>\n<tr class=\"m-product-attr-row\">\n<th class=\"m-product-attr-row__name\" scope=\"row\"><span dir=\"auto\"><span dir=\"auto\" style=\"vertical-align: inherit;\">Surface recommand\u00e9e (en m\u00b2)<\/span><\/span><\/th>\n<td class=\"m-product-attr-row__value\"><span dir=\"auto\"><span dir=\"auto\" style=\"vertical-align: inherit;\">2500<\/span><\/span><\/td>\n<\/tr>\n<tr class=\"m-product-attr-row\">\n<th class=\"m-product-attr-row__name\" scope=\"row\"><span dir=\"auto\"><span dir=\"auto\" style=\"vertical-align: inherit;\">Marque du moteur<\/span><\/span><\/th>\n<td class=\"m-product-attr-row__value\"><span dir=\"auto\"><span dir=\"auto\" style=\"vertical-align: inherit;\">TROYBILT<\/span><\/span><\/td>\n<\/tr>\n<tr class=\"m-product-attr-row\">\n<th class=\"m-product-attr-row__name\" scope=\"row\"><span dir=\"auto\"><span dir=\"auto\" style=\"vertical-align: inherit;\">Puissance nominale (en kW)<\/span><\/span><\/th>\n<td class=\"m-product-attr-row__value\"><span dir=\"auto\"><span dir=\"auto\" style=\"vertical-align: inherit;\">7.1<\/span><\/span><\/td>\n<\/tr>\n<tr class=\"m-product-attr-row\">\n<th class=\"m-product-attr-row__name\" scope=\"row\"><span dir=\"auto\"><span dir=\"auto\" style=\"vertical-align: inherit;\">Type de transmission<\/span><\/span><\/th>\n<td class=\"m-product-attr-row__value\"><span dir=\"auto\"><span dir=\"auto\" style=\"vertical-align: inherit;\">Transmatique<\/span><\/span><\/td>\n<\/tr>\n<tr class=\"m-product-attr-row\">\n<th class=\"m-product-attr-row__name\" scope=\"row\"><span dir=\"auto\"><span dir=\"auto\" style=\"vertical-align: inherit;\">Nombre de vitesses avant<\/span><\/span><\/th>\n<td class=\"m-product-attr-row__value\"><span dir=\"auto\"><span dir=\"auto\" style=\"vertical-align: inherit;\">7<\/span><\/span><\/td>\n<\/tr>\n<tr class=\"m-product-attr-row\">\n<th class=\"m-product-attr-row__name\" scope=\"row\"><span dir=\"auto\"><span dir=\"auto\" style=\"vertical-align: inherit;\">Nombre de vitesses arri\u00e8re<\/span><\/span><\/th>\n<td class=\"m-product-attr-row__value\"><span dir=\"auto\"><span dir=\"auto\" style=\"vertical-align: inherit;\">7<\/span><\/span><\/td>\n<\/tr>\n<tr class=\"m-product-attr-row\">\n<th class=\"m-product-attr-row__name\" scope=\"row\"><span dir=\"auto\"><span dir=\"auto\" style=\"vertical-align: inherit;\">R\u00e9glage de la hauteur de coupe<\/span><\/span><\/th>\n<td class=\"m-product-attr-row__value\"><span dir=\"auto\"><span dir=\"auto\" style=\"vertical-align: inherit;\">Manuel<\/span><\/span><\/td>\n<\/tr>\n<tr class=\"m-product-attr-row\">\n<th class=\"m-product-attr-row__name\" scope=\"row\"><span dir=\"auto\"><span dir=\"auto\" style=\"vertical-align: inherit;\">Hauteur de coupe (en cm)<\/span><\/span><\/th>\n<td class=\"m-product-attr-row__value\"><span dir=\"auto\"><span dir=\"auto\" style=\"vertical-align: inherit;\">De 3 \u00e0 9,5 cm<\/span><\/span><\/td>\n<\/tr>\n<tr class=\"m-product-attr-row\">\n<th class=\"m-product-attr-row__name\" scope=\"row\"><span dir=\"auto\"><span dir=\"auto\" style=\"vertical-align: inherit;\">Fonction mulching<\/span><\/span><\/th>\n<td class=\"m-product-attr-row__value\"><span dir=\"auto\"><span dir=\"auto\" style=\"vertical-align: inherit;\">Oui, obturateur non inclus<\/span><\/span><\/td>\n<\/tr>\n<tr class=\"m-product-attr-row\">\n<th class=\"m-product-attr-row__name\" scope=\"row\"><span dir=\"auto\"><span dir=\"auto\" style=\"vertical-align: inherit;\">Pente maximale recommand\u00e9e (en %)<\/span><\/span><\/th>\n<td class=\"m-product-attr-row__value\"><span dir=\"auto\"><span dir=\"auto\" style=\"vertical-align: inherit;\">20<\/span><\/span><\/td>\n<\/tr>\n<tr class=\"m-product-attr-row\">\n<th class=\"m-product-attr-row__name\" scope=\"row\"><span dir=\"auto\"><span dir=\"auto\" style=\"vertical-align: inherit;\">Capacit\u00e9 du bac de collecte (en l)<\/span><\/span><\/th>\n<td class=\"m-product-attr-row__value\"><span dir=\"auto\"><span dir=\"auto\" style=\"vertical-align: inherit;\">240<\/span><\/span><\/td>\n<\/tr>\n<tr class=\"m-product-attr-row\">\n<th class=\"m-product-attr-row__name\" scope=\"row\"><span dir=\"auto\"><span dir=\"auto\" style=\"vertical-align: inherit;\">Nombre de lames<\/span><\/span><\/th>\n<td class=\"m-product-attr-row__value\"><span dir=\"auto\"><span dir=\"auto\" style=\"vertical-align: inherit;\">2<\/span><\/span><\/td>\n<\/tr>\n<tr class=\"m-product-attr-row\">\n<th class=\"m-product-attr-row__name\" scope=\"row\"><span dir=\"auto\"><span dir=\"auto\" style=\"vertical-align: inherit;\">Phares<\/span><\/span><\/th>\n<td class=\"m-product-attr-row__value\"><span dir=\"auto\"><span dir=\"auto\" style=\"vertical-align: inherit;\">Oui<\/span><\/span><\/td>\n<\/tr>\n<tr class=\"m-product-attr-row\">\n<th class=\"m-product-attr-row__name\" scope=\"row\"><span dir=\"auto\"><span dir=\"auto\" style=\"vertical-align: inherit;\">Bac de collecte<\/span><\/span><\/th>\n<td class=\"m-product-attr-row__value\"><span dir=\"auto\"><span dir=\"auto\" style=\"vertical-align: inherit;\">Fourni<\/span><\/span><\/td>\n<\/tr>\n<tr class=\"m-product-attr-row\">\n<th class=\"m-product-attr-row__name\" scope=\"row\"><span dir=\"auto\"><span dir=\"auto\" style=\"vertical-align: inherit;\">D\u00e9flecteur de paillage<\/span><\/span><\/th>\n<td class=\"m-product-attr-row__value\"><span dir=\"auto\"><span dir=\"auto\" style=\"vertical-align: inherit;\">Facultatif<\/span><\/span><\/td>\n<\/tr>\n<tr class=\"m-product-attr-row\">\n<th class=\"m-product-attr-row__name\" scope=\"row\"><span dir=\"auto\"><span dir=\"auto\" style=\"vertical-align: inherit;\">Si\u00e8ge r\u00e9glable<\/span><\/span><\/th>\n<td class=\"m-product-attr-row__value\"><span dir=\"auto\"><span dir=\"auto\" style=\"vertical-align: inherit;\">Oui<\/span><\/span><\/td>\n<\/tr>\n<tr class=\"m-product-attr-row\">\n<th class=\"m-product-attr-row__name\" scope=\"row\"><span dir=\"auto\"><span dir=\"auto\" style=\"vertical-align: inherit;\">D\u00e9signation commerciale du moteur<\/span><\/span><\/th>\n<td class=\"m-product-attr-row__value\"><span dir=\"auto\"><span dir=\"auto\" style=\"vertical-align: inherit;\">Troy Bilt 382, \u200b\u200b\u200b\u200bmonocylindre<\/span><\/span><\/td>\n<\/tr>\n<tr class=\"m-product-attr-row\">\n<th class=\"m-product-attr-row__name\" scope=\"row\"><span dir=\"auto\"><span dir=\"auto\" style=\"vertical-align: inherit;\">Type d&#8217;embrayage \u00e0 lame<\/span><\/span><\/th>\n<td class=\"m-product-attr-row__value\"><span dir=\"auto\"><span dir=\"auto\" style=\"vertical-align: inherit;\">M\u00e9canique<\/span><\/span><\/td>\n<\/tr>\n<tr class=\"m-product-attr-row\">\n<th class=\"m-product-attr-row__name\" scope=\"row\"><span dir=\"auto\"><span dir=\"auto\" style=\"vertical-align: inherit;\">Vider la poubelle depuis le si\u00e8ge conducteur<\/span><\/span><\/th>\n<td class=\"m-product-attr-row__value\"><span dir=\"auto\"><span dir=\"auto\" style=\"vertical-align: inherit;\">Oui<\/span><\/span><\/td>\n<\/tr>\n<tr class=\"m-product-attr-row\">\n<th class=\"m-product-attr-row__name\" scope=\"row\"><span dir=\"auto\"><span dir=\"auto\" style=\"vertical-align: inherit;\">Capacit\u00e9 du r\u00e9servoir d&#8217;huile (en l)<\/span><\/span><\/th>\n<td class=\"m-product-attr-row__value\"><span dir=\"auto\"><span dir=\"auto\" style=\"vertical-align: inherit;\">1.4<\/span><\/span><\/td>\n<\/tr>\n<tr class=\"m-product-attr-row\">\n<th class=\"m-product-attr-row__name\" scope=\"row\"><span dir=\"auto\"><span dir=\"auto\" style=\"vertical-align: inherit;\">Terrain avec obstacle<\/span><\/span><\/th>\n<td class=\"m-product-attr-row__value\"><span dir=\"auto\"><span dir=\"auto\" style=\"vertical-align: inherit;\">Oui<\/span><\/span><\/td>\n<\/tr>\n<tr class=\"m-product-attr-row\">\n<th class=\"m-product-attr-row__name\" scope=\"row\"><span dir=\"auto\"><span dir=\"auto\" style=\"vertical-align: inherit;\">Garantie du moteur (en ann\u00e9es)<\/span><\/span><\/th>\n<td class=\"m-product-attr-row__value\"><span dir=\"auto\"><span dir=\"auto\" style=\"vertical-align: inherit;\">2<\/span><\/span><\/td>\n<\/tr>\n<tr class=\"m-product-attr-row\">\n<th class=\"m-product-attr-row__name\" scope=\"row\"><span dir=\"auto\"><span dir=\"auto\" style=\"vertical-align: inherit;\">Type de moteur<\/span><\/span><\/th>\n<td class=\"m-product-attr-row__value\"><span dir=\"auto\"><span dir=\"auto\" style=\"vertical-align: inherit;\">Monocylindre<\/span><\/span><\/td>\n<\/tr>\n<tr class=\"m-product-attr-row\">\n<th class=\"m-product-attr-row__name\" scope=\"row\"><span dir=\"auto\"><span dir=\"auto\" style=\"vertical-align: inherit;\">Nombre de positions (hauteur de coupe)<\/span><\/span><\/th>\n<td class=\"m-product-attr-row__value\"><span dir=\"auto\"><span dir=\"auto\" style=\"vertical-align: inherit;\">5<\/span><\/span><\/td>\n<\/tr>\n<tr class=\"m-product-attr-row\">\n<th class=\"m-product-attr-row__name\" scope=\"row\"><span dir=\"auto\"><span dir=\"auto\" style=\"vertical-align: inherit;\">Type de poubelle, sac de collecte<\/span><\/span><\/th>\n<td class=\"m-product-attr-row__value\"><span dir=\"auto\"><span dir=\"auto\" style=\"vertical-align: inherit;\">Semi-rigide<\/span><\/span><\/td>\n<\/tr>\n<tr class=\"m-product-attr-row\">\n<th class=\"m-product-attr-row__name\" scope=\"row\"><span dir=\"auto\"><span dir=\"auto\" style=\"vertical-align: inherit;\">Pression acoustique (en dB)<\/span><\/span><\/th>\n<td class=\"m-product-attr-row__value\"><span dir=\"auto\"><span dir=\"auto\" style=\"vertical-align: inherit;\">84,6<\/span><\/span><\/td>\n<\/tr>\n<tr class=\"m-product-attr-row\">\n<th class=\"m-product-attr-row__name\" scope=\"row\"><span dir=\"auto\"><span dir=\"auto\" style=\"vertical-align: inherit;\">Hauteur (en cm)<\/span><\/span><\/th>\n<td class=\"m-product-attr-row__value\"><span dir=\"auto\"><span dir=\"auto\" style=\"vertical-align: inherit;\">103<\/span><\/span><\/td>\n<\/tr>\n<tr class=\"m-product-attr-row\">\n<th class=\"m-product-attr-row__name\" scope=\"row\"><span dir=\"auto\"><span dir=\"auto\" style=\"vertical-align: inherit;\">Longueur avec bac de r\u00e9cup\u00e9ration (en cm)<\/span><\/span><\/th>\n<td class=\"m-product-attr-row__value\"><span dir=\"auto\"><span dir=\"auto\" style=\"vertical-align: inherit;\">225<\/span><\/span><\/td>\n<\/tr>\n<tr class=\"m-product-attr-row\">\n<th class=\"m-product-attr-row__name\" scope=\"row\"><span dir=\"auto\"><span dir=\"auto\" style=\"vertical-align: inherit;\">Largeur (en cm)<\/span><\/span><\/th>\n<td class=\"m-product-attr-row__value\"><span dir=\"auto\"><span dir=\"auto\" style=\"vertical-align: inherit;\">99<\/span><\/span><\/td>\n<\/tr>\n<tr class=\"m-product-attr-row\">\n<th class=\"m-product-attr-row__name\" scope=\"row\"><span dir=\"auto\"><span dir=\"auto\" style=\"vertical-align: inherit;\">Poids du produit nu (en kg)<\/span><\/span><\/th>\n<td class=\"m-product-attr-row__value\"><span dir=\"auto\"><span dir=\"auto\" style=\"vertical-align: inherit;\">195<\/span><\/span><\/td>\n<\/tr>\n<tr class=\"m-product-attr-row\">\n<th class=\"m-product-attr-row__name\" scope=\"row\"><span dir=\"auto\"><span dir=\"auto\" style=\"vertical-align: inherit;\">Dur\u00e9e de disponibilit\u00e9 des pi\u00e8ces d\u00e9tach\u00e9es apr\u00e8s le dernier achat de la derni\u00e8re unit\u00e9 vendue (en ann\u00e9es)<\/span><\/span><\/th>\n<td class=\"m-product-attr-row__value\"><span dir=\"auto\"><span dir=\"auto\" style=\"vertical-align: inherit;\">5<\/span><\/span><\/td>\n<\/tr>\n<tr class=\"m-product-attr-row\">\n<th class=\"m-product-attr-row__name\" scope=\"row\"><span dir=\"auto\"><span dir=\"auto\" style=\"vertical-align: inherit;\">Largeur de coupe (en cm)<\/span><\/span><\/th>\n<td class=\"m-product-attr-row__value\"><span dir=\"auto\"><span dir=\"auto\" style=\"vertical-align: inherit;\">92<\/span><\/span><\/td>\n<\/tr>\n<tr class=\"m-product-attr-row\">\n<th class=\"m-product-attr-row__name\" scope=\"row\"><span dir=\"auto\"><span dir=\"auto\" style=\"vertical-align: inherit;\">Cylindr\u00e9e (en cm\u00b3)<\/span><\/span><\/th>\n<td class=\"m-product-attr-row__value\"><span dir=\"auto\"><span dir=\"auto\" style=\"vertical-align: inherit;\">382<\/span><\/span><\/td>\n<\/tr>\n<tr class=\"m-product-attr-row\">\n<th class=\"m-product-attr-row__name\" scope=\"row\"><span dir=\"auto\"><span dir=\"auto\" style=\"vertical-align: inherit;\">Puissance (en W)<\/span><\/span><\/th>\n<td class=\"m-product-attr-row__value\"><span dir=\"auto\"><span dir=\"auto\" style=\"vertical-align: inherit;\">7100<\/span><\/span><\/td>\n<\/tr>\n<tr class=\"m-product-attr-row\">\n<th class=\"m-product-attr-row__name\" scope=\"row\"><span dir=\"auto\"><span dir=\"auto\" style=\"vertical-align: inherit;\">Produit emball\u00e9 : hauteur (en cm)<\/span><\/span><\/th>\n<td class=\"m-product-attr-row__value\"><span dir=\"auto\"><span dir=\"auto\" style=\"vertical-align: inherit;\">89<\/span><\/span><\/td>\n<\/tr>\n<tr class=\"m-product-attr-row\">\n<th class=\"m-product-attr-row__name\" scope=\"row\"><span dir=\"auto\"><span dir=\"auto\" style=\"vertical-align: inherit;\">Produit emball\u00e9 : largeur (en cm)<\/span><\/span><\/th>\n<td class=\"m-product-attr-row__value\"><span dir=\"auto\"><span dir=\"auto\" style=\"vertical-align: inherit;\">115<\/span><\/span><\/td>\n<\/tr>\n<tr class=\"m-product-attr-row\">\n<th class=\"m-product-attr-row__name\" scope=\"row\"><span dir=\"auto\"><span dir=\"auto\" style=\"vertical-align: inherit;\">Produit emball\u00e9 : profondeur (en cm)<\/span><\/span><\/th>\n<td class=\"m-product-attr-row__value\"><span dir=\"auto\"><span dir=\"auto\" style=\"vertical-align: inherit;\">213<\/span><\/span><\/td>\n<\/tr>\n<tr class=\"m-product-attr-row\">\n<th class=\"m-product-attr-row__name\" scope=\"row\"><span dir=\"auto\"><span dir=\"auto\" style=\"vertical-align: inherit;\">Produit emball\u00e9 : poids (en kg)<\/span><\/span><\/th>\n<td class=\"m-product-attr-row__value\"><span dir=\"auto\"><span dir=\"auto\" style=\"vertical-align: inherit;\">273<\/span><\/span><\/td>\n<\/tr>\n<\/tbody>\n<\/table>","protected":false},"excerpt":{"rendered":"<p>Tondeuse autotract\u00e9e avec ramassage int\u00e9gr\u00e9 PONY 92 TR Select Moteur Troy Bilt 382, \u200b\u200bmonocylindre 382 cm3 Puissance 7,1 kW \/<\/p>","protected":false},"featured_media":12989,"template":"","meta":[],"product_brand":[],"product_cat":[61],"product_tag":[],"product_country":[1503],"class_list":{"0":"post-239","1":"product","2":"type-product","3":"status-publish","4":"has-post-thumbnail","6":"product_cat-sale-france","7":"product_country-france","9":"first","10":"instock","11":"sale","12":"taxable","13":"shipping-taxable","14":"purchasable","15":"product-type-simple"},"_links":{"self":[{"href":"https:\/\/routinesfashione.com\/es\/wp-json\/wp\/v2\/product\/239","targetHints":{"allow":["GET"]}}],"collection":[{"href":"https:\/\/routinesfashione.com\/es\/wp-json\/wp\/v2\/product"}],"about":[{"href":"https:\/\/routinesfashione.com\/es\/wp-json\/wp\/v2\/types\/product"}],"wp:featuredmedia":[{"embeddable":true,"href":"https:\/\/routinesfashione.com\/es\/wp-json\/wp\/v2\/media\/12989"}],"wp:attachment":[{"href":"https:\/\/routinesfashione.com\/es\/wp-json\/wp\/v2\/media?parent=239"}],"wp:term":[{"taxonomy":"product_brand","embeddable":true,"href":"https:\/\/routinesfashione.com\/es\/wp-json\/wp\/v2\/product_brand?post=239"},{"taxonomy":"product_cat","embeddable":true,"href":"https:\/\/routinesfashione.com\/es\/wp-json\/wp\/v2\/product_cat?post=239"},{"taxonomy":"product_tag","embeddable":true,"href":"https:\/\/routinesfashione.com\/es\/wp-json\/wp\/v2\/product_tag?post=239"},{"taxonomy":"product_country","embeddable":true,"href":"https:\/\/routinesfashione.com\/es\/wp-json\/wp\/v2\/product_country?post=239"}],"curies":[{"name":"wp","href":"https:\/\/api.w.org\/{rel}","templated":true}]}}