{"id":2394,"date":"2025-09-30T20:51:20","date_gmt":"2025-09-30T20:51:20","guid":{"rendered":"https:\/\/lightgray-crow-170497.hostingersite.com\/?post_type=product&#038;p=2394"},"modified":"2025-09-30T20:51:20","modified_gmt":"2025-09-30T20:51:20","slug":"generateur-dessence-genergy-astun-s-7000w-230v-demarrage-manuel","status":"publish","type":"product","link":"https:\/\/routinesfashione.com\/es\/produit\/generateur-dessence-genergy-astun-s-7000w-230v-demarrage-manuel\/","title":{"rendered":"G\u00e9n\u00e9rateur D&#8217;essence Genergy Ast\u00fan-s 7000w 230v D\u00e9marrage Manuel"},"content":{"rendered":"<ul>\n<li><strong>Pack S : Prise IP67 + diff\u00e9rentiel 30mA + bouton d&#8217;arr\u00eat\/urgence.<\/strong><\/li>\n<li><strong>Le nouveau r\u00e9gulateur SVR<\/strong>\u00a0permet de d\u00e9marrer des moteurs plus puissants et prot\u00e8ge l&#8217;alternateur contre les surcharges<\/li>\n<li>L&#8217;affichage de l&#8217;indicateur d&#8217;entretien avertit l&#8217;utilisateur des op\u00e9rations d&#8217;entretien. Affiche \u00e9galement les heures V-HZ.<\/li>\n<li>Moteur EURO V GENERGY SGB420PRO. Faibles \u00e9missions et excellentes performances. Fiabilit\u00e9 et durabilit\u00e9 assur\u00e9es.<\/li>\n<li>Filtre \u00e0 air typhonique. Filtration de l&#8217;air plus pr\u00e9cise avec des intervalles de maintenance plus courts.<\/li>\n<li>Nouveau design avec roues et poign\u00e9e int\u00e9gr\u00e9es (ne d\u00e9passant pas du ch\u00e2ssis) r\u00e9duisant l&#8217;espace de stockage.<\/li>\n<li>Alternateur surdimensionn\u00e9 et bobinage en cuivre de haute qualit\u00e9.<strong>1 FILTRE INDUSTRIEL TYPHONIC<\/strong>.Filtre \u00e0 air centrifuge con\u00e7u pour fonctionner dans des conditions de poussi\u00e8re et de salet\u00e9 extr\u00eames.Les impuret\u00e9s les plus tenaces sont expuls\u00e9es avant d&#8217;atteindre les couches filtrantes, r\u00e9duisant ainsi les intervalles d&#8217;entretien.\n<p><strong>2 MOTEUR GENERGY EURO V ORIGINAL<\/strong><\/p>\n<p>D\u00e9marrage extr\u00eamement facile dans toutes les conditions thermiques, excellentes performances et longue dur\u00e9e de vie.<\/p>\n<p><strong>3 Alternateurs bobin\u00e9s en cuivre.<\/strong><\/p>\n<p>Alternateurs bobin\u00e9s en cuivre de haute qualit\u00e9 avec refroidissement optimis\u00e9. Ils offrent<\/p>\n<p>une meilleure r\u00e9sistance \u00e0 la corrosion et \u00e0 la surchauffe, prolongeant ainsi leur dur\u00e9e de vie.<\/p>\n<p><strong>4. \u00c9cran multifonction :<\/strong><\/p>\n<p>affichage num\u00e9rique de la tension, de la fr\u00e9quence, des heures de fonctionnement partielles et cumul\u00e9es. Il alerte \u00e9galement l&#8217;utilisateur des besoins d&#8217;entretien.<\/p>\n<p><strong>5 VERSIONS AX\u00c9ES SUR LES TRAVAUX PUBLICS ET LA LOCATION<\/strong><\/p>\n<p>Equip\u00e9es d&#8217;un diff\u00e9rentiel 30mA, de prises IP67 et d&#8217;un d\u00e9marrage manuel, selon les exigences de nos clients.<\/p>\n<p><strong>6 KITS DE ROUES ET POIGN\u00c9ES INT\u00c9GR\u00c9S AU CADRE<\/strong><\/p>\n<p>Jusqu&#8217;\u00e0 30% de volume en moins, facilitant le stockage et le transport dans les v\u00e9hicules.<\/p>\n<p><strong>7 R\u00c9GULATEUR DE TENSION INTELLIGENT SVR :<\/strong><\/p>\n<p>capacit\u00e9 de d\u00e9marrage des moteurs sup\u00e9rieure \u00e0 celle des anciens r\u00e9gulateurs de tension. Par exemple, un g\u00e9n\u00e9rateur SVR de 3 300 W peut g\u00e9rer des pointes de puissance momentan\u00e9es allant jusqu&#8217;\u00e0 4 200 W, et un g\u00e9n\u00e9rateur de 6 500 W peut g\u00e9rer des pointes allant jusqu&#8217;\u00e0 8 400 W. Cette technologie offre \u00e9galement une meilleure protection contre les surcharges.<\/p>\n<p><strong>8 CROCHETS POUR C\u00c2BLES<\/strong><\/p>\n<p>Emp\u00eachent la rupture des prises ou du panneau de commande en cas de traction sur les rallonges.<\/li>\n<\/ul>","protected":false},"excerpt":{"rendered":"<p>Pack S : Prise IP67 + diff\u00e9rentiel 30mA + bouton d&#8217;arr\u00eat\/urgence. Le nouveau r\u00e9gulateur SVR\u00a0permet de d\u00e9marrer des moteurs plus<\/p>","protected":false},"featured_media":27965,"template":"","meta":[],"product_brand":[],"product_cat":[61],"product_tag":[1514],"product_country":[1503],"class_list":{"0":"post-2394","1":"product","2":"type-product","3":"status-publish","4":"has-post-thumbnail","6":"product_cat-sale-france","7":"product_tag-sale-france","8":"product_country-france","10":"first","11":"instock","12":"sale","13":"taxable","14":"shipping-taxable","15":"purchasable","16":"product-type-simple"},"_links":{"self":[{"href":"https:\/\/routinesfashione.com\/es\/wp-json\/wp\/v2\/product\/2394","targetHints":{"allow":["GET"]}}],"collection":[{"href":"https:\/\/routinesfashione.com\/es\/wp-json\/wp\/v2\/product"}],"about":[{"href":"https:\/\/routinesfashione.com\/es\/wp-json\/wp\/v2\/types\/product"}],"wp:featuredmedia":[{"embeddable":true,"href":"https:\/\/routinesfashione.com\/es\/wp-json\/wp\/v2\/media\/27965"}],"wp:attachment":[{"href":"https:\/\/routinesfashione.com\/es\/wp-json\/wp\/v2\/media?parent=2394"}],"wp:term":[{"taxonomy":"product_brand","embeddable":true,"href":"https:\/\/routinesfashione.com\/es\/wp-json\/wp\/v2\/product_brand?post=2394"},{"taxonomy":"product_cat","embeddable":true,"href":"https:\/\/routinesfashione.com\/es\/wp-json\/wp\/v2\/product_cat?post=2394"},{"taxonomy":"product_tag","embeddable":true,"href":"https:\/\/routinesfashione.com\/es\/wp-json\/wp\/v2\/product_tag?post=2394"},{"taxonomy":"product_country","embeddable":true,"href":"https:\/\/routinesfashione.com\/es\/wp-json\/wp\/v2\/product_country?post=2394"}],"curies":[{"name":"wp","href":"https:\/\/api.w.org\/{rel}","templated":true}]}}