{"id":2400,"date":"2025-09-30T20:51:19","date_gmt":"2025-09-30T20:51:19","guid":{"rendered":"https:\/\/lightgray-crow-170497.hostingersite.com\/?post_type=product&#038;p=2400"},"modified":"2025-09-30T20:51:20","modified_gmt":"2025-09-30T20:51:20","slug":"groupe-electrogene-perform-4500-xl-sdmo","status":"publish","type":"product","link":"https:\/\/routinesfashione.com\/es\/produit\/groupe-electrogene-perform-4500-xl-sdmo\/","title":{"rendered":"Groupe \u00e9lectrog\u00e8ne Perform 4500 XL &#8211; SDMO"},"content":{"rendered":"<p>Le groupe \u00e9lectrog\u00e8ne \u00e0 essence PERFORM 4500 XL C5 de Kohler-SDMO est un \u00e9quipement \u00e9lectroportatif robuste, adapt\u00e9 \u00e0 diverses applications, notamment sur les chantiers, les travaux de r\u00e9novation, et en cas de secours exceptionnel. Il poss\u00e8de un ch\u00e2ssis compact avec des bandeaux antichocs. Cela garantit une r\u00e9sistance aux chocs tout en conservant un format pratique. Ensuite, il est \u00e9quip\u00e9 d&#8217;un moteur professionnel KOHLER refroidi par air. Celui-ci dispose \u00e9galement d&#8217;un d\u00e9marrage facile gr\u00e2ce aux positions \u00e9t\u00e9\/hiver, ce qui simplifie son utilisation en toute saison. Aliment\u00e9 par de l&#8217;essence, il offre une tension monophas\u00e9e pour r\u00e9pondre aux besoins \u00e9nerg\u00e9tiques vari\u00e9s.<\/p>\n<p>L&#8217;une des caract\u00e9ristiques notables est son syst\u00e8me de filtration Quad Clean, un filtre cyclonique qui offre quatre niveaux de filtration performants. Ce syst\u00e8me est con\u00e7u pour \u00e9liminer les particules grossi\u00e8res et capturer les plus fines, assurant ainsi une entr\u00e9e d&#8217;air constamment propre. Cela favorise non seulement des \u00e9conomies de carburant, mais optimise \u00e9galement la puissance du moteur et prolonge sa dur\u00e9e de vie. En somme, le PERFORM 4500 XL C5 est une option \u00e0 prendre en consid\u00e9ration pour ceux qui recherchent la performance et la comp\u00e9titivit\u00e9 d&#8217;un \u00e9quipement \u00e9lectroportatif adapt\u00e9 \u00e0 un usage fr\u00e9quent.<\/p>\n<h3>Caract\u00e9ristiques techniques :<\/h3>\n<ul>\n<li>Conformit\u00e9 : normes stage V (2016\/1628 EU)<\/li>\n<li>Moteur : professionnel refroidi par air<\/li>\n<li>Filtration : quad clean (4 niveaux)<\/li>\n<li>Nombre de phases : monophas\u00e9<\/li>\n<li>D\u00e9marrage : lanceur<\/li>\n<li>Carburant : essence<\/li>\n<li>Niveau pression acoustique @7m : 68 dB(A)<\/li>\n<li>Prises : 2 x 230 V 10\/16A avec disjoncteur<\/li>\n<li>Niveau acoustique garanti : 96 dB(A)<\/li>\n<li>Puissance assign\u00e9e COP : 3,20 kW<\/li>\n<li>Autonomie (75 % charge) : 10,6 h<\/li>\n<li>Puissance max : 4,0 kW (4,0 kVA)<\/li>\n<li>Tension nominale : 230 V<\/li>\n<li>R\u00e9servoir : 18,0 L<\/li>\n<li>Dimensions : 81,0 x 55,5 x 59,0 cm<\/li>\n<li>Poids : 68,5 kg<\/li>\n<\/ul>","protected":false},"excerpt":{"rendered":"<p>Le groupe \u00e9lectrog\u00e8ne \u00e0 essence PERFORM 4500 XL C5 de Kohler-SDMO est un \u00e9quipement \u00e9lectroportatif robuste, adapt\u00e9 \u00e0 diverses applications,<\/p>","protected":false},"featured_media":27985,"template":"","meta":[],"product_brand":[],"product_cat":[61],"product_tag":[1514],"product_country":[1503],"class_list":{"0":"post-2400","1":"product","2":"type-product","3":"status-publish","4":"has-post-thumbnail","6":"product_cat-sale-france","7":"product_tag-sale-france","8":"product_country-france","10":"first","11":"instock","12":"sale","13":"taxable","14":"shipping-taxable","15":"purchasable","16":"product-type-simple"},"_links":{"self":[{"href":"https:\/\/routinesfashione.com\/es\/wp-json\/wp\/v2\/product\/2400","targetHints":{"allow":["GET"]}}],"collection":[{"href":"https:\/\/routinesfashione.com\/es\/wp-json\/wp\/v2\/product"}],"about":[{"href":"https:\/\/routinesfashione.com\/es\/wp-json\/wp\/v2\/types\/product"}],"wp:featuredmedia":[{"embeddable":true,"href":"https:\/\/routinesfashione.com\/es\/wp-json\/wp\/v2\/media\/27985"}],"wp:attachment":[{"href":"https:\/\/routinesfashione.com\/es\/wp-json\/wp\/v2\/media?parent=2400"}],"wp:term":[{"taxonomy":"product_brand","embeddable":true,"href":"https:\/\/routinesfashione.com\/es\/wp-json\/wp\/v2\/product_brand?post=2400"},{"taxonomy":"product_cat","embeddable":true,"href":"https:\/\/routinesfashione.com\/es\/wp-json\/wp\/v2\/product_cat?post=2400"},{"taxonomy":"product_tag","embeddable":true,"href":"https:\/\/routinesfashione.com\/es\/wp-json\/wp\/v2\/product_tag?post=2400"},{"taxonomy":"product_country","embeddable":true,"href":"https:\/\/routinesfashione.com\/es\/wp-json\/wp\/v2\/product_country?post=2400"}],"curies":[{"name":"wp","href":"https:\/\/api.w.org\/{rel}","templated":true}]}}