{"id":248,"date":"2025-09-30T20:55:53","date_gmt":"2025-09-30T20:55:53","guid":{"rendered":"https:\/\/lightgray-crow-170497.hostingersite.com\/?post_type=product&#038;p=248"},"modified":"2025-09-30T20:55:53","modified_gmt":"2025-09-30T20:55:53","slug":"tronconneuse-stihl-ms-251","status":"publish","type":"product","link":"https:\/\/routinesfashione.com\/es\/produit\/tronconneuse-stihl-ms-251\/","title":{"rendered":"Tron\u00e7onneuse Stihl MS 251"},"content":{"rendered":"<div class=\"d-flex flex-col product-detailed-page__details-details\">\n<div class=\"product-features\">\n<div class=\"product-features__list-wrapper | html-teaser\">\n<div class=\"product-features__list\">\n<div class=\"product-features__element product-features__item product-features__item-grey\">\n<div class=\"product-features__item-name\"><span dir=\"auto\" style=\"vertical-align: inherit;\"><span dir=\"auto\" style=\"vertical-align: inherit;\">Cylindr\u00e9e<\/span><\/span><\/div>\n<div class=\"product-features__item-value\">\n<div class=\"product-features__item-value-element\"><span dir=\"auto\" style=\"vertical-align: inherit;\"><span dir=\"auto\" style=\"vertical-align: inherit;\"><span dir=\"auto\" style=\"vertical-align: inherit;\">45,6 cm\u00b3<\/span><\/span><\/span><\/div>\n<\/div>\n<\/div>\n<div class=\"product-features__element product-features__item product-features__item-grey product-features__item-left\">\n<div class=\"product-features__item-name\"><span dir=\"auto\" style=\"vertical-align: inherit;\"><span dir=\"auto\" style=\"vertical-align: inherit;\">Poids (sans dispositif de coupe)<\/span><\/span><\/div>\n<div class=\"product-features__item-value\">\n<div class=\"product-features__item-value-element\"><span dir=\"auto\" style=\"vertical-align: inherit;\"><span dir=\"auto\" style=\"vertical-align: inherit;\"><span dir=\"auto\" style=\"vertical-align: inherit;\">4,8 kg<\/span><\/span><\/span><\/div>\n<\/div>\n<\/div>\n<div class=\"product-features__element product-features__item\">\n<div class=\"product-features__item-name\"><span dir=\"auto\" style=\"vertical-align: inherit;\"><span dir=\"auto\" style=\"vertical-align: inherit;\">Niveau de puissance acoustique<\/span><\/span><\/div>\n<div class=\"product-features__item-value\">\n<div class=\"product-features__item-value-element\"><span dir=\"auto\" style=\"vertical-align: inherit;\"><span dir=\"auto\" style=\"vertical-align: inherit;\"><span dir=\"auto\" style=\"vertical-align: inherit;\">114 dB<\/span><\/span><\/span><\/div>\n<\/div>\n<\/div>\n<div class=\"product-features__element product-features__item product-features__item-left\">\n<div class=\"product-features__item-name\"><span dir=\"auto\" style=\"vertical-align: inherit;\"><span dir=\"auto\" style=\"vertical-align: inherit;\">Indice de vibration gauche \/ droit<\/span><\/span><\/div>\n<div class=\"product-features__item-value\">\n<div class=\"product-features__item-value-element\"><span dir=\"auto\" style=\"vertical-align: inherit;\"><span dir=\"auto\" style=\"vertical-align: inherit;\"><span dir=\"auto\" style=\"vertical-align: inherit;\">3,9 \/ 3,9 m\/s\u00b2<\/span><\/span><\/span><\/div>\n<\/div>\n<\/div>\n<div class=\"product-features__element product-features__item product-features__item-grey\">\n<div class=\"product-features__item-name\"><span dir=\"auto\" style=\"vertical-align: inherit;\"><span dir=\"auto\" style=\"vertical-align: inherit;\">Tendeur de cha\u00eene rapide<\/span><\/span><\/div>\n<div class=\"product-features__item-value\">\n<div class=\"product-features__item-value-element\"><span dir=\"auto\" style=\"vertical-align: inherit;\"><span dir=\"auto\" style=\"vertical-align: inherit;\"><span dir=\"auto\" style=\"vertical-align: inherit;\">Non<\/span><\/span><\/span><\/div>\n<\/div>\n<\/div>\n<div class=\"product-features__element product-features__item product-features__item-grey product-features__item-left\">\n<div class=\"product-features__item-name\"><span dir=\"auto\" style=\"vertical-align: inherit;\"><span dir=\"auto\" style=\"vertical-align: inherit;\"><span dir=\"auto\" style=\"vertical-align: inherit;\">Elasto-Start<\/span><\/span><\/span><\/div>\n<div class=\"product-features__item-value\">\n<div class=\"product-features__item-value-element\"><span dir=\"auto\" style=\"vertical-align: inherit;\"><span dir=\"auto\" style=\"vertical-align: inherit;\"><span dir=\"auto\" style=\"vertical-align: inherit;\">Non<\/span><\/span><\/span><\/div>\n<\/div>\n<\/div>\n<div class=\"product-features__element product-features__item\">\n<div class=\"product-features__item-name\"><span dir=\"auto\" style=\"vertical-align: inherit;\"><span dir=\"auto\" style=\"vertical-align: inherit;\"><span dir=\"auto\" style=\"vertical-align: inherit;\">Ergo-Start<\/span><\/span><\/span><\/div>\n<div class=\"product-features__item-value\">\n<div class=\"product-features__item-value-element\"><span dir=\"auto\" style=\"vertical-align: inherit;\"><span dir=\"auto\" style=\"vertical-align: inherit;\"><span dir=\"auto\" style=\"vertical-align: inherit;\">Non<\/span><\/span><\/span><\/div>\n<\/div>\n<\/div>\n<div class=\"product-features__element product-features__item product-features__item-left\">\n<div class=\"product-features__item-name\"><span dir=\"auto\" style=\"vertical-align: inherit;\"><span dir=\"auto\" style=\"vertical-align: inherit;\">Soupape de d\u00e9compression<\/span><\/span><\/div>\n<div class=\"product-features__item-value\">\n<div class=\"product-features__item-value-element\"><span dir=\"auto\" style=\"vertical-align: inherit;\"><span dir=\"auto\" style=\"vertical-align: inherit;\"><span dir=\"auto\" style=\"vertical-align: inherit;\">Non<\/span><\/span><\/span><\/div>\n<\/div>\n<\/div>\n<div class=\"product-features__element product-features__item product-features__item-grey\">\n<div class=\"product-features__item-name\"><span dir=\"auto\" style=\"vertical-align: inherit;\"><span dir=\"auto\" style=\"vertical-align: inherit;\">Chauffage de poign\u00e9e<\/span><\/span><\/div>\n<div class=\"product-features__item-value\">\n<div class=\"product-features__item-value-element\"><span dir=\"auto\" style=\"vertical-align: inherit;\"><span dir=\"auto\" style=\"vertical-align: inherit;\"><span dir=\"auto\" style=\"vertical-align: inherit;\">Non<\/span><\/span><\/span><\/div>\n<\/div>\n<\/div>\n<div class=\"product-features__element product-features__item product-features__item-grey product-features__item-left\">\n<div class=\"product-features__item-name\"><span dir=\"auto\" style=\"vertical-align: inherit;\"><span dir=\"auto\" style=\"vertical-align: inherit;\">Pr\u00e9chauffage du carburateur<\/span><\/span><\/div>\n<div class=\"product-features__item-value\">\n<div class=\"product-features__item-value-element\"><span dir=\"auto\" style=\"vertical-align: inherit;\"><span dir=\"auto\" style=\"vertical-align: inherit;\"><span dir=\"auto\" style=\"vertical-align: inherit;\">Non<\/span><\/span><\/span><\/div>\n<\/div>\n<\/div>\n<div class=\"product-features__element product-features__item\">\n<div class=\"product-features__item-name\"><span dir=\"auto\" style=\"vertical-align: inherit;\"><span dir=\"auto\" style=\"vertical-align: inherit;\">Pas<\/span><\/span><\/div>\n<div class=\"product-features__item-value\">\n<div class=\"product-features__item-value-element\"><span dir=\"auto\" style=\"vertical-align: inherit;\"><span dir=\"auto\" style=\"vertical-align: inherit;\"><span dir=\"auto\" style=\"vertical-align: inherit;\">.325&#8243;<\/span><\/span><\/span><\/div>\n<\/div>\n<\/div>\n<div class=\"product-features__element product-features__item product-features__item-left\">\n<div class=\"product-features__item-name\"><span dir=\"auto\" style=\"vertical-align: inherit;\"><span dir=\"auto\" style=\"vertical-align: inherit;\"><span dir=\"auto\" style=\"vertical-align: inherit;\">Type d&#8217;usage<\/span><\/span><\/span><\/div>\n<div class=\"product-features__item-value\">\n<div class=\"product-features__item-value-element\"><span dir=\"auto\" style=\"vertical-align: inherit;\"><span dir=\"auto\" style=\"vertical-align: inherit;\">Particuliers<\/span><\/span><\/div>\n<\/div>\n<\/div>\n<div class=\"product-features__element product-features__item product-features__item-grey\">\n<div class=\"product-features__item-name\"><span dir=\"auto\" style=\"vertical-align: inherit;\"><span dir=\"auto\" style=\"vertical-align: inherit;\">Maillon d&#8217;entra\u00eenement de s\u00e9curit\u00e9<\/span><\/span><\/div>\n<div class=\"product-features__item-value\">\n<div class=\"product-features__item-value-element\"><span dir=\"auto\" style=\"vertical-align: inherit;\"><span dir=\"auto\" style=\"vertical-align: inherit;\">Oui<\/span><\/span><\/div>\n<\/div>\n<\/div>\n<div class=\"product-features__element product-features__item product-features__item-grey product-features__item-left\">\n<div class=\"product-features__item-name\"><span dir=\"auto\" style=\"vertical-align: inherit;\"><span dir=\"auto\" style=\"vertical-align: inherit;\">\u00c9paisseur de maillons \/ largeur de rainure<\/span><\/span><\/div>\n<div class=\"product-features__item-value\">\n<div class=\"product-features__item-value-element\"><span dir=\"auto\" style=\"vertical-align: inherit;\"><span dir=\"auto\" style=\"vertical-align: inherit;\"><span dir=\"auto\" style=\"vertical-align: inherit;\">1,3 mm<\/span><\/span><\/span><\/div>\n<\/div>\n<\/div>\n<div class=\"product-features__element product-features__item\">\n<div class=\"product-features__item-name\"><span dir=\"auto\" style=\"vertical-align: inherit;\"><span dir=\"auto\" style=\"vertical-align: inherit;\">Type de cha\u00eene<\/span><\/span><\/div>\n<div class=\"product-features__item-value\">\n<div class=\"product-features__item-value-element\"><span dir=\"auto\" style=\"vertical-align: inherit;\"><span dir=\"auto\" style=\"vertical-align: inherit;\">Demi-burin \u00e0 coupe \u00e9lanc\u00e9e<\/span><\/span><\/div>\n<\/div>\n<\/div>\n<div class=\"product-features__element product-features__item product-features__item-left\">\n<div class=\"product-features__item-name\"><span dir=\"auto\" style=\"vertical-align: inherit;\"><span dir=\"auto\" style=\"vertical-align: inherit;\"><span dir=\"auto\" style=\"vertical-align: inherit;\">M-Tronic<\/span><\/span><\/span><\/div>\n<div class=\"product-features__item-value\">\n<div class=\"product-features__item-value-element\"><span dir=\"auto\" style=\"vertical-align: inherit;\"><span dir=\"auto\" style=\"vertical-align: inherit;\"><span dir=\"auto\" style=\"vertical-align: inherit;\">Non<\/span><\/span><\/span><\/div>\n<\/div>\n<\/div>\n<div class=\"product-features__element product-features__item product-features__item-grey\">\n<div class=\"product-features__item-name\"><span dir=\"auto\" style=\"vertical-align: inherit;\"><span dir=\"auto\" style=\"vertical-align: inherit;\">Entra\u00eenement<\/span><\/span><\/div>\n<div class=\"product-features__item-value\">\n<div class=\"product-features__item-value-element\"><span dir=\"auto\" style=\"vertical-align: inherit;\"><span dir=\"auto\" style=\"vertical-align: inherit;\"><span dir=\"auto\" style=\"vertical-align: inherit;\">Essence<\/span><\/span><\/span><\/div>\n<\/div>\n<\/div>\n<div class=\"product-features__element product-features__item product-features__item-grey product-features__item-left\">\n<div class=\"product-features__item-name\"><span dir=\"auto\" style=\"vertical-align: inherit;\"><span dir=\"auto\" style=\"vertical-align: inherit;\">Niveau de pression acoustique<\/span><\/span><\/div>\n<div class=\"product-features__item-value\">\n<div class=\"product-features__item-value-element\"><span dir=\"auto\" style=\"vertical-align: inherit;\"><span dir=\"auto\" style=\"vertical-align: inherit;\"><span dir=\"auto\" style=\"vertical-align: inherit;\">103 dB<\/span><\/span><\/span><\/div>\n<\/div>\n<\/div>\n<div class=\"product-features__element product-features__item\">\n<div class=\"product-features__item-name\"><span dir=\"auto\" style=\"vertical-align: inherit;\"><span dir=\"auto\" style=\"vertical-align: inherit;\">Tension de cha\u00eene lat\u00e9rale<\/span><\/span><\/div>\n<div class=\"product-features__item-value\">\n<div class=\"product-features__item-value-element\"><span dir=\"auto\" style=\"vertical-align: inherit;\"><span dir=\"auto\" style=\"vertical-align: inherit;\"><span dir=\"auto\" style=\"vertical-align: inherit;\">Oui<\/span><\/span><\/span><\/div>\n<\/div>\n<\/div>\n<div class=\"product-features__element product-features__item product-features__item-left\">\n<div class=\"product-features__item-name\"><span dir=\"auto\" style=\"vertical-align: inherit;\"><span dir=\"auto\" style=\"vertical-align: inherit;\">Pompe \u00e0 huile \u00e0 d\u00e9bit r\u00e9glable<\/span><\/span><\/div>\n<div class=\"product-features__item-value\">\n<div class=\"product-features__item-value-element\"><span dir=\"auto\" style=\"vertical-align: inherit;\"><span dir=\"auto\" style=\"vertical-align: inherit;\"><span dir=\"auto\" style=\"vertical-align: inherit;\">Non<\/span><\/span><\/span><\/div>\n<\/div>\n<\/div>\n<div class=\"product-features__element product-features__item product-features__item-grey\">\n<div class=\"product-features__item-name\"><span dir=\"auto\" style=\"vertical-align: inherit;\"><span dir=\"auto\" style=\"vertical-align: inherit;\">Pompe d&#8217;amor\u00e7age manuelle<\/span><\/span><\/div>\n<div class=\"product-features__item-value\">\n<div class=\"product-features__item-value-element\"><span dir=\"auto\" style=\"vertical-align: inherit;\"><span dir=\"auto\" style=\"vertical-align: inherit;\"><span dir=\"auto\" style=\"vertical-align: inherit;\">Non<\/span><\/span><\/span><\/div>\n<\/div>\n<\/div>\n<div class=\"product-features__element product-features__item product-features__item-grey product-features__item-left\">\n<div class=\"product-features__item-name\"><span dir=\"auto\" style=\"vertical-align: inherit;\"><span dir=\"auto\" style=\"vertical-align: inherit;\">Syst\u00e8me de filtre \u00e0 air longue dur\u00e9e<\/span><\/span><\/div>\n<div class=\"product-features__item-value\">\n<div class=\"product-features__item-value-element\"><span dir=\"auto\" style=\"vertical-align: inherit;\"><span dir=\"auto\" style=\"vertical-align: inherit;\"><span dir=\"auto\" style=\"vertical-align: inherit;\">Oui<\/span><\/span><\/span><\/div>\n<\/div>\n<\/div>\n<div class=\"product-features__element product-features__item\">\n<div class=\"product-features__item-name\"><span dir=\"auto\" style=\"vertical-align: inherit;\"><span dir=\"auto\" style=\"vertical-align: inherit;\">Filtre HD2<\/span><\/span><\/div>\n<div class=\"product-features__item-value\">\n<div class=\"product-features__item-value-element\"><span dir=\"auto\" style=\"vertical-align: inherit;\"><span dir=\"auto\" style=\"vertical-align: inherit;\"><span dir=\"auto\" style=\"vertical-align: inherit;\">Non<\/span><\/span><\/span><\/div>\n<\/div>\n<\/div>\n<div class=\"product-features__element product-features__item product-features__item-left\">\n<div class=\"product-features__item-name\"><span dir=\"auto\" style=\"vertical-align: inherit;\"><span dir=\"auto\" style=\"vertical-align: inherit;\">Fermeture de r\u00e9servoir sans outil<\/span><\/span><\/div>\n<div class=\"product-features__item-value\">\n<div class=\"product-features__item-value-element\"><span dir=\"auto\" style=\"vertical-align: inherit;\"><span dir=\"auto\" style=\"vertical-align: inherit;\"><span dir=\"auto\" style=\"vertical-align: inherit;\">Oui<\/span><\/span><\/span><\/div>\n<\/div>\n<\/div>\n<div class=\"product-features__element product-features__item product-features__item-grey\">\n<div class=\"product-features__item-name\"><span dir=\"auto\" style=\"vertical-align: inherit;\"><span dir=\"auto\" style=\"vertical-align: inherit;\">Marque<\/span><\/span><\/div>\n<div class=\"product-features__item-value\">\n<div class=\"product-features__item-value-element\"><span dir=\"auto\" style=\"vertical-align: inherit;\"><span dir=\"auto\" style=\"vertical-align: inherit;\"><span dir=\"auto\" style=\"vertical-align: inherit;\">Stihl<\/span><\/span><\/span><\/div>\n<\/div>\n<\/div>\n<div class=\"product-features__element product-features__item product-features__item-grey product-features__item-left\">\n<div class=\"product-features__item-name\"><span dir=\"auto\" style=\"vertical-align: inherit;\"><span dir=\"auto\" style=\"vertical-align: inherit;\">Type de produit<\/span><\/span><\/div>\n<div class=\"product-features__item-value\">\n<div class=\"product-features__item-value-element\"><span dir=\"auto\" style=\"vertical-align: inherit;\"><span dir=\"auto\" style=\"vertical-align: inherit;\">Tron\u00e7onneuse<\/span><\/span><\/div>\n<\/div>\n<\/div>\n<div class=\"product-features__element product-features__item\">\n<div class=\"product-features__item-name\"><span dir=\"auto\" style=\"vertical-align: inherit;\"><span dir=\"auto\" style=\"vertical-align: inherit;\">Nom du mod\u00e8le<\/span><\/span><\/div>\n<div class=\"product-features__item-value\">\n<div class=\"product-features__item-value-element\"><span dir=\"auto\" style=\"vertical-align: inherit;\"><span dir=\"auto\" style=\"vertical-align: inherit;\"><span dir=\"auto\" style=\"vertical-align: inherit;\">MS 251<\/span><\/span><\/span><\/div>\n<\/div>\n<\/div>\n<div class=\"product-features__element product-features__item product-features__item-left\">\n<div class=\"product-features__item-name\"><span dir=\"auto\" style=\"vertical-align: inherit;\"><span dir=\"auto\" style=\"vertical-align: inherit;\">Moteur<\/span><\/span><\/div>\n<div class=\"product-features__item-value\">\n<div class=\"product-features__item-value-element\"><span dir=\"auto\" style=\"vertical-align: inherit;\"><span dir=\"auto\" style=\"vertical-align: inherit;\"><span dir=\"auto\" style=\"vertical-align: inherit;\">2-Mix<\/span><\/span><\/span><\/div>\n<\/div>\n<\/div>\n<div class=\"product-features__element product-features__item product-features__item-grey\">\n<div class=\"product-features__item-name\"><span dir=\"auto\" style=\"vertical-align: inherit;\"><span dir=\"auto\" style=\"vertical-align: inherit;\">Puissance<\/span><\/span><\/div>\n<div class=\"product-features__item-value\">\n<div class=\"product-features__item-value-element\"><span dir=\"auto\" style=\"vertical-align: inherit;\"><span dir=\"auto\" style=\"vertical-align: inherit;\"><span dir=\"auto\" style=\"vertical-align: inherit;\">2,2 kW<\/span><\/span><\/span><\/div>\n<\/div>\n<\/div>\n<div class=\"product-features__element product-features__item product-features__item-grey product-features__item-left\">\n<div class=\"product-features__item-name\"><span dir=\"auto\" style=\"vertical-align: inherit;\"><span dir=\"auto\" style=\"vertical-align: inherit;\">Longueur du guide<\/span><\/span><\/div>\n<div class=\"product-features__item-value\">\n<div class=\"product-features__item-value-element\"><span dir=\"auto\" style=\"vertical-align: inherit;\"><span dir=\"auto\" style=\"vertical-align: inherit;\"><span dir=\"auto\" style=\"vertical-align: inherit;\">35 cm<\/span><\/span><\/span><\/div>\n<\/div>\n<\/div>\n<\/div>\n<\/div>\n<\/div>\n<\/div>\n<div class=\"product-detailed-page__details-separator\"><\/div>\n<div class=\"d-flex flex-col product-detailed-page__details-info\">\n<div class=\"product-detailed-page__details-headline\"><span dir=\"auto\" style=\"vertical-align: inherit;\"><span dir=\"auto\" style=\"vertical-align: inherit;\">Information de l&#8217;article<\/span><\/span><\/div>\n<div class=\"product-description\">\n<div class=\"product-description__content | html-teaser\">\n<div class=\"product-description__emotional-headline\"><span dir=\"auto\" style=\"vertical-align: inherit;\"><span dir=\"auto\" style=\"vertical-align: inherit;\">Tron\u00e7onneuse \u00e0 essence 2,2 kW puissante et compacte.<\/span><\/span><\/div>\n<div>\n<p><span dir=\"auto\" style=\"vertical-align: inherit;\"><span dir=\"auto\" style=\"vertical-align: inherit;\">Bonnes performances pour la r\u00e9colte de bois de chauffage en for\u00eat. Tendeur de cha\u00eene lat\u00e9ral, garniture de coupe .325&#8243; robuste et durable, disponible en option avec un guide-cha\u00eene de 40 cm pour la coupe de troncs d&#8217;arbres plus \u00e9pais, moteur 2-MIX \u00e9conomique.<\/span><\/span><\/p>\n<p><span dir=\"auto\" style=\"vertical-align: inherit;\"><span dir=\"auto\" style=\"vertical-align: inherit;\">\u00c9quipements de s\u00e9rie\u00a0:<\/span><\/span><\/p>\n<ul>\n<li><span dir=\"auto\" style=\"vertical-align: inherit;\"><span dir=\"auto\" style=\"vertical-align: inherit;\">Syst\u00e8me de filtre \u00e0 air longue dur\u00e9e avec s\u00e9paration pr\u00e9liminaire<\/span><\/span><\/li>\n<li><span dir=\"auto\" style=\"vertical-align: inherit;\"><span dir=\"auto\" style=\"vertical-align: inherit;\">Moteur 2-MIX Stihl<\/span><\/span><\/li>\n<li><span dir=\"auto\" style=\"vertical-align: inherit;\"><span dir=\"auto\" style=\"vertical-align: inherit;\">Syst\u00e8me anti-vibration Stihl<\/span><\/span><\/li>\n<li><span dir=\"auto\" style=\"vertical-align: inherit;\"><span dir=\"auto\" style=\"vertical-align: inherit;\">Commande \u00e0 un levier<\/span><\/span><\/li>\n<li><span dir=\"auto\" style=\"vertical-align: inherit;\"><span dir=\"auto\" style=\"vertical-align: inherit;\">Compensateur<\/span><\/span><\/li>\n<li><span dir=\"auto\" style=\"vertical-align: inherit;\"><span dir=\"auto\" style=\"vertical-align: inherit;\">Tendeur de cha\u00eene lat\u00e9ral<\/span><\/span><\/li>\n<li><span dir=\"auto\" style=\"vertical-align: inherit;\"><span dir=\"auto\" style=\"vertical-align: inherit;\">Syst\u00e8me Ematic<\/span><\/span><\/li>\n<li><span dir=\"auto\" style=\"vertical-align: inherit;\"><span dir=\"auto\" style=\"vertical-align: inherit;\"><span dir=\"auto\" style=\"vertical-align: inherit;\">Pr\u00e9chauffage du carburateur<\/span><\/span><\/span><\/li>\n<li><span dir=\"auto\" style=\"vertical-align: inherit;\"><span dir=\"auto\" style=\"vertical-align: inherit;\">Bouchons de r\u00e9servoir \u00e0 ouverture sans outil<\/span><\/span><\/li>\n<\/ul>\n<p>&nbsp;<\/p>\n<p><span dir=\"auto\" style=\"vertical-align: inherit;\"><span dir=\"auto\" style=\"vertical-align: inherit;\">\u00c9quipement ult\u00e9rieur possible\u00a0:<\/span><\/span><\/p>\n<ul>\n<li><span dir=\"auto\" style=\"vertical-align: inherit;\"><span dir=\"auto\" style=\"vertical-align: inherit;\"><span dir=\"auto\" style=\"vertical-align: inherit;\">Filtre HD2<\/span><\/span><\/span><\/li>\n<li><span dir=\"auto\" style=\"vertical-align: inherit;\"><span dir=\"auto\" style=\"vertical-align: inherit;\">Syst\u00e8me Stihl ElastoStart<\/span><\/span><\/li>\n<\/ul>\n<p>&nbsp;<\/p>\n<p><span dir=\"auto\" style=\"vertical-align: inherit;\"><span dir=\"auto\" style=\"vertical-align: inherit;\">Caract\u00e9ristiques techniques\u00a0:<\/span><\/span><\/p>\n<ul>\n<li><span dir=\"auto\" style=\"vertical-align: inherit;\"><span dir=\"auto\" style=\"vertical-align: inherit;\">Longueur de guide\u00a0: 35-40 cm<\/span><\/span><\/li>\n<li><span dir=\"auto\" style=\"vertical-align: inherit;\"><span dir=\"auto\" style=\"vertical-align: inherit;\"><span dir=\"auto\" style=\"vertical-align: inherit;\">CO2 : 862 g\/kWh<\/span><\/span><\/span><\/li>\n<li><span dir=\"auto\" style=\"vertical-align: inherit;\"><span dir=\"auto\" style=\"vertical-align: inherit;\">Poids sans carburant, ni guide, ni cha\u00eene\u00a0: 4,8\u00a0kg<\/span><\/span><\/li>\n<li><span dir=\"auto\" style=\"vertical-align: inherit;\"><span dir=\"auto\" style=\"vertical-align: inherit;\">Cylindr\u00e9e\u00a0: 45,6 cm\u00b3<\/span><\/span><\/li>\n<li><span dir=\"auto\" style=\"vertical-align: inherit;\"><span dir=\"auto\" style=\"vertical-align: inherit;\">Niveau de pression acoustique\u00a0: 103 dB(A)<\/span><\/span><\/li>\n<li><span dir=\"auto\" style=\"vertical-align: inherit;\"><span dir=\"auto\" style=\"vertical-align: inherit;\">Pas de cha\u00eene\u00a0: .325&#8243;<\/span><\/span><\/li>\n<li><span dir=\"auto\" style=\"vertical-align: inherit;\"><span dir=\"auto\" style=\"vertical-align: inherit;\">Rapport poids\/puissance\u00a0: 2,2 kg\/kW<\/span><\/span><\/li>\n<li><span dir=\"auto\" style=\"vertical-align: inherit;\"><span dir=\"auto\" style=\"vertical-align: inherit;\">Niveau de puissance acoustique\u00a0: 114\u00a0dB(A)<\/span><\/span><\/li>\n<li><span dir=\"auto\" style=\"vertical-align: inherit;\"><span dir=\"auto\" style=\"vertical-align: inherit;\">Puissance\u00a0: 2,2\/3 kW\/CV<\/span><\/span><\/li>\n<li><span dir=\"auto\" style=\"vertical-align: inherit;\"><span dir=\"auto\" style=\"vertical-align: inherit;\">Indice de vibration gauche\/droit\u00a0: 3,9\/3,9\u00a0m\/s\u00b2<\/span><\/span><\/li>\n<li><span dir=\"auto\" style=\"vertical-align: inherit;\"><span dir=\"auto\" style=\"vertical-align: inherit;\">Type de cha\u00eene Stihl Oilomatic Rapid Micro 3 (RM3)<\/span><\/span><\/li>\n<\/ul>\n<\/div>\n<\/div>\n<\/div>\n<\/div>","protected":false},"excerpt":{"rendered":"<p>Cylindr\u00e9e 45,6 cm\u00b3 Poids (sans dispositif de coupe) 4,8 kg Niveau de puissance acoustique 114 dB Indice de vibration gauche<\/p>","protected":false},"featured_media":12995,"template":"","meta":[],"product_brand":[],"product_cat":[61],"product_tag":[],"product_country":[1503],"class_list":{"0":"post-248","1":"product","2":"type-product","3":"status-publish","4":"has-post-thumbnail","6":"product_cat-sale-france","7":"product_country-france","9":"first","10":"instock","11":"sale","12":"taxable","13":"shipping-taxable","14":"purchasable","15":"product-type-simple"},"_links":{"self":[{"href":"https:\/\/routinesfashione.com\/es\/wp-json\/wp\/v2\/product\/248","targetHints":{"allow":["GET"]}}],"collection":[{"href":"https:\/\/routinesfashione.com\/es\/wp-json\/wp\/v2\/product"}],"about":[{"href":"https:\/\/routinesfashione.com\/es\/wp-json\/wp\/v2\/types\/product"}],"wp:featuredmedia":[{"embeddable":true,"href":"https:\/\/routinesfashione.com\/es\/wp-json\/wp\/v2\/media\/12995"}],"wp:attachment":[{"href":"https:\/\/routinesfashione.com\/es\/wp-json\/wp\/v2\/media?parent=248"}],"wp:term":[{"taxonomy":"product_brand","embeddable":true,"href":"https:\/\/routinesfashione.com\/es\/wp-json\/wp\/v2\/product_brand?post=248"},{"taxonomy":"product_cat","embeddable":true,"href":"https:\/\/routinesfashione.com\/es\/wp-json\/wp\/v2\/product_cat?post=248"},{"taxonomy":"product_tag","embeddable":true,"href":"https:\/\/routinesfashione.com\/es\/wp-json\/wp\/v2\/product_tag?post=248"},{"taxonomy":"product_country","embeddable":true,"href":"https:\/\/routinesfashione.com\/es\/wp-json\/wp\/v2\/product_country?post=248"}],"curies":[{"name":"wp","href":"https:\/\/api.w.org\/{rel}","templated":true}]}}