{"id":2485,"date":"2025-09-30T20:51:19","date_gmt":"2025-09-30T20:51:19","guid":{"rendered":"https:\/\/lightgray-crow-170497.hostingersite.com\/?post_type=product&#038;p=2485"},"modified":"2025-09-30T20:51:19","modified_gmt":"2025-09-30T20:51:19","slug":"allpowers-2400w-generateur-solaire-s2000-pro-avec-pv-s2000-pv","status":"publish","type":"product","link":"https:\/\/routinesfashione.com\/es\/produit\/allpowers-2400w-generateur-solaire-s2000-pro-avec-pv-s2000-pv\/","title":{"rendered":"ALLPOWERS 2400W G\u00e9n\u00e9rateur Solaire S2000 Pro avec PV S2000 PV"},"content":{"rendered":"<ul>\n<li>Capacit\u00e9 de 1451 Wh;<\/li>\n<li>Onduleur \u00e0 onde sinuso\u00efdale pure 2 400 W CA (surtension de 4 000 W)\u00a0;<\/li>\n<li>Recharge de 0 \u00e0 100 % en 1,5 heures (entr\u00e9e AC+solaire) ;<\/li>\n<li>Batterie avec plus de 2 500 cycles de vie \u00e0 80\u00a0%\u00a0;<\/li>\n<li>1000 W maximum MPPT. Apport solaire\u00a0;<\/li>\n<li>Batterie de secours UPS avec 6 protections\u00a0;<\/li>\n<li>Respectueux de l&#8217;environnement\/sans gaz\/rentable\u00a0;<\/li>\n<\/ul>\n<p>Remarque 2\u00a0:\u00a0Si vous achetez un produit combin\u00e9 de centrale \u00e9lectrique et de panneaux solaires, les panneaux solaires et la centrale \u00e9lectrique seront exp\u00e9di\u00e9s s\u00e9par\u00e9ment.<\/p>\n<div class=\"feature-chart__table-row\">\n<div class=\"feature-chart__heading bold\">Capacit\u00e9<\/div>\n<div class=\"feature-chart__value prose text-subdued\">\n<p>1451Wh<\/p>\n<\/div>\n<\/div>\n<div class=\"feature-chart__table-row\">\n<div class=\"feature-chart__heading bold\">Type de batterie<\/div>\n<div class=\"feature-chart__value prose text-subdued\">\n<p>Batterie ternaire au lithium<\/p>\n<\/div>\n<\/div>\n<div class=\"feature-chart__table-row\">\n<div class=\"feature-chart__heading bold\">Dimensions<\/div>\n<div class=\"feature-chart__value prose text-subdued\">\n<p>37,5 x 24,5 x 25 cm\/ 14,76 x 9,64 x 9,84 pouces<\/p>\n<\/div>\n<\/div>\n<div class=\"feature-chart__table-row\">\n<div class=\"feature-chart__heading bold\">Poids<\/div>\n<div class=\"feature-chart__value prose text-subdued\">\n<p>13 kg<\/p>\n<\/div>\n<\/div>\n<div class=\"feature-chart__table-row\">\n<div class=\"feature-chart__heading bold\">4* sortie USB A<\/div>\n<div class=\"feature-chart__value prose text-subdued\">\n<p>USB-A*2\u00a0: 5\u00a0V\u00a0=\u00a02,4\u00a0A, 12\u00a0W max<br \/>\nUSB-A Charge rapide*2\u00a0: 5\u00a0V\u00a0=\u00a03\u00a0A, 9\u00a0V\u00a0=\u00a02\u00a0A, 12\u00a0V\u00a0=\u00a01,5\u00a0A, 18\u00a0W max<\/p>\n<\/div>\n<\/div>\n<div class=\"feature-chart__table-row\">\n<div class=\"feature-chart__heading bold\">2 * sortie USB C<\/div>\n<div class=\"feature-chart__value prose text-subdued\">\n<p>5\/9\/12\/15V=3A,20V=5A,100W maximum<\/p>\n<\/div>\n<\/div>\n<div class=\"feature-chart__table-row\">\n<div class=\"feature-chart__heading bold\">1 * sortie de voiture<\/div>\n<div class=\"feature-chart__value prose text-subdued\">\n<p>12V=10A,120W maximum<\/p>\n<\/div>\n<\/div>\n<div class=\"feature-chart__table-row\">\n<div class=\"feature-chart__heading bold\">Entr\u00e9e CA<\/div>\n<div class=\"feature-chart__value prose text-subdued\">\n<p>1500W (220V-240V)<\/p>\n<\/div>\n<\/div>\n<div class=\"feature-chart__table-row\">\n<div class=\"feature-chart__heading bold\">Entr\u00e9e solaire<\/div>\n<div class=\"feature-chart__value prose text-subdued\">\n<p>(12~150)V 13A, 1000W maximum\uff08Interface XT60\uff09<\/p>\n<\/div>\n<\/div>","protected":false},"excerpt":{"rendered":"<p>Capacit\u00e9 de 1451 Wh; Onduleur \u00e0 onde sinuso\u00efdale pure 2 400 W CA (surtension de 4 000 W)\u00a0; Recharge de<\/p>","protected":false},"featured_media":14668,"template":"","meta":[],"product_brand":[],"product_cat":[61],"product_tag":[1514],"product_country":[1503],"class_list":{"0":"post-2485","1":"product","2":"type-product","3":"status-publish","4":"has-post-thumbnail","6":"product_cat-sale-france","7":"product_tag-sale-france","8":"product_country-france","10":"first","11":"instock","12":"sale","13":"taxable","14":"shipping-taxable","15":"purchasable","16":"product-type-simple"},"_links":{"self":[{"href":"https:\/\/routinesfashione.com\/es\/wp-json\/wp\/v2\/product\/2485","targetHints":{"allow":["GET"]}}],"collection":[{"href":"https:\/\/routinesfashione.com\/es\/wp-json\/wp\/v2\/product"}],"about":[{"href":"https:\/\/routinesfashione.com\/es\/wp-json\/wp\/v2\/types\/product"}],"wp:featuredmedia":[{"embeddable":true,"href":"https:\/\/routinesfashione.com\/es\/wp-json\/wp\/v2\/media\/14668"}],"wp:attachment":[{"href":"https:\/\/routinesfashione.com\/es\/wp-json\/wp\/v2\/media?parent=2485"}],"wp:term":[{"taxonomy":"product_brand","embeddable":true,"href":"https:\/\/routinesfashione.com\/es\/wp-json\/wp\/v2\/product_brand?post=2485"},{"taxonomy":"product_cat","embeddable":true,"href":"https:\/\/routinesfashione.com\/es\/wp-json\/wp\/v2\/product_cat?post=2485"},{"taxonomy":"product_tag","embeddable":true,"href":"https:\/\/routinesfashione.com\/es\/wp-json\/wp\/v2\/product_tag?post=2485"},{"taxonomy":"product_country","embeddable":true,"href":"https:\/\/routinesfashione.com\/es\/wp-json\/wp\/v2\/product_country?post=2485"}],"curies":[{"name":"wp","href":"https:\/\/api.w.org\/{rel}","templated":true}]}}