{"id":2536,"date":"2025-09-30T20:51:18","date_gmt":"2025-09-30T20:51:18","guid":{"rendered":"https:\/\/lightgray-crow-170497.hostingersite.com\/?post_type=product&#038;p=2536"},"modified":"2025-09-30T20:51:18","modified_gmt":"2025-09-30T20:51:18","slug":"generateur-infrarouge-fioul-a-rayonnement-val6-mpx1","status":"publish","type":"product","link":"https:\/\/routinesfashione.com\/es\/produit\/generateur-infrarouge-fioul-a-rayonnement-val6-mpx1\/","title":{"rendered":"G\u00e9n\u00e9rateur infrarouge fioul \u00e0 rayonnement VAL6 MPX1"},"content":{"rendered":"<h2>Caract\u00e9ristiques<\/h2>\n<p>De s\u00e9rie : Br\u00fbleur \u00e0 haute pression, Contr\u00f4le de flamme par cellule photo-\u00e9lectrique. Structure m\u00e9tallique laqu\u00e9e. Orientation r\u00e9glable par poign\u00e9e. S\u00e9curit\u00e9 de surchauffe.<\/p>\n<h2>Descriptif technique<\/h2>\n<div>\n<p>Puissance : 40 kW<br \/>\nNombre d\u2019allure : 1 allure<br \/>\nTension : mono 230 V \/ 50 Hz<br \/>\nConsommation \u00e9lectrique : 80 W<br \/>\nConsommation fioul : 3.17 l\/h<br \/>\nVolume r\u00e9servoir : 57<br \/>\nAutonomie : 18h<br \/>\nPoids : 53 kg<br \/>\nEncombrement (L x P x H, cm) : 66 x 92 x 96<br \/>\nDegr\u00e9 IP : IP40<br \/>\nNiveau sonore \u00e0 3m : 59 dB(A)<\/p>\n<\/div>","protected":false},"excerpt":{"rendered":"<p>Caract\u00e9ristiques De s\u00e9rie : Br\u00fbleur \u00e0 haute pression, Contr\u00f4le de flamme par cellule photo-\u00e9lectrique. Structure m\u00e9tallique laqu\u00e9e. Orientation r\u00e9glable par<\/p>","protected":false},"featured_media":14702,"template":"","meta":[],"product_brand":[],"product_cat":[61],"product_tag":[1514],"product_country":[1503],"class_list":{"0":"post-2536","1":"product","2":"type-product","3":"status-publish","4":"has-post-thumbnail","6":"product_cat-sale-france","7":"product_tag-sale-france","8":"product_country-france","10":"first","11":"instock","12":"sale","13":"taxable","14":"shipping-taxable","15":"purchasable","16":"product-type-simple"},"_links":{"self":[{"href":"https:\/\/routinesfashione.com\/es\/wp-json\/wp\/v2\/product\/2536","targetHints":{"allow":["GET"]}}],"collection":[{"href":"https:\/\/routinesfashione.com\/es\/wp-json\/wp\/v2\/product"}],"about":[{"href":"https:\/\/routinesfashione.com\/es\/wp-json\/wp\/v2\/types\/product"}],"wp:featuredmedia":[{"embeddable":true,"href":"https:\/\/routinesfashione.com\/es\/wp-json\/wp\/v2\/media\/14702"}],"wp:attachment":[{"href":"https:\/\/routinesfashione.com\/es\/wp-json\/wp\/v2\/media?parent=2536"}],"wp:term":[{"taxonomy":"product_brand","embeddable":true,"href":"https:\/\/routinesfashione.com\/es\/wp-json\/wp\/v2\/product_brand?post=2536"},{"taxonomy":"product_cat","embeddable":true,"href":"https:\/\/routinesfashione.com\/es\/wp-json\/wp\/v2\/product_cat?post=2536"},{"taxonomy":"product_tag","embeddable":true,"href":"https:\/\/routinesfashione.com\/es\/wp-json\/wp\/v2\/product_tag?post=2536"},{"taxonomy":"product_country","embeddable":true,"href":"https:\/\/routinesfashione.com\/es\/wp-json\/wp\/v2\/product_country?post=2536"}],"curies":[{"name":"wp","href":"https:\/\/api.w.org\/{rel}","templated":true}]}}