{"id":2547,"date":"2025-09-30T20:51:18","date_gmt":"2025-09-30T20:51:18","guid":{"rendered":"https:\/\/lightgray-crow-170497.hostingersite.com\/?post_type=product&#038;p=2547"},"modified":"2025-09-30T20:51:18","modified_gmt":"2025-09-30T20:51:18","slug":"denqbar-groupe-electrogene-inverter-3800-w-generateur-portable-dq-3800-avec-onduleur","status":"publish","type":"product","link":"https:\/\/routinesfashione.com\/es\/produit\/denqbar-groupe-electrogene-inverter-3800-w-generateur-portable-dq-3800-avec-onduleur\/","title":{"rendered":"DENQBAR Groupe \u00e9lectrog\u00e8ne Inverter 3800 W g\u00e9n\u00e9rateur portable DQ-3800 avec onduleur"},"content":{"rendered":"<h3 class=\"a-spacing-mini\">G\u00e9n\u00e9rateur onduleur de 3,8 kW pour la maison et la route<\/h3>\n<p class=\"a-spacing-base\">DENQBAR donne un signal clair avec son nouveau g\u00e9n\u00e9rateur inverseur DQ-3800 et livre un groupe \u00e9lectrog\u00e8ne de secours avec 3800 watts de puissance maximale pesant seulement 27 kilogrammes, un bloc d&#8217;alimentation qui vous fournit toujours de mani\u00e8re fiable de l&#8217;\u00e9lectricit\u00e9 aussi bien \u00e0 la maison que sur la route. Dans cette cat\u00e9gorie de performance, le poids plume est donc absolument sans concurrence.<\/p>\n<p class=\"a-spacing-base\">Le DQ-3800 est bas\u00e9 sur la technologie \u00e9prouv\u00e9e de l&#8217;onduleur que nous avons perfectionn\u00e9e et qui vous fournit le courant continu le plus pur &#8211; vous pouvez ainsi charger et faire fonctionner tous les appareils \u00e9lectroniques sensibles (t\u00e9l\u00e9phones portables, tablettes, ordinateurs portables, etc.) rapidement et en toute s\u00e9curit\u00e9.<\/p>\n<p class=\"a-spacing-base\">Mais aussi les consommateurs gourmands en \u00e9nergie avec un courant initial \u00e9lev\u00e9, comme les scies \u00e9lectriques, les chauffages et autres, sont aliment\u00e9s en \u00e9nergie sans probl\u00e8me.<\/p>\n<p class=\"a-spacing-base\">Deux prises domestiques, deux ports USB et une sortie 12 V vous offrent toutes les possibilit\u00e9s de brancher les appareils souhait\u00e9s et d&#8217;\u00eatre flexible et mobile \u00e0 tout endroit. L&#8217;\u00e9cran num\u00e9rique de haute qualit\u00e9 compl\u00e8te le confort du DQ-3800 et vous fournit toutes les informations importantes sur la dur\u00e9e de fonctionnement, la puissance et la consommation de courant.<\/p>\n<p class=\"a-spacing-base\">Convainquez-vous de la prochaine g\u00e9n\u00e9ration d&#8217;\u00e9nergie mobile et assurez-vous d&#8217;une source d&#8217;\u00e9nergie personnelle fiable.<\/p>\n<ul class=\"a-unordered-list a-vertical\">\n<li><span class=\"a-list-item\">Puissance max (230 V) : 3,8 kW<\/span><\/li>\n<li><span class=\"a-list-item\">Puissance continue (230 V) : 3,2 kW<\/span><\/li>\n<li><span class=\"a-list-item\">R\u00e9gulation de tension : onduleur<\/span><\/li>\n<li><span class=\"a-list-item\">Sortie CC: courant de charge 12 V \/ 8,3 A<\/span><\/li>\n<li><span class=\"a-list-item\">Prises : 2x prise 230 V, 1x sortie 12 V, 1x 1 A, 1x USB 2.1 A (Fast Load)<\/span><\/li>\n<li><span class=\"a-list-item\">Longueur : 58 cm<\/span><\/li>\n<li><span class=\"a-list-item\">Largeur : 34,5 cm<\/span><\/li>\n<li><span class=\"a-list-item\">Hauteur : 52 cm<\/span><\/li>\n<li><span class=\"a-list-item\">Poids \u00e0 vide : env. 27 kg<\/span><\/li>\n<\/ul>\n<p>&nbsp;<\/p>\n<ul class=\"a-unordered-list a-vertical\">\n<li><span class=\"a-list-item\">processus de d\u00e9marrage avec tirage facile du c\u00e2ble<\/span><\/li>\n<li><span class=\"a-list-item\">particuli\u00e8rement \u00e9conome en carburant et relativement silencieux gr\u00e2ce \u00e0 la r\u00e9gulation automatique de la vitesse<\/span><\/li>\n<li><span class=\"a-list-item\">Affichage num\u00e9rique LED<\/span><\/li>\n<li><span class=\"a-list-item\">jauge de carburant int\u00e9gr\u00e9e<\/span><\/li>\n<li><span class=\"a-list-item\">charge rapide via USB (2,1 A Fast Load)<\/span><\/li>\n<\/ul>\n<p>&nbsp;<\/p>\n<ul class=\"a-unordered-list a-vertical\">\n<li><span class=\"a-list-item\">Type de moteur : 4 temps, OHV, 1 cylindre<\/span><\/li>\n<li><span class=\"a-list-item\">Cylindr\u00e9e : 168 cm\u00b3<\/span><\/li>\n<li><span class=\"a-list-item\">Type d\u2019injection : carburateur<\/span><\/li>\n<li><span class=\"a-list-item\">Pression acoustique (charge nulle): 58 dB (A) \/ 7m<\/span><\/li>\n<li><span class=\"a-list-item\">Bougie d\u2019allumage : F7RTC<\/span><\/li>\n<li><span class=\"a-list-item\">Capacit\u00e9 du r\u00e9servoir : 8 l d&#8217;essence<\/span><\/li>\n<li><span class=\"a-list-item\">Dur\u00e9e de fonctionnement : jusqu&#8217;\u00e0 8 heures<\/span><\/li>\n<\/ul>","protected":false},"excerpt":{"rendered":"<p>G\u00e9n\u00e9rateur onduleur de 3,8 kW pour la maison et la route DENQBAR donne un signal clair avec son nouveau g\u00e9n\u00e9rateur<\/p>","protected":false},"featured_media":14709,"template":"","meta":[],"product_brand":[],"product_cat":[61],"product_tag":[1514],"product_country":[1503],"class_list":{"0":"post-2547","1":"product","2":"type-product","3":"status-publish","4":"has-post-thumbnail","6":"product_cat-sale-france","7":"product_tag-sale-france","8":"product_country-france","10":"first","11":"instock","12":"sale","13":"taxable","14":"shipping-taxable","15":"purchasable","16":"product-type-simple"},"_links":{"self":[{"href":"https:\/\/routinesfashione.com\/es\/wp-json\/wp\/v2\/product\/2547","targetHints":{"allow":["GET"]}}],"collection":[{"href":"https:\/\/routinesfashione.com\/es\/wp-json\/wp\/v2\/product"}],"about":[{"href":"https:\/\/routinesfashione.com\/es\/wp-json\/wp\/v2\/types\/product"}],"wp:featuredmedia":[{"embeddable":true,"href":"https:\/\/routinesfashione.com\/es\/wp-json\/wp\/v2\/media\/14709"}],"wp:attachment":[{"href":"https:\/\/routinesfashione.com\/es\/wp-json\/wp\/v2\/media?parent=2547"}],"wp:term":[{"taxonomy":"product_brand","embeddable":true,"href":"https:\/\/routinesfashione.com\/es\/wp-json\/wp\/v2\/product_brand?post=2547"},{"taxonomy":"product_cat","embeddable":true,"href":"https:\/\/routinesfashione.com\/es\/wp-json\/wp\/v2\/product_cat?post=2547"},{"taxonomy":"product_tag","embeddable":true,"href":"https:\/\/routinesfashione.com\/es\/wp-json\/wp\/v2\/product_tag?post=2547"},{"taxonomy":"product_country","embeddable":true,"href":"https:\/\/routinesfashione.com\/es\/wp-json\/wp\/v2\/product_country?post=2547"}],"curies":[{"name":"wp","href":"https:\/\/api.w.org\/{rel}","templated":true}]}}