{"id":263,"date":"2025-09-30T20:55:52","date_gmt":"2025-09-30T20:55:52","guid":{"rendered":"https:\/\/lightgray-crow-170497.hostingersite.com\/?post_type=product&#038;p=263"},"modified":"2025-09-30T20:55:52","modified_gmt":"2025-09-30T20:55:52","slug":"debroussailleuse-honda-umk-450-xe","status":"publish","type":"product","link":"https:\/\/routinesfashione.com\/es\/produit\/debroussailleuse-honda-umk-450-xe\/","title":{"rendered":"D\u00e9broussailleuse Honda UMK 450 XE"},"content":{"rendered":"<p>Plus d&#8217;\u00e9conomies et plus de confort.<br \/>\nLaissez Honda travailler pour vous<\/p>\n<p>ATTENTION AUX IMITATIONS &#8211; NOS D\u00c9BROUSSAILLEUSES SONT 100% ORIGINALES HONDA<\/p>\n<p>Mod\u00e8le\u00a0<strong translate=\"no\">UMK XE<\/strong>\u00a0&#8211; avec syst\u00e8me anti-vibration suppl\u00e9mentaire<\/p>\n<p>Votre travail devient plus agile lorsque vous disposez de la puissance et des hautes performances de la d\u00e9broussailleuse\u00a0<strong translate=\"no\">UMK450<\/strong>\u00a0. Plus d&#8217;\u00e9conomies et plus de confort. Laissez Honda travailler pour vous.<\/p>\n<p>La d\u00e9broussailleuse Honda UMK450 est la toute derni\u00e8re d\u00e9broussailleuse \u00e0 usage professionnel, qui se distingue par sa haute technologie et ses caract\u00e9ristiques techniques exclusives.<\/p>\n<p>Principales caract\u00e9ristiques de la nouvelle d\u00e9broussailleuse\u00a0<strong translate=\"no\">Honda UMK450<\/strong><br \/>\n&#8211; D\u00e9velopp\u00e9 pour un usage professionnel ;<br \/>\n&#8211; Moteur 4 temps de 2 CV : plus grande efficacit\u00e9 de coupe, consommation, pollution et vibrations r\u00e9duites (par rapport aux moteurs 2 temps de la m\u00eame plage de puissance) ;<br \/>\n&#8211; Pas besoin d&#8217;ajouter de l&#8217;huile au carburant ;<br \/>\n&#8211; Disponible avec lame \u00e0 trois pointes et fil nylon ;<br \/>\n&#8211; T\u00eate en nylon de grande capacit\u00e9 (jusqu&#8217;\u00e0 4,5 m\u00e8tres de fil de nylon) et technologie TAP &amp; GO ;<br \/>\n&#8211; Roulements dans la pointe de transmission augmentant la dur\u00e9e de vie utile\u00a0;<br \/>\n&#8211; Permet une utilisation dans n&#8217;importe quelle position (360\u00ba);<br \/>\n&#8211; La ceinture rembourr\u00e9e offre plus de confort et d&#8217;ergonomie.<\/p>\n<p>Le seul sur le march\u00e9, de 2 CV, \u00e9quip\u00e9 d&#8217;un moteur 4 temps (fonctionnant dans n&#8217;importe quelle position), une technologie qui ajoute de plus grandes \u00e9conomies de carburant \u00e0 un entretien minimal, et se caract\u00e9rise par un fonctionnement en douceur, avec de faibles niveaux de bruit et de vibrations. Ces caract\u00e9ristiques, combin\u00e9es \u00e0 l&#8217;ergonomie pr\u00e9cise de la barre de commande et de la ceinture rembourr\u00e9e, r\u00e9duisent le nombre d&#8217;interruptions de travail, permettant une utilisation intensive continue et des gains de productivit\u00e9 cons\u00e9quents.<\/p>\n<p>En n&#8217;ajoutant pas d&#8217;huile au carburant, ce qui est obligatoire pour les d\u00e9broussailleuses \u00e9quip\u00e9es d&#8217;un moteur 2 temps, le robuste moteur Honda de 50 cm3 et 2 ch de puissance pr\u00e9sente des \u00e9missions minimales de polluants et de fum\u00e9e, un aspect positif pour l&#8217;environnement et le confort de l&#8217;op\u00e9rateur.<\/p>\n<p>\u00c9quip\u00e9 d&#8217;une lame \u00e0 trois pointes, pour couper l&#8217;herbe plus haute, et d&#8217;un fil de nylon, pour l&#8217;herbe et la finition, tous deux fournis par Honda. La t\u00eate en nylon avec technologie TAP&amp;GO de la d\u00e9broussailleuse Honda UMK450 permet moins d&#8217;arr\u00eats pour remplacer le tranchant, ce qui se traduit par une plus grande efficacit\u00e9 de coupe, ce qui en fait l&#8217;option la plus rentable pour un usage professionnel.<\/p>\n<p>La technologie utilis\u00e9e dans le syst\u00e8me de lubrification interne du moteur 4 temps (arbre \u00e0 cames en t\u00eate OHC) permet d&#8217;utiliser la d\u00e9broussailleuse\u00a0<strong translate=\"no\">Honda UMK450<\/strong>\u00a0dans n&#8217;importe quelle position (360\u00ba). Ses composants internes essentiels tels que les roulements de pointe de transmission, \u00e9quip\u00e9s d&#8217;un traitement thermique sp\u00e9cial, assurent une longue dur\u00e9e de vie.<\/p>\n<p>Le fait d&#8217;\u00e9liminer l&#8217;utilisation d&#8217;huile m\u00e9lang\u00e9e au carburant se traduit par une op\u00e9ration simplifi\u00e9e de remplissage du r\u00e9servoir, d&#8217;une capacit\u00e9 de 0,63 L, et \u00e9galement par de grandes \u00e9conomies par rapport aux concurrents qui utilisent des moteurs \u00e0 2 temps, une \u00e9conomie de temps et de co\u00fbt de remplissage. . . Id\u00e9al pour une utilisation dans des activit\u00e9s intensives et lourdes telles que la coupe\/\u00e9lagage en bord de route ou dans les vastes espaces verts urbains ou ruraux.<\/p>","protected":false},"excerpt":{"rendered":"<p>Plus d&#8217;\u00e9conomies et plus de confort. Laissez Honda travailler pour vous ATTENTION AUX IMITATIONS &#8211; NOS D\u00c9BROUSSAILLEUSES SONT 100% ORIGINALES<\/p>","protected":false},"featured_media":13008,"template":"","meta":[],"product_brand":[],"product_cat":[61],"product_tag":[],"product_country":[1503],"class_list":{"0":"post-263","1":"product","2":"type-product","3":"status-publish","4":"has-post-thumbnail","6":"product_cat-sale-france","7":"product_country-france","9":"first","10":"instock","11":"sale","12":"taxable","13":"shipping-taxable","14":"purchasable","15":"product-type-simple"},"_links":{"self":[{"href":"https:\/\/routinesfashione.com\/es\/wp-json\/wp\/v2\/product\/263","targetHints":{"allow":["GET"]}}],"collection":[{"href":"https:\/\/routinesfashione.com\/es\/wp-json\/wp\/v2\/product"}],"about":[{"href":"https:\/\/routinesfashione.com\/es\/wp-json\/wp\/v2\/types\/product"}],"wp:featuredmedia":[{"embeddable":true,"href":"https:\/\/routinesfashione.com\/es\/wp-json\/wp\/v2\/media\/13008"}],"wp:attachment":[{"href":"https:\/\/routinesfashione.com\/es\/wp-json\/wp\/v2\/media?parent=263"}],"wp:term":[{"taxonomy":"product_brand","embeddable":true,"href":"https:\/\/routinesfashione.com\/es\/wp-json\/wp\/v2\/product_brand?post=263"},{"taxonomy":"product_cat","embeddable":true,"href":"https:\/\/routinesfashione.com\/es\/wp-json\/wp\/v2\/product_cat?post=263"},{"taxonomy":"product_tag","embeddable":true,"href":"https:\/\/routinesfashione.com\/es\/wp-json\/wp\/v2\/product_tag?post=263"},{"taxonomy":"product_country","embeddable":true,"href":"https:\/\/routinesfashione.com\/es\/wp-json\/wp\/v2\/product_country?post=263"}],"curies":[{"name":"wp","href":"https:\/\/api.w.org\/{rel}","templated":true}]}}