{"id":2631,"date":"2025-09-30T20:51:17","date_gmt":"2025-09-30T20:51:17","guid":{"rendered":"https:\/\/lightgray-crow-170497.hostingersite.com\/?post_type=product&#038;p=2631"},"modified":"2025-09-30T20:51:17","modified_gmt":"2025-09-30T20:51:17","slug":"bureau-180x90cm-office-harmony-kare-design-fonce","status":"publish","type":"product","link":"https:\/\/routinesfashione.com\/es\/produit\/bureau-180x90cm-office-harmony-kare-design-fonce\/","title":{"rendered":"Bureau 180x90cm OFFICE HARMONY Kare Design fonc\u00e9"},"content":{"rendered":"<p><b>Bureau<\/b>\u00a0180x90cm OFFICE HARMONY Kare Design. La collection Smart vous propose une multitude de bureaux r\u00e9glables en hauteur \u00e0 l&#8217;aide d&#8217;un moteur. D&#8217;une pression du doigt, vous r\u00e9haussez votre plan de travail pour une hauteur entre 70 et 120 cm ainsi vous pouvez travailler assis et debout selon vos humeurs. Plateau noir, blanc ou en bois massif, pieds noirs ou chrom\u00e9s, vous trouverez forc\u00e9ment le bureau qui convient \u00e0 votre int\u00e9rieur.<\/p>\n<p><b>INFORMATIONS TECHNIQUES:<\/b><br \/>\n\u2022 Dimensions (LxHxl) : 180x76x90cm<\/p>","protected":false},"excerpt":{"rendered":"<p>Bureau\u00a0180x90cm OFFICE HARMONY Kare Design. La collection Smart vous propose une multitude de bureaux r\u00e9glables en hauteur \u00e0 l&#8217;aide d&#8217;un<\/p>","protected":false},"featured_media":14777,"template":"","meta":[],"product_brand":[],"product_cat":[61],"product_tag":[1514],"product_country":[1503],"class_list":{"0":"post-2631","1":"product","2":"type-product","3":"status-publish","4":"has-post-thumbnail","6":"product_cat-sale-france","7":"product_tag-sale-france","8":"product_country-france","10":"first","11":"instock","12":"sale","13":"taxable","14":"shipping-taxable","15":"purchasable","16":"product-type-simple"},"_links":{"self":[{"href":"https:\/\/routinesfashione.com\/es\/wp-json\/wp\/v2\/product\/2631","targetHints":{"allow":["GET"]}}],"collection":[{"href":"https:\/\/routinesfashione.com\/es\/wp-json\/wp\/v2\/product"}],"about":[{"href":"https:\/\/routinesfashione.com\/es\/wp-json\/wp\/v2\/types\/product"}],"wp:featuredmedia":[{"embeddable":true,"href":"https:\/\/routinesfashione.com\/es\/wp-json\/wp\/v2\/media\/14777"}],"wp:attachment":[{"href":"https:\/\/routinesfashione.com\/es\/wp-json\/wp\/v2\/media?parent=2631"}],"wp:term":[{"taxonomy":"product_brand","embeddable":true,"href":"https:\/\/routinesfashione.com\/es\/wp-json\/wp\/v2\/product_brand?post=2631"},{"taxonomy":"product_cat","embeddable":true,"href":"https:\/\/routinesfashione.com\/es\/wp-json\/wp\/v2\/product_cat?post=2631"},{"taxonomy":"product_tag","embeddable":true,"href":"https:\/\/routinesfashione.com\/es\/wp-json\/wp\/v2\/product_tag?post=2631"},{"taxonomy":"product_country","embeddable":true,"href":"https:\/\/routinesfashione.com\/es\/wp-json\/wp\/v2\/product_country?post=2631"}],"curies":[{"name":"wp","href":"https:\/\/api.w.org\/{rel}","templated":true}]}}